{"id":68668,"date":"2026-01-30T11:44:00","date_gmt":"2026-01-30T11:44:00","guid":{"rendered":"https:\/\/desireonline.shop\/product\/69-ecstasy-bulgy-tip-classic-vibe-vibrating-dildo\/"},"modified":"2026-01-30T11:44:00","modified_gmt":"2026-01-30T11:44:00","slug":"69-ecstasy-bulgy-tip-classic-vibe-vibrating-dildo","status":"publish","type":"product","link":"https:\/\/desireonline.shop\/vi\/san-pham\/69-ecstasy-bulgy-tip-classic-vibe-vibrating-dildo\/","title":{"rendered":"69 Ecstasy Bulgy Tip Classic Vibe Vibrating Dildo"},"content":{"rendered":"<p>\u0110\u01b0\u1ee3c thi\u1ebft k\u1ebf \u0111\u1ec3 mang l\u1ea1i kho\u00e1i c\u1ea3m t\u1eadp trung v\u00e0 th\u1ecfa m\u00e3n, m\u00e1y rung c\u1ed5 \u0111i\u1ec3n n\u00e0y c\u00f3 h\u00ecnh d\u1ea1ng m\u01b0\u1ee3t m\u00e0 v\u1edbi ph\u1ea7n \u0111\u1ea7u ph\u00ecnh r\u00f5 r\u1ec7t gi\u00fap t\u0103ng c\u01b0\u1eddng c\u1ea3m gi\u00e1c \u1edf nh\u1eefng \u0111i\u1ec3m nh\u1ea1y c\u1ea3m nh\u1ea5t. V\u1edbi 10 ch\u1ebf \u0111\u1ed9 rung \u0111\u1ec3 kh\u00e1m ph\u00e1, s\u1ea3n ph\u1ea9m mang \u0111\u1ebfn nhi\u1ec1u l\u1ef1a ch\u1ecdn t\u1eeb rung nh\u1eb9 nh\u00e0ng \u0111\u1ebfn nh\u1eefng nh\u1ecbp rung m\u1ea1nh m\u1ebd h\u01a1n, cho ph\u00e9p b\u1ea1n \u0111i\u1ec1u ch\u1ec9nh tr\u1ea3i nghi\u1ec7m theo t\u00e2m tr\u1ea1ng c\u1ee7a m\u00ecnh.<\/p>\n<p>S\u1ea1c t\u1eeb t\u00ednh gi\u00fap vi\u1ec7c s\u1eed d\u1ee5ng tr\u1edf n\u00ean \u0111\u01a1n gi\u1ea3n v\u00e0 g\u1ecdn g\u00e0ng, trong khi c\u00e1c n\u00fat \u0111i\u1ec1u khi\u1ec3n d\u1ec5 s\u1eed d\u1ee5ng gi\u00fap chuy\u1ec3n \u0111\u1ed5i gi\u1eefa c\u00e1c ch\u1ebf \u0111\u1ed9 m\u1ed9t c\u00e1ch thu\u1eadn ti\u1ec7n. M\u1ed9t l\u1ef1a ch\u1ecdn \u0111\u00e1ng tin c\u1eady v\u00e0 linh ho\u1ea1t, l\u00fd t\u01b0\u1edfng cho vi\u1ec7c t\u1eadn h\u01b0\u1edfng m\u1ed9t m\u00ecnh ho\u1eb7c nh\u1eefng kho\u1ea3nh kh\u1eafc chia s\u1ebb khi b\u1ea1n mu\u1ed1n tr\u1ea3i nghi\u1ec7m s\u1ef1 k\u00edch th\u00edch \u1ed5n \u0111\u1ecbnh v\u00e0 d\u1ec5 ch\u1ecbu.<\/p>\n","protected":false},"excerpt":{"rendered":"<p>\u0110\u01b0\u1ee3c thi\u1ebft k\u1ebf \u0111\u1ec3 mang l\u1ea1i kho\u00e1i c\u1ea3m t\u1eadp trung v\u00e0 th\u1ecfa m\u00e3n, m\u00e1y rung c\u1ed5 \u0111i\u1ec3n n\u00e0y c\u00f3 h\u00ecnh d\u1ea1ng m\u01b0\u1ee3t m\u00e0 v\u1edbi ph\u1ea7n \u0111\u1ea7u ph\u00ecnh r\u00f5 r\u1ec7t gi\u00fap&hellip;<\/p>\n","protected":false},"featured_media":60351,"comment_status":"open","ping_status":"closed","template":"","meta":{"_acf_changed":false},"product_brand":[],"product_cat":[1341,1429,1434],"product_tag":[1660,1670,1659,1671,1681],"class_list":{"0":"post-68668","1":"product","2":"type-product","3":"status-publish","4":"has-post-thumbnail","6":"product_cat-for-men","7":"product_cat-duong-vat-gia-co-rung","8":"product_cat-may-rung-mini","9":"product_tag-an-toan-cho-co-the","10":"product_tag-danh-cho-phu-nu","11":"product_tag-kich-thich-ben-trong","12":"product_tag-rung","13":"product_tag-tang-cuong-tu-tin","15":"first","16":"instock","17":"shipping-taxable","18":"purchasable","19":"product-type-simple"},"acf":[],"yoast_head":"<!-- This site is optimized with the Yoast SEO plugin v27.1.1 - https:\/\/yoast.com\/product\/yoast-seo-wordpress\/ -->\n<title>69 Ecstasy Bulgy Tip Classic Vibe Vibrating Dildo - Desire<\/title>\n<meta name=\"robots\" content=\"index, follow, max-snippet:-1, max-image-preview:large, max-video-preview:-1\" \/>\n<link rel=\"canonical\" href=\"https:\/\/desireonline.shop\/vi\/san-pham\/69-ecstasy-bulgy-tip-classic-vibe-vibrating-dildo\/\" \/>\n<meta property=\"og:locale\" content=\"vi_VN\" \/>\n<meta property=\"og:type\" content=\"article\" \/>\n<meta property=\"og:title\" content=\"69 Ecstasy Bulgy Tip Classic Vibe Vibrating Dildo - Desire\" \/>\n<meta property=\"og:description\" content=\"\u0110\u01b0\u1ee3c thi\u1ebft k\u1ebf \u0111\u1ec3 mang l\u1ea1i kho\u00e1i c\u1ea3m t\u1eadp trung v\u00e0 th\u1ecfa m\u00e3n, m\u00e1y rung c\u1ed5 \u0111i\u1ec3n n\u00e0y c\u00f3 h\u00ecnh d\u1ea1ng m\u01b0\u1ee3t m\u00e0 v\u1edbi ph\u1ea7n \u0111\u1ea7u ph\u00ecnh r\u00f5 r\u1ec7t gi\u00fap&hellip;\" \/>\n<meta property=\"og:url\" content=\"https:\/\/desireonline.shop\/vi\/san-pham\/69-ecstasy-bulgy-tip-classic-vibe-vibrating-dildo\/\" \/>\n<meta property=\"og:site_name\" content=\"Desire\" \/>\n<meta property=\"og:image\" content=\"https:\/\/desireonline.shop\/wp-content\/uploads\/2026\/01\/CN-840783471_00.jpg\" \/>\n\t<meta property=\"og:image:width\" content=\"1200\" \/>\n\t<meta property=\"og:image:height\" content=\"1044\" \/>\n\t<meta property=\"og:image:type\" content=\"image\/jpeg\" \/>\n<meta name=\"twitter:card\" content=\"summary_large_image\" \/>\n<meta name=\"twitter:label1\" content=\"\u01af\u1edbc t\u00ednh th\u1eddi gian \u0111\u1ecdc\" \/>\n\t<meta name=\"twitter:data1\" content=\"1 ph\u00fat\" \/>\n<script type=\"application\/ld+json\" class=\"yoast-schema-graph\">{\"@context\":\"https:\/\/schema.org\",\"@graph\":[{\"@type\":\"WebPage\",\"@id\":\"https:\/\/desireonline.shop\/vi\/san-pham\/69-ecstasy-bulgy-tip-classic-vibe-vibrating-dildo\/\",\"url\":\"https:\/\/desireonline.shop\/vi\/san-pham\/69-ecstasy-bulgy-tip-classic-vibe-vibrating-dildo\/\",\"name\":\"69 Ecstasy Bulgy Tip Classic Vibe Vibrating Dildo - Desire\",\"isPartOf\":{\"@id\":\"https:\/\/desireonline.shop\/vi\/#website\"},\"primaryImageOfPage\":{\"@id\":\"https:\/\/desireonline.shop\/vi\/san-pham\/69-ecstasy-bulgy-tip-classic-vibe-vibrating-dildo\/#primaryimage\"},\"image\":{\"@id\":\"https:\/\/desireonline.shop\/vi\/san-pham\/69-ecstasy-bulgy-tip-classic-vibe-vibrating-dildo\/#primaryimage\"},\"thumbnailUrl\":\"https:\/\/desireonline.shop\/wp-content\/uploads\/2026\/01\/CN-840783471_00.jpg\",\"datePublished\":\"2026-01-30T11:44:00+00:00\",\"breadcrumb\":{\"@id\":\"https:\/\/desireonline.shop\/vi\/san-pham\/69-ecstasy-bulgy-tip-classic-vibe-vibrating-dildo\/#breadcrumb\"},\"inLanguage\":\"vi\",\"potentialAction\":[{\"@type\":\"ReadAction\",\"target\":[\"https:\/\/desireonline.shop\/vi\/san-pham\/69-ecstasy-bulgy-tip-classic-vibe-vibrating-dildo\/\"]}]},{\"@type\":\"ImageObject\",\"inLanguage\":\"vi\",\"@id\":\"https:\/\/desireonline.shop\/vi\/san-pham\/69-ecstasy-bulgy-tip-classic-vibe-vibrating-dildo\/#primaryimage\",\"url\":\"https:\/\/desireonline.shop\/wp-content\/uploads\/2026\/01\/CN-840783471_00.jpg\",\"contentUrl\":\"https:\/\/desireonline.shop\/wp-content\/uploads\/2026\/01\/CN-840783471_00.jpg\",\"width\":1200,\"height\":1044},{\"@type\":\"BreadcrumbList\",\"@id\":\"https:\/\/desireonline.shop\/vi\/san-pham\/69-ecstasy-bulgy-tip-classic-vibe-vibrating-dildo\/#breadcrumb\",\"itemListElement\":[{\"@type\":\"ListItem\",\"position\":1,\"name\":\"Home\",\"item\":\"https:\/\/desireonline.shop\/vi\/trang-chu\/?lang=vi\"},{\"@type\":\"ListItem\",\"position\":2,\"name\":\"T\u1ea5t c\u1ea3 s\u1ea3n ph\u1ea9m\",\"item\":\"https:\/\/desireonline.shop\/cua-hang\/?lang=vi\"},{\"@type\":\"ListItem\",\"position\":3,\"name\":\"69 Ecstasy Bulgy Tip Classic Vibe Vibrating Dildo\"}]},{\"@type\":\"WebSite\",\"@id\":\"https:\/\/desireonline.shop\/vi\/#website\",\"url\":\"https:\/\/desireonline.shop\/vi\/\",\"name\":\"Desire\",\"description\":\"Sexual Wellness Platform\",\"publisher\":{\"@id\":\"https:\/\/desireonline.shop\/vi\/#organization\"},\"potentialAction\":[{\"@type\":\"SearchAction\",\"target\":{\"@type\":\"EntryPoint\",\"urlTemplate\":\"https:\/\/desireonline.shop\/vi\/?s={search_term_string}\"},\"query-input\":{\"@type\":\"PropertyValueSpecification\",\"valueRequired\":true,\"valueName\":\"search_term_string\"}}],\"inLanguage\":\"vi\"},{\"@type\":\"Organization\",\"@id\":\"https:\/\/desireonline.shop\/vi\/#organization\",\"name\":\"Desire\",\"url\":\"https:\/\/desireonline.shop\/vi\/\",\"logo\":{\"@type\":\"ImageObject\",\"inLanguage\":\"vi\",\"@id\":\"https:\/\/desireonline.shop\/vi\/#\/schema\/logo\/image\/\",\"url\":\"https:\/\/desireonline.shop\/wp-content\/uploads\/2024\/06\/Logo-Thick-Font-1.webp\",\"contentUrl\":\"https:\/\/desireonline.shop\/wp-content\/uploads\/2024\/06\/Logo-Thick-Font-1.webp\",\"width\":268,\"height\":399,\"caption\":\"Desire\"},\"image\":{\"@id\":\"https:\/\/desireonline.shop\/vi\/#\/schema\/logo\/image\/\"}}]}<\/script>\n<!-- \/ Yoast SEO plugin. -->","yoast_head_json":{"title":"69 Ecstasy Bulgy Tip Classic Vibe Vibrating Dildo - Desire","robots":{"index":"index","follow":"follow","max-snippet":"max-snippet:-1","max-image-preview":"max-image-preview:large","max-video-preview":"max-video-preview:-1"},"canonical":"https:\/\/desireonline.shop\/vi\/san-pham\/69-ecstasy-bulgy-tip-classic-vibe-vibrating-dildo\/","og_locale":"vi_VN","og_type":"article","og_title":"69 Ecstasy Bulgy Tip Classic Vibe Vibrating Dildo - Desire","og_description":"\u0110\u01b0\u1ee3c thi\u1ebft k\u1ebf \u0111\u1ec3 mang l\u1ea1i kho\u00e1i c\u1ea3m t\u1eadp trung v\u00e0 th\u1ecfa m\u00e3n, m\u00e1y rung c\u1ed5 \u0111i\u1ec3n n\u00e0y c\u00f3 h\u00ecnh d\u1ea1ng m\u01b0\u1ee3t m\u00e0 v\u1edbi ph\u1ea7n \u0111\u1ea7u ph\u00ecnh r\u00f5 r\u1ec7t gi\u00fap&hellip;","og_url":"https:\/\/desireonline.shop\/vi\/san-pham\/69-ecstasy-bulgy-tip-classic-vibe-vibrating-dildo\/","og_site_name":"Desire","og_image":[{"width":1200,"height":1044,"url":"https:\/\/desireonline.shop\/wp-content\/uploads\/2026\/01\/CN-840783471_00.jpg","type":"image\/jpeg"}],"twitter_card":"summary_large_image","twitter_misc":{"\u01af\u1edbc t\u00ednh th\u1eddi gian \u0111\u1ecdc":"1 ph\u00fat"},"schema":{"@context":"https:\/\/schema.org","@graph":[{"@type":"WebPage","@id":"https:\/\/desireonline.shop\/vi\/san-pham\/69-ecstasy-bulgy-tip-classic-vibe-vibrating-dildo\/","url":"https:\/\/desireonline.shop\/vi\/san-pham\/69-ecstasy-bulgy-tip-classic-vibe-vibrating-dildo\/","name":"69 Ecstasy Bulgy Tip Classic Vibe Vibrating Dildo - Desire","isPartOf":{"@id":"https:\/\/desireonline.shop\/vi\/#website"},"primaryImageOfPage":{"@id":"https:\/\/desireonline.shop\/vi\/san-pham\/69-ecstasy-bulgy-tip-classic-vibe-vibrating-dildo\/#primaryimage"},"image":{"@id":"https:\/\/desireonline.shop\/vi\/san-pham\/69-ecstasy-bulgy-tip-classic-vibe-vibrating-dildo\/#primaryimage"},"thumbnailUrl":"https:\/\/desireonline.shop\/wp-content\/uploads\/2026\/01\/CN-840783471_00.jpg","datePublished":"2026-01-30T11:44:00+00:00","breadcrumb":{"@id":"https:\/\/desireonline.shop\/vi\/san-pham\/69-ecstasy-bulgy-tip-classic-vibe-vibrating-dildo\/#breadcrumb"},"inLanguage":"vi","potentialAction":[{"@type":"ReadAction","target":["https:\/\/desireonline.shop\/vi\/san-pham\/69-ecstasy-bulgy-tip-classic-vibe-vibrating-dildo\/"]}]},{"@type":"ImageObject","inLanguage":"vi","@id":"https:\/\/desireonline.shop\/vi\/san-pham\/69-ecstasy-bulgy-tip-classic-vibe-vibrating-dildo\/#primaryimage","url":"https:\/\/desireonline.shop\/wp-content\/uploads\/2026\/01\/CN-840783471_00.jpg","contentUrl":"https:\/\/desireonline.shop\/wp-content\/uploads\/2026\/01\/CN-840783471_00.jpg","width":1200,"height":1044},{"@type":"BreadcrumbList","@id":"https:\/\/desireonline.shop\/vi\/san-pham\/69-ecstasy-bulgy-tip-classic-vibe-vibrating-dildo\/#breadcrumb","itemListElement":[{"@type":"ListItem","position":1,"name":"Home","item":"https:\/\/desireonline.shop\/vi\/trang-chu\/?lang=vi"},{"@type":"ListItem","position":2,"name":"T\u1ea5t c\u1ea3 s\u1ea3n ph\u1ea9m","item":"https:\/\/desireonline.shop\/cua-hang\/?lang=vi"},{"@type":"ListItem","position":3,"name":"69 Ecstasy Bulgy Tip Classic Vibe Vibrating Dildo"}]},{"@type":"WebSite","@id":"https:\/\/desireonline.shop\/vi\/#website","url":"https:\/\/desireonline.shop\/vi\/","name":"Desire","description":"Sexual Wellness Platform","publisher":{"@id":"https:\/\/desireonline.shop\/vi\/#organization"},"potentialAction":[{"@type":"SearchAction","target":{"@type":"EntryPoint","urlTemplate":"https:\/\/desireonline.shop\/vi\/?s={search_term_string}"},"query-input":{"@type":"PropertyValueSpecification","valueRequired":true,"valueName":"search_term_string"}}],"inLanguage":"vi"},{"@type":"Organization","@id":"https:\/\/desireonline.shop\/vi\/#organization","name":"Desire","url":"https:\/\/desireonline.shop\/vi\/","logo":{"@type":"ImageObject","inLanguage":"vi","@id":"https:\/\/desireonline.shop\/vi\/#\/schema\/logo\/image\/","url":"https:\/\/desireonline.shop\/wp-content\/uploads\/2024\/06\/Logo-Thick-Font-1.webp","contentUrl":"https:\/\/desireonline.shop\/wp-content\/uploads\/2024\/06\/Logo-Thick-Font-1.webp","width":268,"height":399,"caption":"Desire"},"image":{"@id":"https:\/\/desireonline.shop\/vi\/#\/schema\/logo\/image\/"}}]}},"_links":{"self":[{"href":"https:\/\/desireonline.shop\/vi\/wp-json\/wp\/v2\/product\/68668","targetHints":{"allow":["GET"]}}],"collection":[{"href":"https:\/\/desireonline.shop\/vi\/wp-json\/wp\/v2\/product"}],"about":[{"href":"https:\/\/desireonline.shop\/vi\/wp-json\/wp\/v2\/types\/product"}],"replies":[{"embeddable":true,"href":"https:\/\/desireonline.shop\/vi\/wp-json\/wp\/v2\/comments?post=68668"}],"version-history":[{"count":0,"href":"https:\/\/desireonline.shop\/vi\/wp-json\/wp\/v2\/product\/68668\/revisions"}],"wp:featuredmedia":[{"embeddable":true,"href":"https:\/\/desireonline.shop\/vi\/wp-json\/wp\/v2\/media\/60351"}],"wp:attachment":[{"href":"https:\/\/desireonline.shop\/vi\/wp-json\/wp\/v2\/media?parent=68668"}],"wp:term":[{"taxonomy":"product_brand","embeddable":true,"href":"https:\/\/desireonline.shop\/vi\/wp-json\/wp\/v2\/product_brand?post=68668"},{"taxonomy":"product_cat","embeddable":true,"href":"https:\/\/desireonline.shop\/vi\/wp-json\/wp\/v2\/product_cat?post=68668"},{"taxonomy":"product_tag","embeddable":true,"href":"https:\/\/desireonline.shop\/vi\/wp-json\/wp\/v2\/product_tag?post=68668"}],"curies":[{"name":"wp","href":"https:\/\/api.w.org\/{rel}","templated":true}]}}