{"id":68682,"date":"2026-01-30T11:49:00","date_gmt":"2026-01-30T11:49:00","guid":{"rendered":"https:\/\/desireonline.shop\/product\/69-ecstasy-sword-may-rung-mini-bullet\/"},"modified":"2026-01-30T11:49:00","modified_gmt":"2026-01-30T11:49:00","slug":"69-ecstasy-sword-may-rung-mini-bullet","status":"publish","type":"product","link":"https:\/\/desireonline.shop\/vi\/san-pham\/69-ecstasy-sword-may-rung-mini-bullet\/","title":{"rendered":"69 Ecstasy Sword M\u00e1y rung mini bullet"},"content":{"rendered":"<p>\u0110\u01b0\u1ee3c thi\u1ebft k\u1ebf cho kho\u00e1i c\u1ea3m t\u1eadp trung, m\u00e1y rung mini bullet n\u00e0y c\u00f3 h\u00ecnh d\u00e1ng thon g\u1ecdn v\u00e0 thu\u00f4n d\u00e0i, gi\u00fap k\u00edch th\u00edch ch\u00ednh x\u00e1c \u1edf nh\u1eefng \u0111i\u1ec3m b\u1ea1n mong mu\u1ed1n nh\u1ea5t. V\u1edbi 10 ch\u1ebf \u0111\u1ed9 rung \u0111\u1ec3 kh\u00e1m ph\u00e1, s\u1ea3n ph\u1ea9m cho ph\u00e9p b\u1ea1n d\u1ec5 d\u00e0ng chuy\u1ec3n \u0111\u1ed5i gi\u1eefa nh\u1eefng rung \u0111\u1ed9ng nh\u1eb9 nh\u00e0ng v\u00e0 c\u00e1c nh\u1ecbp rung m\u1ea1nh m\u1ebd h\u01a1n, ph\u00f9 h\u1ee3p v\u1edbi t\u00e2m tr\u1ea1ng c\u1ee7a b\u1ea1n.<\/p>\n<p>S\u1ea1c t\u1eeb t\u00ednh gi\u00fap vi\u1ec7c s\u1eed d\u1ee5ng tr\u1edf n\u00ean g\u1ecdn g\u00e0ng v\u00e0 thu\u1eadn ti\u1ec7n, trong khi c\u00e1c n\u00fat \u0111i\u1ec1u khi\u1ec3n \u0111\u01a1n gi\u1ea3n gi\u00fap thao t\u00e1c d\u1ec5 d\u00e0ng. Nh\u1ecf g\u1ecdn, linh ho\u1ea1t v\u00e0 k\u00edn \u0111\u00e1o, \u0111\u00e2y l\u00e0 l\u1ef1a ch\u1ecdn tuy\u1ec7t v\u1eddi cho vi\u1ec7c t\u1eadn h\u01b0\u1edfng m\u1ed9t m\u00ecnh ho\u1eb7c th\u00eam ch\u00fat h\u1ee9ng kh\u1edfi cho nh\u1eefng kho\u1ea3nh kh\u1eafc c\u00f9ng b\u1ea1n t\u00ecnh.<\/p>\n","protected":false},"excerpt":{"rendered":"<p>\u0110\u01b0\u1ee3c thi\u1ebft k\u1ebf cho kho\u00e1i c\u1ea3m t\u1eadp trung, m\u00e1y rung mini bullet n\u00e0y c\u00f3 h\u00ecnh d\u00e1ng thon g\u1ecdn v\u00e0 thu\u00f4n d\u00e0i, gi\u00fap k\u00edch th\u00edch ch\u00ednh x\u00e1c \u1edf nh\u1eefng \u0111i\u1ec3m b\u1ea1n&hellip;<\/p>\n","protected":false},"featured_media":60365,"comment_status":"open","ping_status":"closed","template":"","meta":{"_acf_changed":false},"product_brand":[],"product_cat":[1434],"product_tag":[1660,1670,1684,1717,1718],"class_list":{"0":"post-68682","1":"product","2":"type-product","3":"status-publish","4":"has-post-thumbnail","6":"product_cat-may-rung-mini","7":"product_tag-an-toan-cho-co-the","8":"product_tag-danh-cho-phu-nu","9":"product_tag-kich-thich-am-vat","10":"product_tag-kich-thuoc-nho-gon","11":"product_tag-thiet-ke-kin-dao","13":"first","14":"instock","15":"shipping-taxable","16":"purchasable","17":"product-type-simple"},"acf":[],"yoast_head":"<!-- This site is optimized with the Yoast SEO plugin v27.1.1 - https:\/\/yoast.com\/product\/yoast-seo-wordpress\/ -->\n<title>69 Ecstasy Sword M\u00e1y rung mini bullet - Desire<\/title>\n<meta name=\"robots\" content=\"index, follow, max-snippet:-1, max-image-preview:large, max-video-preview:-1\" \/>\n<link rel=\"canonical\" href=\"https:\/\/desireonline.shop\/vi\/san-pham\/69-ecstasy-sword-may-rung-mini-bullet\/\" \/>\n<meta property=\"og:locale\" content=\"vi_VN\" \/>\n<meta property=\"og:type\" content=\"article\" \/>\n<meta property=\"og:title\" content=\"69 Ecstasy Sword M\u00e1y rung mini bullet - Desire\" \/>\n<meta property=\"og:description\" content=\"\u0110\u01b0\u1ee3c thi\u1ebft k\u1ebf cho kho\u00e1i c\u1ea3m t\u1eadp trung, m\u00e1y rung mini bullet n\u00e0y c\u00f3 h\u00ecnh d\u00e1ng thon g\u1ecdn v\u00e0 thu\u00f4n d\u00e0i, gi\u00fap k\u00edch th\u00edch ch\u00ednh x\u00e1c \u1edf nh\u1eefng \u0111i\u1ec3m b\u1ea1n&hellip;\" \/>\n<meta property=\"og:url\" content=\"https:\/\/desireonline.shop\/vi\/san-pham\/69-ecstasy-sword-may-rung-mini-bullet\/\" \/>\n<meta property=\"og:site_name\" content=\"Desire\" \/>\n<meta property=\"og:image\" content=\"https:\/\/desireonline.shop\/wp-content\/uploads\/2026\/01\/CN-840924069_00.jpg\" \/>\n\t<meta property=\"og:image:width\" content=\"1200\" \/>\n\t<meta property=\"og:image:height\" content=\"1044\" \/>\n\t<meta property=\"og:image:type\" content=\"image\/jpeg\" \/>\n<meta name=\"twitter:card\" content=\"summary_large_image\" \/>\n<meta name=\"twitter:label1\" content=\"\u01af\u1edbc t\u00ednh th\u1eddi gian \u0111\u1ecdc\" \/>\n\t<meta name=\"twitter:data1\" content=\"1 ph\u00fat\" \/>\n<script type=\"application\/ld+json\" class=\"yoast-schema-graph\">{\"@context\":\"https:\/\/schema.org\",\"@graph\":[{\"@type\":\"WebPage\",\"@id\":\"https:\/\/desireonline.shop\/vi\/san-pham\/69-ecstasy-sword-may-rung-mini-bullet\/\",\"url\":\"https:\/\/desireonline.shop\/vi\/san-pham\/69-ecstasy-sword-may-rung-mini-bullet\/\",\"name\":\"69 Ecstasy Sword M\u00e1y rung mini bullet - Desire\",\"isPartOf\":{\"@id\":\"https:\/\/desireonline.shop\/vi\/#website\"},\"primaryImageOfPage\":{\"@id\":\"https:\/\/desireonline.shop\/vi\/san-pham\/69-ecstasy-sword-may-rung-mini-bullet\/#primaryimage\"},\"image\":{\"@id\":\"https:\/\/desireonline.shop\/vi\/san-pham\/69-ecstasy-sword-may-rung-mini-bullet\/#primaryimage\"},\"thumbnailUrl\":\"https:\/\/desireonline.shop\/wp-content\/uploads\/2026\/01\/CN-840924069_00.jpg\",\"datePublished\":\"2026-01-30T11:49:00+00:00\",\"breadcrumb\":{\"@id\":\"https:\/\/desireonline.shop\/vi\/san-pham\/69-ecstasy-sword-may-rung-mini-bullet\/#breadcrumb\"},\"inLanguage\":\"vi\",\"potentialAction\":[{\"@type\":\"ReadAction\",\"target\":[\"https:\/\/desireonline.shop\/vi\/san-pham\/69-ecstasy-sword-may-rung-mini-bullet\/\"]}]},{\"@type\":\"ImageObject\",\"inLanguage\":\"vi\",\"@id\":\"https:\/\/desireonline.shop\/vi\/san-pham\/69-ecstasy-sword-may-rung-mini-bullet\/#primaryimage\",\"url\":\"https:\/\/desireonline.shop\/wp-content\/uploads\/2026\/01\/CN-840924069_00.jpg\",\"contentUrl\":\"https:\/\/desireonline.shop\/wp-content\/uploads\/2026\/01\/CN-840924069_00.jpg\",\"width\":1200,\"height\":1044},{\"@type\":\"BreadcrumbList\",\"@id\":\"https:\/\/desireonline.shop\/vi\/san-pham\/69-ecstasy-sword-may-rung-mini-bullet\/#breadcrumb\",\"itemListElement\":[{\"@type\":\"ListItem\",\"position\":1,\"name\":\"Home\",\"item\":\"https:\/\/desireonline.shop\/vi\/trang-chu\/?lang=vi\"},{\"@type\":\"ListItem\",\"position\":2,\"name\":\"T\u1ea5t c\u1ea3 s\u1ea3n ph\u1ea9m\",\"item\":\"https:\/\/desireonline.shop\/cua-hang\/?lang=vi\"},{\"@type\":\"ListItem\",\"position\":3,\"name\":\"69 Ecstasy Sword M\u00e1y rung mini bullet\"}]},{\"@type\":\"WebSite\",\"@id\":\"https:\/\/desireonline.shop\/vi\/#website\",\"url\":\"https:\/\/desireonline.shop\/vi\/\",\"name\":\"Desire\",\"description\":\"Sexual Wellness Platform\",\"publisher\":{\"@id\":\"https:\/\/desireonline.shop\/vi\/#organization\"},\"potentialAction\":[{\"@type\":\"SearchAction\",\"target\":{\"@type\":\"EntryPoint\",\"urlTemplate\":\"https:\/\/desireonline.shop\/vi\/?s={search_term_string}\"},\"query-input\":{\"@type\":\"PropertyValueSpecification\",\"valueRequired\":true,\"valueName\":\"search_term_string\"}}],\"inLanguage\":\"vi\"},{\"@type\":\"Organization\",\"@id\":\"https:\/\/desireonline.shop\/vi\/#organization\",\"name\":\"Desire\",\"url\":\"https:\/\/desireonline.shop\/vi\/\",\"logo\":{\"@type\":\"ImageObject\",\"inLanguage\":\"vi\",\"@id\":\"https:\/\/desireonline.shop\/vi\/#\/schema\/logo\/image\/\",\"url\":\"https:\/\/desireonline.shop\/wp-content\/uploads\/2024\/06\/Logo-Thick-Font-1.webp\",\"contentUrl\":\"https:\/\/desireonline.shop\/wp-content\/uploads\/2024\/06\/Logo-Thick-Font-1.webp\",\"width\":268,\"height\":399,\"caption\":\"Desire\"},\"image\":{\"@id\":\"https:\/\/desireonline.shop\/vi\/#\/schema\/logo\/image\/\"}}]}<\/script>\n<!-- \/ Yoast SEO plugin. -->","yoast_head_json":{"title":"69 Ecstasy Sword M\u00e1y rung mini bullet - Desire","robots":{"index":"index","follow":"follow","max-snippet":"max-snippet:-1","max-image-preview":"max-image-preview:large","max-video-preview":"max-video-preview:-1"},"canonical":"https:\/\/desireonline.shop\/vi\/san-pham\/69-ecstasy-sword-may-rung-mini-bullet\/","og_locale":"vi_VN","og_type":"article","og_title":"69 Ecstasy Sword M\u00e1y rung mini bullet - Desire","og_description":"\u0110\u01b0\u1ee3c thi\u1ebft k\u1ebf cho kho\u00e1i c\u1ea3m t\u1eadp trung, m\u00e1y rung mini bullet n\u00e0y c\u00f3 h\u00ecnh d\u00e1ng thon g\u1ecdn v\u00e0 thu\u00f4n d\u00e0i, gi\u00fap k\u00edch th\u00edch ch\u00ednh x\u00e1c \u1edf nh\u1eefng \u0111i\u1ec3m b\u1ea1n&hellip;","og_url":"https:\/\/desireonline.shop\/vi\/san-pham\/69-ecstasy-sword-may-rung-mini-bullet\/","og_site_name":"Desire","og_image":[{"width":1200,"height":1044,"url":"https:\/\/desireonline.shop\/wp-content\/uploads\/2026\/01\/CN-840924069_00.jpg","type":"image\/jpeg"}],"twitter_card":"summary_large_image","twitter_misc":{"\u01af\u1edbc t\u00ednh th\u1eddi gian \u0111\u1ecdc":"1 ph\u00fat"},"schema":{"@context":"https:\/\/schema.org","@graph":[{"@type":"WebPage","@id":"https:\/\/desireonline.shop\/vi\/san-pham\/69-ecstasy-sword-may-rung-mini-bullet\/","url":"https:\/\/desireonline.shop\/vi\/san-pham\/69-ecstasy-sword-may-rung-mini-bullet\/","name":"69 Ecstasy Sword M\u00e1y rung mini bullet - Desire","isPartOf":{"@id":"https:\/\/desireonline.shop\/vi\/#website"},"primaryImageOfPage":{"@id":"https:\/\/desireonline.shop\/vi\/san-pham\/69-ecstasy-sword-may-rung-mini-bullet\/#primaryimage"},"image":{"@id":"https:\/\/desireonline.shop\/vi\/san-pham\/69-ecstasy-sword-may-rung-mini-bullet\/#primaryimage"},"thumbnailUrl":"https:\/\/desireonline.shop\/wp-content\/uploads\/2026\/01\/CN-840924069_00.jpg","datePublished":"2026-01-30T11:49:00+00:00","breadcrumb":{"@id":"https:\/\/desireonline.shop\/vi\/san-pham\/69-ecstasy-sword-may-rung-mini-bullet\/#breadcrumb"},"inLanguage":"vi","potentialAction":[{"@type":"ReadAction","target":["https:\/\/desireonline.shop\/vi\/san-pham\/69-ecstasy-sword-may-rung-mini-bullet\/"]}]},{"@type":"ImageObject","inLanguage":"vi","@id":"https:\/\/desireonline.shop\/vi\/san-pham\/69-ecstasy-sword-may-rung-mini-bullet\/#primaryimage","url":"https:\/\/desireonline.shop\/wp-content\/uploads\/2026\/01\/CN-840924069_00.jpg","contentUrl":"https:\/\/desireonline.shop\/wp-content\/uploads\/2026\/01\/CN-840924069_00.jpg","width":1200,"height":1044},{"@type":"BreadcrumbList","@id":"https:\/\/desireonline.shop\/vi\/san-pham\/69-ecstasy-sword-may-rung-mini-bullet\/#breadcrumb","itemListElement":[{"@type":"ListItem","position":1,"name":"Home","item":"https:\/\/desireonline.shop\/vi\/trang-chu\/?lang=vi"},{"@type":"ListItem","position":2,"name":"T\u1ea5t c\u1ea3 s\u1ea3n ph\u1ea9m","item":"https:\/\/desireonline.shop\/cua-hang\/?lang=vi"},{"@type":"ListItem","position":3,"name":"69 Ecstasy Sword M\u00e1y rung mini bullet"}]},{"@type":"WebSite","@id":"https:\/\/desireonline.shop\/vi\/#website","url":"https:\/\/desireonline.shop\/vi\/","name":"Desire","description":"Sexual Wellness Platform","publisher":{"@id":"https:\/\/desireonline.shop\/vi\/#organization"},"potentialAction":[{"@type":"SearchAction","target":{"@type":"EntryPoint","urlTemplate":"https:\/\/desireonline.shop\/vi\/?s={search_term_string}"},"query-input":{"@type":"PropertyValueSpecification","valueRequired":true,"valueName":"search_term_string"}}],"inLanguage":"vi"},{"@type":"Organization","@id":"https:\/\/desireonline.shop\/vi\/#organization","name":"Desire","url":"https:\/\/desireonline.shop\/vi\/","logo":{"@type":"ImageObject","inLanguage":"vi","@id":"https:\/\/desireonline.shop\/vi\/#\/schema\/logo\/image\/","url":"https:\/\/desireonline.shop\/wp-content\/uploads\/2024\/06\/Logo-Thick-Font-1.webp","contentUrl":"https:\/\/desireonline.shop\/wp-content\/uploads\/2024\/06\/Logo-Thick-Font-1.webp","width":268,"height":399,"caption":"Desire"},"image":{"@id":"https:\/\/desireonline.shop\/vi\/#\/schema\/logo\/image\/"}}]}},"_links":{"self":[{"href":"https:\/\/desireonline.shop\/vi\/wp-json\/wp\/v2\/product\/68682","targetHints":{"allow":["GET"]}}],"collection":[{"href":"https:\/\/desireonline.shop\/vi\/wp-json\/wp\/v2\/product"}],"about":[{"href":"https:\/\/desireonline.shop\/vi\/wp-json\/wp\/v2\/types\/product"}],"replies":[{"embeddable":true,"href":"https:\/\/desireonline.shop\/vi\/wp-json\/wp\/v2\/comments?post=68682"}],"version-history":[{"count":0,"href":"https:\/\/desireonline.shop\/vi\/wp-json\/wp\/v2\/product\/68682\/revisions"}],"wp:featuredmedia":[{"embeddable":true,"href":"https:\/\/desireonline.shop\/vi\/wp-json\/wp\/v2\/media\/60365"}],"wp:attachment":[{"href":"https:\/\/desireonline.shop\/vi\/wp-json\/wp\/v2\/media?parent=68682"}],"wp:term":[{"taxonomy":"product_brand","embeddable":true,"href":"https:\/\/desireonline.shop\/vi\/wp-json\/wp\/v2\/product_brand?post=68682"},{"taxonomy":"product_cat","embeddable":true,"href":"https:\/\/desireonline.shop\/vi\/wp-json\/wp\/v2\/product_cat?post=68682"},{"taxonomy":"product_tag","embeddable":true,"href":"https:\/\/desireonline.shop\/vi\/wp-json\/wp\/v2\/product_tag?post=68682"}],"curies":[{"name":"wp","href":"https:\/\/api.w.org\/{rel}","templated":true}]}}