{"id":68696,"date":"2026-01-30T11:53:00","date_gmt":"2026-01-30T11:53:00","guid":{"rendered":"https:\/\/desireonline.shop\/product\/69-ecstasy-spiral-nut-hau-mon\/"},"modified":"2026-01-30T11:53:00","modified_gmt":"2026-01-30T11:53:00","slug":"69-ecstasy-spiral-nut-hau-mon","status":"publish","type":"product","link":"https:\/\/desireonline.shop\/vi\/san-pham\/69-ecstasy-spiral-nut-hau-mon\/","title":{"rendered":"69 Ecstasy Spiral N\u00fat h\u1eadu m\u00f4n"},"content":{"rendered":"<p>\u0110\u01b0\u1ee3c thi\u1ebft k\u1ebf \u0111\u1ec3 k\u1ebft h\u1ee3p v\u1ebb ngo\u00e0i h\u1ea5p d\u1eabn v\u1edbi c\u1ea3m gi\u00e1c th\u1ecfa m\u00e3n, n\u00fat h\u1eadu m\u00f4n xo\u1eafn n\u00e0y mang \u0111\u1ebfn h\u00ecnh d\u00e1ng m\u01b0\u1ee3t m\u00e0, tho\u1ea3i m\u00e1i c\u00f9ng 10 ch\u1ebf \u0111\u1ed9 rung \u0111\u1ec3 kh\u00e1m ph\u00e1. Thi\u1ebft k\u1ebf xo\u1eafn gi\u00fap t\u0103ng c\u01b0\u1eddng nh\u1eadn th\u1ee9c v\u00e0 c\u1ea3m gi\u00e1c, khi\u1ebfn m\u1ed7i chuy\u1ec3n \u0111\u1ed9ng tr\u1edf n\u00ean th\u00fa v\u1ecb h\u01a1n.<\/p>\n<p>\u0110i\u1ec1u khi\u1ec3n t\u1eeb xa kh\u00f4ng d\u00e2y cho ph\u00e9p \u0111i\u1ec1u ch\u1ec9nh d\u1ec5 d\u00e0ng, r\u1ea3nh tay, gi\u00fap b\u1ea1n t\u1eadp trung v\u00e0o s\u1ef1 mong \u0111\u1ee3i v\u00e0 kho\u00e1i c\u1ea3m. Ho\u00e0n thi\u1ec7n v\u1edbi s\u1ea1c t\u1eeb t\u00ednh \u0111\u1ec3 t\u0103ng th\u00eam s\u1ef1 ti\u1ec7n l\u1ee3i, s\u1ea3n ph\u1ea9m l\u00fd t\u01b0\u1edfng cho vi\u1ec7c s\u1eed d\u1ee5ng th\u01b0 gi\u00e3n ho\u1eb7c kh\u00e1m ph\u00e1 vui v\u1ebb theo nh\u1ecbp \u0111\u1ed9 c\u1ee7a ri\u00eang b\u1ea1n.<\/p>\n","protected":false},"excerpt":{"rendered":"<p>\u0110\u01b0\u1ee3c thi\u1ebft k\u1ebf \u0111\u1ec3 k\u1ebft h\u1ee3p v\u1ebb ngo\u00e0i h\u1ea5p d\u1eabn v\u1edbi c\u1ea3m gi\u00e1c th\u1ecfa m\u00e3n, n\u00fat h\u1eadu m\u00f4n xo\u1eafn n\u00e0y mang \u0111\u1ebfn h\u00ecnh d\u00e1ng m\u01b0\u1ee3t m\u00e0, tho\u1ea3i m\u00e1i c\u00f9ng 10&hellip;<\/p>\n","protected":false},"featured_media":60379,"comment_status":"open","ping_status":"closed","template":"","meta":{"_acf_changed":false},"product_brand":[],"product_cat":[1416],"product_tag":[1660,1797,1659,1657,1661],"class_list":{"0":"post-68696","1":"product","2":"type-product","3":"status-publish","4":"has-post-thumbnail","6":"product_cat-nut-hau-mon","7":"product_tag-an-toan-cho-co-the","8":"product_tag-cam-giac-be-mat-co-van","9":"product_tag-kich-thich-ben-trong","10":"product_tag-phu-hop-cho-nguoi-moi","11":"product_tag-tap-trung-hau-mon","13":"first","14":"instock","15":"shipping-taxable","16":"purchasable","17":"product-type-simple"},"acf":[],"yoast_head":"<!-- This site is optimized with the Yoast SEO plugin v27.1.1 - https:\/\/yoast.com\/product\/yoast-seo-wordpress\/ -->\n<title>69 Ecstasy Spiral N\u00fat h\u1eadu m\u00f4n - Desire<\/title>\n<meta name=\"robots\" content=\"index, follow, max-snippet:-1, max-image-preview:large, max-video-preview:-1\" \/>\n<link rel=\"canonical\" href=\"https:\/\/desireonline.shop\/vi\/san-pham\/69-ecstasy-spiral-nut-hau-mon\/\" \/>\n<meta property=\"og:locale\" content=\"vi_VN\" \/>\n<meta property=\"og:type\" content=\"article\" \/>\n<meta property=\"og:title\" content=\"69 Ecstasy Spiral N\u00fat h\u1eadu m\u00f4n - Desire\" \/>\n<meta property=\"og:description\" content=\"\u0110\u01b0\u1ee3c thi\u1ebft k\u1ebf \u0111\u1ec3 k\u1ebft h\u1ee3p v\u1ebb ngo\u00e0i h\u1ea5p d\u1eabn v\u1edbi c\u1ea3m gi\u00e1c th\u1ecfa m\u00e3n, n\u00fat h\u1eadu m\u00f4n xo\u1eafn n\u00e0y mang \u0111\u1ebfn h\u00ecnh d\u00e1ng m\u01b0\u1ee3t m\u00e0, tho\u1ea3i m\u00e1i c\u00f9ng 10&hellip;\" \/>\n<meta property=\"og:url\" content=\"https:\/\/desireonline.shop\/vi\/san-pham\/69-ecstasy-spiral-nut-hau-mon\/\" \/>\n<meta property=\"og:site_name\" content=\"Desire\" \/>\n<meta property=\"og:image\" content=\"https:\/\/desireonline.shop\/wp-content\/uploads\/2026\/01\/CN-841420599_00.jpg\" \/>\n\t<meta property=\"og:image:width\" content=\"1200\" \/>\n\t<meta property=\"og:image:height\" content=\"1044\" \/>\n\t<meta property=\"og:image:type\" content=\"image\/jpeg\" \/>\n<meta name=\"twitter:card\" content=\"summary_large_image\" \/>\n<meta name=\"twitter:label1\" content=\"\u01af\u1edbc t\u00ednh th\u1eddi gian \u0111\u1ecdc\" \/>\n\t<meta name=\"twitter:data1\" content=\"1 ph\u00fat\" \/>\n<script type=\"application\/ld+json\" class=\"yoast-schema-graph\">{\"@context\":\"https:\/\/schema.org\",\"@graph\":[{\"@type\":\"WebPage\",\"@id\":\"https:\/\/desireonline.shop\/vi\/san-pham\/69-ecstasy-spiral-nut-hau-mon\/\",\"url\":\"https:\/\/desireonline.shop\/vi\/san-pham\/69-ecstasy-spiral-nut-hau-mon\/\",\"name\":\"69 Ecstasy Spiral N\u00fat h\u1eadu m\u00f4n - Desire\",\"isPartOf\":{\"@id\":\"https:\/\/desireonline.shop\/vi\/#website\"},\"primaryImageOfPage\":{\"@id\":\"https:\/\/desireonline.shop\/vi\/san-pham\/69-ecstasy-spiral-nut-hau-mon\/#primaryimage\"},\"image\":{\"@id\":\"https:\/\/desireonline.shop\/vi\/san-pham\/69-ecstasy-spiral-nut-hau-mon\/#primaryimage\"},\"thumbnailUrl\":\"https:\/\/desireonline.shop\/wp-content\/uploads\/2026\/01\/CN-841420599_00.jpg\",\"datePublished\":\"2026-01-30T11:53:00+00:00\",\"breadcrumb\":{\"@id\":\"https:\/\/desireonline.shop\/vi\/san-pham\/69-ecstasy-spiral-nut-hau-mon\/#breadcrumb\"},\"inLanguage\":\"vi\",\"potentialAction\":[{\"@type\":\"ReadAction\",\"target\":[\"https:\/\/desireonline.shop\/vi\/san-pham\/69-ecstasy-spiral-nut-hau-mon\/\"]}]},{\"@type\":\"ImageObject\",\"inLanguage\":\"vi\",\"@id\":\"https:\/\/desireonline.shop\/vi\/san-pham\/69-ecstasy-spiral-nut-hau-mon\/#primaryimage\",\"url\":\"https:\/\/desireonline.shop\/wp-content\/uploads\/2026\/01\/CN-841420599_00.jpg\",\"contentUrl\":\"https:\/\/desireonline.shop\/wp-content\/uploads\/2026\/01\/CN-841420599_00.jpg\",\"width\":1200,\"height\":1044},{\"@type\":\"BreadcrumbList\",\"@id\":\"https:\/\/desireonline.shop\/vi\/san-pham\/69-ecstasy-spiral-nut-hau-mon\/#breadcrumb\",\"itemListElement\":[{\"@type\":\"ListItem\",\"position\":1,\"name\":\"Home\",\"item\":\"https:\/\/desireonline.shop\/vi\/trang-chu\/?lang=vi\"},{\"@type\":\"ListItem\",\"position\":2,\"name\":\"T\u1ea5t c\u1ea3 s\u1ea3n ph\u1ea9m\",\"item\":\"https:\/\/desireonline.shop\/cua-hang\/?lang=vi\"},{\"@type\":\"ListItem\",\"position\":3,\"name\":\"69 Ecstasy Spiral N\u00fat h\u1eadu m\u00f4n\"}]},{\"@type\":\"WebSite\",\"@id\":\"https:\/\/desireonline.shop\/vi\/#website\",\"url\":\"https:\/\/desireonline.shop\/vi\/\",\"name\":\"Desire\",\"description\":\"Sexual Wellness Platform\",\"publisher\":{\"@id\":\"https:\/\/desireonline.shop\/vi\/#organization\"},\"potentialAction\":[{\"@type\":\"SearchAction\",\"target\":{\"@type\":\"EntryPoint\",\"urlTemplate\":\"https:\/\/desireonline.shop\/vi\/?s={search_term_string}\"},\"query-input\":{\"@type\":\"PropertyValueSpecification\",\"valueRequired\":true,\"valueName\":\"search_term_string\"}}],\"inLanguage\":\"vi\"},{\"@type\":\"Organization\",\"@id\":\"https:\/\/desireonline.shop\/vi\/#organization\",\"name\":\"Desire\",\"url\":\"https:\/\/desireonline.shop\/vi\/\",\"logo\":{\"@type\":\"ImageObject\",\"inLanguage\":\"vi\",\"@id\":\"https:\/\/desireonline.shop\/vi\/#\/schema\/logo\/image\/\",\"url\":\"https:\/\/desireonline.shop\/wp-content\/uploads\/2024\/06\/Logo-Thick-Font-1.webp\",\"contentUrl\":\"https:\/\/desireonline.shop\/wp-content\/uploads\/2024\/06\/Logo-Thick-Font-1.webp\",\"width\":268,\"height\":399,\"caption\":\"Desire\"},\"image\":{\"@id\":\"https:\/\/desireonline.shop\/vi\/#\/schema\/logo\/image\/\"}}]}<\/script>\n<!-- \/ Yoast SEO plugin. -->","yoast_head_json":{"title":"69 Ecstasy Spiral N\u00fat h\u1eadu m\u00f4n - Desire","robots":{"index":"index","follow":"follow","max-snippet":"max-snippet:-1","max-image-preview":"max-image-preview:large","max-video-preview":"max-video-preview:-1"},"canonical":"https:\/\/desireonline.shop\/vi\/san-pham\/69-ecstasy-spiral-nut-hau-mon\/","og_locale":"vi_VN","og_type":"article","og_title":"69 Ecstasy Spiral N\u00fat h\u1eadu m\u00f4n - Desire","og_description":"\u0110\u01b0\u1ee3c thi\u1ebft k\u1ebf \u0111\u1ec3 k\u1ebft h\u1ee3p v\u1ebb ngo\u00e0i h\u1ea5p d\u1eabn v\u1edbi c\u1ea3m gi\u00e1c th\u1ecfa m\u00e3n, n\u00fat h\u1eadu m\u00f4n xo\u1eafn n\u00e0y mang \u0111\u1ebfn h\u00ecnh d\u00e1ng m\u01b0\u1ee3t m\u00e0, tho\u1ea3i m\u00e1i c\u00f9ng 10&hellip;","og_url":"https:\/\/desireonline.shop\/vi\/san-pham\/69-ecstasy-spiral-nut-hau-mon\/","og_site_name":"Desire","og_image":[{"width":1200,"height":1044,"url":"https:\/\/desireonline.shop\/wp-content\/uploads\/2026\/01\/CN-841420599_00.jpg","type":"image\/jpeg"}],"twitter_card":"summary_large_image","twitter_misc":{"\u01af\u1edbc t\u00ednh th\u1eddi gian \u0111\u1ecdc":"1 ph\u00fat"},"schema":{"@context":"https:\/\/schema.org","@graph":[{"@type":"WebPage","@id":"https:\/\/desireonline.shop\/vi\/san-pham\/69-ecstasy-spiral-nut-hau-mon\/","url":"https:\/\/desireonline.shop\/vi\/san-pham\/69-ecstasy-spiral-nut-hau-mon\/","name":"69 Ecstasy Spiral N\u00fat h\u1eadu m\u00f4n - Desire","isPartOf":{"@id":"https:\/\/desireonline.shop\/vi\/#website"},"primaryImageOfPage":{"@id":"https:\/\/desireonline.shop\/vi\/san-pham\/69-ecstasy-spiral-nut-hau-mon\/#primaryimage"},"image":{"@id":"https:\/\/desireonline.shop\/vi\/san-pham\/69-ecstasy-spiral-nut-hau-mon\/#primaryimage"},"thumbnailUrl":"https:\/\/desireonline.shop\/wp-content\/uploads\/2026\/01\/CN-841420599_00.jpg","datePublished":"2026-01-30T11:53:00+00:00","breadcrumb":{"@id":"https:\/\/desireonline.shop\/vi\/san-pham\/69-ecstasy-spiral-nut-hau-mon\/#breadcrumb"},"inLanguage":"vi","potentialAction":[{"@type":"ReadAction","target":["https:\/\/desireonline.shop\/vi\/san-pham\/69-ecstasy-spiral-nut-hau-mon\/"]}]},{"@type":"ImageObject","inLanguage":"vi","@id":"https:\/\/desireonline.shop\/vi\/san-pham\/69-ecstasy-spiral-nut-hau-mon\/#primaryimage","url":"https:\/\/desireonline.shop\/wp-content\/uploads\/2026\/01\/CN-841420599_00.jpg","contentUrl":"https:\/\/desireonline.shop\/wp-content\/uploads\/2026\/01\/CN-841420599_00.jpg","width":1200,"height":1044},{"@type":"BreadcrumbList","@id":"https:\/\/desireonline.shop\/vi\/san-pham\/69-ecstasy-spiral-nut-hau-mon\/#breadcrumb","itemListElement":[{"@type":"ListItem","position":1,"name":"Home","item":"https:\/\/desireonline.shop\/vi\/trang-chu\/?lang=vi"},{"@type":"ListItem","position":2,"name":"T\u1ea5t c\u1ea3 s\u1ea3n ph\u1ea9m","item":"https:\/\/desireonline.shop\/cua-hang\/?lang=vi"},{"@type":"ListItem","position":3,"name":"69 Ecstasy Spiral N\u00fat h\u1eadu m\u00f4n"}]},{"@type":"WebSite","@id":"https:\/\/desireonline.shop\/vi\/#website","url":"https:\/\/desireonline.shop\/vi\/","name":"Desire","description":"Sexual Wellness Platform","publisher":{"@id":"https:\/\/desireonline.shop\/vi\/#organization"},"potentialAction":[{"@type":"SearchAction","target":{"@type":"EntryPoint","urlTemplate":"https:\/\/desireonline.shop\/vi\/?s={search_term_string}"},"query-input":{"@type":"PropertyValueSpecification","valueRequired":true,"valueName":"search_term_string"}}],"inLanguage":"vi"},{"@type":"Organization","@id":"https:\/\/desireonline.shop\/vi\/#organization","name":"Desire","url":"https:\/\/desireonline.shop\/vi\/","logo":{"@type":"ImageObject","inLanguage":"vi","@id":"https:\/\/desireonline.shop\/vi\/#\/schema\/logo\/image\/","url":"https:\/\/desireonline.shop\/wp-content\/uploads\/2024\/06\/Logo-Thick-Font-1.webp","contentUrl":"https:\/\/desireonline.shop\/wp-content\/uploads\/2024\/06\/Logo-Thick-Font-1.webp","width":268,"height":399,"caption":"Desire"},"image":{"@id":"https:\/\/desireonline.shop\/vi\/#\/schema\/logo\/image\/"}}]}},"_links":{"self":[{"href":"https:\/\/desireonline.shop\/vi\/wp-json\/wp\/v2\/product\/68696","targetHints":{"allow":["GET"]}}],"collection":[{"href":"https:\/\/desireonline.shop\/vi\/wp-json\/wp\/v2\/product"}],"about":[{"href":"https:\/\/desireonline.shop\/vi\/wp-json\/wp\/v2\/types\/product"}],"replies":[{"embeddable":true,"href":"https:\/\/desireonline.shop\/vi\/wp-json\/wp\/v2\/comments?post=68696"}],"version-history":[{"count":0,"href":"https:\/\/desireonline.shop\/vi\/wp-json\/wp\/v2\/product\/68696\/revisions"}],"wp:featuredmedia":[{"embeddable":true,"href":"https:\/\/desireonline.shop\/vi\/wp-json\/wp\/v2\/media\/60379"}],"wp:attachment":[{"href":"https:\/\/desireonline.shop\/vi\/wp-json\/wp\/v2\/media?parent=68696"}],"wp:term":[{"taxonomy":"product_brand","embeddable":true,"href":"https:\/\/desireonline.shop\/vi\/wp-json\/wp\/v2\/product_brand?post=68696"},{"taxonomy":"product_cat","embeddable":true,"href":"https:\/\/desireonline.shop\/vi\/wp-json\/wp\/v2\/product_cat?post=68696"},{"taxonomy":"product_tag","embeddable":true,"href":"https:\/\/desireonline.shop\/vi\/wp-json\/wp\/v2\/product_tag?post=68696"}],"curies":[{"name":"wp","href":"https:\/\/api.w.org\/{rel}","templated":true}]}}