{"id":68724,"date":"2026-01-30T12:03:00","date_gmt":"2026-01-30T12:03:00","guid":{"rendered":"https:\/\/desireonline.shop\/product\/69-ecstasy-cuttlefish-vong-deo-duong-vat-rung\/"},"modified":"2026-01-30T12:03:00","modified_gmt":"2026-01-30T12:03:00","slug":"69-ecstasy-cuttlefish-vong-deo-duong-vat-rung","status":"publish","type":"product","link":"https:\/\/desireonline.shop\/vi\/san-pham\/69-ecstasy-cuttlefish-vong-deo-duong-vat-rung\/","title":{"rendered":"69 Ecstasy Cuttlefish V\u00f2ng \u0111eo d\u01b0\u01a1ng v\u1eadt rung"},"content":{"rendered":"<p>\u0110\u01b0\u1ee3c thi\u1ebft k\u1ebf \u0111\u1ec3 t\u0103ng c\u01b0\u1eddng kho\u00e1i c\u1ea3m khi chia s\u1ebb, v\u00f2ng \u0111eo d\u01b0\u01a1ng v\u1eadt rung li\u1ec1n m\u1ea1ch n\u00e0y mang \u0111\u1ebfn b\u1ec1 m\u1eb7t m\u01b0\u1ee3t m\u00e0, linh ho\u1ea1t c\u00f9ng 10 ch\u1ebf \u0111\u1ed9 rung \u0111\u1ec3 kh\u00e1m ph\u00e1. Thi\u1ebft k\u1ebf co gi\u00e3n gi\u00fap c\u1ed1 \u0111\u1ecbnh tho\u1ea3i m\u00e1i, h\u1ed7 tr\u1ee3 t\u0103ng c\u01b0\u1eddng c\u1ea3m gi\u00e1c trong khi v\u1eabn d\u1ec5 d\u00e0ng \u0111eo.<\/p>\n<p>C\u00e1c n\u00fat \u0111i\u1ec1u khi\u1ec3n \u0111\u01a1n gi\u1ea3n gi\u00fap chuy\u1ec3n \u0111\u1ed5i gi\u1eefa c\u00e1c ch\u1ebf \u0111\u1ed9 rung d\u1ec5 d\u00e0ng, cho ph\u00e9p b\u1ea1n t\u1eadp trung v\u00e0o s\u1ef1 k\u1ebft n\u1ed1i v\u00e0 t\u1eadn h\u01b0\u1edfng. L\u00fd t\u01b0\u1edfng cho vi\u1ec7c t\u1eadn h\u01b0\u1edfng m\u1ed9t m\u00ecnh ho\u1eb7c c\u00f9ng b\u1ea1n t\u00ecnh, \u0111\u00e2y l\u00e0 ph\u1ee5 ki\u1ec7n linh ho\u1ea1t d\u00e0nh cho nh\u1eefng ai mu\u1ed1n th\u00eam rung \u0111\u1ed9ng v\u00e0 h\u1ee9ng kh\u1edfi v\u00e0o tr\u1ea3i nghi\u1ec7m c\u1ee7a m\u00ecnh.<\/p>\n","protected":false},"excerpt":{"rendered":"<p>\u0110\u01b0\u1ee3c thi\u1ebft k\u1ebf \u0111\u1ec3 t\u0103ng c\u01b0\u1eddng kho\u00e1i c\u1ea3m khi chia s\u1ebb, v\u00f2ng \u0111eo d\u01b0\u01a1ng v\u1eadt rung li\u1ec1n m\u1ea1ch n\u00e0y mang \u0111\u1ebfn b\u1ec1 m\u1eb7t m\u01b0\u1ee3t m\u00e0, linh ho\u1ea1t c\u00f9ng 10 ch\u1ebf&hellip;<\/p>\n","protected":false},"featured_media":60407,"comment_status":"open","ping_status":"closed","template":"","meta":{"_acf_changed":false},"product_brand":[],"product_cat":[1404],"product_tag":[1668,1676,1695,1679],"class_list":{"0":"post-68724","1":"product","2":"type-product","3":"status-publish","4":"has-post-thumbnail","6":"product_cat-vong-deo-ho-tro-co-rung","7":"product_tag-co-the-dieu-chinh","8":"product_tag-danh-cho-nam-gioi","9":"product_tag-khoai-cam-se-chia","10":"product_tag-tap-trung-vao-duong-vat","12":"first","13":"instock","14":"shipping-taxable","15":"purchasable","16":"product-type-simple"},"acf":[],"yoast_head":"<!-- This site is optimized with the Yoast SEO plugin v27.1.1 - https:\/\/yoast.com\/product\/yoast-seo-wordpress\/ -->\n<title>69 Ecstasy Cuttlefish V\u00f2ng \u0111eo d\u01b0\u01a1ng v\u1eadt rung - Desire<\/title>\n<meta name=\"robots\" content=\"index, follow, max-snippet:-1, max-image-preview:large, max-video-preview:-1\" \/>\n<link rel=\"canonical\" href=\"https:\/\/desireonline.shop\/vi\/san-pham\/69-ecstasy-cuttlefish-vong-deo-duong-vat-rung\/\" \/>\n<meta property=\"og:locale\" content=\"vi_VN\" \/>\n<meta property=\"og:type\" content=\"article\" \/>\n<meta property=\"og:title\" content=\"69 Ecstasy Cuttlefish V\u00f2ng \u0111eo d\u01b0\u01a1ng v\u1eadt rung - Desire\" \/>\n<meta property=\"og:description\" content=\"\u0110\u01b0\u1ee3c thi\u1ebft k\u1ebf \u0111\u1ec3 t\u0103ng c\u01b0\u1eddng kho\u00e1i c\u1ea3m khi chia s\u1ebb, v\u00f2ng \u0111eo d\u01b0\u01a1ng v\u1eadt rung li\u1ec1n m\u1ea1ch n\u00e0y mang \u0111\u1ebfn b\u1ec1 m\u1eb7t m\u01b0\u1ee3t m\u00e0, linh ho\u1ea1t c\u00f9ng 10 ch\u1ebf&hellip;\" \/>\n<meta property=\"og:url\" content=\"https:\/\/desireonline.shop\/vi\/san-pham\/69-ecstasy-cuttlefish-vong-deo-duong-vat-rung\/\" \/>\n<meta property=\"og:site_name\" content=\"Desire\" \/>\n<meta property=\"og:image\" content=\"https:\/\/desireonline.shop\/wp-content\/uploads\/2026\/01\/CN-841676455_00.jpg\" \/>\n\t<meta property=\"og:image:width\" content=\"1200\" \/>\n\t<meta property=\"og:image:height\" content=\"1044\" \/>\n\t<meta property=\"og:image:type\" content=\"image\/jpeg\" \/>\n<meta name=\"twitter:card\" content=\"summary_large_image\" \/>\n<meta name=\"twitter:label1\" content=\"\u01af\u1edbc t\u00ednh th\u1eddi gian \u0111\u1ecdc\" \/>\n\t<meta name=\"twitter:data1\" content=\"1 ph\u00fat\" \/>\n<script type=\"application\/ld+json\" class=\"yoast-schema-graph\">{\"@context\":\"https:\/\/schema.org\",\"@graph\":[{\"@type\":\"WebPage\",\"@id\":\"https:\/\/desireonline.shop\/vi\/san-pham\/69-ecstasy-cuttlefish-vong-deo-duong-vat-rung\/\",\"url\":\"https:\/\/desireonline.shop\/vi\/san-pham\/69-ecstasy-cuttlefish-vong-deo-duong-vat-rung\/\",\"name\":\"69 Ecstasy Cuttlefish V\u00f2ng \u0111eo d\u01b0\u01a1ng v\u1eadt rung - Desire\",\"isPartOf\":{\"@id\":\"https:\/\/desireonline.shop\/vi\/#website\"},\"primaryImageOfPage\":{\"@id\":\"https:\/\/desireonline.shop\/vi\/san-pham\/69-ecstasy-cuttlefish-vong-deo-duong-vat-rung\/#primaryimage\"},\"image\":{\"@id\":\"https:\/\/desireonline.shop\/vi\/san-pham\/69-ecstasy-cuttlefish-vong-deo-duong-vat-rung\/#primaryimage\"},\"thumbnailUrl\":\"https:\/\/desireonline.shop\/wp-content\/uploads\/2026\/01\/CN-841676455_00.jpg\",\"datePublished\":\"2026-01-30T12:03:00+00:00\",\"breadcrumb\":{\"@id\":\"https:\/\/desireonline.shop\/vi\/san-pham\/69-ecstasy-cuttlefish-vong-deo-duong-vat-rung\/#breadcrumb\"},\"inLanguage\":\"vi\",\"potentialAction\":[{\"@type\":\"ReadAction\",\"target\":[\"https:\/\/desireonline.shop\/vi\/san-pham\/69-ecstasy-cuttlefish-vong-deo-duong-vat-rung\/\"]}]},{\"@type\":\"ImageObject\",\"inLanguage\":\"vi\",\"@id\":\"https:\/\/desireonline.shop\/vi\/san-pham\/69-ecstasy-cuttlefish-vong-deo-duong-vat-rung\/#primaryimage\",\"url\":\"https:\/\/desireonline.shop\/wp-content\/uploads\/2026\/01\/CN-841676455_00.jpg\",\"contentUrl\":\"https:\/\/desireonline.shop\/wp-content\/uploads\/2026\/01\/CN-841676455_00.jpg\",\"width\":1200,\"height\":1044},{\"@type\":\"BreadcrumbList\",\"@id\":\"https:\/\/desireonline.shop\/vi\/san-pham\/69-ecstasy-cuttlefish-vong-deo-duong-vat-rung\/#breadcrumb\",\"itemListElement\":[{\"@type\":\"ListItem\",\"position\":1,\"name\":\"Home\",\"item\":\"https:\/\/desireonline.shop\/vi\/trang-chu\/?lang=vi\"},{\"@type\":\"ListItem\",\"position\":2,\"name\":\"T\u1ea5t c\u1ea3 s\u1ea3n ph\u1ea9m\",\"item\":\"https:\/\/desireonline.shop\/cua-hang\/?lang=vi\"},{\"@type\":\"ListItem\",\"position\":3,\"name\":\"69 Ecstasy Cuttlefish V\u00f2ng \u0111eo d\u01b0\u01a1ng v\u1eadt rung\"}]},{\"@type\":\"WebSite\",\"@id\":\"https:\/\/desireonline.shop\/vi\/#website\",\"url\":\"https:\/\/desireonline.shop\/vi\/\",\"name\":\"Desire\",\"description\":\"Sexual Wellness Platform\",\"publisher\":{\"@id\":\"https:\/\/desireonline.shop\/vi\/#organization\"},\"potentialAction\":[{\"@type\":\"SearchAction\",\"target\":{\"@type\":\"EntryPoint\",\"urlTemplate\":\"https:\/\/desireonline.shop\/vi\/?s={search_term_string}\"},\"query-input\":{\"@type\":\"PropertyValueSpecification\",\"valueRequired\":true,\"valueName\":\"search_term_string\"}}],\"inLanguage\":\"vi\"},{\"@type\":\"Organization\",\"@id\":\"https:\/\/desireonline.shop\/vi\/#organization\",\"name\":\"Desire\",\"url\":\"https:\/\/desireonline.shop\/vi\/\",\"logo\":{\"@type\":\"ImageObject\",\"inLanguage\":\"vi\",\"@id\":\"https:\/\/desireonline.shop\/vi\/#\/schema\/logo\/image\/\",\"url\":\"https:\/\/desireonline.shop\/wp-content\/uploads\/2024\/06\/Logo-Thick-Font-1.webp\",\"contentUrl\":\"https:\/\/desireonline.shop\/wp-content\/uploads\/2024\/06\/Logo-Thick-Font-1.webp\",\"width\":268,\"height\":399,\"caption\":\"Desire\"},\"image\":{\"@id\":\"https:\/\/desireonline.shop\/vi\/#\/schema\/logo\/image\/\"}}]}<\/script>\n<!-- \/ Yoast SEO plugin. -->","yoast_head_json":{"title":"69 Ecstasy Cuttlefish V\u00f2ng \u0111eo d\u01b0\u01a1ng v\u1eadt rung - Desire","robots":{"index":"index","follow":"follow","max-snippet":"max-snippet:-1","max-image-preview":"max-image-preview:large","max-video-preview":"max-video-preview:-1"},"canonical":"https:\/\/desireonline.shop\/vi\/san-pham\/69-ecstasy-cuttlefish-vong-deo-duong-vat-rung\/","og_locale":"vi_VN","og_type":"article","og_title":"69 Ecstasy Cuttlefish V\u00f2ng \u0111eo d\u01b0\u01a1ng v\u1eadt rung - Desire","og_description":"\u0110\u01b0\u1ee3c thi\u1ebft k\u1ebf \u0111\u1ec3 t\u0103ng c\u01b0\u1eddng kho\u00e1i c\u1ea3m khi chia s\u1ebb, v\u00f2ng \u0111eo d\u01b0\u01a1ng v\u1eadt rung li\u1ec1n m\u1ea1ch n\u00e0y mang \u0111\u1ebfn b\u1ec1 m\u1eb7t m\u01b0\u1ee3t m\u00e0, linh ho\u1ea1t c\u00f9ng 10 ch\u1ebf&hellip;","og_url":"https:\/\/desireonline.shop\/vi\/san-pham\/69-ecstasy-cuttlefish-vong-deo-duong-vat-rung\/","og_site_name":"Desire","og_image":[{"width":1200,"height":1044,"url":"https:\/\/desireonline.shop\/wp-content\/uploads\/2026\/01\/CN-841676455_00.jpg","type":"image\/jpeg"}],"twitter_card":"summary_large_image","twitter_misc":{"\u01af\u1edbc t\u00ednh th\u1eddi gian \u0111\u1ecdc":"1 ph\u00fat"},"schema":{"@context":"https:\/\/schema.org","@graph":[{"@type":"WebPage","@id":"https:\/\/desireonline.shop\/vi\/san-pham\/69-ecstasy-cuttlefish-vong-deo-duong-vat-rung\/","url":"https:\/\/desireonline.shop\/vi\/san-pham\/69-ecstasy-cuttlefish-vong-deo-duong-vat-rung\/","name":"69 Ecstasy Cuttlefish V\u00f2ng \u0111eo d\u01b0\u01a1ng v\u1eadt rung - Desire","isPartOf":{"@id":"https:\/\/desireonline.shop\/vi\/#website"},"primaryImageOfPage":{"@id":"https:\/\/desireonline.shop\/vi\/san-pham\/69-ecstasy-cuttlefish-vong-deo-duong-vat-rung\/#primaryimage"},"image":{"@id":"https:\/\/desireonline.shop\/vi\/san-pham\/69-ecstasy-cuttlefish-vong-deo-duong-vat-rung\/#primaryimage"},"thumbnailUrl":"https:\/\/desireonline.shop\/wp-content\/uploads\/2026\/01\/CN-841676455_00.jpg","datePublished":"2026-01-30T12:03:00+00:00","breadcrumb":{"@id":"https:\/\/desireonline.shop\/vi\/san-pham\/69-ecstasy-cuttlefish-vong-deo-duong-vat-rung\/#breadcrumb"},"inLanguage":"vi","potentialAction":[{"@type":"ReadAction","target":["https:\/\/desireonline.shop\/vi\/san-pham\/69-ecstasy-cuttlefish-vong-deo-duong-vat-rung\/"]}]},{"@type":"ImageObject","inLanguage":"vi","@id":"https:\/\/desireonline.shop\/vi\/san-pham\/69-ecstasy-cuttlefish-vong-deo-duong-vat-rung\/#primaryimage","url":"https:\/\/desireonline.shop\/wp-content\/uploads\/2026\/01\/CN-841676455_00.jpg","contentUrl":"https:\/\/desireonline.shop\/wp-content\/uploads\/2026\/01\/CN-841676455_00.jpg","width":1200,"height":1044},{"@type":"BreadcrumbList","@id":"https:\/\/desireonline.shop\/vi\/san-pham\/69-ecstasy-cuttlefish-vong-deo-duong-vat-rung\/#breadcrumb","itemListElement":[{"@type":"ListItem","position":1,"name":"Home","item":"https:\/\/desireonline.shop\/vi\/trang-chu\/?lang=vi"},{"@type":"ListItem","position":2,"name":"T\u1ea5t c\u1ea3 s\u1ea3n ph\u1ea9m","item":"https:\/\/desireonline.shop\/cua-hang\/?lang=vi"},{"@type":"ListItem","position":3,"name":"69 Ecstasy Cuttlefish V\u00f2ng \u0111eo d\u01b0\u01a1ng v\u1eadt rung"}]},{"@type":"WebSite","@id":"https:\/\/desireonline.shop\/vi\/#website","url":"https:\/\/desireonline.shop\/vi\/","name":"Desire","description":"Sexual Wellness Platform","publisher":{"@id":"https:\/\/desireonline.shop\/vi\/#organization"},"potentialAction":[{"@type":"SearchAction","target":{"@type":"EntryPoint","urlTemplate":"https:\/\/desireonline.shop\/vi\/?s={search_term_string}"},"query-input":{"@type":"PropertyValueSpecification","valueRequired":true,"valueName":"search_term_string"}}],"inLanguage":"vi"},{"@type":"Organization","@id":"https:\/\/desireonline.shop\/vi\/#organization","name":"Desire","url":"https:\/\/desireonline.shop\/vi\/","logo":{"@type":"ImageObject","inLanguage":"vi","@id":"https:\/\/desireonline.shop\/vi\/#\/schema\/logo\/image\/","url":"https:\/\/desireonline.shop\/wp-content\/uploads\/2024\/06\/Logo-Thick-Font-1.webp","contentUrl":"https:\/\/desireonline.shop\/wp-content\/uploads\/2024\/06\/Logo-Thick-Font-1.webp","width":268,"height":399,"caption":"Desire"},"image":{"@id":"https:\/\/desireonline.shop\/vi\/#\/schema\/logo\/image\/"}}]}},"_links":{"self":[{"href":"https:\/\/desireonline.shop\/vi\/wp-json\/wp\/v2\/product\/68724","targetHints":{"allow":["GET"]}}],"collection":[{"href":"https:\/\/desireonline.shop\/vi\/wp-json\/wp\/v2\/product"}],"about":[{"href":"https:\/\/desireonline.shop\/vi\/wp-json\/wp\/v2\/types\/product"}],"replies":[{"embeddable":true,"href":"https:\/\/desireonline.shop\/vi\/wp-json\/wp\/v2\/comments?post=68724"}],"version-history":[{"count":0,"href":"https:\/\/desireonline.shop\/vi\/wp-json\/wp\/v2\/product\/68724\/revisions"}],"wp:featuredmedia":[{"embeddable":true,"href":"https:\/\/desireonline.shop\/vi\/wp-json\/wp\/v2\/media\/60407"}],"wp:attachment":[{"href":"https:\/\/desireonline.shop\/vi\/wp-json\/wp\/v2\/media?parent=68724"}],"wp:term":[{"taxonomy":"product_brand","embeddable":true,"href":"https:\/\/desireonline.shop\/vi\/wp-json\/wp\/v2\/product_brand?post=68724"},{"taxonomy":"product_cat","embeddable":true,"href":"https:\/\/desireonline.shop\/vi\/wp-json\/wp\/v2\/product_cat?post=68724"},{"taxonomy":"product_tag","embeddable":true,"href":"https:\/\/desireonline.shop\/vi\/wp-json\/wp\/v2\/product_tag?post=68724"}],"curies":[{"name":"wp","href":"https:\/\/api.w.org\/{rel}","templated":true}]}}