{"id":68738,"date":"2026-01-30T12:07:00","date_gmt":"2026-01-30T12:07:00","guid":{"rendered":"https:\/\/desireonline.shop\/product\/69-ecstasy-cutie-duong-vat-gia-rung-chan-thuc\/"},"modified":"2026-01-30T12:07:00","modified_gmt":"2026-01-30T12:07:00","slug":"69-ecstasy-cutie-duong-vat-gia-rung-chan-thuc","status":"publish","type":"product","link":"https:\/\/desireonline.shop\/vi\/san-pham\/69-ecstasy-cutie-duong-vat-gia-rung-chan-thuc\/","title":{"rendered":"69 Ecstasy Cutie D\u01b0\u01a1ng v\u1eadt gi\u1ea3 rung ch\u00e2n th\u1ef1c"},"content":{"rendered":"<p>\u0110\u01b0\u1ee3c thi\u1ebft k\u1ebf \u0111\u1ec3 mang l\u1ea1i c\u1ea3m gi\u00e1c ch\u00e2n th\u1ef1c nh\u01b0 v\u1ebb ngo\u00e0i c\u1ee7a n\u00f3, d\u01b0\u01a1ng v\u1eadt gi\u1ea3 rung n\u00e0y c\u00f3 h\u00ecnh d\u00e1ng m\u01b0\u1ee3t m\u00e0, s\u1ed1ng \u0111\u1ed9ng, mang l\u1ea1i kho\u00e1i c\u1ea3m t\u1eadp trung v\u00e0 th\u1ecfa m\u00e3n. Thi\u1ebft k\u1ebf li\u1ec1n m\u1ea1ch gi\u00fap t\u0103ng s\u1ef1 tho\u1ea3i m\u00e1i \u0111\u1ed3ng th\u1eddi t\u1ea1o c\u1ea3m gi\u00e1c t\u1ef1 nhi\u00ean v\u00e0 cu\u1ed1n h\u00fat h\u01a1n khi s\u1eed d\u1ee5ng.<\/p>\n<p>V\u1edbi 10 ch\u1ebf \u0111\u1ed9 rung \u0111\u1ec3 kh\u00e1m ph\u00e1, s\u1ea3n ph\u1ea9m cho ph\u00e9p b\u1ea1n d\u1ec5 d\u00e0ng chuy\u1ec3n \u0111\u1ed5i gi\u1eefa nh\u1eefng k\u00edch th\u00edch nh\u1eb9 nh\u00e0ng v\u00e0 nh\u1eefng c\u1ea3m gi\u00e1c s\u00e2u h\u01a1n, m\u1ea1nh m\u1ebd h\u01a1n. M\u1ed9t l\u1ef1a ch\u1ecdn linh ho\u1ea1t v\u00e0 \u0111\u00e1ng tin c\u1eady, ho\u00e0n h\u1ea3o cho vi\u1ec7c t\u1eadn h\u01b0\u1edfng m\u1ed9t m\u00ecnh ho\u1eb7c kh\u00e1m ph\u00e1 th\u01b0 gi\u00e3n theo nh\u1ecbp \u0111\u1ed9 c\u1ee7a ri\u00eang b\u1ea1n.<\/p>\n","protected":false},"excerpt":{"rendered":"<p>\u0110\u01b0\u1ee3c thi\u1ebft k\u1ebf \u0111\u1ec3 mang l\u1ea1i c\u1ea3m gi\u00e1c ch\u00e2n th\u1ef1c nh\u01b0 v\u1ebb ngo\u00e0i c\u1ee7a n\u00f3, d\u01b0\u01a1ng v\u1eadt gi\u1ea3 rung n\u00e0y c\u00f3 h\u00ecnh d\u00e1ng m\u01b0\u1ee3t m\u00e0, s\u1ed1ng \u0111\u1ed9ng, mang l\u1ea1i kho\u00e1i&hellip;<\/p>\n","protected":false},"featured_media":60421,"comment_status":"open","ping_status":"closed","template":"","meta":{"_acf_changed":false},"product_brand":[],"product_cat":[1341,1429,1425],"product_tag":[1660,1678,1670,1659,1671],"class_list":{"0":"post-68738","1":"product","2":"type-product","3":"status-publish","4":"has-post-thumbnail","6":"product_cat-for-men","7":"product_cat-duong-vat-gia-co-rung","8":"product_cat-duong-vat-gia-thuc-te","9":"product_tag-an-toan-cho-co-the","10":"product_tag-cam-giac-chan-thuc","11":"product_tag-danh-cho-phu-nu","12":"product_tag-kich-thich-ben-trong","13":"product_tag-rung","15":"first","16":"instock","17":"shipping-taxable","18":"purchasable","19":"product-type-simple"},"acf":[],"yoast_head":"<!-- This site is optimized with the Yoast SEO plugin v27.1.1 - https:\/\/yoast.com\/product\/yoast-seo-wordpress\/ -->\n<title>69 Ecstasy Cutie D\u01b0\u01a1ng v\u1eadt gi\u1ea3 rung ch\u00e2n th\u1ef1c - Desire<\/title>\n<meta name=\"robots\" content=\"index, follow, max-snippet:-1, max-image-preview:large, max-video-preview:-1\" \/>\n<link rel=\"canonical\" href=\"https:\/\/desireonline.shop\/vi\/san-pham\/69-ecstasy-cutie-duong-vat-gia-rung-chan-thuc\/\" \/>\n<meta property=\"og:locale\" content=\"vi_VN\" \/>\n<meta property=\"og:type\" content=\"article\" \/>\n<meta property=\"og:title\" content=\"69 Ecstasy Cutie D\u01b0\u01a1ng v\u1eadt gi\u1ea3 rung ch\u00e2n th\u1ef1c - Desire\" \/>\n<meta property=\"og:description\" content=\"\u0110\u01b0\u1ee3c thi\u1ebft k\u1ebf \u0111\u1ec3 mang l\u1ea1i c\u1ea3m gi\u00e1c ch\u00e2n th\u1ef1c nh\u01b0 v\u1ebb ngo\u00e0i c\u1ee7a n\u00f3, d\u01b0\u01a1ng v\u1eadt gi\u1ea3 rung n\u00e0y c\u00f3 h\u00ecnh d\u00e1ng m\u01b0\u1ee3t m\u00e0, s\u1ed1ng \u0111\u1ed9ng, mang l\u1ea1i kho\u00e1i&hellip;\" \/>\n<meta property=\"og:url\" content=\"https:\/\/desireonline.shop\/vi\/san-pham\/69-ecstasy-cutie-duong-vat-gia-rung-chan-thuc\/\" \/>\n<meta property=\"og:site_name\" content=\"Desire\" \/>\n<meta property=\"og:image\" content=\"https:\/\/desireonline.shop\/wp-content\/uploads\/2026\/01\/CN-611874307_00.jpg\" \/>\n\t<meta property=\"og:image:width\" content=\"1200\" \/>\n\t<meta property=\"og:image:height\" content=\"1044\" \/>\n\t<meta property=\"og:image:type\" content=\"image\/jpeg\" \/>\n<meta name=\"twitter:card\" content=\"summary_large_image\" \/>\n<meta name=\"twitter:label1\" content=\"\u01af\u1edbc t\u00ednh th\u1eddi gian \u0111\u1ecdc\" \/>\n\t<meta name=\"twitter:data1\" content=\"1 ph\u00fat\" \/>\n<script type=\"application\/ld+json\" class=\"yoast-schema-graph\">{\"@context\":\"https:\/\/schema.org\",\"@graph\":[{\"@type\":\"WebPage\",\"@id\":\"https:\/\/desireonline.shop\/vi\/san-pham\/69-ecstasy-cutie-duong-vat-gia-rung-chan-thuc\/\",\"url\":\"https:\/\/desireonline.shop\/vi\/san-pham\/69-ecstasy-cutie-duong-vat-gia-rung-chan-thuc\/\",\"name\":\"69 Ecstasy Cutie D\u01b0\u01a1ng v\u1eadt gi\u1ea3 rung ch\u00e2n th\u1ef1c - Desire\",\"isPartOf\":{\"@id\":\"https:\/\/desireonline.shop\/vi\/#website\"},\"primaryImageOfPage\":{\"@id\":\"https:\/\/desireonline.shop\/vi\/san-pham\/69-ecstasy-cutie-duong-vat-gia-rung-chan-thuc\/#primaryimage\"},\"image\":{\"@id\":\"https:\/\/desireonline.shop\/vi\/san-pham\/69-ecstasy-cutie-duong-vat-gia-rung-chan-thuc\/#primaryimage\"},\"thumbnailUrl\":\"https:\/\/desireonline.shop\/wp-content\/uploads\/2026\/01\/CN-611874307_00.jpg\",\"datePublished\":\"2026-01-30T12:07:00+00:00\",\"breadcrumb\":{\"@id\":\"https:\/\/desireonline.shop\/vi\/san-pham\/69-ecstasy-cutie-duong-vat-gia-rung-chan-thuc\/#breadcrumb\"},\"inLanguage\":\"vi\",\"potentialAction\":[{\"@type\":\"ReadAction\",\"target\":[\"https:\/\/desireonline.shop\/vi\/san-pham\/69-ecstasy-cutie-duong-vat-gia-rung-chan-thuc\/\"]}]},{\"@type\":\"ImageObject\",\"inLanguage\":\"vi\",\"@id\":\"https:\/\/desireonline.shop\/vi\/san-pham\/69-ecstasy-cutie-duong-vat-gia-rung-chan-thuc\/#primaryimage\",\"url\":\"https:\/\/desireonline.shop\/wp-content\/uploads\/2026\/01\/CN-611874307_00.jpg\",\"contentUrl\":\"https:\/\/desireonline.shop\/wp-content\/uploads\/2026\/01\/CN-611874307_00.jpg\",\"width\":1200,\"height\":1044},{\"@type\":\"BreadcrumbList\",\"@id\":\"https:\/\/desireonline.shop\/vi\/san-pham\/69-ecstasy-cutie-duong-vat-gia-rung-chan-thuc\/#breadcrumb\",\"itemListElement\":[{\"@type\":\"ListItem\",\"position\":1,\"name\":\"Home\",\"item\":\"https:\/\/desireonline.shop\/vi\/trang-chu\/?lang=vi\"},{\"@type\":\"ListItem\",\"position\":2,\"name\":\"T\u1ea5t c\u1ea3 s\u1ea3n ph\u1ea9m\",\"item\":\"https:\/\/desireonline.shop\/cua-hang\/?lang=vi\"},{\"@type\":\"ListItem\",\"position\":3,\"name\":\"69 Ecstasy Cutie D\u01b0\u01a1ng v\u1eadt gi\u1ea3 rung ch\u00e2n th\u1ef1c\"}]},{\"@type\":\"WebSite\",\"@id\":\"https:\/\/desireonline.shop\/vi\/#website\",\"url\":\"https:\/\/desireonline.shop\/vi\/\",\"name\":\"Desire\",\"description\":\"Sexual Wellness Platform\",\"publisher\":{\"@id\":\"https:\/\/desireonline.shop\/vi\/#organization\"},\"potentialAction\":[{\"@type\":\"SearchAction\",\"target\":{\"@type\":\"EntryPoint\",\"urlTemplate\":\"https:\/\/desireonline.shop\/vi\/?s={search_term_string}\"},\"query-input\":{\"@type\":\"PropertyValueSpecification\",\"valueRequired\":true,\"valueName\":\"search_term_string\"}}],\"inLanguage\":\"vi\"},{\"@type\":\"Organization\",\"@id\":\"https:\/\/desireonline.shop\/vi\/#organization\",\"name\":\"Desire\",\"url\":\"https:\/\/desireonline.shop\/vi\/\",\"logo\":{\"@type\":\"ImageObject\",\"inLanguage\":\"vi\",\"@id\":\"https:\/\/desireonline.shop\/vi\/#\/schema\/logo\/image\/\",\"url\":\"https:\/\/desireonline.shop\/wp-content\/uploads\/2024\/06\/Logo-Thick-Font-1.webp\",\"contentUrl\":\"https:\/\/desireonline.shop\/wp-content\/uploads\/2024\/06\/Logo-Thick-Font-1.webp\",\"width\":268,\"height\":399,\"caption\":\"Desire\"},\"image\":{\"@id\":\"https:\/\/desireonline.shop\/vi\/#\/schema\/logo\/image\/\"}}]}<\/script>\n<!-- \/ Yoast SEO plugin. -->","yoast_head_json":{"title":"69 Ecstasy Cutie D\u01b0\u01a1ng v\u1eadt gi\u1ea3 rung ch\u00e2n th\u1ef1c - Desire","robots":{"index":"index","follow":"follow","max-snippet":"max-snippet:-1","max-image-preview":"max-image-preview:large","max-video-preview":"max-video-preview:-1"},"canonical":"https:\/\/desireonline.shop\/vi\/san-pham\/69-ecstasy-cutie-duong-vat-gia-rung-chan-thuc\/","og_locale":"vi_VN","og_type":"article","og_title":"69 Ecstasy Cutie D\u01b0\u01a1ng v\u1eadt gi\u1ea3 rung ch\u00e2n th\u1ef1c - Desire","og_description":"\u0110\u01b0\u1ee3c thi\u1ebft k\u1ebf \u0111\u1ec3 mang l\u1ea1i c\u1ea3m gi\u00e1c ch\u00e2n th\u1ef1c nh\u01b0 v\u1ebb ngo\u00e0i c\u1ee7a n\u00f3, d\u01b0\u01a1ng v\u1eadt gi\u1ea3 rung n\u00e0y c\u00f3 h\u00ecnh d\u00e1ng m\u01b0\u1ee3t m\u00e0, s\u1ed1ng \u0111\u1ed9ng, mang l\u1ea1i kho\u00e1i&hellip;","og_url":"https:\/\/desireonline.shop\/vi\/san-pham\/69-ecstasy-cutie-duong-vat-gia-rung-chan-thuc\/","og_site_name":"Desire","og_image":[{"width":1200,"height":1044,"url":"https:\/\/desireonline.shop\/wp-content\/uploads\/2026\/01\/CN-611874307_00.jpg","type":"image\/jpeg"}],"twitter_card":"summary_large_image","twitter_misc":{"\u01af\u1edbc t\u00ednh th\u1eddi gian \u0111\u1ecdc":"1 ph\u00fat"},"schema":{"@context":"https:\/\/schema.org","@graph":[{"@type":"WebPage","@id":"https:\/\/desireonline.shop\/vi\/san-pham\/69-ecstasy-cutie-duong-vat-gia-rung-chan-thuc\/","url":"https:\/\/desireonline.shop\/vi\/san-pham\/69-ecstasy-cutie-duong-vat-gia-rung-chan-thuc\/","name":"69 Ecstasy Cutie D\u01b0\u01a1ng v\u1eadt gi\u1ea3 rung ch\u00e2n th\u1ef1c - Desire","isPartOf":{"@id":"https:\/\/desireonline.shop\/vi\/#website"},"primaryImageOfPage":{"@id":"https:\/\/desireonline.shop\/vi\/san-pham\/69-ecstasy-cutie-duong-vat-gia-rung-chan-thuc\/#primaryimage"},"image":{"@id":"https:\/\/desireonline.shop\/vi\/san-pham\/69-ecstasy-cutie-duong-vat-gia-rung-chan-thuc\/#primaryimage"},"thumbnailUrl":"https:\/\/desireonline.shop\/wp-content\/uploads\/2026\/01\/CN-611874307_00.jpg","datePublished":"2026-01-30T12:07:00+00:00","breadcrumb":{"@id":"https:\/\/desireonline.shop\/vi\/san-pham\/69-ecstasy-cutie-duong-vat-gia-rung-chan-thuc\/#breadcrumb"},"inLanguage":"vi","potentialAction":[{"@type":"ReadAction","target":["https:\/\/desireonline.shop\/vi\/san-pham\/69-ecstasy-cutie-duong-vat-gia-rung-chan-thuc\/"]}]},{"@type":"ImageObject","inLanguage":"vi","@id":"https:\/\/desireonline.shop\/vi\/san-pham\/69-ecstasy-cutie-duong-vat-gia-rung-chan-thuc\/#primaryimage","url":"https:\/\/desireonline.shop\/wp-content\/uploads\/2026\/01\/CN-611874307_00.jpg","contentUrl":"https:\/\/desireonline.shop\/wp-content\/uploads\/2026\/01\/CN-611874307_00.jpg","width":1200,"height":1044},{"@type":"BreadcrumbList","@id":"https:\/\/desireonline.shop\/vi\/san-pham\/69-ecstasy-cutie-duong-vat-gia-rung-chan-thuc\/#breadcrumb","itemListElement":[{"@type":"ListItem","position":1,"name":"Home","item":"https:\/\/desireonline.shop\/vi\/trang-chu\/?lang=vi"},{"@type":"ListItem","position":2,"name":"T\u1ea5t c\u1ea3 s\u1ea3n ph\u1ea9m","item":"https:\/\/desireonline.shop\/cua-hang\/?lang=vi"},{"@type":"ListItem","position":3,"name":"69 Ecstasy Cutie D\u01b0\u01a1ng v\u1eadt gi\u1ea3 rung ch\u00e2n th\u1ef1c"}]},{"@type":"WebSite","@id":"https:\/\/desireonline.shop\/vi\/#website","url":"https:\/\/desireonline.shop\/vi\/","name":"Desire","description":"Sexual Wellness Platform","publisher":{"@id":"https:\/\/desireonline.shop\/vi\/#organization"},"potentialAction":[{"@type":"SearchAction","target":{"@type":"EntryPoint","urlTemplate":"https:\/\/desireonline.shop\/vi\/?s={search_term_string}"},"query-input":{"@type":"PropertyValueSpecification","valueRequired":true,"valueName":"search_term_string"}}],"inLanguage":"vi"},{"@type":"Organization","@id":"https:\/\/desireonline.shop\/vi\/#organization","name":"Desire","url":"https:\/\/desireonline.shop\/vi\/","logo":{"@type":"ImageObject","inLanguage":"vi","@id":"https:\/\/desireonline.shop\/vi\/#\/schema\/logo\/image\/","url":"https:\/\/desireonline.shop\/wp-content\/uploads\/2024\/06\/Logo-Thick-Font-1.webp","contentUrl":"https:\/\/desireonline.shop\/wp-content\/uploads\/2024\/06\/Logo-Thick-Font-1.webp","width":268,"height":399,"caption":"Desire"},"image":{"@id":"https:\/\/desireonline.shop\/vi\/#\/schema\/logo\/image\/"}}]}},"_links":{"self":[{"href":"https:\/\/desireonline.shop\/vi\/wp-json\/wp\/v2\/product\/68738","targetHints":{"allow":["GET"]}}],"collection":[{"href":"https:\/\/desireonline.shop\/vi\/wp-json\/wp\/v2\/product"}],"about":[{"href":"https:\/\/desireonline.shop\/vi\/wp-json\/wp\/v2\/types\/product"}],"replies":[{"embeddable":true,"href":"https:\/\/desireonline.shop\/vi\/wp-json\/wp\/v2\/comments?post=68738"}],"version-history":[{"count":0,"href":"https:\/\/desireonline.shop\/vi\/wp-json\/wp\/v2\/product\/68738\/revisions"}],"wp:featuredmedia":[{"embeddable":true,"href":"https:\/\/desireonline.shop\/vi\/wp-json\/wp\/v2\/media\/60421"}],"wp:attachment":[{"href":"https:\/\/desireonline.shop\/vi\/wp-json\/wp\/v2\/media?parent=68738"}],"wp:term":[{"taxonomy":"product_brand","embeddable":true,"href":"https:\/\/desireonline.shop\/vi\/wp-json\/wp\/v2\/product_brand?post=68738"},{"taxonomy":"product_cat","embeddable":true,"href":"https:\/\/desireonline.shop\/vi\/wp-json\/wp\/v2\/product_cat?post=68738"},{"taxonomy":"product_tag","embeddable":true,"href":"https:\/\/desireonline.shop\/vi\/wp-json\/wp\/v2\/product_tag?post=68738"}],"curies":[{"name":"wp","href":"https:\/\/api.w.org\/{rel}","templated":true}]}}