{"id":68752,"date":"2026-01-30T12:12:00","date_gmt":"2026-01-30T12:12:00","guid":{"rendered":"https:\/\/desireonline.shop\/product\/69-ecstasy-licker-strap-on-may-kich-thich-am-vat-liem\/"},"modified":"2026-01-30T12:12:00","modified_gmt":"2026-01-30T12:12:00","slug":"69-ecstasy-licker-strap-on-may-kich-thich-am-vat-liem","status":"publish","type":"product","link":"https:\/\/desireonline.shop\/vi\/san-pham\/69-ecstasy-licker-strap-on-may-kich-thich-am-vat-liem\/","title":{"rendered":"69 Ecstasy Licker Strap-on M\u00e1y k\u00edch th\u00edch \u00e2m v\u1eadt li\u1ebfm"},"content":{"rendered":"<p>\u0110\u01b0\u1ee3c thi\u1ebft k\u1ebf \u0111\u1ec3 tr\u00eau \u0111\u00f9a v\u00e0 mang l\u1ea1i kho\u00e1i c\u1ea3m, m\u00e1y k\u00edch th\u00edch \u00e2m v\u1eadt \u0111eo n\u00e0y s\u1eed d\u1ee5ng chuy\u1ec3n \u0111\u1ed9ng li\u1ebfm nh\u1ecbp nh\u00e0ng \u0111\u1ec3 t\u1ea1o ra c\u1ea3m gi\u00e1c k\u00edch th\u00edch \u0111\u1ed9c \u0111\u00e1o. V\u1edbi 10 ch\u1ebf \u0111\u1ed9 li\u1ebfm \u0111\u1ec3 kh\u00e1m ph\u00e1, s\u1ea3n ph\u1ea9m mang \u0111\u1ebfn nhi\u1ec1u l\u1ef1a ch\u1ecdn t\u1eeb chuy\u1ec3n \u0111\u1ed9ng ch\u1eadm r\u00e3i, quy\u1ebfn r\u0169 \u0111\u1ebfn nh\u1eefng nh\u1ecbp \u0111i\u1ec7u vui t\u01b0\u01a1i v\u00e0 n\u0103ng \u0111\u1ed9ng h\u01a1n.<\/p>\n<p>Thi\u1ebft k\u1ebf \u0111eo cho ph\u00e9p t\u1eadn h\u01b0\u1edfng r\u1ea3nh tay, l\u00fd t\u01b0\u1edfng \u0111\u1ec3 x\u00e2y d\u1ef1ng s\u1ef1 mong \u0111\u1ee3i v\u00e0 th\u00eam h\u1ee9ng kh\u1edfi cho nh\u1eefng kho\u1ea3nh kh\u1eafc c\u00f9ng b\u1ea1n t\u00ecnh. Ho\u00e0n thi\u1ec7n v\u1edbi s\u1ea1c t\u1eeb t\u00ednh \u0111\u1ec3 t\u0103ng th\u00eam s\u1ef1 ti\u1ec7n l\u1ee3i, \u0111\u00e2y l\u00e0 l\u1ef1a ch\u1ecdn th\u00fa v\u1ecb cho nh\u1eefng ai mu\u1ed1n kh\u00e1m ph\u00e1 \u0111i\u1ec1u g\u00ec \u0111\u00f3 h\u01a1i kh\u00e1c bi\u1ec7t.<\/p>\n","protected":false},"excerpt":{"rendered":"<p>\u0110\u01b0\u1ee3c thi\u1ebft k\u1ebf \u0111\u1ec3 tr\u00eau \u0111\u00f9a v\u00e0 mang l\u1ea1i kho\u00e1i c\u1ea3m, m\u00e1y k\u00edch th\u00edch \u00e2m v\u1eadt \u0111eo n\u00e0y s\u1eed d\u1ee5ng chuy\u1ec3n \u0111\u1ed9ng li\u1ebfm nh\u1ecbp nh\u00e0ng \u0111\u1ec3 t\u1ea1o ra c\u1ea3m gi\u00e1c&hellip;<\/p>\n","protected":false},"featured_media":60435,"comment_status":"open","ping_status":"closed","template":"","meta":{"_acf_changed":false},"product_brand":[],"product_cat":[1433,1391],"product_tag":[1660,1839,1665,1695,1684],"class_list":{"0":"post-68752","1":"product","2":"type-product","3":"status-publish","4":"has-post-thumbnail","6":"product_cat-may-rung-dieu-khien-tu-xa","7":"product_cat-may-rung-hut-liem-am-vat","8":"product_tag-an-toan-cho-co-the","9":"product_tag-chuyen-dong-liem","10":"product_tag-danh-cho-cap-doi","11":"product_tag-khoai-cam-se-chia","12":"product_tag-kich-thich-am-vat","14":"first","15":"instock","16":"shipping-taxable","17":"purchasable","18":"product-type-simple"},"acf":[],"yoast_head":"<!-- This site is optimized with the Yoast SEO plugin v27.1.1 - https:\/\/yoast.com\/product\/yoast-seo-wordpress\/ -->\n<title>69 Ecstasy Licker Strap-on M\u00e1y k\u00edch th\u00edch \u00e2m v\u1eadt li\u1ebfm - Desire<\/title>\n<meta name=\"robots\" content=\"index, follow, max-snippet:-1, max-image-preview:large, max-video-preview:-1\" \/>\n<link rel=\"canonical\" href=\"https:\/\/desireonline.shop\/vi\/san-pham\/69-ecstasy-licker-strap-on-may-kich-thich-am-vat-liem\/\" \/>\n<meta property=\"og:locale\" content=\"vi_VN\" \/>\n<meta property=\"og:type\" content=\"article\" \/>\n<meta property=\"og:title\" content=\"69 Ecstasy Licker Strap-on M\u00e1y k\u00edch th\u00edch \u00e2m v\u1eadt li\u1ebfm - Desire\" \/>\n<meta property=\"og:description\" content=\"\u0110\u01b0\u1ee3c thi\u1ebft k\u1ebf \u0111\u1ec3 tr\u00eau \u0111\u00f9a v\u00e0 mang l\u1ea1i kho\u00e1i c\u1ea3m, m\u00e1y k\u00edch th\u00edch \u00e2m v\u1eadt \u0111eo n\u00e0y s\u1eed d\u1ee5ng chuy\u1ec3n \u0111\u1ed9ng li\u1ebfm nh\u1ecbp nh\u00e0ng \u0111\u1ec3 t\u1ea1o ra c\u1ea3m gi\u00e1c&hellip;\" \/>\n<meta property=\"og:url\" content=\"https:\/\/desireonline.shop\/vi\/san-pham\/69-ecstasy-licker-strap-on-may-kich-thich-am-vat-liem\/\" \/>\n<meta property=\"og:site_name\" content=\"Desire\" \/>\n<meta property=\"og:image\" content=\"https:\/\/desireonline.shop\/wp-content\/uploads\/2026\/01\/CN-987865155_00.jpg\" \/>\n\t<meta property=\"og:image:width\" content=\"1200\" \/>\n\t<meta property=\"og:image:height\" content=\"1044\" \/>\n\t<meta property=\"og:image:type\" content=\"image\/jpeg\" \/>\n<meta name=\"twitter:card\" content=\"summary_large_image\" \/>\n<meta name=\"twitter:label1\" content=\"\u01af\u1edbc t\u00ednh th\u1eddi gian \u0111\u1ecdc\" \/>\n\t<meta name=\"twitter:data1\" content=\"1 ph\u00fat\" \/>\n<script type=\"application\/ld+json\" class=\"yoast-schema-graph\">{\"@context\":\"https:\/\/schema.org\",\"@graph\":[{\"@type\":\"WebPage\",\"@id\":\"https:\/\/desireonline.shop\/vi\/san-pham\/69-ecstasy-licker-strap-on-may-kich-thich-am-vat-liem\/\",\"url\":\"https:\/\/desireonline.shop\/vi\/san-pham\/69-ecstasy-licker-strap-on-may-kich-thich-am-vat-liem\/\",\"name\":\"69 Ecstasy Licker Strap-on M\u00e1y k\u00edch th\u00edch \u00e2m v\u1eadt li\u1ebfm - Desire\",\"isPartOf\":{\"@id\":\"https:\/\/desireonline.shop\/vi\/#website\"},\"primaryImageOfPage\":{\"@id\":\"https:\/\/desireonline.shop\/vi\/san-pham\/69-ecstasy-licker-strap-on-may-kich-thich-am-vat-liem\/#primaryimage\"},\"image\":{\"@id\":\"https:\/\/desireonline.shop\/vi\/san-pham\/69-ecstasy-licker-strap-on-may-kich-thich-am-vat-liem\/#primaryimage\"},\"thumbnailUrl\":\"https:\/\/desireonline.shop\/wp-content\/uploads\/2026\/01\/CN-987865155_00.jpg\",\"datePublished\":\"2026-01-30T12:12:00+00:00\",\"breadcrumb\":{\"@id\":\"https:\/\/desireonline.shop\/vi\/san-pham\/69-ecstasy-licker-strap-on-may-kich-thich-am-vat-liem\/#breadcrumb\"},\"inLanguage\":\"vi\",\"potentialAction\":[{\"@type\":\"ReadAction\",\"target\":[\"https:\/\/desireonline.shop\/vi\/san-pham\/69-ecstasy-licker-strap-on-may-kich-thich-am-vat-liem\/\"]}]},{\"@type\":\"ImageObject\",\"inLanguage\":\"vi\",\"@id\":\"https:\/\/desireonline.shop\/vi\/san-pham\/69-ecstasy-licker-strap-on-may-kich-thich-am-vat-liem\/#primaryimage\",\"url\":\"https:\/\/desireonline.shop\/wp-content\/uploads\/2026\/01\/CN-987865155_00.jpg\",\"contentUrl\":\"https:\/\/desireonline.shop\/wp-content\/uploads\/2026\/01\/CN-987865155_00.jpg\",\"width\":1200,\"height\":1044},{\"@type\":\"BreadcrumbList\",\"@id\":\"https:\/\/desireonline.shop\/vi\/san-pham\/69-ecstasy-licker-strap-on-may-kich-thich-am-vat-liem\/#breadcrumb\",\"itemListElement\":[{\"@type\":\"ListItem\",\"position\":1,\"name\":\"Home\",\"item\":\"https:\/\/desireonline.shop\/vi\/trang-chu\/?lang=vi\"},{\"@type\":\"ListItem\",\"position\":2,\"name\":\"T\u1ea5t c\u1ea3 s\u1ea3n ph\u1ea9m\",\"item\":\"https:\/\/desireonline.shop\/cua-hang\/?lang=vi\"},{\"@type\":\"ListItem\",\"position\":3,\"name\":\"69 Ecstasy Licker Strap-on M\u00e1y k\u00edch th\u00edch \u00e2m v\u1eadt li\u1ebfm\"}]},{\"@type\":\"WebSite\",\"@id\":\"https:\/\/desireonline.shop\/vi\/#website\",\"url\":\"https:\/\/desireonline.shop\/vi\/\",\"name\":\"Desire\",\"description\":\"Sexual Wellness Platform\",\"publisher\":{\"@id\":\"https:\/\/desireonline.shop\/vi\/#organization\"},\"potentialAction\":[{\"@type\":\"SearchAction\",\"target\":{\"@type\":\"EntryPoint\",\"urlTemplate\":\"https:\/\/desireonline.shop\/vi\/?s={search_term_string}\"},\"query-input\":{\"@type\":\"PropertyValueSpecification\",\"valueRequired\":true,\"valueName\":\"search_term_string\"}}],\"inLanguage\":\"vi\"},{\"@type\":\"Organization\",\"@id\":\"https:\/\/desireonline.shop\/vi\/#organization\",\"name\":\"Desire\",\"url\":\"https:\/\/desireonline.shop\/vi\/\",\"logo\":{\"@type\":\"ImageObject\",\"inLanguage\":\"vi\",\"@id\":\"https:\/\/desireonline.shop\/vi\/#\/schema\/logo\/image\/\",\"url\":\"https:\/\/desireonline.shop\/wp-content\/uploads\/2024\/06\/Logo-Thick-Font-1.webp\",\"contentUrl\":\"https:\/\/desireonline.shop\/wp-content\/uploads\/2024\/06\/Logo-Thick-Font-1.webp\",\"width\":268,\"height\":399,\"caption\":\"Desire\"},\"image\":{\"@id\":\"https:\/\/desireonline.shop\/vi\/#\/schema\/logo\/image\/\"}}]}<\/script>\n<!-- \/ Yoast SEO plugin. -->","yoast_head_json":{"title":"69 Ecstasy Licker Strap-on M\u00e1y k\u00edch th\u00edch \u00e2m v\u1eadt li\u1ebfm - Desire","robots":{"index":"index","follow":"follow","max-snippet":"max-snippet:-1","max-image-preview":"max-image-preview:large","max-video-preview":"max-video-preview:-1"},"canonical":"https:\/\/desireonline.shop\/vi\/san-pham\/69-ecstasy-licker-strap-on-may-kich-thich-am-vat-liem\/","og_locale":"vi_VN","og_type":"article","og_title":"69 Ecstasy Licker Strap-on M\u00e1y k\u00edch th\u00edch \u00e2m v\u1eadt li\u1ebfm - Desire","og_description":"\u0110\u01b0\u1ee3c thi\u1ebft k\u1ebf \u0111\u1ec3 tr\u00eau \u0111\u00f9a v\u00e0 mang l\u1ea1i kho\u00e1i c\u1ea3m, m\u00e1y k\u00edch th\u00edch \u00e2m v\u1eadt \u0111eo n\u00e0y s\u1eed d\u1ee5ng chuy\u1ec3n \u0111\u1ed9ng li\u1ebfm nh\u1ecbp nh\u00e0ng \u0111\u1ec3 t\u1ea1o ra c\u1ea3m gi\u00e1c&hellip;","og_url":"https:\/\/desireonline.shop\/vi\/san-pham\/69-ecstasy-licker-strap-on-may-kich-thich-am-vat-liem\/","og_site_name":"Desire","og_image":[{"width":1200,"height":1044,"url":"https:\/\/desireonline.shop\/wp-content\/uploads\/2026\/01\/CN-987865155_00.jpg","type":"image\/jpeg"}],"twitter_card":"summary_large_image","twitter_misc":{"\u01af\u1edbc t\u00ednh th\u1eddi gian \u0111\u1ecdc":"1 ph\u00fat"},"schema":{"@context":"https:\/\/schema.org","@graph":[{"@type":"WebPage","@id":"https:\/\/desireonline.shop\/vi\/san-pham\/69-ecstasy-licker-strap-on-may-kich-thich-am-vat-liem\/","url":"https:\/\/desireonline.shop\/vi\/san-pham\/69-ecstasy-licker-strap-on-may-kich-thich-am-vat-liem\/","name":"69 Ecstasy Licker Strap-on M\u00e1y k\u00edch th\u00edch \u00e2m v\u1eadt li\u1ebfm - Desire","isPartOf":{"@id":"https:\/\/desireonline.shop\/vi\/#website"},"primaryImageOfPage":{"@id":"https:\/\/desireonline.shop\/vi\/san-pham\/69-ecstasy-licker-strap-on-may-kich-thich-am-vat-liem\/#primaryimage"},"image":{"@id":"https:\/\/desireonline.shop\/vi\/san-pham\/69-ecstasy-licker-strap-on-may-kich-thich-am-vat-liem\/#primaryimage"},"thumbnailUrl":"https:\/\/desireonline.shop\/wp-content\/uploads\/2026\/01\/CN-987865155_00.jpg","datePublished":"2026-01-30T12:12:00+00:00","breadcrumb":{"@id":"https:\/\/desireonline.shop\/vi\/san-pham\/69-ecstasy-licker-strap-on-may-kich-thich-am-vat-liem\/#breadcrumb"},"inLanguage":"vi","potentialAction":[{"@type":"ReadAction","target":["https:\/\/desireonline.shop\/vi\/san-pham\/69-ecstasy-licker-strap-on-may-kich-thich-am-vat-liem\/"]}]},{"@type":"ImageObject","inLanguage":"vi","@id":"https:\/\/desireonline.shop\/vi\/san-pham\/69-ecstasy-licker-strap-on-may-kich-thich-am-vat-liem\/#primaryimage","url":"https:\/\/desireonline.shop\/wp-content\/uploads\/2026\/01\/CN-987865155_00.jpg","contentUrl":"https:\/\/desireonline.shop\/wp-content\/uploads\/2026\/01\/CN-987865155_00.jpg","width":1200,"height":1044},{"@type":"BreadcrumbList","@id":"https:\/\/desireonline.shop\/vi\/san-pham\/69-ecstasy-licker-strap-on-may-kich-thich-am-vat-liem\/#breadcrumb","itemListElement":[{"@type":"ListItem","position":1,"name":"Home","item":"https:\/\/desireonline.shop\/vi\/trang-chu\/?lang=vi"},{"@type":"ListItem","position":2,"name":"T\u1ea5t c\u1ea3 s\u1ea3n ph\u1ea9m","item":"https:\/\/desireonline.shop\/cua-hang\/?lang=vi"},{"@type":"ListItem","position":3,"name":"69 Ecstasy Licker Strap-on M\u00e1y k\u00edch th\u00edch \u00e2m v\u1eadt li\u1ebfm"}]},{"@type":"WebSite","@id":"https:\/\/desireonline.shop\/vi\/#website","url":"https:\/\/desireonline.shop\/vi\/","name":"Desire","description":"Sexual Wellness Platform","publisher":{"@id":"https:\/\/desireonline.shop\/vi\/#organization"},"potentialAction":[{"@type":"SearchAction","target":{"@type":"EntryPoint","urlTemplate":"https:\/\/desireonline.shop\/vi\/?s={search_term_string}"},"query-input":{"@type":"PropertyValueSpecification","valueRequired":true,"valueName":"search_term_string"}}],"inLanguage":"vi"},{"@type":"Organization","@id":"https:\/\/desireonline.shop\/vi\/#organization","name":"Desire","url":"https:\/\/desireonline.shop\/vi\/","logo":{"@type":"ImageObject","inLanguage":"vi","@id":"https:\/\/desireonline.shop\/vi\/#\/schema\/logo\/image\/","url":"https:\/\/desireonline.shop\/wp-content\/uploads\/2024\/06\/Logo-Thick-Font-1.webp","contentUrl":"https:\/\/desireonline.shop\/wp-content\/uploads\/2024\/06\/Logo-Thick-Font-1.webp","width":268,"height":399,"caption":"Desire"},"image":{"@id":"https:\/\/desireonline.shop\/vi\/#\/schema\/logo\/image\/"}}]}},"_links":{"self":[{"href":"https:\/\/desireonline.shop\/vi\/wp-json\/wp\/v2\/product\/68752","targetHints":{"allow":["GET"]}}],"collection":[{"href":"https:\/\/desireonline.shop\/vi\/wp-json\/wp\/v2\/product"}],"about":[{"href":"https:\/\/desireonline.shop\/vi\/wp-json\/wp\/v2\/types\/product"}],"replies":[{"embeddable":true,"href":"https:\/\/desireonline.shop\/vi\/wp-json\/wp\/v2\/comments?post=68752"}],"version-history":[{"count":0,"href":"https:\/\/desireonline.shop\/vi\/wp-json\/wp\/v2\/product\/68752\/revisions"}],"wp:featuredmedia":[{"embeddable":true,"href":"https:\/\/desireonline.shop\/vi\/wp-json\/wp\/v2\/media\/60435"}],"wp:attachment":[{"href":"https:\/\/desireonline.shop\/vi\/wp-json\/wp\/v2\/media?parent=68752"}],"wp:term":[{"taxonomy":"product_brand","embeddable":true,"href":"https:\/\/desireonline.shop\/vi\/wp-json\/wp\/v2\/product_brand?post=68752"},{"taxonomy":"product_cat","embeddable":true,"href":"https:\/\/desireonline.shop\/vi\/wp-json\/wp\/v2\/product_cat?post=68752"},{"taxonomy":"product_tag","embeddable":true,"href":"https:\/\/desireonline.shop\/vi\/wp-json\/wp\/v2\/product_tag?post=68752"}],"curies":[{"name":"wp","href":"https:\/\/api.w.org\/{rel}","templated":true}]}}