{"id":68780,"date":"2026-01-30T12:20:00","date_gmt":"2026-01-30T12:20:00","guid":{"rendered":"https:\/\/desireonline.shop\/product\/69-ecstasy-earphone-shaped-may-kich-thich-am-vat\/"},"modified":"2026-01-30T12:20:00","modified_gmt":"2026-01-30T12:20:00","slug":"69-ecstasy-earphone-shaped-may-kich-thich-am-vat","status":"publish","type":"product","link":"https:\/\/desireonline.shop\/vi\/san-pham\/69-ecstasy-earphone-shaped-may-kich-thich-am-vat\/","title":{"rendered":"69 Ecstasy Earphone Shaped M\u00e1y k\u00edch th\u00edch \u00e2m v\u1eadt"},"content":{"rendered":"<p>\u0110\u01b0\u1ee3c thi\u1ebft k\u1ebf \u0111\u1ec3 mang l\u1ea1i s\u1ef1 vui nh\u1ed9n cho kho\u00e1i c\u1ea3m t\u1eadp trung, m\u00e1y k\u00edch th\u00edch \u00e2m v\u1eadt n\u00e0y c\u00f3 h\u00ecnh d\u00e1ng l\u1ea5y c\u1ea3m h\u1ee9ng t\u1eeb tai nghe, \u00f4m s\u00e1t c\u01a1 th\u1ec3 m\u1ed9t c\u00e1ch tho\u1ea3i m\u00e1i. Thi\u1ebft k\u1ebf nh\u1ecf g\u1ecdn v\u00e0 m\u01b0\u1ee3t m\u00e0 gi\u00fap d\u1ec5 d\u00e0ng t\u1eadn h\u01b0\u1edfng s\u1ef1 k\u00edch th\u00edch ch\u00ednh x\u00e1c \u1edf b\u1ea5t c\u1ee9 n\u01a1i n\u00e0o b\u1ea1n c\u1ea3m th\u1ea5y ph\u00f9 h\u1ee3p nh\u1ea5t.<\/p>\n<p>V\u1edbi 5 ch\u1ebf \u0111\u1ed9 rung \u0111\u1ec3 kh\u00e1m ph\u00e1, s\u1ea3n ph\u1ea9m mang \u0111\u1ebfn nhi\u1ec1u c\u1ea3m gi\u00e1c t\u1eeb nh\u1eefng k\u00edch th\u00edch nh\u1eb9 nh\u00e0ng \u0111\u1ebfn c\u00e1c nh\u1ecbp rung nh\u1ecbp nh\u00e0ng h\u01a1n, ho\u00e0n h\u1ea3o \u0111\u1ec3 thay \u0111\u1ed5i theo t\u00e2m tr\u1ea1ng c\u1ee7a b\u1ea1n. Ho\u00e0n thi\u1ec7n v\u1edbi s\u1ea1c t\u1eeb t\u00ednh \u0111\u1ec3 t\u0103ng th\u00eam s\u1ef1 ti\u1ec7n l\u1ee3i, \u0111\u00e2y l\u00e0 l\u1ef1a ch\u1ecdn th\u00fa v\u1ecb v\u00e0 linh ho\u1ea1t cho nh\u1eefng kho\u1ea3nh kh\u1eafc t\u1eadn h\u01b0\u1edfng m\u1ed9t m\u00ecnh ho\u1eb7c c\u00f9ng b\u1ea1n t\u00ecnh.<\/p>\n","protected":false},"excerpt":{"rendered":"<p>\u0110\u01b0\u1ee3c thi\u1ebft k\u1ebf \u0111\u1ec3 mang l\u1ea1i s\u1ef1 vui nh\u1ed9n cho kho\u00e1i c\u1ea3m t\u1eadp trung, m\u00e1y k\u00edch th\u00edch \u00e2m v\u1eadt n\u00e0y c\u00f3 h\u00ecnh d\u00e1ng l\u1ea5y c\u1ea3m h\u1ee9ng t\u1eeb tai nghe, \u00f4m&hellip;<\/p>\n","protected":false},"featured_media":60463,"comment_status":"open","ping_status":"closed","template":"","meta":{"_acf_changed":false},"product_brand":[],"product_cat":[1391],"product_tag":[1660,1670,1684,1717,1718],"class_list":{"0":"post-68780","1":"product","2":"type-product","3":"status-publish","4":"has-post-thumbnail","6":"product_cat-may-rung-hut-liem-am-vat","7":"product_tag-an-toan-cho-co-the","8":"product_tag-danh-cho-phu-nu","9":"product_tag-kich-thich-am-vat","10":"product_tag-kich-thuoc-nho-gon","11":"product_tag-thiet-ke-kin-dao","13":"first","14":"instock","15":"shipping-taxable","16":"purchasable","17":"product-type-simple"},"acf":[],"yoast_head":"<!-- This site is optimized with the Yoast SEO plugin v27.1.1 - https:\/\/yoast.com\/product\/yoast-seo-wordpress\/ -->\n<title>69 Ecstasy Earphone Shaped M\u00e1y k\u00edch th\u00edch \u00e2m v\u1eadt - Desire<\/title>\n<meta name=\"robots\" content=\"index, follow, max-snippet:-1, max-image-preview:large, max-video-preview:-1\" \/>\n<link rel=\"canonical\" href=\"https:\/\/desireonline.shop\/vi\/san-pham\/69-ecstasy-earphone-shaped-may-kich-thich-am-vat\/\" \/>\n<meta property=\"og:locale\" content=\"vi_VN\" \/>\n<meta property=\"og:type\" content=\"article\" \/>\n<meta property=\"og:title\" content=\"69 Ecstasy Earphone Shaped M\u00e1y k\u00edch th\u00edch \u00e2m v\u1eadt - Desire\" \/>\n<meta property=\"og:description\" content=\"\u0110\u01b0\u1ee3c thi\u1ebft k\u1ebf \u0111\u1ec3 mang l\u1ea1i s\u1ef1 vui nh\u1ed9n cho kho\u00e1i c\u1ea3m t\u1eadp trung, m\u00e1y k\u00edch th\u00edch \u00e2m v\u1eadt n\u00e0y c\u00f3 h\u00ecnh d\u00e1ng l\u1ea5y c\u1ea3m h\u1ee9ng t\u1eeb tai nghe, \u00f4m&hellip;\" \/>\n<meta property=\"og:url\" content=\"https:\/\/desireonline.shop\/vi\/san-pham\/69-ecstasy-earphone-shaped-may-kich-thich-am-vat\/\" \/>\n<meta property=\"og:site_name\" content=\"Desire\" \/>\n<meta property=\"og:image\" content=\"https:\/\/desireonline.shop\/wp-content\/uploads\/2026\/01\/CN-824366121_00.jpg\" \/>\n\t<meta property=\"og:image:width\" content=\"1200\" \/>\n\t<meta property=\"og:image:height\" content=\"1044\" \/>\n\t<meta property=\"og:image:type\" content=\"image\/jpeg\" \/>\n<meta name=\"twitter:card\" content=\"summary_large_image\" \/>\n<meta name=\"twitter:label1\" content=\"\u01af\u1edbc t\u00ednh th\u1eddi gian \u0111\u1ecdc\" \/>\n\t<meta name=\"twitter:data1\" content=\"1 ph\u00fat\" \/>\n<script type=\"application\/ld+json\" class=\"yoast-schema-graph\">{\"@context\":\"https:\/\/schema.org\",\"@graph\":[{\"@type\":\"WebPage\",\"@id\":\"https:\/\/desireonline.shop\/vi\/san-pham\/69-ecstasy-earphone-shaped-may-kich-thich-am-vat\/\",\"url\":\"https:\/\/desireonline.shop\/vi\/san-pham\/69-ecstasy-earphone-shaped-may-kich-thich-am-vat\/\",\"name\":\"69 Ecstasy Earphone Shaped M\u00e1y k\u00edch th\u00edch \u00e2m v\u1eadt - Desire\",\"isPartOf\":{\"@id\":\"https:\/\/desireonline.shop\/vi\/#website\"},\"primaryImageOfPage\":{\"@id\":\"https:\/\/desireonline.shop\/vi\/san-pham\/69-ecstasy-earphone-shaped-may-kich-thich-am-vat\/#primaryimage\"},\"image\":{\"@id\":\"https:\/\/desireonline.shop\/vi\/san-pham\/69-ecstasy-earphone-shaped-may-kich-thich-am-vat\/#primaryimage\"},\"thumbnailUrl\":\"https:\/\/desireonline.shop\/wp-content\/uploads\/2026\/01\/CN-824366121_00.jpg\",\"datePublished\":\"2026-01-30T12:20:00+00:00\",\"breadcrumb\":{\"@id\":\"https:\/\/desireonline.shop\/vi\/san-pham\/69-ecstasy-earphone-shaped-may-kich-thich-am-vat\/#breadcrumb\"},\"inLanguage\":\"vi\",\"potentialAction\":[{\"@type\":\"ReadAction\",\"target\":[\"https:\/\/desireonline.shop\/vi\/san-pham\/69-ecstasy-earphone-shaped-may-kich-thich-am-vat\/\"]}]},{\"@type\":\"ImageObject\",\"inLanguage\":\"vi\",\"@id\":\"https:\/\/desireonline.shop\/vi\/san-pham\/69-ecstasy-earphone-shaped-may-kich-thich-am-vat\/#primaryimage\",\"url\":\"https:\/\/desireonline.shop\/wp-content\/uploads\/2026\/01\/CN-824366121_00.jpg\",\"contentUrl\":\"https:\/\/desireonline.shop\/wp-content\/uploads\/2026\/01\/CN-824366121_00.jpg\",\"width\":1200,\"height\":1044},{\"@type\":\"BreadcrumbList\",\"@id\":\"https:\/\/desireonline.shop\/vi\/san-pham\/69-ecstasy-earphone-shaped-may-kich-thich-am-vat\/#breadcrumb\",\"itemListElement\":[{\"@type\":\"ListItem\",\"position\":1,\"name\":\"Home\",\"item\":\"https:\/\/desireonline.shop\/vi\/trang-chu\/?lang=vi\"},{\"@type\":\"ListItem\",\"position\":2,\"name\":\"T\u1ea5t c\u1ea3 s\u1ea3n ph\u1ea9m\",\"item\":\"https:\/\/desireonline.shop\/cua-hang\/?lang=vi\"},{\"@type\":\"ListItem\",\"position\":3,\"name\":\"69 Ecstasy Earphone Shaped M\u00e1y k\u00edch th\u00edch \u00e2m v\u1eadt\"}]},{\"@type\":\"WebSite\",\"@id\":\"https:\/\/desireonline.shop\/vi\/#website\",\"url\":\"https:\/\/desireonline.shop\/vi\/\",\"name\":\"Desire\",\"description\":\"Sexual Wellness Platform\",\"publisher\":{\"@id\":\"https:\/\/desireonline.shop\/vi\/#organization\"},\"potentialAction\":[{\"@type\":\"SearchAction\",\"target\":{\"@type\":\"EntryPoint\",\"urlTemplate\":\"https:\/\/desireonline.shop\/vi\/?s={search_term_string}\"},\"query-input\":{\"@type\":\"PropertyValueSpecification\",\"valueRequired\":true,\"valueName\":\"search_term_string\"}}],\"inLanguage\":\"vi\"},{\"@type\":\"Organization\",\"@id\":\"https:\/\/desireonline.shop\/vi\/#organization\",\"name\":\"Desire\",\"url\":\"https:\/\/desireonline.shop\/vi\/\",\"logo\":{\"@type\":\"ImageObject\",\"inLanguage\":\"vi\",\"@id\":\"https:\/\/desireonline.shop\/vi\/#\/schema\/logo\/image\/\",\"url\":\"https:\/\/desireonline.shop\/wp-content\/uploads\/2024\/06\/Logo-Thick-Font-1.webp\",\"contentUrl\":\"https:\/\/desireonline.shop\/wp-content\/uploads\/2024\/06\/Logo-Thick-Font-1.webp\",\"width\":268,\"height\":399,\"caption\":\"Desire\"},\"image\":{\"@id\":\"https:\/\/desireonline.shop\/vi\/#\/schema\/logo\/image\/\"}}]}<\/script>\n<!-- \/ Yoast SEO plugin. -->","yoast_head_json":{"title":"69 Ecstasy Earphone Shaped M\u00e1y k\u00edch th\u00edch \u00e2m v\u1eadt - Desire","robots":{"index":"index","follow":"follow","max-snippet":"max-snippet:-1","max-image-preview":"max-image-preview:large","max-video-preview":"max-video-preview:-1"},"canonical":"https:\/\/desireonline.shop\/vi\/san-pham\/69-ecstasy-earphone-shaped-may-kich-thich-am-vat\/","og_locale":"vi_VN","og_type":"article","og_title":"69 Ecstasy Earphone Shaped M\u00e1y k\u00edch th\u00edch \u00e2m v\u1eadt - Desire","og_description":"\u0110\u01b0\u1ee3c thi\u1ebft k\u1ebf \u0111\u1ec3 mang l\u1ea1i s\u1ef1 vui nh\u1ed9n cho kho\u00e1i c\u1ea3m t\u1eadp trung, m\u00e1y k\u00edch th\u00edch \u00e2m v\u1eadt n\u00e0y c\u00f3 h\u00ecnh d\u00e1ng l\u1ea5y c\u1ea3m h\u1ee9ng t\u1eeb tai nghe, \u00f4m&hellip;","og_url":"https:\/\/desireonline.shop\/vi\/san-pham\/69-ecstasy-earphone-shaped-may-kich-thich-am-vat\/","og_site_name":"Desire","og_image":[{"width":1200,"height":1044,"url":"https:\/\/desireonline.shop\/wp-content\/uploads\/2026\/01\/CN-824366121_00.jpg","type":"image\/jpeg"}],"twitter_card":"summary_large_image","twitter_misc":{"\u01af\u1edbc t\u00ednh th\u1eddi gian \u0111\u1ecdc":"1 ph\u00fat"},"schema":{"@context":"https:\/\/schema.org","@graph":[{"@type":"WebPage","@id":"https:\/\/desireonline.shop\/vi\/san-pham\/69-ecstasy-earphone-shaped-may-kich-thich-am-vat\/","url":"https:\/\/desireonline.shop\/vi\/san-pham\/69-ecstasy-earphone-shaped-may-kich-thich-am-vat\/","name":"69 Ecstasy Earphone Shaped M\u00e1y k\u00edch th\u00edch \u00e2m v\u1eadt - Desire","isPartOf":{"@id":"https:\/\/desireonline.shop\/vi\/#website"},"primaryImageOfPage":{"@id":"https:\/\/desireonline.shop\/vi\/san-pham\/69-ecstasy-earphone-shaped-may-kich-thich-am-vat\/#primaryimage"},"image":{"@id":"https:\/\/desireonline.shop\/vi\/san-pham\/69-ecstasy-earphone-shaped-may-kich-thich-am-vat\/#primaryimage"},"thumbnailUrl":"https:\/\/desireonline.shop\/wp-content\/uploads\/2026\/01\/CN-824366121_00.jpg","datePublished":"2026-01-30T12:20:00+00:00","breadcrumb":{"@id":"https:\/\/desireonline.shop\/vi\/san-pham\/69-ecstasy-earphone-shaped-may-kich-thich-am-vat\/#breadcrumb"},"inLanguage":"vi","potentialAction":[{"@type":"ReadAction","target":["https:\/\/desireonline.shop\/vi\/san-pham\/69-ecstasy-earphone-shaped-may-kich-thich-am-vat\/"]}]},{"@type":"ImageObject","inLanguage":"vi","@id":"https:\/\/desireonline.shop\/vi\/san-pham\/69-ecstasy-earphone-shaped-may-kich-thich-am-vat\/#primaryimage","url":"https:\/\/desireonline.shop\/wp-content\/uploads\/2026\/01\/CN-824366121_00.jpg","contentUrl":"https:\/\/desireonline.shop\/wp-content\/uploads\/2026\/01\/CN-824366121_00.jpg","width":1200,"height":1044},{"@type":"BreadcrumbList","@id":"https:\/\/desireonline.shop\/vi\/san-pham\/69-ecstasy-earphone-shaped-may-kich-thich-am-vat\/#breadcrumb","itemListElement":[{"@type":"ListItem","position":1,"name":"Home","item":"https:\/\/desireonline.shop\/vi\/trang-chu\/?lang=vi"},{"@type":"ListItem","position":2,"name":"T\u1ea5t c\u1ea3 s\u1ea3n ph\u1ea9m","item":"https:\/\/desireonline.shop\/cua-hang\/?lang=vi"},{"@type":"ListItem","position":3,"name":"69 Ecstasy Earphone Shaped M\u00e1y k\u00edch th\u00edch \u00e2m v\u1eadt"}]},{"@type":"WebSite","@id":"https:\/\/desireonline.shop\/vi\/#website","url":"https:\/\/desireonline.shop\/vi\/","name":"Desire","description":"Sexual Wellness Platform","publisher":{"@id":"https:\/\/desireonline.shop\/vi\/#organization"},"potentialAction":[{"@type":"SearchAction","target":{"@type":"EntryPoint","urlTemplate":"https:\/\/desireonline.shop\/vi\/?s={search_term_string}"},"query-input":{"@type":"PropertyValueSpecification","valueRequired":true,"valueName":"search_term_string"}}],"inLanguage":"vi"},{"@type":"Organization","@id":"https:\/\/desireonline.shop\/vi\/#organization","name":"Desire","url":"https:\/\/desireonline.shop\/vi\/","logo":{"@type":"ImageObject","inLanguage":"vi","@id":"https:\/\/desireonline.shop\/vi\/#\/schema\/logo\/image\/","url":"https:\/\/desireonline.shop\/wp-content\/uploads\/2024\/06\/Logo-Thick-Font-1.webp","contentUrl":"https:\/\/desireonline.shop\/wp-content\/uploads\/2024\/06\/Logo-Thick-Font-1.webp","width":268,"height":399,"caption":"Desire"},"image":{"@id":"https:\/\/desireonline.shop\/vi\/#\/schema\/logo\/image\/"}}]}},"_links":{"self":[{"href":"https:\/\/desireonline.shop\/vi\/wp-json\/wp\/v2\/product\/68780","targetHints":{"allow":["GET"]}}],"collection":[{"href":"https:\/\/desireonline.shop\/vi\/wp-json\/wp\/v2\/product"}],"about":[{"href":"https:\/\/desireonline.shop\/vi\/wp-json\/wp\/v2\/types\/product"}],"replies":[{"embeddable":true,"href":"https:\/\/desireonline.shop\/vi\/wp-json\/wp\/v2\/comments?post=68780"}],"version-history":[{"count":0,"href":"https:\/\/desireonline.shop\/vi\/wp-json\/wp\/v2\/product\/68780\/revisions"}],"wp:featuredmedia":[{"embeddable":true,"href":"https:\/\/desireonline.shop\/vi\/wp-json\/wp\/v2\/media\/60463"}],"wp:attachment":[{"href":"https:\/\/desireonline.shop\/vi\/wp-json\/wp\/v2\/media?parent=68780"}],"wp:term":[{"taxonomy":"product_brand","embeddable":true,"href":"https:\/\/desireonline.shop\/vi\/wp-json\/wp\/v2\/product_brand?post=68780"},{"taxonomy":"product_cat","embeddable":true,"href":"https:\/\/desireonline.shop\/vi\/wp-json\/wp\/v2\/product_cat?post=68780"},{"taxonomy":"product_tag","embeddable":true,"href":"https:\/\/desireonline.shop\/vi\/wp-json\/wp\/v2\/product_tag?post=68780"}],"curies":[{"name":"wp","href":"https:\/\/api.w.org\/{rel}","templated":true}]}}