{"id":68845,"date":"2026-01-30T12:45:00","date_gmt":"2026-01-30T12:45:00","guid":{"rendered":"https:\/\/desireonline.shop\/product\/mx-boost-ribbed-stroker-am-dao-gia-nam\/"},"modified":"2026-01-30T12:45:00","modified_gmt":"2026-01-30T12:45:00","slug":"mx-boost-ribbed-stroker-am-dao-gia-nam","status":"publish","type":"product","link":"https:\/\/desireonline.shop\/vi\/san-pham\/mx-boost-ribbed-stroker-am-dao-gia-nam\/","title":{"rendered":"MX Boost Ribbed Stroker \u00c2m \u0111\u1ea1o gi\u1ea3 nam"},"content":{"rendered":"<p>\u0110\u01b0\u1ee3c thi\u1ebft k\u1ebf \u0111\u1ec3 t\u0103ng c\u01b0\u1eddng c\u1ea3m gi\u00e1c, \u00e2m \u0111\u1ea1o gi\u1ea3 d\u1ea1ng stroker c\u00f3 k\u1ebft c\u1ea5u g\u00e2n n\u00e0y s\u1edf h\u1eefu ph\u1ea7n b\u00ean trong si\u00eau m\u1ec1m mang l\u1ea1i c\u1ea3m gi\u00e1c \u00f4m tr\u1ecdn, tho\u1ea3i m\u00e1i v\u1edbi th\u00eam k\u1ebft c\u1ea5u k\u00edch th\u00edch. Bao \u0111\u00f4n c\u00f3 g\u00e2n \u0111\u01b0\u1ee3c t\u1ea1o ra \u0111\u1ec3 t\u0103ng c\u01b0\u1eddng nh\u1eadn th\u1ee9c v\u00e0 k\u00edch th\u00edch trong khi v\u1eabn duy tr\u00ec c\u1ea3m gi\u00e1c m\u01b0\u1ee3t m\u00e0 v\u00e0 d\u1ec5 ch\u1ecbu trong su\u1ed1t qu\u00e1 tr\u00ecnh s\u1eed d\u1ee5ng.<\/p>\n<p>\u0110\u01b0\u1ee3c l\u00e0m t\u1eeb v\u1eadt li\u1ec7u kh\u00f4ng ch\u1ee9a phthalate v\u00e0 kh\u00f4ng m\u1ee7 latex, s\u1ea3n ph\u1ea9m mang l\u1ea1i s\u1ef1 y\u00ean t\u00e2m c\u00f9ng v\u1edbi kho\u00e1i c\u1ea3m. \u0110\u01a1n gi\u1ea3n \u0111\u1ec3 s\u1eed d\u1ee5ng v\u00e0 mang l\u1ea1i c\u1ea3m gi\u00e1c th\u1ecfa m\u00e3n khi kh\u00e1m ph\u00e1, \u0111\u00e2y l\u00e0 l\u1ef1a ch\u1ecdn tuy\u1ec7t v\u1eddi cho nh\u1eefng kho\u1ea3nh kh\u1eafc t\u1eadn h\u01b0\u1edfng m\u1ed9t m\u00ecnh khi b\u1ea1n mu\u1ed1n th\u01b0 gi\u00e3n v\u00e0 t\u1eadn h\u01b0\u1edfng.<\/p>\n","protected":false},"excerpt":{"rendered":"<p>\u0110\u01b0\u1ee3c thi\u1ebft k\u1ebf \u0111\u1ec3 t\u0103ng c\u01b0\u1eddng c\u1ea3m gi\u00e1c, \u00e2m \u0111\u1ea1o gi\u1ea3 d\u1ea1ng stroker c\u00f3 k\u1ebft c\u1ea5u g\u00e2n n\u00e0y s\u1edf h\u1eefu ph\u1ea7n b\u00ean trong si\u00eau m\u1ec1m mang l\u1ea1i c\u1ea3m gi\u00e1c \u00f4m&hellip;<\/p>\n","protected":false},"featured_media":60528,"comment_status":"open","ping_status":"closed","template":"","meta":{"_acf_changed":false},"product_brand":[],"product_cat":[1407,1440],"product_tag":[1660,1797,1676,1679,1677],"class_list":{"0":"post-68845","1":"product","2":"type-product","3":"status-publish","4":"has-post-thumbnail","6":"product_cat-am-dao-gia-cho-nam","7":"product_cat-do-choi-nam-gioi-thuc-te","8":"product_tag-an-toan-cho-co-the","9":"product_tag-cam-giac-be-mat-co-van","10":"product_tag-danh-cho-nam-gioi","11":"product_tag-tap-trung-vao-duong-vat","12":"product_tag-tu-suong","14":"first","15":"instock","16":"shipping-taxable","17":"purchasable","18":"product-type-simple"},"acf":[],"yoast_head":"<!-- This site is optimized with the Yoast SEO plugin v27.1.1 - https:\/\/yoast.com\/product\/yoast-seo-wordpress\/ -->\n<title>MX Boost Ribbed Stroker \u00c2m \u0111\u1ea1o gi\u1ea3 nam - Desire<\/title>\n<meta name=\"robots\" content=\"index, follow, max-snippet:-1, max-image-preview:large, max-video-preview:-1\" \/>\n<link rel=\"canonical\" href=\"https:\/\/desireonline.shop\/vi\/san-pham\/mx-boost-ribbed-stroker-am-dao-gia-nam\/\" \/>\n<meta property=\"og:locale\" content=\"vi_VN\" \/>\n<meta property=\"og:type\" content=\"article\" \/>\n<meta property=\"og:title\" content=\"MX Boost Ribbed Stroker \u00c2m \u0111\u1ea1o gi\u1ea3 nam - Desire\" \/>\n<meta property=\"og:description\" content=\"\u0110\u01b0\u1ee3c thi\u1ebft k\u1ebf \u0111\u1ec3 t\u0103ng c\u01b0\u1eddng c\u1ea3m gi\u00e1c, \u00e2m \u0111\u1ea1o gi\u1ea3 d\u1ea1ng stroker c\u00f3 k\u1ebft c\u1ea5u g\u00e2n n\u00e0y s\u1edf h\u1eefu ph\u1ea7n b\u00ean trong si\u00eau m\u1ec1m mang l\u1ea1i c\u1ea3m gi\u00e1c \u00f4m&hellip;\" \/>\n<meta property=\"og:url\" content=\"https:\/\/desireonline.shop\/vi\/san-pham\/mx-boost-ribbed-stroker-am-dao-gia-nam\/\" \/>\n<meta property=\"og:site_name\" content=\"Desire\" \/>\n<meta property=\"og:image\" content=\"https:\/\/desireonline.shop\/wp-content\/uploads\/2026\/01\/CN-995945700_00.jpg\" \/>\n\t<meta property=\"og:image:width\" content=\"1200\" \/>\n\t<meta property=\"og:image:height\" content=\"1044\" \/>\n\t<meta property=\"og:image:type\" content=\"image\/jpeg\" \/>\n<meta name=\"twitter:card\" content=\"summary_large_image\" \/>\n<meta name=\"twitter:label1\" content=\"\u01af\u1edbc t\u00ednh th\u1eddi gian \u0111\u1ecdc\" \/>\n\t<meta name=\"twitter:data1\" content=\"1 ph\u00fat\" \/>\n<script type=\"application\/ld+json\" class=\"yoast-schema-graph\">{\"@context\":\"https:\/\/schema.org\",\"@graph\":[{\"@type\":\"WebPage\",\"@id\":\"https:\/\/desireonline.shop\/vi\/san-pham\/mx-boost-ribbed-stroker-am-dao-gia-nam\/\",\"url\":\"https:\/\/desireonline.shop\/vi\/san-pham\/mx-boost-ribbed-stroker-am-dao-gia-nam\/\",\"name\":\"MX Boost Ribbed Stroker \u00c2m \u0111\u1ea1o gi\u1ea3 nam - Desire\",\"isPartOf\":{\"@id\":\"https:\/\/desireonline.shop\/vi\/#website\"},\"primaryImageOfPage\":{\"@id\":\"https:\/\/desireonline.shop\/vi\/san-pham\/mx-boost-ribbed-stroker-am-dao-gia-nam\/#primaryimage\"},\"image\":{\"@id\":\"https:\/\/desireonline.shop\/vi\/san-pham\/mx-boost-ribbed-stroker-am-dao-gia-nam\/#primaryimage\"},\"thumbnailUrl\":\"https:\/\/desireonline.shop\/wp-content\/uploads\/2026\/01\/CN-995945700_00.jpg\",\"datePublished\":\"2026-01-30T12:45:00+00:00\",\"breadcrumb\":{\"@id\":\"https:\/\/desireonline.shop\/vi\/san-pham\/mx-boost-ribbed-stroker-am-dao-gia-nam\/#breadcrumb\"},\"inLanguage\":\"vi\",\"potentialAction\":[{\"@type\":\"ReadAction\",\"target\":[\"https:\/\/desireonline.shop\/vi\/san-pham\/mx-boost-ribbed-stroker-am-dao-gia-nam\/\"]}]},{\"@type\":\"ImageObject\",\"inLanguage\":\"vi\",\"@id\":\"https:\/\/desireonline.shop\/vi\/san-pham\/mx-boost-ribbed-stroker-am-dao-gia-nam\/#primaryimage\",\"url\":\"https:\/\/desireonline.shop\/wp-content\/uploads\/2026\/01\/CN-995945700_00.jpg\",\"contentUrl\":\"https:\/\/desireonline.shop\/wp-content\/uploads\/2026\/01\/CN-995945700_00.jpg\",\"width\":1200,\"height\":1044},{\"@type\":\"BreadcrumbList\",\"@id\":\"https:\/\/desireonline.shop\/vi\/san-pham\/mx-boost-ribbed-stroker-am-dao-gia-nam\/#breadcrumb\",\"itemListElement\":[{\"@type\":\"ListItem\",\"position\":1,\"name\":\"Home\",\"item\":\"https:\/\/desireonline.shop\/vi\/trang-chu\/?lang=vi\"},{\"@type\":\"ListItem\",\"position\":2,\"name\":\"T\u1ea5t c\u1ea3 s\u1ea3n ph\u1ea9m\",\"item\":\"https:\/\/desireonline.shop\/cua-hang\/?lang=vi\"},{\"@type\":\"ListItem\",\"position\":3,\"name\":\"MX Boost Ribbed Stroker \u00c2m \u0111\u1ea1o gi\u1ea3 nam\"}]},{\"@type\":\"WebSite\",\"@id\":\"https:\/\/desireonline.shop\/vi\/#website\",\"url\":\"https:\/\/desireonline.shop\/vi\/\",\"name\":\"Desire\",\"description\":\"Sexual Wellness Platform\",\"publisher\":{\"@id\":\"https:\/\/desireonline.shop\/vi\/#organization\"},\"potentialAction\":[{\"@type\":\"SearchAction\",\"target\":{\"@type\":\"EntryPoint\",\"urlTemplate\":\"https:\/\/desireonline.shop\/vi\/?s={search_term_string}\"},\"query-input\":{\"@type\":\"PropertyValueSpecification\",\"valueRequired\":true,\"valueName\":\"search_term_string\"}}],\"inLanguage\":\"vi\"},{\"@type\":\"Organization\",\"@id\":\"https:\/\/desireonline.shop\/vi\/#organization\",\"name\":\"Desire\",\"url\":\"https:\/\/desireonline.shop\/vi\/\",\"logo\":{\"@type\":\"ImageObject\",\"inLanguage\":\"vi\",\"@id\":\"https:\/\/desireonline.shop\/vi\/#\/schema\/logo\/image\/\",\"url\":\"https:\/\/desireonline.shop\/wp-content\/uploads\/2024\/06\/Logo-Thick-Font-1.webp\",\"contentUrl\":\"https:\/\/desireonline.shop\/wp-content\/uploads\/2024\/06\/Logo-Thick-Font-1.webp\",\"width\":268,\"height\":399,\"caption\":\"Desire\"},\"image\":{\"@id\":\"https:\/\/desireonline.shop\/vi\/#\/schema\/logo\/image\/\"}}]}<\/script>\n<!-- \/ Yoast SEO plugin. -->","yoast_head_json":{"title":"MX Boost Ribbed Stroker \u00c2m \u0111\u1ea1o gi\u1ea3 nam - Desire","robots":{"index":"index","follow":"follow","max-snippet":"max-snippet:-1","max-image-preview":"max-image-preview:large","max-video-preview":"max-video-preview:-1"},"canonical":"https:\/\/desireonline.shop\/vi\/san-pham\/mx-boost-ribbed-stroker-am-dao-gia-nam\/","og_locale":"vi_VN","og_type":"article","og_title":"MX Boost Ribbed Stroker \u00c2m \u0111\u1ea1o gi\u1ea3 nam - Desire","og_description":"\u0110\u01b0\u1ee3c thi\u1ebft k\u1ebf \u0111\u1ec3 t\u0103ng c\u01b0\u1eddng c\u1ea3m gi\u00e1c, \u00e2m \u0111\u1ea1o gi\u1ea3 d\u1ea1ng stroker c\u00f3 k\u1ebft c\u1ea5u g\u00e2n n\u00e0y s\u1edf h\u1eefu ph\u1ea7n b\u00ean trong si\u00eau m\u1ec1m mang l\u1ea1i c\u1ea3m gi\u00e1c \u00f4m&hellip;","og_url":"https:\/\/desireonline.shop\/vi\/san-pham\/mx-boost-ribbed-stroker-am-dao-gia-nam\/","og_site_name":"Desire","og_image":[{"width":1200,"height":1044,"url":"https:\/\/desireonline.shop\/wp-content\/uploads\/2026\/01\/CN-995945700_00.jpg","type":"image\/jpeg"}],"twitter_card":"summary_large_image","twitter_misc":{"\u01af\u1edbc t\u00ednh th\u1eddi gian \u0111\u1ecdc":"1 ph\u00fat"},"schema":{"@context":"https:\/\/schema.org","@graph":[{"@type":"WebPage","@id":"https:\/\/desireonline.shop\/vi\/san-pham\/mx-boost-ribbed-stroker-am-dao-gia-nam\/","url":"https:\/\/desireonline.shop\/vi\/san-pham\/mx-boost-ribbed-stroker-am-dao-gia-nam\/","name":"MX Boost Ribbed Stroker \u00c2m \u0111\u1ea1o gi\u1ea3 nam - Desire","isPartOf":{"@id":"https:\/\/desireonline.shop\/vi\/#website"},"primaryImageOfPage":{"@id":"https:\/\/desireonline.shop\/vi\/san-pham\/mx-boost-ribbed-stroker-am-dao-gia-nam\/#primaryimage"},"image":{"@id":"https:\/\/desireonline.shop\/vi\/san-pham\/mx-boost-ribbed-stroker-am-dao-gia-nam\/#primaryimage"},"thumbnailUrl":"https:\/\/desireonline.shop\/wp-content\/uploads\/2026\/01\/CN-995945700_00.jpg","datePublished":"2026-01-30T12:45:00+00:00","breadcrumb":{"@id":"https:\/\/desireonline.shop\/vi\/san-pham\/mx-boost-ribbed-stroker-am-dao-gia-nam\/#breadcrumb"},"inLanguage":"vi","potentialAction":[{"@type":"ReadAction","target":["https:\/\/desireonline.shop\/vi\/san-pham\/mx-boost-ribbed-stroker-am-dao-gia-nam\/"]}]},{"@type":"ImageObject","inLanguage":"vi","@id":"https:\/\/desireonline.shop\/vi\/san-pham\/mx-boost-ribbed-stroker-am-dao-gia-nam\/#primaryimage","url":"https:\/\/desireonline.shop\/wp-content\/uploads\/2026\/01\/CN-995945700_00.jpg","contentUrl":"https:\/\/desireonline.shop\/wp-content\/uploads\/2026\/01\/CN-995945700_00.jpg","width":1200,"height":1044},{"@type":"BreadcrumbList","@id":"https:\/\/desireonline.shop\/vi\/san-pham\/mx-boost-ribbed-stroker-am-dao-gia-nam\/#breadcrumb","itemListElement":[{"@type":"ListItem","position":1,"name":"Home","item":"https:\/\/desireonline.shop\/vi\/trang-chu\/?lang=vi"},{"@type":"ListItem","position":2,"name":"T\u1ea5t c\u1ea3 s\u1ea3n ph\u1ea9m","item":"https:\/\/desireonline.shop\/cua-hang\/?lang=vi"},{"@type":"ListItem","position":3,"name":"MX Boost Ribbed Stroker \u00c2m \u0111\u1ea1o gi\u1ea3 nam"}]},{"@type":"WebSite","@id":"https:\/\/desireonline.shop\/vi\/#website","url":"https:\/\/desireonline.shop\/vi\/","name":"Desire","description":"Sexual Wellness Platform","publisher":{"@id":"https:\/\/desireonline.shop\/vi\/#organization"},"potentialAction":[{"@type":"SearchAction","target":{"@type":"EntryPoint","urlTemplate":"https:\/\/desireonline.shop\/vi\/?s={search_term_string}"},"query-input":{"@type":"PropertyValueSpecification","valueRequired":true,"valueName":"search_term_string"}}],"inLanguage":"vi"},{"@type":"Organization","@id":"https:\/\/desireonline.shop\/vi\/#organization","name":"Desire","url":"https:\/\/desireonline.shop\/vi\/","logo":{"@type":"ImageObject","inLanguage":"vi","@id":"https:\/\/desireonline.shop\/vi\/#\/schema\/logo\/image\/","url":"https:\/\/desireonline.shop\/wp-content\/uploads\/2024\/06\/Logo-Thick-Font-1.webp","contentUrl":"https:\/\/desireonline.shop\/wp-content\/uploads\/2024\/06\/Logo-Thick-Font-1.webp","width":268,"height":399,"caption":"Desire"},"image":{"@id":"https:\/\/desireonline.shop\/vi\/#\/schema\/logo\/image\/"}}]}},"_links":{"self":[{"href":"https:\/\/desireonline.shop\/vi\/wp-json\/wp\/v2\/product\/68845","targetHints":{"allow":["GET"]}}],"collection":[{"href":"https:\/\/desireonline.shop\/vi\/wp-json\/wp\/v2\/product"}],"about":[{"href":"https:\/\/desireonline.shop\/vi\/wp-json\/wp\/v2\/types\/product"}],"replies":[{"embeddable":true,"href":"https:\/\/desireonline.shop\/vi\/wp-json\/wp\/v2\/comments?post=68845"}],"version-history":[{"count":0,"href":"https:\/\/desireonline.shop\/vi\/wp-json\/wp\/v2\/product\/68845\/revisions"}],"wp:featuredmedia":[{"embeddable":true,"href":"https:\/\/desireonline.shop\/vi\/wp-json\/wp\/v2\/media\/60528"}],"wp:attachment":[{"href":"https:\/\/desireonline.shop\/vi\/wp-json\/wp\/v2\/media?parent=68845"}],"wp:term":[{"taxonomy":"product_brand","embeddable":true,"href":"https:\/\/desireonline.shop\/vi\/wp-json\/wp\/v2\/product_brand?post=68845"},{"taxonomy":"product_cat","embeddable":true,"href":"https:\/\/desireonline.shop\/vi\/wp-json\/wp\/v2\/product_cat?post=68845"},{"taxonomy":"product_tag","embeddable":true,"href":"https:\/\/desireonline.shop\/vi\/wp-json\/wp\/v2\/product_tag?post=68845"}],"curies":[{"name":"wp","href":"https:\/\/api.w.org\/{rel}","templated":true}]}}