{"id":68862,"date":"2026-01-30T12:49:00","date_gmt":"2026-01-30T12:49:00","guid":{"rendered":"https:\/\/desireonline.shop\/product\/mx-original-portable-whack-cup-am-dao-gia-nam\/"},"modified":"2026-01-30T12:49:00","modified_gmt":"2026-01-30T12:49:00","slug":"mx-original-portable-whack-cup-am-dao-gia-nam","status":"publish","type":"product","link":"https:\/\/desireonline.shop\/vi\/san-pham\/mx-original-portable-whack-cup-am-dao-gia-nam\/","title":{"rendered":"MX Original Portable Whack Cup \u00c2m \u0111\u1ea1o gi\u1ea3 nam"},"content":{"rendered":"<p>\u0110\u01b0\u1ee3c thi\u1ebft k\u1ebf cho kho\u00e1i c\u1ea3m khi di chuy\u1ec3n, c\u1ed1c \u00e2m \u0111\u1ea1o gi\u1ea3 c\u1ea7m tay n\u00e0y c\u00f3 ph\u1ea7n b\u00ean trong si\u00eau m\u1ec1m mang l\u1ea1i c\u1ea3m gi\u00e1c h\u00fat tho\u1ea3i m\u00e1i. Thi\u1ebft k\u1ebf nh\u1ecf g\u1ecdn gi\u00fap b\u1ea1n d\u1ec5 d\u00e0ng t\u1eadn h\u01b0\u1edfng \u1edf b\u1ea5t c\u1ee9 \u0111\u00e2u v\u00e0 b\u1ea5t c\u1ee9 khi n\u00e0o b\u1ea1n mu\u1ed1n.<\/p>\n<p>\u0110\u01b0\u1ee3c l\u00e0m t\u1eeb v\u1eadt li\u1ec7u kh\u00f4ng ch\u1ee9a phthalate v\u00e0 kh\u00f4ng m\u1ee7 latex, s\u1ea3n ph\u1ea9m mang l\u1ea1i s\u1ef1 y\u00ean t\u00e2m c\u00f9ng v\u1edbi k\u00edch th\u00edch th\u1ecfa m\u00e3n. \u0110\u01a1n gi\u1ea3n, k\u00edn \u0111\u00e1o v\u00e0 d\u1ec5 s\u1eed d\u1ee5ng, s\u1ea3n ph\u1ea9m l\u00fd t\u01b0\u1edfng cho nh\u1eefng kho\u1ea3nh kh\u1eafc nhanh ch\u00f3ng ho\u1eb7c nh\u1eefng l\u1ea7n th\u01b0 gi\u00e3n t\u1eadn h\u01b0\u1edfng m\u1ed9t m\u00ecnh.<\/p>\n","protected":false},"excerpt":{"rendered":"<p>\u0110\u01b0\u1ee3c thi\u1ebft k\u1ebf cho kho\u00e1i c\u1ea3m khi di chuy\u1ec3n, c\u1ed1c \u00e2m \u0111\u1ea1o gi\u1ea3 c\u1ea7m tay n\u00e0y c\u00f3 ph\u1ea7n b\u00ean trong si\u00eau m\u1ec1m mang l\u1ea1i c\u1ea3m gi\u00e1c h\u00fat tho\u1ea3i m\u00e1i. Thi\u1ebft&hellip;<\/p>\n","protected":false},"featured_media":60545,"comment_status":"open","ping_status":"closed","template":"","meta":{"_acf_changed":false},"product_brand":[],"product_cat":[1407,1440],"product_tag":[1676,1717,1679,1718,1677],"class_list":{"0":"post-68862","1":"product","2":"type-product","3":"status-publish","4":"has-post-thumbnail","6":"product_cat-am-dao-gia-cho-nam","7":"product_cat-do-choi-nam-gioi-thuc-te","8":"product_tag-danh-cho-nam-gioi","9":"product_tag-kich-thuoc-nho-gon","10":"product_tag-tap-trung-vao-duong-vat","11":"product_tag-thiet-ke-kin-dao","12":"product_tag-tu-suong","14":"first","15":"instock","16":"shipping-taxable","17":"purchasable","18":"product-type-simple"},"acf":[],"yoast_head":"<!-- This site is optimized with the Yoast SEO plugin v27.1.1 - https:\/\/yoast.com\/product\/yoast-seo-wordpress\/ -->\n<title>MX Original Portable Whack Cup \u00c2m \u0111\u1ea1o gi\u1ea3 nam - Desire<\/title>\n<meta name=\"robots\" content=\"index, follow, max-snippet:-1, max-image-preview:large, max-video-preview:-1\" \/>\n<link rel=\"canonical\" href=\"https:\/\/desireonline.shop\/vi\/san-pham\/mx-original-portable-whack-cup-am-dao-gia-nam\/\" \/>\n<meta property=\"og:locale\" content=\"vi_VN\" \/>\n<meta property=\"og:type\" content=\"article\" \/>\n<meta property=\"og:title\" content=\"MX Original Portable Whack Cup \u00c2m \u0111\u1ea1o gi\u1ea3 nam - Desire\" \/>\n<meta property=\"og:description\" content=\"\u0110\u01b0\u1ee3c thi\u1ebft k\u1ebf cho kho\u00e1i c\u1ea3m khi di chuy\u1ec3n, c\u1ed1c \u00e2m \u0111\u1ea1o gi\u1ea3 c\u1ea7m tay n\u00e0y c\u00f3 ph\u1ea7n b\u00ean trong si\u00eau m\u1ec1m mang l\u1ea1i c\u1ea3m gi\u00e1c h\u00fat tho\u1ea3i m\u00e1i. Thi\u1ebft&hellip;\" \/>\n<meta property=\"og:url\" content=\"https:\/\/desireonline.shop\/vi\/san-pham\/mx-original-portable-whack-cup-am-dao-gia-nam\/\" \/>\n<meta property=\"og:site_name\" content=\"Desire\" \/>\n<meta property=\"og:image\" content=\"https:\/\/desireonline.shop\/wp-content\/uploads\/2026\/01\/CN-995945800_00.jpg\" \/>\n\t<meta property=\"og:image:width\" content=\"1200\" \/>\n\t<meta property=\"og:image:height\" content=\"1044\" \/>\n\t<meta property=\"og:image:type\" content=\"image\/jpeg\" \/>\n<meta name=\"twitter:card\" content=\"summary_large_image\" \/>\n<meta name=\"twitter:label1\" content=\"\u01af\u1edbc t\u00ednh th\u1eddi gian \u0111\u1ecdc\" \/>\n\t<meta name=\"twitter:data1\" content=\"1 ph\u00fat\" \/>\n<script type=\"application\/ld+json\" class=\"yoast-schema-graph\">{\"@context\":\"https:\/\/schema.org\",\"@graph\":[{\"@type\":\"WebPage\",\"@id\":\"https:\/\/desireonline.shop\/vi\/san-pham\/mx-original-portable-whack-cup-am-dao-gia-nam\/\",\"url\":\"https:\/\/desireonline.shop\/vi\/san-pham\/mx-original-portable-whack-cup-am-dao-gia-nam\/\",\"name\":\"MX Original Portable Whack Cup \u00c2m \u0111\u1ea1o gi\u1ea3 nam - Desire\",\"isPartOf\":{\"@id\":\"https:\/\/desireonline.shop\/vi\/#website\"},\"primaryImageOfPage\":{\"@id\":\"https:\/\/desireonline.shop\/vi\/san-pham\/mx-original-portable-whack-cup-am-dao-gia-nam\/#primaryimage\"},\"image\":{\"@id\":\"https:\/\/desireonline.shop\/vi\/san-pham\/mx-original-portable-whack-cup-am-dao-gia-nam\/#primaryimage\"},\"thumbnailUrl\":\"https:\/\/desireonline.shop\/wp-content\/uploads\/2026\/01\/CN-995945800_00.jpg\",\"datePublished\":\"2026-01-30T12:49:00+00:00\",\"breadcrumb\":{\"@id\":\"https:\/\/desireonline.shop\/vi\/san-pham\/mx-original-portable-whack-cup-am-dao-gia-nam\/#breadcrumb\"},\"inLanguage\":\"vi\",\"potentialAction\":[{\"@type\":\"ReadAction\",\"target\":[\"https:\/\/desireonline.shop\/vi\/san-pham\/mx-original-portable-whack-cup-am-dao-gia-nam\/\"]}]},{\"@type\":\"ImageObject\",\"inLanguage\":\"vi\",\"@id\":\"https:\/\/desireonline.shop\/vi\/san-pham\/mx-original-portable-whack-cup-am-dao-gia-nam\/#primaryimage\",\"url\":\"https:\/\/desireonline.shop\/wp-content\/uploads\/2026\/01\/CN-995945800_00.jpg\",\"contentUrl\":\"https:\/\/desireonline.shop\/wp-content\/uploads\/2026\/01\/CN-995945800_00.jpg\",\"width\":1200,\"height\":1044},{\"@type\":\"BreadcrumbList\",\"@id\":\"https:\/\/desireonline.shop\/vi\/san-pham\/mx-original-portable-whack-cup-am-dao-gia-nam\/#breadcrumb\",\"itemListElement\":[{\"@type\":\"ListItem\",\"position\":1,\"name\":\"Home\",\"item\":\"https:\/\/desireonline.shop\/vi\/trang-chu\/?lang=vi\"},{\"@type\":\"ListItem\",\"position\":2,\"name\":\"T\u1ea5t c\u1ea3 s\u1ea3n ph\u1ea9m\",\"item\":\"https:\/\/desireonline.shop\/cua-hang\/?lang=vi\"},{\"@type\":\"ListItem\",\"position\":3,\"name\":\"MX Original Portable Whack Cup \u00c2m \u0111\u1ea1o gi\u1ea3 nam\"}]},{\"@type\":\"WebSite\",\"@id\":\"https:\/\/desireonline.shop\/vi\/#website\",\"url\":\"https:\/\/desireonline.shop\/vi\/\",\"name\":\"Desire\",\"description\":\"Sexual Wellness Platform\",\"publisher\":{\"@id\":\"https:\/\/desireonline.shop\/vi\/#organization\"},\"potentialAction\":[{\"@type\":\"SearchAction\",\"target\":{\"@type\":\"EntryPoint\",\"urlTemplate\":\"https:\/\/desireonline.shop\/vi\/?s={search_term_string}\"},\"query-input\":{\"@type\":\"PropertyValueSpecification\",\"valueRequired\":true,\"valueName\":\"search_term_string\"}}],\"inLanguage\":\"vi\"},{\"@type\":\"Organization\",\"@id\":\"https:\/\/desireonline.shop\/vi\/#organization\",\"name\":\"Desire\",\"url\":\"https:\/\/desireonline.shop\/vi\/\",\"logo\":{\"@type\":\"ImageObject\",\"inLanguage\":\"vi\",\"@id\":\"https:\/\/desireonline.shop\/vi\/#\/schema\/logo\/image\/\",\"url\":\"https:\/\/desireonline.shop\/wp-content\/uploads\/2024\/06\/Logo-Thick-Font-1.webp\",\"contentUrl\":\"https:\/\/desireonline.shop\/wp-content\/uploads\/2024\/06\/Logo-Thick-Font-1.webp\",\"width\":268,\"height\":399,\"caption\":\"Desire\"},\"image\":{\"@id\":\"https:\/\/desireonline.shop\/vi\/#\/schema\/logo\/image\/\"}}]}<\/script>\n<!-- \/ Yoast SEO plugin. -->","yoast_head_json":{"title":"MX Original Portable Whack Cup \u00c2m \u0111\u1ea1o gi\u1ea3 nam - Desire","robots":{"index":"index","follow":"follow","max-snippet":"max-snippet:-1","max-image-preview":"max-image-preview:large","max-video-preview":"max-video-preview:-1"},"canonical":"https:\/\/desireonline.shop\/vi\/san-pham\/mx-original-portable-whack-cup-am-dao-gia-nam\/","og_locale":"vi_VN","og_type":"article","og_title":"MX Original Portable Whack Cup \u00c2m \u0111\u1ea1o gi\u1ea3 nam - Desire","og_description":"\u0110\u01b0\u1ee3c thi\u1ebft k\u1ebf cho kho\u00e1i c\u1ea3m khi di chuy\u1ec3n, c\u1ed1c \u00e2m \u0111\u1ea1o gi\u1ea3 c\u1ea7m tay n\u00e0y c\u00f3 ph\u1ea7n b\u00ean trong si\u00eau m\u1ec1m mang l\u1ea1i c\u1ea3m gi\u00e1c h\u00fat tho\u1ea3i m\u00e1i. Thi\u1ebft&hellip;","og_url":"https:\/\/desireonline.shop\/vi\/san-pham\/mx-original-portable-whack-cup-am-dao-gia-nam\/","og_site_name":"Desire","og_image":[{"width":1200,"height":1044,"url":"https:\/\/desireonline.shop\/wp-content\/uploads\/2026\/01\/CN-995945800_00.jpg","type":"image\/jpeg"}],"twitter_card":"summary_large_image","twitter_misc":{"\u01af\u1edbc t\u00ednh th\u1eddi gian \u0111\u1ecdc":"1 ph\u00fat"},"schema":{"@context":"https:\/\/schema.org","@graph":[{"@type":"WebPage","@id":"https:\/\/desireonline.shop\/vi\/san-pham\/mx-original-portable-whack-cup-am-dao-gia-nam\/","url":"https:\/\/desireonline.shop\/vi\/san-pham\/mx-original-portable-whack-cup-am-dao-gia-nam\/","name":"MX Original Portable Whack Cup \u00c2m \u0111\u1ea1o gi\u1ea3 nam - Desire","isPartOf":{"@id":"https:\/\/desireonline.shop\/vi\/#website"},"primaryImageOfPage":{"@id":"https:\/\/desireonline.shop\/vi\/san-pham\/mx-original-portable-whack-cup-am-dao-gia-nam\/#primaryimage"},"image":{"@id":"https:\/\/desireonline.shop\/vi\/san-pham\/mx-original-portable-whack-cup-am-dao-gia-nam\/#primaryimage"},"thumbnailUrl":"https:\/\/desireonline.shop\/wp-content\/uploads\/2026\/01\/CN-995945800_00.jpg","datePublished":"2026-01-30T12:49:00+00:00","breadcrumb":{"@id":"https:\/\/desireonline.shop\/vi\/san-pham\/mx-original-portable-whack-cup-am-dao-gia-nam\/#breadcrumb"},"inLanguage":"vi","potentialAction":[{"@type":"ReadAction","target":["https:\/\/desireonline.shop\/vi\/san-pham\/mx-original-portable-whack-cup-am-dao-gia-nam\/"]}]},{"@type":"ImageObject","inLanguage":"vi","@id":"https:\/\/desireonline.shop\/vi\/san-pham\/mx-original-portable-whack-cup-am-dao-gia-nam\/#primaryimage","url":"https:\/\/desireonline.shop\/wp-content\/uploads\/2026\/01\/CN-995945800_00.jpg","contentUrl":"https:\/\/desireonline.shop\/wp-content\/uploads\/2026\/01\/CN-995945800_00.jpg","width":1200,"height":1044},{"@type":"BreadcrumbList","@id":"https:\/\/desireonline.shop\/vi\/san-pham\/mx-original-portable-whack-cup-am-dao-gia-nam\/#breadcrumb","itemListElement":[{"@type":"ListItem","position":1,"name":"Home","item":"https:\/\/desireonline.shop\/vi\/trang-chu\/?lang=vi"},{"@type":"ListItem","position":2,"name":"T\u1ea5t c\u1ea3 s\u1ea3n ph\u1ea9m","item":"https:\/\/desireonline.shop\/cua-hang\/?lang=vi"},{"@type":"ListItem","position":3,"name":"MX Original Portable Whack Cup \u00c2m \u0111\u1ea1o gi\u1ea3 nam"}]},{"@type":"WebSite","@id":"https:\/\/desireonline.shop\/vi\/#website","url":"https:\/\/desireonline.shop\/vi\/","name":"Desire","description":"Sexual Wellness Platform","publisher":{"@id":"https:\/\/desireonline.shop\/vi\/#organization"},"potentialAction":[{"@type":"SearchAction","target":{"@type":"EntryPoint","urlTemplate":"https:\/\/desireonline.shop\/vi\/?s={search_term_string}"},"query-input":{"@type":"PropertyValueSpecification","valueRequired":true,"valueName":"search_term_string"}}],"inLanguage":"vi"},{"@type":"Organization","@id":"https:\/\/desireonline.shop\/vi\/#organization","name":"Desire","url":"https:\/\/desireonline.shop\/vi\/","logo":{"@type":"ImageObject","inLanguage":"vi","@id":"https:\/\/desireonline.shop\/vi\/#\/schema\/logo\/image\/","url":"https:\/\/desireonline.shop\/wp-content\/uploads\/2024\/06\/Logo-Thick-Font-1.webp","contentUrl":"https:\/\/desireonline.shop\/wp-content\/uploads\/2024\/06\/Logo-Thick-Font-1.webp","width":268,"height":399,"caption":"Desire"},"image":{"@id":"https:\/\/desireonline.shop\/vi\/#\/schema\/logo\/image\/"}}]}},"_links":{"self":[{"href":"https:\/\/desireonline.shop\/vi\/wp-json\/wp\/v2\/product\/68862","targetHints":{"allow":["GET"]}}],"collection":[{"href":"https:\/\/desireonline.shop\/vi\/wp-json\/wp\/v2\/product"}],"about":[{"href":"https:\/\/desireonline.shop\/vi\/wp-json\/wp\/v2\/types\/product"}],"replies":[{"embeddable":true,"href":"https:\/\/desireonline.shop\/vi\/wp-json\/wp\/v2\/comments?post=68862"}],"version-history":[{"count":0,"href":"https:\/\/desireonline.shop\/vi\/wp-json\/wp\/v2\/product\/68862\/revisions"}],"wp:featuredmedia":[{"embeddable":true,"href":"https:\/\/desireonline.shop\/vi\/wp-json\/wp\/v2\/media\/60545"}],"wp:attachment":[{"href":"https:\/\/desireonline.shop\/vi\/wp-json\/wp\/v2\/media?parent=68862"}],"wp:term":[{"taxonomy":"product_brand","embeddable":true,"href":"https:\/\/desireonline.shop\/vi\/wp-json\/wp\/v2\/product_brand?post=68862"},{"taxonomy":"product_cat","embeddable":true,"href":"https:\/\/desireonline.shop\/vi\/wp-json\/wp\/v2\/product_cat?post=68862"},{"taxonomy":"product_tag","embeddable":true,"href":"https:\/\/desireonline.shop\/vi\/wp-json\/wp\/v2\/product_tag?post=68862"}],"curies":[{"name":"wp","href":"https:\/\/api.w.org\/{rel}","templated":true}]}}