{"id":68913,"date":"2026-01-30T13:09:00","date_gmt":"2026-01-30T13:09:00","guid":{"rendered":"https:\/\/desireonline.shop\/product\/mx-am-dao-gia-nam-grip-vagina\/"},"modified":"2026-01-30T13:09:00","modified_gmt":"2026-01-30T13:09:00","slug":"mx-am-dao-gia-nam-grip-vagina","status":"publish","type":"product","link":"https:\/\/desireonline.shop\/vi\/san-pham\/mx-am-dao-gia-nam-grip-vagina\/","title":{"rendered":"MX \u00c2m \u0111\u1ea1o gi\u1ea3 nam &#8211; Grip Vagina"},"content":{"rendered":"<p>\u0110\u01b0\u1ee3c thi\u1ebft k\u1ebf \u0111\u1ec3 mang l\u1ea1i c\u1ea3m gi\u00e1c ch\u00e2n th\u1ef1c nh\u1ea5t c\u00f3 th\u1ec3, \u00e2m \u0111\u1ea1o gi\u1ea3 d\u1ea1ng \u00e2m \u0111\u1ea1o n\u00e0y c\u00f3 ph\u1ea7n c\u1eeda v\u00e0o s\u1ed1ng \u0111\u1ed9ng c\u00f9ng l\u1edbp b\u00ean trong c\u00f3 k\u1ebft c\u1ea5u gi\u00fap t\u0103ng c\u01b0\u1eddng c\u1ea3m gi\u00e1c t\u1eeb \u0111\u1ea7u \u0111\u1ebfn cu\u1ed1i. C\u1ea5u tr\u00fac m\u1ec1m m\u1ea1i v\u00e0 linh ho\u1ea1t t\u1ea1o n\u00ean tr\u1ea3i nghi\u1ec7m t\u1ef1 nhi\u00ean v\u00e0 ch\u00e2n th\u1ef1c trong qu\u00e1 tr\u00ecnh s\u1eed d\u1ee5ng.<\/p>\n<p>L\u00fd t\u01b0\u1edfng cho nh\u1eefng ai y\u00eau th\u00edch k\u00edch th\u00edch ch\u00e2n th\u1ef1c, s\u1ea3n ph\u1ea9m \u0111\u01b0\u1ee3c thi\u1ebft k\u1ebf \u0111\u1ec3 mang l\u1ea1i kho\u00e1i c\u1ea3m t\u1eadp trung v\u00e0 th\u1ecfa m\u00e3n theo nh\u1ecbp \u0111\u1ed9 c\u1ee7a ri\u00eang b\u1ea1n. M\u1ed9t l\u1ef1a ch\u1ecdn linh ho\u1ea1t cho nh\u1eefng kho\u1ea3nh kh\u1eafc th\u01b0 gi\u00e3n v\u00e0 t\u1eadn h\u01b0\u1edfng m\u1ed9t m\u00ecnh.<\/p>\n","protected":false},"excerpt":{"rendered":"<p>\u0110\u01b0\u1ee3c thi\u1ebft k\u1ebf \u0111\u1ec3 mang l\u1ea1i c\u1ea3m gi\u00e1c ch\u00e2n th\u1ef1c nh\u1ea5t c\u00f3 th\u1ec3, \u00e2m \u0111\u1ea1o gi\u1ea3 d\u1ea1ng \u00e2m \u0111\u1ea1o n\u00e0y c\u00f3 ph\u1ea7n c\u1eeda v\u00e0o s\u1ed1ng \u0111\u1ed9ng c\u00f9ng l\u1edbp b\u00ean trong&hellip;<\/p>\n","protected":false},"featured_media":60596,"comment_status":"open","ping_status":"closed","template":"","meta":{"_acf_changed":false},"product_brand":[],"product_cat":[1407,1411],"product_tag":[1660,1678,1676,1679,1677],"class_list":{"0":"post-68913","1":"product","2":"type-product","3":"status-publish","4":"has-post-thumbnail","6":"product_cat-am-dao-gia-cho-nam","7":"product_cat-san-pham-mo-phong-am-dao","8":"product_tag-an-toan-cho-co-the","9":"product_tag-cam-giac-chan-thuc","10":"product_tag-danh-cho-nam-gioi","11":"product_tag-tap-trung-vao-duong-vat","12":"product_tag-tu-suong","14":"first","15":"instock","16":"shipping-taxable","17":"purchasable","18":"product-type-simple"},"acf":[],"yoast_head":"<!-- This site is optimized with the Yoast SEO plugin v27.1.1 - https:\/\/yoast.com\/product\/yoast-seo-wordpress\/ -->\n<title>MX \u00c2m \u0111\u1ea1o gi\u1ea3 nam - Grip Vagina - Desire<\/title>\n<meta name=\"robots\" content=\"index, follow, max-snippet:-1, max-image-preview:large, max-video-preview:-1\" \/>\n<link rel=\"canonical\" href=\"https:\/\/desireonline.shop\/vi\/san-pham\/mx-am-dao-gia-nam-grip-vagina\/\" \/>\n<meta property=\"og:locale\" content=\"vi_VN\" \/>\n<meta property=\"og:type\" content=\"article\" \/>\n<meta property=\"og:title\" content=\"MX \u00c2m \u0111\u1ea1o gi\u1ea3 nam - Grip Vagina - Desire\" \/>\n<meta property=\"og:description\" content=\"\u0110\u01b0\u1ee3c thi\u1ebft k\u1ebf \u0111\u1ec3 mang l\u1ea1i c\u1ea3m gi\u00e1c ch\u00e2n th\u1ef1c nh\u1ea5t c\u00f3 th\u1ec3, \u00e2m \u0111\u1ea1o gi\u1ea3 d\u1ea1ng \u00e2m \u0111\u1ea1o n\u00e0y c\u00f3 ph\u1ea7n c\u1eeda v\u00e0o s\u1ed1ng \u0111\u1ed9ng c\u00f9ng l\u1edbp b\u00ean trong&hellip;\" \/>\n<meta property=\"og:url\" content=\"https:\/\/desireonline.shop\/vi\/san-pham\/mx-am-dao-gia-nam-grip-vagina\/\" \/>\n<meta property=\"og:site_name\" content=\"Desire\" \/>\n<meta property=\"og:image\" content=\"https:\/\/desireonline.shop\/wp-content\/uploads\/2026\/01\/CN-620862149_00.jpg\" \/>\n\t<meta property=\"og:image:width\" content=\"2000\" \/>\n\t<meta property=\"og:image:height\" content=\"2000\" \/>\n\t<meta property=\"og:image:type\" content=\"image\/jpeg\" \/>\n<meta name=\"twitter:card\" content=\"summary_large_image\" \/>\n<meta name=\"twitter:label1\" content=\"\u01af\u1edbc t\u00ednh th\u1eddi gian \u0111\u1ecdc\" \/>\n\t<meta name=\"twitter:data1\" content=\"1 ph\u00fat\" \/>\n<script type=\"application\/ld+json\" class=\"yoast-schema-graph\">{\"@context\":\"https:\/\/schema.org\",\"@graph\":[{\"@type\":\"WebPage\",\"@id\":\"https:\/\/desireonline.shop\/vi\/san-pham\/mx-am-dao-gia-nam-grip-vagina\/\",\"url\":\"https:\/\/desireonline.shop\/vi\/san-pham\/mx-am-dao-gia-nam-grip-vagina\/\",\"name\":\"MX \u00c2m \u0111\u1ea1o gi\u1ea3 nam - Grip Vagina - Desire\",\"isPartOf\":{\"@id\":\"https:\/\/desireonline.shop\/vi\/#website\"},\"primaryImageOfPage\":{\"@id\":\"https:\/\/desireonline.shop\/vi\/san-pham\/mx-am-dao-gia-nam-grip-vagina\/#primaryimage\"},\"image\":{\"@id\":\"https:\/\/desireonline.shop\/vi\/san-pham\/mx-am-dao-gia-nam-grip-vagina\/#primaryimage\"},\"thumbnailUrl\":\"https:\/\/desireonline.shop\/wp-content\/uploads\/2026\/01\/CN-620862149_00.jpg\",\"datePublished\":\"2026-01-30T13:09:00+00:00\",\"breadcrumb\":{\"@id\":\"https:\/\/desireonline.shop\/vi\/san-pham\/mx-am-dao-gia-nam-grip-vagina\/#breadcrumb\"},\"inLanguage\":\"vi\",\"potentialAction\":[{\"@type\":\"ReadAction\",\"target\":[\"https:\/\/desireonline.shop\/vi\/san-pham\/mx-am-dao-gia-nam-grip-vagina\/\"]}]},{\"@type\":\"ImageObject\",\"inLanguage\":\"vi\",\"@id\":\"https:\/\/desireonline.shop\/vi\/san-pham\/mx-am-dao-gia-nam-grip-vagina\/#primaryimage\",\"url\":\"https:\/\/desireonline.shop\/wp-content\/uploads\/2026\/01\/CN-620862149_00.jpg\",\"contentUrl\":\"https:\/\/desireonline.shop\/wp-content\/uploads\/2026\/01\/CN-620862149_00.jpg\",\"width\":2000,\"height\":2000},{\"@type\":\"BreadcrumbList\",\"@id\":\"https:\/\/desireonline.shop\/vi\/san-pham\/mx-am-dao-gia-nam-grip-vagina\/#breadcrumb\",\"itemListElement\":[{\"@type\":\"ListItem\",\"position\":1,\"name\":\"Home\",\"item\":\"https:\/\/desireonline.shop\/vi\/trang-chu\/?lang=vi\"},{\"@type\":\"ListItem\",\"position\":2,\"name\":\"T\u1ea5t c\u1ea3 s\u1ea3n ph\u1ea9m\",\"item\":\"https:\/\/desireonline.shop\/cua-hang\/?lang=vi\"},{\"@type\":\"ListItem\",\"position\":3,\"name\":\"MX \u00c2m \u0111\u1ea1o gi\u1ea3 nam &#8211; Grip Vagina\"}]},{\"@type\":\"WebSite\",\"@id\":\"https:\/\/desireonline.shop\/vi\/#website\",\"url\":\"https:\/\/desireonline.shop\/vi\/\",\"name\":\"Desire\",\"description\":\"Sexual Wellness Platform\",\"publisher\":{\"@id\":\"https:\/\/desireonline.shop\/vi\/#organization\"},\"potentialAction\":[{\"@type\":\"SearchAction\",\"target\":{\"@type\":\"EntryPoint\",\"urlTemplate\":\"https:\/\/desireonline.shop\/vi\/?s={search_term_string}\"},\"query-input\":{\"@type\":\"PropertyValueSpecification\",\"valueRequired\":true,\"valueName\":\"search_term_string\"}}],\"inLanguage\":\"vi\"},{\"@type\":\"Organization\",\"@id\":\"https:\/\/desireonline.shop\/vi\/#organization\",\"name\":\"Desire\",\"url\":\"https:\/\/desireonline.shop\/vi\/\",\"logo\":{\"@type\":\"ImageObject\",\"inLanguage\":\"vi\",\"@id\":\"https:\/\/desireonline.shop\/vi\/#\/schema\/logo\/image\/\",\"url\":\"https:\/\/desireonline.shop\/wp-content\/uploads\/2024\/06\/Logo-Thick-Font-1.webp\",\"contentUrl\":\"https:\/\/desireonline.shop\/wp-content\/uploads\/2024\/06\/Logo-Thick-Font-1.webp\",\"width\":268,\"height\":399,\"caption\":\"Desire\"},\"image\":{\"@id\":\"https:\/\/desireonline.shop\/vi\/#\/schema\/logo\/image\/\"}}]}<\/script>\n<!-- \/ Yoast SEO plugin. -->","yoast_head_json":{"title":"MX \u00c2m \u0111\u1ea1o gi\u1ea3 nam - Grip Vagina - Desire","robots":{"index":"index","follow":"follow","max-snippet":"max-snippet:-1","max-image-preview":"max-image-preview:large","max-video-preview":"max-video-preview:-1"},"canonical":"https:\/\/desireonline.shop\/vi\/san-pham\/mx-am-dao-gia-nam-grip-vagina\/","og_locale":"vi_VN","og_type":"article","og_title":"MX \u00c2m \u0111\u1ea1o gi\u1ea3 nam - Grip Vagina - Desire","og_description":"\u0110\u01b0\u1ee3c thi\u1ebft k\u1ebf \u0111\u1ec3 mang l\u1ea1i c\u1ea3m gi\u00e1c ch\u00e2n th\u1ef1c nh\u1ea5t c\u00f3 th\u1ec3, \u00e2m \u0111\u1ea1o gi\u1ea3 d\u1ea1ng \u00e2m \u0111\u1ea1o n\u00e0y c\u00f3 ph\u1ea7n c\u1eeda v\u00e0o s\u1ed1ng \u0111\u1ed9ng c\u00f9ng l\u1edbp b\u00ean trong&hellip;","og_url":"https:\/\/desireonline.shop\/vi\/san-pham\/mx-am-dao-gia-nam-grip-vagina\/","og_site_name":"Desire","og_image":[{"width":2000,"height":2000,"url":"https:\/\/desireonline.shop\/wp-content\/uploads\/2026\/01\/CN-620862149_00.jpg","type":"image\/jpeg"}],"twitter_card":"summary_large_image","twitter_misc":{"\u01af\u1edbc t\u00ednh th\u1eddi gian \u0111\u1ecdc":"1 ph\u00fat"},"schema":{"@context":"https:\/\/schema.org","@graph":[{"@type":"WebPage","@id":"https:\/\/desireonline.shop\/vi\/san-pham\/mx-am-dao-gia-nam-grip-vagina\/","url":"https:\/\/desireonline.shop\/vi\/san-pham\/mx-am-dao-gia-nam-grip-vagina\/","name":"MX \u00c2m \u0111\u1ea1o gi\u1ea3 nam - Grip Vagina - Desire","isPartOf":{"@id":"https:\/\/desireonline.shop\/vi\/#website"},"primaryImageOfPage":{"@id":"https:\/\/desireonline.shop\/vi\/san-pham\/mx-am-dao-gia-nam-grip-vagina\/#primaryimage"},"image":{"@id":"https:\/\/desireonline.shop\/vi\/san-pham\/mx-am-dao-gia-nam-grip-vagina\/#primaryimage"},"thumbnailUrl":"https:\/\/desireonline.shop\/wp-content\/uploads\/2026\/01\/CN-620862149_00.jpg","datePublished":"2026-01-30T13:09:00+00:00","breadcrumb":{"@id":"https:\/\/desireonline.shop\/vi\/san-pham\/mx-am-dao-gia-nam-grip-vagina\/#breadcrumb"},"inLanguage":"vi","potentialAction":[{"@type":"ReadAction","target":["https:\/\/desireonline.shop\/vi\/san-pham\/mx-am-dao-gia-nam-grip-vagina\/"]}]},{"@type":"ImageObject","inLanguage":"vi","@id":"https:\/\/desireonline.shop\/vi\/san-pham\/mx-am-dao-gia-nam-grip-vagina\/#primaryimage","url":"https:\/\/desireonline.shop\/wp-content\/uploads\/2026\/01\/CN-620862149_00.jpg","contentUrl":"https:\/\/desireonline.shop\/wp-content\/uploads\/2026\/01\/CN-620862149_00.jpg","width":2000,"height":2000},{"@type":"BreadcrumbList","@id":"https:\/\/desireonline.shop\/vi\/san-pham\/mx-am-dao-gia-nam-grip-vagina\/#breadcrumb","itemListElement":[{"@type":"ListItem","position":1,"name":"Home","item":"https:\/\/desireonline.shop\/vi\/trang-chu\/?lang=vi"},{"@type":"ListItem","position":2,"name":"T\u1ea5t c\u1ea3 s\u1ea3n ph\u1ea9m","item":"https:\/\/desireonline.shop\/cua-hang\/?lang=vi"},{"@type":"ListItem","position":3,"name":"MX \u00c2m \u0111\u1ea1o gi\u1ea3 nam &#8211; Grip Vagina"}]},{"@type":"WebSite","@id":"https:\/\/desireonline.shop\/vi\/#website","url":"https:\/\/desireonline.shop\/vi\/","name":"Desire","description":"Sexual Wellness Platform","publisher":{"@id":"https:\/\/desireonline.shop\/vi\/#organization"},"potentialAction":[{"@type":"SearchAction","target":{"@type":"EntryPoint","urlTemplate":"https:\/\/desireonline.shop\/vi\/?s={search_term_string}"},"query-input":{"@type":"PropertyValueSpecification","valueRequired":true,"valueName":"search_term_string"}}],"inLanguage":"vi"},{"@type":"Organization","@id":"https:\/\/desireonline.shop\/vi\/#organization","name":"Desire","url":"https:\/\/desireonline.shop\/vi\/","logo":{"@type":"ImageObject","inLanguage":"vi","@id":"https:\/\/desireonline.shop\/vi\/#\/schema\/logo\/image\/","url":"https:\/\/desireonline.shop\/wp-content\/uploads\/2024\/06\/Logo-Thick-Font-1.webp","contentUrl":"https:\/\/desireonline.shop\/wp-content\/uploads\/2024\/06\/Logo-Thick-Font-1.webp","width":268,"height":399,"caption":"Desire"},"image":{"@id":"https:\/\/desireonline.shop\/vi\/#\/schema\/logo\/image\/"}}]}},"_links":{"self":[{"href":"https:\/\/desireonline.shop\/vi\/wp-json\/wp\/v2\/product\/68913","targetHints":{"allow":["GET"]}}],"collection":[{"href":"https:\/\/desireonline.shop\/vi\/wp-json\/wp\/v2\/product"}],"about":[{"href":"https:\/\/desireonline.shop\/vi\/wp-json\/wp\/v2\/types\/product"}],"replies":[{"embeddable":true,"href":"https:\/\/desireonline.shop\/vi\/wp-json\/wp\/v2\/comments?post=68913"}],"version-history":[{"count":0,"href":"https:\/\/desireonline.shop\/vi\/wp-json\/wp\/v2\/product\/68913\/revisions"}],"wp:featuredmedia":[{"embeddable":true,"href":"https:\/\/desireonline.shop\/vi\/wp-json\/wp\/v2\/media\/60596"}],"wp:attachment":[{"href":"https:\/\/desireonline.shop\/vi\/wp-json\/wp\/v2\/media?parent=68913"}],"wp:term":[{"taxonomy":"product_brand","embeddable":true,"href":"https:\/\/desireonline.shop\/vi\/wp-json\/wp\/v2\/product_brand?post=68913"},{"taxonomy":"product_cat","embeddable":true,"href":"https:\/\/desireonline.shop\/vi\/wp-json\/wp\/v2\/product_cat?post=68913"},{"taxonomy":"product_tag","embeddable":true,"href":"https:\/\/desireonline.shop\/vi\/wp-json\/wp\/v2\/product_tag?post=68913"}],"curies":[{"name":"wp","href":"https:\/\/api.w.org\/{rel}","templated":true}]}}