{"id":68920,"date":"2026-01-30T13:18:00","date_gmt":"2026-01-30T13:18:00","guid":{"rendered":"https:\/\/desireonline.shop\/product\/mx-am-dao-gia-nam-fellatio-performer\/"},"modified":"2026-01-30T13:18:00","modified_gmt":"2026-01-30T13:18:00","slug":"mx-am-dao-gia-nam-fellatio-performer","status":"publish","type":"product","link":"https:\/\/desireonline.shop\/vi\/san-pham\/mx-am-dao-gia-nam-fellatio-performer\/","title":{"rendered":"MX \u00c2m \u0111\u1ea1o gi\u1ea3 nam &#8211; Fellatio Performer"},"content":{"rendered":"<p>\u0110\u01b0\u1ee3c thi\u1ebft k\u1ebf \u0111\u1ec3 m\u00f4 ph\u1ecfng k\u00edch th\u00edch ki\u1ec3u oral, \u00e2m \u0111\u1ea1o gi\u1ea3 rung n\u00e0y k\u1ebft h\u1ee3p ph\u1ea7n b\u00ean trong c\u00f3 k\u1ebft c\u1ea5u v\u1edbi 10 ch\u1ebf \u0111\u1ed9 rung \u0111\u1ec3 t\u1ea1o n\u00ean tr\u1ea3i nghi\u1ec7m n\u0103ng \u0111\u1ed9ng v\u00e0 cu\u1ed1n h\u00fat. T\u1eeb nh\u1eefng nh\u1ecbp rung nh\u1eb9 nh\u00e0ng \u0111\u1ebfn c\u00e1c xung rung m\u1ea1nh m\u1ebd h\u01a1n, s\u1ea3n ph\u1ea9m cho ph\u00e9p b\u1ea1n kh\u00e1m ph\u00e1 nhi\u1ec1u c\u1ea3m gi\u00e1c kh\u00e1c nhau.<\/p>\n<p>V\u1eadt li\u1ec7u kh\u00f4ng ch\u1ee9a phthalate mang l\u1ea1i s\u1ef1 y\u00ean t\u00e2m khi s\u1eed d\u1ee5ng, trong khi c\u00e1c n\u00fat \u0111i\u1ec1u khi\u1ec3n d\u1ec5 d\u00f9ng gi\u00fap b\u1ea1n t\u1eadp trung tr\u1ecdn v\u1eb9n v\u00e0o tr\u1ea3i nghi\u1ec7m. L\u00fd t\u01b0\u1edfng cho nh\u1eefng ai mu\u1ed1n th\u00eam rung \u0111\u1ed9ng v\u00e0 s\u1ef1 \u0111a d\u1ea1ng v\u00e0o nh\u1eefng kho\u1ea3nh kh\u1eafc t\u1eadn h\u01b0\u1edfng m\u1ed9t m\u00ecnh.<\/p>\n","protected":false},"excerpt":{"rendered":"<p>\u0110\u01b0\u1ee3c thi\u1ebft k\u1ebf \u0111\u1ec3 m\u00f4 ph\u1ecfng k\u00edch th\u00edch ki\u1ec3u oral, \u00e2m \u0111\u1ea1o gi\u1ea3 rung n\u00e0y k\u1ebft h\u1ee3p ph\u1ea7n b\u00ean trong c\u00f3 k\u1ebft c\u1ea5u v\u1edbi 10 ch\u1ebf \u0111\u1ed9 rung \u0111\u1ec3 t\u1ea1o&hellip;<\/p>\n","protected":false},"featured_media":60603,"comment_status":"open","ping_status":"closed","template":"","meta":{"_acf_changed":false},"product_brand":[],"product_cat":[1407,1440],"product_tag":[1660,1678,1676,1679,1677],"class_list":{"0":"post-68920","1":"product","2":"type-product","3":"status-publish","4":"has-post-thumbnail","6":"product_cat-am-dao-gia-cho-nam","7":"product_cat-do-choi-nam-gioi-thuc-te","8":"product_tag-an-toan-cho-co-the","9":"product_tag-cam-giac-chan-thuc","10":"product_tag-danh-cho-nam-gioi","11":"product_tag-tap-trung-vao-duong-vat","12":"product_tag-tu-suong","14":"first","15":"instock","16":"shipping-taxable","17":"purchasable","18":"product-type-simple"},"acf":[],"yoast_head":"<!-- This site is optimized with the Yoast SEO plugin v27.1.1 - https:\/\/yoast.com\/product\/yoast-seo-wordpress\/ -->\n<title>MX \u00c2m \u0111\u1ea1o gi\u1ea3 nam - Fellatio Performer - Desire<\/title>\n<meta name=\"robots\" content=\"index, follow, max-snippet:-1, max-image-preview:large, max-video-preview:-1\" \/>\n<link rel=\"canonical\" href=\"https:\/\/desireonline.shop\/vi\/san-pham\/mx-am-dao-gia-nam-fellatio-performer\/\" \/>\n<meta property=\"og:locale\" content=\"vi_VN\" \/>\n<meta property=\"og:type\" content=\"article\" \/>\n<meta property=\"og:title\" content=\"MX \u00c2m \u0111\u1ea1o gi\u1ea3 nam - Fellatio Performer - Desire\" \/>\n<meta property=\"og:description\" content=\"\u0110\u01b0\u1ee3c thi\u1ebft k\u1ebf \u0111\u1ec3 m\u00f4 ph\u1ecfng k\u00edch th\u00edch ki\u1ec3u oral, \u00e2m \u0111\u1ea1o gi\u1ea3 rung n\u00e0y k\u1ebft h\u1ee3p ph\u1ea7n b\u00ean trong c\u00f3 k\u1ebft c\u1ea5u v\u1edbi 10 ch\u1ebf \u0111\u1ed9 rung \u0111\u1ec3 t\u1ea1o&hellip;\" \/>\n<meta property=\"og:url\" content=\"https:\/\/desireonline.shop\/vi\/san-pham\/mx-am-dao-gia-nam-fellatio-performer\/\" \/>\n<meta property=\"og:site_name\" content=\"Desire\" \/>\n<meta property=\"og:image\" content=\"https:\/\/desireonline.shop\/wp-content\/uploads\/2026\/01\/CN-590832382_00.jpg\" \/>\n\t<meta property=\"og:image:width\" content=\"1000\" \/>\n\t<meta property=\"og:image:height\" content=\"1000\" \/>\n\t<meta property=\"og:image:type\" content=\"image\/jpeg\" \/>\n<meta name=\"twitter:card\" content=\"summary_large_image\" \/>\n<meta name=\"twitter:label1\" content=\"\u01af\u1edbc t\u00ednh th\u1eddi gian \u0111\u1ecdc\" \/>\n\t<meta name=\"twitter:data1\" content=\"1 ph\u00fat\" \/>\n<script type=\"application\/ld+json\" class=\"yoast-schema-graph\">{\"@context\":\"https:\/\/schema.org\",\"@graph\":[{\"@type\":\"WebPage\",\"@id\":\"https:\/\/desireonline.shop\/vi\/san-pham\/mx-am-dao-gia-nam-fellatio-performer\/\",\"url\":\"https:\/\/desireonline.shop\/vi\/san-pham\/mx-am-dao-gia-nam-fellatio-performer\/\",\"name\":\"MX \u00c2m \u0111\u1ea1o gi\u1ea3 nam - Fellatio Performer - Desire\",\"isPartOf\":{\"@id\":\"https:\/\/desireonline.shop\/vi\/#website\"},\"primaryImageOfPage\":{\"@id\":\"https:\/\/desireonline.shop\/vi\/san-pham\/mx-am-dao-gia-nam-fellatio-performer\/#primaryimage\"},\"image\":{\"@id\":\"https:\/\/desireonline.shop\/vi\/san-pham\/mx-am-dao-gia-nam-fellatio-performer\/#primaryimage\"},\"thumbnailUrl\":\"https:\/\/desireonline.shop\/wp-content\/uploads\/2026\/01\/CN-590832382_00.jpg\",\"datePublished\":\"2026-01-30T13:18:00+00:00\",\"breadcrumb\":{\"@id\":\"https:\/\/desireonline.shop\/vi\/san-pham\/mx-am-dao-gia-nam-fellatio-performer\/#breadcrumb\"},\"inLanguage\":\"vi\",\"potentialAction\":[{\"@type\":\"ReadAction\",\"target\":[\"https:\/\/desireonline.shop\/vi\/san-pham\/mx-am-dao-gia-nam-fellatio-performer\/\"]}]},{\"@type\":\"ImageObject\",\"inLanguage\":\"vi\",\"@id\":\"https:\/\/desireonline.shop\/vi\/san-pham\/mx-am-dao-gia-nam-fellatio-performer\/#primaryimage\",\"url\":\"https:\/\/desireonline.shop\/wp-content\/uploads\/2026\/01\/CN-590832382_00.jpg\",\"contentUrl\":\"https:\/\/desireonline.shop\/wp-content\/uploads\/2026\/01\/CN-590832382_00.jpg\",\"width\":1000,\"height\":1000},{\"@type\":\"BreadcrumbList\",\"@id\":\"https:\/\/desireonline.shop\/vi\/san-pham\/mx-am-dao-gia-nam-fellatio-performer\/#breadcrumb\",\"itemListElement\":[{\"@type\":\"ListItem\",\"position\":1,\"name\":\"Home\",\"item\":\"https:\/\/desireonline.shop\/vi\/trang-chu\/?lang=vi\"},{\"@type\":\"ListItem\",\"position\":2,\"name\":\"T\u1ea5t c\u1ea3 s\u1ea3n ph\u1ea9m\",\"item\":\"https:\/\/desireonline.shop\/cua-hang\/?lang=vi\"},{\"@type\":\"ListItem\",\"position\":3,\"name\":\"MX \u00c2m \u0111\u1ea1o gi\u1ea3 nam &#8211; Fellatio Performer\"}]},{\"@type\":\"WebSite\",\"@id\":\"https:\/\/desireonline.shop\/vi\/#website\",\"url\":\"https:\/\/desireonline.shop\/vi\/\",\"name\":\"Desire\",\"description\":\"Sexual Wellness Platform\",\"publisher\":{\"@id\":\"https:\/\/desireonline.shop\/vi\/#organization\"},\"potentialAction\":[{\"@type\":\"SearchAction\",\"target\":{\"@type\":\"EntryPoint\",\"urlTemplate\":\"https:\/\/desireonline.shop\/vi\/?s={search_term_string}\"},\"query-input\":{\"@type\":\"PropertyValueSpecification\",\"valueRequired\":true,\"valueName\":\"search_term_string\"}}],\"inLanguage\":\"vi\"},{\"@type\":\"Organization\",\"@id\":\"https:\/\/desireonline.shop\/vi\/#organization\",\"name\":\"Desire\",\"url\":\"https:\/\/desireonline.shop\/vi\/\",\"logo\":{\"@type\":\"ImageObject\",\"inLanguage\":\"vi\",\"@id\":\"https:\/\/desireonline.shop\/vi\/#\/schema\/logo\/image\/\",\"url\":\"https:\/\/desireonline.shop\/wp-content\/uploads\/2024\/06\/Logo-Thick-Font-1.webp\",\"contentUrl\":\"https:\/\/desireonline.shop\/wp-content\/uploads\/2024\/06\/Logo-Thick-Font-1.webp\",\"width\":268,\"height\":399,\"caption\":\"Desire\"},\"image\":{\"@id\":\"https:\/\/desireonline.shop\/vi\/#\/schema\/logo\/image\/\"}}]}<\/script>\n<!-- \/ Yoast SEO plugin. -->","yoast_head_json":{"title":"MX \u00c2m \u0111\u1ea1o gi\u1ea3 nam - Fellatio Performer - Desire","robots":{"index":"index","follow":"follow","max-snippet":"max-snippet:-1","max-image-preview":"max-image-preview:large","max-video-preview":"max-video-preview:-1"},"canonical":"https:\/\/desireonline.shop\/vi\/san-pham\/mx-am-dao-gia-nam-fellatio-performer\/","og_locale":"vi_VN","og_type":"article","og_title":"MX \u00c2m \u0111\u1ea1o gi\u1ea3 nam - Fellatio Performer - Desire","og_description":"\u0110\u01b0\u1ee3c thi\u1ebft k\u1ebf \u0111\u1ec3 m\u00f4 ph\u1ecfng k\u00edch th\u00edch ki\u1ec3u oral, \u00e2m \u0111\u1ea1o gi\u1ea3 rung n\u00e0y k\u1ebft h\u1ee3p ph\u1ea7n b\u00ean trong c\u00f3 k\u1ebft c\u1ea5u v\u1edbi 10 ch\u1ebf \u0111\u1ed9 rung \u0111\u1ec3 t\u1ea1o&hellip;","og_url":"https:\/\/desireonline.shop\/vi\/san-pham\/mx-am-dao-gia-nam-fellatio-performer\/","og_site_name":"Desire","og_image":[{"width":1000,"height":1000,"url":"https:\/\/desireonline.shop\/wp-content\/uploads\/2026\/01\/CN-590832382_00.jpg","type":"image\/jpeg"}],"twitter_card":"summary_large_image","twitter_misc":{"\u01af\u1edbc t\u00ednh th\u1eddi gian \u0111\u1ecdc":"1 ph\u00fat"},"schema":{"@context":"https:\/\/schema.org","@graph":[{"@type":"WebPage","@id":"https:\/\/desireonline.shop\/vi\/san-pham\/mx-am-dao-gia-nam-fellatio-performer\/","url":"https:\/\/desireonline.shop\/vi\/san-pham\/mx-am-dao-gia-nam-fellatio-performer\/","name":"MX \u00c2m \u0111\u1ea1o gi\u1ea3 nam - Fellatio Performer - Desire","isPartOf":{"@id":"https:\/\/desireonline.shop\/vi\/#website"},"primaryImageOfPage":{"@id":"https:\/\/desireonline.shop\/vi\/san-pham\/mx-am-dao-gia-nam-fellatio-performer\/#primaryimage"},"image":{"@id":"https:\/\/desireonline.shop\/vi\/san-pham\/mx-am-dao-gia-nam-fellatio-performer\/#primaryimage"},"thumbnailUrl":"https:\/\/desireonline.shop\/wp-content\/uploads\/2026\/01\/CN-590832382_00.jpg","datePublished":"2026-01-30T13:18:00+00:00","breadcrumb":{"@id":"https:\/\/desireonline.shop\/vi\/san-pham\/mx-am-dao-gia-nam-fellatio-performer\/#breadcrumb"},"inLanguage":"vi","potentialAction":[{"@type":"ReadAction","target":["https:\/\/desireonline.shop\/vi\/san-pham\/mx-am-dao-gia-nam-fellatio-performer\/"]}]},{"@type":"ImageObject","inLanguage":"vi","@id":"https:\/\/desireonline.shop\/vi\/san-pham\/mx-am-dao-gia-nam-fellatio-performer\/#primaryimage","url":"https:\/\/desireonline.shop\/wp-content\/uploads\/2026\/01\/CN-590832382_00.jpg","contentUrl":"https:\/\/desireonline.shop\/wp-content\/uploads\/2026\/01\/CN-590832382_00.jpg","width":1000,"height":1000},{"@type":"BreadcrumbList","@id":"https:\/\/desireonline.shop\/vi\/san-pham\/mx-am-dao-gia-nam-fellatio-performer\/#breadcrumb","itemListElement":[{"@type":"ListItem","position":1,"name":"Home","item":"https:\/\/desireonline.shop\/vi\/trang-chu\/?lang=vi"},{"@type":"ListItem","position":2,"name":"T\u1ea5t c\u1ea3 s\u1ea3n ph\u1ea9m","item":"https:\/\/desireonline.shop\/cua-hang\/?lang=vi"},{"@type":"ListItem","position":3,"name":"MX \u00c2m \u0111\u1ea1o gi\u1ea3 nam &#8211; Fellatio Performer"}]},{"@type":"WebSite","@id":"https:\/\/desireonline.shop\/vi\/#website","url":"https:\/\/desireonline.shop\/vi\/","name":"Desire","description":"Sexual Wellness Platform","publisher":{"@id":"https:\/\/desireonline.shop\/vi\/#organization"},"potentialAction":[{"@type":"SearchAction","target":{"@type":"EntryPoint","urlTemplate":"https:\/\/desireonline.shop\/vi\/?s={search_term_string}"},"query-input":{"@type":"PropertyValueSpecification","valueRequired":true,"valueName":"search_term_string"}}],"inLanguage":"vi"},{"@type":"Organization","@id":"https:\/\/desireonline.shop\/vi\/#organization","name":"Desire","url":"https:\/\/desireonline.shop\/vi\/","logo":{"@type":"ImageObject","inLanguage":"vi","@id":"https:\/\/desireonline.shop\/vi\/#\/schema\/logo\/image\/","url":"https:\/\/desireonline.shop\/wp-content\/uploads\/2024\/06\/Logo-Thick-Font-1.webp","contentUrl":"https:\/\/desireonline.shop\/wp-content\/uploads\/2024\/06\/Logo-Thick-Font-1.webp","width":268,"height":399,"caption":"Desire"},"image":{"@id":"https:\/\/desireonline.shop\/vi\/#\/schema\/logo\/image\/"}}]}},"_links":{"self":[{"href":"https:\/\/desireonline.shop\/vi\/wp-json\/wp\/v2\/product\/68920","targetHints":{"allow":["GET"]}}],"collection":[{"href":"https:\/\/desireonline.shop\/vi\/wp-json\/wp\/v2\/product"}],"about":[{"href":"https:\/\/desireonline.shop\/vi\/wp-json\/wp\/v2\/types\/product"}],"replies":[{"embeddable":true,"href":"https:\/\/desireonline.shop\/vi\/wp-json\/wp\/v2\/comments?post=68920"}],"version-history":[{"count":0,"href":"https:\/\/desireonline.shop\/vi\/wp-json\/wp\/v2\/product\/68920\/revisions"}],"wp:featuredmedia":[{"embeddable":true,"href":"https:\/\/desireonline.shop\/vi\/wp-json\/wp\/v2\/media\/60603"}],"wp:attachment":[{"href":"https:\/\/desireonline.shop\/vi\/wp-json\/wp\/v2\/media?parent=68920"}],"wp:term":[{"taxonomy":"product_brand","embeddable":true,"href":"https:\/\/desireonline.shop\/vi\/wp-json\/wp\/v2\/product_brand?post=68920"},{"taxonomy":"product_cat","embeddable":true,"href":"https:\/\/desireonline.shop\/vi\/wp-json\/wp\/v2\/product_cat?post=68920"},{"taxonomy":"product_tag","embeddable":true,"href":"https:\/\/desireonline.shop\/vi\/wp-json\/wp\/v2\/product_tag?post=68920"}],"curies":[{"name":"wp","href":"https:\/\/api.w.org\/{rel}","templated":true}]}}