{"id":68932,"date":"2026-01-30T13:23:00","date_gmt":"2026-01-30T13:23:00","guid":{"rendered":"https:\/\/desireonline.shop\/product\/mx-happy-cup-am-dao-gia-nam-hau-mon-purple\/"},"modified":"2026-01-30T13:23:00","modified_gmt":"2026-01-30T13:23:00","slug":"mx-happy-cup-am-dao-gia-nam-hau-mon-purple","status":"publish","type":"product","link":"https:\/\/desireonline.shop\/vi\/san-pham\/mx-happy-cup-am-dao-gia-nam-hau-mon-purple\/","title":{"rendered":"MX Happy Cup \u00c2m \u0111\u1ea1o gi\u1ea3 nam &amp; h\u1eadu m\u00f4n &#8211; Purple"},"content":{"rendered":"<p>\u0110\u01b0\u1ee3c thi\u1ebft k\u1ebf \u0111\u1ec3 mang l\u1ea1i nhi\u1ec1u c\u1ea3m gi\u00e1c \u0111a d\u1ea1ng v\u00e0 th\u1ecfa m\u00e3n, \u00e2m \u0111\u1ea1o gi\u1ea3 hai \u0111\u1ea7u v\u00e0o n\u00e0y k\u1ebft h\u1ee3p c\u1ea3m gi\u00e1c ch\u00e2n th\u1ef1c v\u1edbi ch\u1ee9c n\u0103ng rung t\u00edch h\u1ee3p \u0111\u1ec3 t\u0103ng c\u01b0\u1eddng kho\u00e1i c\u1ea3m. K\u1ebft c\u1ea5u m\u1ec1m m\u1ea1i t\u1ea1o n\u00ean c\u1ea3m gi\u00e1c t\u1ef1 nhi\u00ean v\u00e0 tho\u1ea3i m\u00e1i, d\u1ec5 d\u00e0ng t\u1eadn h\u01b0\u1edfng theo nh\u1ecbp \u0111\u1ed9 c\u1ee7a ri\u00eang b\u1ea1n.<\/p>\n<p>Rung \u0111\u1ed9ng t\u0103ng th\u00eam \u0111\u1ed9 s\u00e2u v\u00e0 c\u01b0\u1eddng \u0111\u1ed9, khi\u1ebfn m\u1ed7i l\u1ea7n s\u1eed d\u1ee5ng tr\u1edf n\u00ean cu\u1ed1n h\u00fat h\u01a1n. M\u1ed9t l\u1ef1a ch\u1ecdn tuy\u1ec7t v\u1eddi cho nh\u1eefng ai th\u00edch thay \u0111\u1ed5i c\u1ea3m gi\u00e1c v\u00e0 kh\u00e1m ph\u00e1 c\u00e1c ki\u1ec3u k\u00edch th\u00edch kh\u00e1c nhau.<\/p>\n","protected":false},"excerpt":{"rendered":"<p>\u0110\u01b0\u1ee3c thi\u1ebft k\u1ebf \u0111\u1ec3 mang l\u1ea1i nhi\u1ec1u c\u1ea3m gi\u00e1c \u0111a d\u1ea1ng v\u00e0 th\u1ecfa m\u00e3n, \u00e2m \u0111\u1ea1o gi\u1ea3 hai \u0111\u1ea7u v\u00e0o n\u00e0y k\u1ebft h\u1ee3p c\u1ea3m gi\u00e1c ch\u00e2n th\u1ef1c v\u1edbi ch\u1ee9c n\u0103ng&hellip;<\/p>\n","protected":false},"featured_media":60615,"comment_status":"open","ping_status":"closed","template":"","meta":{"_acf_changed":false},"product_brand":[],"product_cat":[1411],"product_tag":[1660,1678,1676,1679,1677],"class_list":{"0":"post-68932","1":"product","2":"type-product","3":"status-publish","4":"has-post-thumbnail","6":"product_cat-san-pham-mo-phong-am-dao","7":"product_tag-an-toan-cho-co-the","8":"product_tag-cam-giac-chan-thuc","9":"product_tag-danh-cho-nam-gioi","10":"product_tag-tap-trung-vao-duong-vat","11":"product_tag-tu-suong","13":"first","14":"instock","15":"shipping-taxable","16":"purchasable","17":"product-type-simple"},"acf":[],"yoast_head":"<!-- This site is optimized with the Yoast SEO plugin v27.1.1 - https:\/\/yoast.com\/product\/yoast-seo-wordpress\/ -->\n<title>MX Happy Cup \u00c2m \u0111\u1ea1o gi\u1ea3 nam &amp; h\u1eadu m\u00f4n - Purple - Desire<\/title>\n<meta name=\"robots\" content=\"index, follow, max-snippet:-1, max-image-preview:large, max-video-preview:-1\" \/>\n<link rel=\"canonical\" href=\"https:\/\/desireonline.shop\/vi\/san-pham\/mx-happy-cup-am-dao-gia-nam-hau-mon-purple\/\" \/>\n<meta property=\"og:locale\" content=\"vi_VN\" \/>\n<meta property=\"og:type\" content=\"article\" \/>\n<meta property=\"og:title\" content=\"MX Happy Cup \u00c2m \u0111\u1ea1o gi\u1ea3 nam &amp; h\u1eadu m\u00f4n - Purple - Desire\" \/>\n<meta property=\"og:description\" content=\"\u0110\u01b0\u1ee3c thi\u1ebft k\u1ebf \u0111\u1ec3 mang l\u1ea1i nhi\u1ec1u c\u1ea3m gi\u00e1c \u0111a d\u1ea1ng v\u00e0 th\u1ecfa m\u00e3n, \u00e2m \u0111\u1ea1o gi\u1ea3 hai \u0111\u1ea7u v\u00e0o n\u00e0y k\u1ebft h\u1ee3p c\u1ea3m gi\u00e1c ch\u00e2n th\u1ef1c v\u1edbi ch\u1ee9c n\u0103ng&hellip;\" \/>\n<meta property=\"og:url\" content=\"https:\/\/desireonline.shop\/vi\/san-pham\/mx-happy-cup-am-dao-gia-nam-hau-mon-purple\/\" \/>\n<meta property=\"og:site_name\" content=\"Desire\" \/>\n<meta property=\"og:image\" content=\"https:\/\/desireonline.shop\/wp-content\/uploads\/2026\/01\/CN-560898056_00.jpg\" \/>\n\t<meta property=\"og:image:width\" content=\"1000\" \/>\n\t<meta property=\"og:image:height\" content=\"1000\" \/>\n\t<meta property=\"og:image:type\" content=\"image\/jpeg\" \/>\n<meta name=\"twitter:card\" content=\"summary_large_image\" \/>\n<meta name=\"twitter:label1\" content=\"\u01af\u1edbc t\u00ednh th\u1eddi gian \u0111\u1ecdc\" \/>\n\t<meta name=\"twitter:data1\" content=\"1 ph\u00fat\" \/>\n<script type=\"application\/ld+json\" class=\"yoast-schema-graph\">{\"@context\":\"https:\/\/schema.org\",\"@graph\":[{\"@type\":\"WebPage\",\"@id\":\"https:\/\/desireonline.shop\/vi\/san-pham\/mx-happy-cup-am-dao-gia-nam-hau-mon-purple\/\",\"url\":\"https:\/\/desireonline.shop\/vi\/san-pham\/mx-happy-cup-am-dao-gia-nam-hau-mon-purple\/\",\"name\":\"MX Happy Cup \u00c2m \u0111\u1ea1o gi\u1ea3 nam &amp; h\u1eadu m\u00f4n - Purple - Desire\",\"isPartOf\":{\"@id\":\"https:\/\/desireonline.shop\/vi\/#website\"},\"primaryImageOfPage\":{\"@id\":\"https:\/\/desireonline.shop\/vi\/san-pham\/mx-happy-cup-am-dao-gia-nam-hau-mon-purple\/#primaryimage\"},\"image\":{\"@id\":\"https:\/\/desireonline.shop\/vi\/san-pham\/mx-happy-cup-am-dao-gia-nam-hau-mon-purple\/#primaryimage\"},\"thumbnailUrl\":\"https:\/\/desireonline.shop\/wp-content\/uploads\/2026\/01\/CN-560898056_00.jpg\",\"datePublished\":\"2026-01-30T13:23:00+00:00\",\"breadcrumb\":{\"@id\":\"https:\/\/desireonline.shop\/vi\/san-pham\/mx-happy-cup-am-dao-gia-nam-hau-mon-purple\/#breadcrumb\"},\"inLanguage\":\"vi\",\"potentialAction\":[{\"@type\":\"ReadAction\",\"target\":[\"https:\/\/desireonline.shop\/vi\/san-pham\/mx-happy-cup-am-dao-gia-nam-hau-mon-purple\/\"]}]},{\"@type\":\"ImageObject\",\"inLanguage\":\"vi\",\"@id\":\"https:\/\/desireonline.shop\/vi\/san-pham\/mx-happy-cup-am-dao-gia-nam-hau-mon-purple\/#primaryimage\",\"url\":\"https:\/\/desireonline.shop\/wp-content\/uploads\/2026\/01\/CN-560898056_00.jpg\",\"contentUrl\":\"https:\/\/desireonline.shop\/wp-content\/uploads\/2026\/01\/CN-560898056_00.jpg\",\"width\":1000,\"height\":1000},{\"@type\":\"BreadcrumbList\",\"@id\":\"https:\/\/desireonline.shop\/vi\/san-pham\/mx-happy-cup-am-dao-gia-nam-hau-mon-purple\/#breadcrumb\",\"itemListElement\":[{\"@type\":\"ListItem\",\"position\":1,\"name\":\"Home\",\"item\":\"https:\/\/desireonline.shop\/vi\/trang-chu\/?lang=vi\"},{\"@type\":\"ListItem\",\"position\":2,\"name\":\"T\u1ea5t c\u1ea3 s\u1ea3n ph\u1ea9m\",\"item\":\"https:\/\/desireonline.shop\/cua-hang\/?lang=vi\"},{\"@type\":\"ListItem\",\"position\":3,\"name\":\"MX Happy Cup \u00c2m \u0111\u1ea1o gi\u1ea3 nam &amp; h\u1eadu m\u00f4n &#8211; Purple\"}]},{\"@type\":\"WebSite\",\"@id\":\"https:\/\/desireonline.shop\/vi\/#website\",\"url\":\"https:\/\/desireonline.shop\/vi\/\",\"name\":\"Desire\",\"description\":\"Sexual Wellness Platform\",\"publisher\":{\"@id\":\"https:\/\/desireonline.shop\/vi\/#organization\"},\"potentialAction\":[{\"@type\":\"SearchAction\",\"target\":{\"@type\":\"EntryPoint\",\"urlTemplate\":\"https:\/\/desireonline.shop\/vi\/?s={search_term_string}\"},\"query-input\":{\"@type\":\"PropertyValueSpecification\",\"valueRequired\":true,\"valueName\":\"search_term_string\"}}],\"inLanguage\":\"vi\"},{\"@type\":\"Organization\",\"@id\":\"https:\/\/desireonline.shop\/vi\/#organization\",\"name\":\"Desire\",\"url\":\"https:\/\/desireonline.shop\/vi\/\",\"logo\":{\"@type\":\"ImageObject\",\"inLanguage\":\"vi\",\"@id\":\"https:\/\/desireonline.shop\/vi\/#\/schema\/logo\/image\/\",\"url\":\"https:\/\/desireonline.shop\/wp-content\/uploads\/2024\/06\/Logo-Thick-Font-1.webp\",\"contentUrl\":\"https:\/\/desireonline.shop\/wp-content\/uploads\/2024\/06\/Logo-Thick-Font-1.webp\",\"width\":268,\"height\":399,\"caption\":\"Desire\"},\"image\":{\"@id\":\"https:\/\/desireonline.shop\/vi\/#\/schema\/logo\/image\/\"}}]}<\/script>\n<!-- \/ Yoast SEO plugin. -->","yoast_head_json":{"title":"MX Happy Cup \u00c2m \u0111\u1ea1o gi\u1ea3 nam &amp; h\u1eadu m\u00f4n - Purple - Desire","robots":{"index":"index","follow":"follow","max-snippet":"max-snippet:-1","max-image-preview":"max-image-preview:large","max-video-preview":"max-video-preview:-1"},"canonical":"https:\/\/desireonline.shop\/vi\/san-pham\/mx-happy-cup-am-dao-gia-nam-hau-mon-purple\/","og_locale":"vi_VN","og_type":"article","og_title":"MX Happy Cup \u00c2m \u0111\u1ea1o gi\u1ea3 nam &amp; h\u1eadu m\u00f4n - Purple - Desire","og_description":"\u0110\u01b0\u1ee3c thi\u1ebft k\u1ebf \u0111\u1ec3 mang l\u1ea1i nhi\u1ec1u c\u1ea3m gi\u00e1c \u0111a d\u1ea1ng v\u00e0 th\u1ecfa m\u00e3n, \u00e2m \u0111\u1ea1o gi\u1ea3 hai \u0111\u1ea7u v\u00e0o n\u00e0y k\u1ebft h\u1ee3p c\u1ea3m gi\u00e1c ch\u00e2n th\u1ef1c v\u1edbi ch\u1ee9c n\u0103ng&hellip;","og_url":"https:\/\/desireonline.shop\/vi\/san-pham\/mx-happy-cup-am-dao-gia-nam-hau-mon-purple\/","og_site_name":"Desire","og_image":[{"width":1000,"height":1000,"url":"https:\/\/desireonline.shop\/wp-content\/uploads\/2026\/01\/CN-560898056_00.jpg","type":"image\/jpeg"}],"twitter_card":"summary_large_image","twitter_misc":{"\u01af\u1edbc t\u00ednh th\u1eddi gian \u0111\u1ecdc":"1 ph\u00fat"},"schema":{"@context":"https:\/\/schema.org","@graph":[{"@type":"WebPage","@id":"https:\/\/desireonline.shop\/vi\/san-pham\/mx-happy-cup-am-dao-gia-nam-hau-mon-purple\/","url":"https:\/\/desireonline.shop\/vi\/san-pham\/mx-happy-cup-am-dao-gia-nam-hau-mon-purple\/","name":"MX Happy Cup \u00c2m \u0111\u1ea1o gi\u1ea3 nam &amp; h\u1eadu m\u00f4n - Purple - Desire","isPartOf":{"@id":"https:\/\/desireonline.shop\/vi\/#website"},"primaryImageOfPage":{"@id":"https:\/\/desireonline.shop\/vi\/san-pham\/mx-happy-cup-am-dao-gia-nam-hau-mon-purple\/#primaryimage"},"image":{"@id":"https:\/\/desireonline.shop\/vi\/san-pham\/mx-happy-cup-am-dao-gia-nam-hau-mon-purple\/#primaryimage"},"thumbnailUrl":"https:\/\/desireonline.shop\/wp-content\/uploads\/2026\/01\/CN-560898056_00.jpg","datePublished":"2026-01-30T13:23:00+00:00","breadcrumb":{"@id":"https:\/\/desireonline.shop\/vi\/san-pham\/mx-happy-cup-am-dao-gia-nam-hau-mon-purple\/#breadcrumb"},"inLanguage":"vi","potentialAction":[{"@type":"ReadAction","target":["https:\/\/desireonline.shop\/vi\/san-pham\/mx-happy-cup-am-dao-gia-nam-hau-mon-purple\/"]}]},{"@type":"ImageObject","inLanguage":"vi","@id":"https:\/\/desireonline.shop\/vi\/san-pham\/mx-happy-cup-am-dao-gia-nam-hau-mon-purple\/#primaryimage","url":"https:\/\/desireonline.shop\/wp-content\/uploads\/2026\/01\/CN-560898056_00.jpg","contentUrl":"https:\/\/desireonline.shop\/wp-content\/uploads\/2026\/01\/CN-560898056_00.jpg","width":1000,"height":1000},{"@type":"BreadcrumbList","@id":"https:\/\/desireonline.shop\/vi\/san-pham\/mx-happy-cup-am-dao-gia-nam-hau-mon-purple\/#breadcrumb","itemListElement":[{"@type":"ListItem","position":1,"name":"Home","item":"https:\/\/desireonline.shop\/vi\/trang-chu\/?lang=vi"},{"@type":"ListItem","position":2,"name":"T\u1ea5t c\u1ea3 s\u1ea3n ph\u1ea9m","item":"https:\/\/desireonline.shop\/cua-hang\/?lang=vi"},{"@type":"ListItem","position":3,"name":"MX Happy Cup \u00c2m \u0111\u1ea1o gi\u1ea3 nam &amp; h\u1eadu m\u00f4n &#8211; Purple"}]},{"@type":"WebSite","@id":"https:\/\/desireonline.shop\/vi\/#website","url":"https:\/\/desireonline.shop\/vi\/","name":"Desire","description":"Sexual Wellness Platform","publisher":{"@id":"https:\/\/desireonline.shop\/vi\/#organization"},"potentialAction":[{"@type":"SearchAction","target":{"@type":"EntryPoint","urlTemplate":"https:\/\/desireonline.shop\/vi\/?s={search_term_string}"},"query-input":{"@type":"PropertyValueSpecification","valueRequired":true,"valueName":"search_term_string"}}],"inLanguage":"vi"},{"@type":"Organization","@id":"https:\/\/desireonline.shop\/vi\/#organization","name":"Desire","url":"https:\/\/desireonline.shop\/vi\/","logo":{"@type":"ImageObject","inLanguage":"vi","@id":"https:\/\/desireonline.shop\/vi\/#\/schema\/logo\/image\/","url":"https:\/\/desireonline.shop\/wp-content\/uploads\/2024\/06\/Logo-Thick-Font-1.webp","contentUrl":"https:\/\/desireonline.shop\/wp-content\/uploads\/2024\/06\/Logo-Thick-Font-1.webp","width":268,"height":399,"caption":"Desire"},"image":{"@id":"https:\/\/desireonline.shop\/vi\/#\/schema\/logo\/image\/"}}]}},"_links":{"self":[{"href":"https:\/\/desireonline.shop\/vi\/wp-json\/wp\/v2\/product\/68932","targetHints":{"allow":["GET"]}}],"collection":[{"href":"https:\/\/desireonline.shop\/vi\/wp-json\/wp\/v2\/product"}],"about":[{"href":"https:\/\/desireonline.shop\/vi\/wp-json\/wp\/v2\/types\/product"}],"replies":[{"embeddable":true,"href":"https:\/\/desireonline.shop\/vi\/wp-json\/wp\/v2\/comments?post=68932"}],"version-history":[{"count":0,"href":"https:\/\/desireonline.shop\/vi\/wp-json\/wp\/v2\/product\/68932\/revisions"}],"wp:featuredmedia":[{"embeddable":true,"href":"https:\/\/desireonline.shop\/vi\/wp-json\/wp\/v2\/media\/60615"}],"wp:attachment":[{"href":"https:\/\/desireonline.shop\/vi\/wp-json\/wp\/v2\/media?parent=68932"}],"wp:term":[{"taxonomy":"product_brand","embeddable":true,"href":"https:\/\/desireonline.shop\/vi\/wp-json\/wp\/v2\/product_brand?post=68932"},{"taxonomy":"product_cat","embeddable":true,"href":"https:\/\/desireonline.shop\/vi\/wp-json\/wp\/v2\/product_cat?post=68932"},{"taxonomy":"product_tag","embeddable":true,"href":"https:\/\/desireonline.shop\/vi\/wp-json\/wp\/v2\/product_tag?post=68932"}],"curies":[{"name":"wp","href":"https:\/\/api.w.org\/{rel}","templated":true}]}}