{"id":69046,"date":"2026-02-03T05:49:17","date_gmt":"2026-02-03T05:49:17","guid":{"rendered":"https:\/\/desireonline.shop\/product\/matrix-mont-rose-gold-gem-nut-hau-mon\/"},"modified":"2026-02-03T05:49:17","modified_gmt":"2026-02-03T05:49:17","slug":"matrix-mont-rose-gold-gem-nut-hau-mon","status":"publish","type":"product","link":"https:\/\/desireonline.shop\/vi\/san-pham\/matrix-mont-rose-gold-gem-nut-hau-mon\/","title":{"rendered":"Matrix Mont Rose Gold Gem N\u00fat h\u1eadu m\u00f4n"},"content":{"rendered":"<p>\u0110\u01b0\u1ee3c thi\u1ebft k\u1ebf \u0111\u1ec3 k\u1ebft h\u1ee3p v\u1ebb \u0111\u1eb9p th\u1ecb gi\u00e1c v\u1edbi c\u1ea3m gi\u00e1c k\u00edch th\u00edch d\u1ec5 ch\u1ecbu, n\u00fat h\u1eadu m\u00f4n kim lo\u1ea1i tr\u01a1n n\u00e0y c\u00f3 thi\u1ebft k\u1ebf \u0111\u00e1 qu\u00fd n\u1ed5i b\u1eadt c\u00f9ng tr\u1ecdng l\u01b0\u1ee3ng v\u1eeba ph\u1ea3i mang l\u1ea1i c\u1ea3m gi\u00e1c ch\u1eafc ch\u1eafn. C\u1ea5u tr\u00fac ch\u1eafc ch\u1eafn gi\u00fap s\u1ea3n ph\u1ea9m gi\u1eef c\u1ed1 \u0111\u1ecbnh an to\u00e0n, ph\u00f9 h\u1ee3p cho vi\u1ec7c \u0111eo th\u01b0 gi\u00e3n ho\u1eb7c nh\u1eefng tr\u1ea3i nghi\u1ec7m t\u1eadp trung h\u01a1n.<\/p>\n<p>\u0110\u01b0\u1ee3c l\u00e0m t\u1eeb kim lo\u1ea1i c\u1ea5p c\u1ea5y gh\u00e9p, s\u1ea3n ph\u1ea9m r\u1ea5t ph\u00f9 h\u1ee3p \u0111\u1ec3 kh\u00e1m ph\u00e1 temperature play, c\u00f3 th\u1ec3 l\u00e0m \u1ea5m ho\u1eb7c l\u00e0m m\u00e1t nh\u1eb9 \u0111\u1ec3 t\u0103ng c\u01b0\u1eddng c\u1ea3m gi\u00e1c. \u0110\u01b0\u1ee3c thi\u1ebft k\u1ebf c\u1ea9n th\u1eadn \u0111\u1ec3 mang l\u1ea1i s\u1ef1 tho\u1ea3i m\u00e1i v\u00e0 linh ho\u1ea1t, \u0111\u00e2y l\u00e0 l\u1ef1a ch\u1ecdn phong c\u00e1ch cho nh\u1eefng ai mu\u1ed1n th\u00eam m\u1ed9t ch\u00fat k\u00edch th\u00edch v\u00e0o tr\u1ea3i nghi\u1ec7m c\u1ee7a m\u00ecnh.<\/p>\n","protected":false},"excerpt":{"rendered":"<p>\u0110\u01b0\u1ee3c thi\u1ebft k\u1ebf \u0111\u1ec3 k\u1ebft h\u1ee3p v\u1ebb \u0111\u1eb9p th\u1ecb gi\u00e1c v\u1edbi c\u1ea3m gi\u00e1c k\u00edch th\u00edch d\u1ec5 ch\u1ecbu, n\u00fat h\u1eadu m\u00f4n kim lo\u1ea1i tr\u01a1n n\u00e0y c\u00f3 thi\u1ebft k\u1ebf \u0111\u00e1 qu\u00fd n\u1ed5i&hellip;<\/p>\n","protected":false},"featured_media":60866,"comment_status":"open","ping_status":"closed","template":"","meta":{"_acf_changed":false},"product_brand":[],"product_cat":[1341,1413,1414,1416],"product_tag":[1660,1659,1658,1657,1661],"class_list":{"0":"post-69046","1":"product","2":"type-product","3":"status-publish","4":"has-post-thumbnail","6":"product_cat-for-men","7":"product_cat-danh-cho-phu-nu","8":"product_cat-do-choi-hau-mon","9":"product_cat-nut-hau-mon","10":"product_tag-an-toan-cho-co-the","11":"product_tag-kich-thich-ben-trong","12":"product_tag-lua-chon-cao-cap","13":"product_tag-phu-hop-cho-nguoi-moi","14":"product_tag-tap-trung-hau-mon","16":"first","17":"instock","18":"shipping-taxable","19":"purchasable","20":"product-type-variable"},"acf":[],"yoast_head":"<!-- This site is optimized with the Yoast SEO plugin v27.1.1 - https:\/\/yoast.com\/product\/yoast-seo-wordpress\/ -->\n<title>Matrix Mont Rose Gold Gem N\u00fat h\u1eadu m\u00f4n - Desire<\/title>\n<meta name=\"robots\" content=\"index, follow, max-snippet:-1, max-image-preview:large, max-video-preview:-1\" \/>\n<link rel=\"canonical\" href=\"https:\/\/desireonline.shop\/vi\/san-pham\/matrix-mont-rose-gold-gem-nut-hau-mon\/\" \/>\n<meta property=\"og:locale\" content=\"vi_VN\" \/>\n<meta property=\"og:type\" content=\"article\" \/>\n<meta property=\"og:title\" content=\"Matrix Mont Rose Gold Gem N\u00fat h\u1eadu m\u00f4n - Desire\" \/>\n<meta property=\"og:description\" content=\"\u0110\u01b0\u1ee3c thi\u1ebft k\u1ebf \u0111\u1ec3 k\u1ebft h\u1ee3p v\u1ebb \u0111\u1eb9p th\u1ecb gi\u00e1c v\u1edbi c\u1ea3m gi\u00e1c k\u00edch th\u00edch d\u1ec5 ch\u1ecbu, n\u00fat h\u1eadu m\u00f4n kim lo\u1ea1i tr\u01a1n n\u00e0y c\u00f3 thi\u1ebft k\u1ebf \u0111\u00e1 qu\u00fd n\u1ed5i&hellip;\" \/>\n<meta property=\"og:url\" content=\"https:\/\/desireonline.shop\/vi\/san-pham\/matrix-mont-rose-gold-gem-nut-hau-mon\/\" \/>\n<meta property=\"og:site_name\" content=\"Desire\" \/>\n<meta property=\"og:image\" content=\"https:\/\/desireonline.shop\/wp-content\/uploads\/2026\/02\/CN-941416263_00.jpg\" \/>\n\t<meta property=\"og:image:width\" content=\"1000\" \/>\n\t<meta property=\"og:image:height\" content=\"1000\" \/>\n\t<meta property=\"og:image:type\" content=\"image\/jpeg\" \/>\n<meta name=\"twitter:card\" content=\"summary_large_image\" \/>\n<meta name=\"twitter:label1\" content=\"\u01af\u1edbc t\u00ednh th\u1eddi gian \u0111\u1ecdc\" \/>\n\t<meta name=\"twitter:data1\" content=\"1 ph\u00fat\" \/>\n<script type=\"application\/ld+json\" class=\"yoast-schema-graph\">{\"@context\":\"https:\/\/schema.org\",\"@graph\":[{\"@type\":\"WebPage\",\"@id\":\"https:\/\/desireonline.shop\/vi\/san-pham\/matrix-mont-rose-gold-gem-nut-hau-mon\/\",\"url\":\"https:\/\/desireonline.shop\/vi\/san-pham\/matrix-mont-rose-gold-gem-nut-hau-mon\/\",\"name\":\"Matrix Mont Rose Gold Gem N\u00fat h\u1eadu m\u00f4n - Desire\",\"isPartOf\":{\"@id\":\"https:\/\/desireonline.shop\/vi\/#website\"},\"primaryImageOfPage\":{\"@id\":\"https:\/\/desireonline.shop\/vi\/san-pham\/matrix-mont-rose-gold-gem-nut-hau-mon\/#primaryimage\"},\"image\":{\"@id\":\"https:\/\/desireonline.shop\/vi\/san-pham\/matrix-mont-rose-gold-gem-nut-hau-mon\/#primaryimage\"},\"thumbnailUrl\":\"https:\/\/desireonline.shop\/wp-content\/uploads\/2026\/02\/CN-941416263_00.jpg\",\"datePublished\":\"2026-02-03T05:49:17+00:00\",\"breadcrumb\":{\"@id\":\"https:\/\/desireonline.shop\/vi\/san-pham\/matrix-mont-rose-gold-gem-nut-hau-mon\/#breadcrumb\"},\"inLanguage\":\"vi\",\"potentialAction\":[{\"@type\":\"ReadAction\",\"target\":[\"https:\/\/desireonline.shop\/vi\/san-pham\/matrix-mont-rose-gold-gem-nut-hau-mon\/\"]}]},{\"@type\":\"ImageObject\",\"inLanguage\":\"vi\",\"@id\":\"https:\/\/desireonline.shop\/vi\/san-pham\/matrix-mont-rose-gold-gem-nut-hau-mon\/#primaryimage\",\"url\":\"https:\/\/desireonline.shop\/wp-content\/uploads\/2026\/02\/CN-941416263_00.jpg\",\"contentUrl\":\"https:\/\/desireonline.shop\/wp-content\/uploads\/2026\/02\/CN-941416263_00.jpg\",\"width\":1000,\"height\":1000},{\"@type\":\"BreadcrumbList\",\"@id\":\"https:\/\/desireonline.shop\/vi\/san-pham\/matrix-mont-rose-gold-gem-nut-hau-mon\/#breadcrumb\",\"itemListElement\":[{\"@type\":\"ListItem\",\"position\":1,\"name\":\"Home\",\"item\":\"https:\/\/desireonline.shop\/vi\/trang-chu\/?lang=vi\"},{\"@type\":\"ListItem\",\"position\":2,\"name\":\"T\u1ea5t c\u1ea3 s\u1ea3n ph\u1ea9m\",\"item\":\"https:\/\/desireonline.shop\/cua-hang\/?lang=vi\"},{\"@type\":\"ListItem\",\"position\":3,\"name\":\"Matrix Mont Rose Gold Gem N\u00fat h\u1eadu m\u00f4n\"}]},{\"@type\":\"WebSite\",\"@id\":\"https:\/\/desireonline.shop\/vi\/#website\",\"url\":\"https:\/\/desireonline.shop\/vi\/\",\"name\":\"Desire\",\"description\":\"Sexual Wellness Platform\",\"publisher\":{\"@id\":\"https:\/\/desireonline.shop\/vi\/#organization\"},\"potentialAction\":[{\"@type\":\"SearchAction\",\"target\":{\"@type\":\"EntryPoint\",\"urlTemplate\":\"https:\/\/desireonline.shop\/vi\/?s={search_term_string}\"},\"query-input\":{\"@type\":\"PropertyValueSpecification\",\"valueRequired\":true,\"valueName\":\"search_term_string\"}}],\"inLanguage\":\"vi\"},{\"@type\":\"Organization\",\"@id\":\"https:\/\/desireonline.shop\/vi\/#organization\",\"name\":\"Desire\",\"url\":\"https:\/\/desireonline.shop\/vi\/\",\"logo\":{\"@type\":\"ImageObject\",\"inLanguage\":\"vi\",\"@id\":\"https:\/\/desireonline.shop\/vi\/#\/schema\/logo\/image\/\",\"url\":\"https:\/\/desireonline.shop\/wp-content\/uploads\/2024\/06\/Logo-Thick-Font-1.webp\",\"contentUrl\":\"https:\/\/desireonline.shop\/wp-content\/uploads\/2024\/06\/Logo-Thick-Font-1.webp\",\"width\":268,\"height\":399,\"caption\":\"Desire\"},\"image\":{\"@id\":\"https:\/\/desireonline.shop\/vi\/#\/schema\/logo\/image\/\"}}]}<\/script>\n<!-- \/ Yoast SEO plugin. -->","yoast_head_json":{"title":"Matrix Mont Rose Gold Gem N\u00fat h\u1eadu m\u00f4n - Desire","robots":{"index":"index","follow":"follow","max-snippet":"max-snippet:-1","max-image-preview":"max-image-preview:large","max-video-preview":"max-video-preview:-1"},"canonical":"https:\/\/desireonline.shop\/vi\/san-pham\/matrix-mont-rose-gold-gem-nut-hau-mon\/","og_locale":"vi_VN","og_type":"article","og_title":"Matrix Mont Rose Gold Gem N\u00fat h\u1eadu m\u00f4n - Desire","og_description":"\u0110\u01b0\u1ee3c thi\u1ebft k\u1ebf \u0111\u1ec3 k\u1ebft h\u1ee3p v\u1ebb \u0111\u1eb9p th\u1ecb gi\u00e1c v\u1edbi c\u1ea3m gi\u00e1c k\u00edch th\u00edch d\u1ec5 ch\u1ecbu, n\u00fat h\u1eadu m\u00f4n kim lo\u1ea1i tr\u01a1n n\u00e0y c\u00f3 thi\u1ebft k\u1ebf \u0111\u00e1 qu\u00fd n\u1ed5i&hellip;","og_url":"https:\/\/desireonline.shop\/vi\/san-pham\/matrix-mont-rose-gold-gem-nut-hau-mon\/","og_site_name":"Desire","og_image":[{"width":1000,"height":1000,"url":"https:\/\/desireonline.shop\/wp-content\/uploads\/2026\/02\/CN-941416263_00.jpg","type":"image\/jpeg"}],"twitter_card":"summary_large_image","twitter_misc":{"\u01af\u1edbc t\u00ednh th\u1eddi gian \u0111\u1ecdc":"1 ph\u00fat"},"schema":{"@context":"https:\/\/schema.org","@graph":[{"@type":"WebPage","@id":"https:\/\/desireonline.shop\/vi\/san-pham\/matrix-mont-rose-gold-gem-nut-hau-mon\/","url":"https:\/\/desireonline.shop\/vi\/san-pham\/matrix-mont-rose-gold-gem-nut-hau-mon\/","name":"Matrix Mont Rose Gold Gem N\u00fat h\u1eadu m\u00f4n - Desire","isPartOf":{"@id":"https:\/\/desireonline.shop\/vi\/#website"},"primaryImageOfPage":{"@id":"https:\/\/desireonline.shop\/vi\/san-pham\/matrix-mont-rose-gold-gem-nut-hau-mon\/#primaryimage"},"image":{"@id":"https:\/\/desireonline.shop\/vi\/san-pham\/matrix-mont-rose-gold-gem-nut-hau-mon\/#primaryimage"},"thumbnailUrl":"https:\/\/desireonline.shop\/wp-content\/uploads\/2026\/02\/CN-941416263_00.jpg","datePublished":"2026-02-03T05:49:17+00:00","breadcrumb":{"@id":"https:\/\/desireonline.shop\/vi\/san-pham\/matrix-mont-rose-gold-gem-nut-hau-mon\/#breadcrumb"},"inLanguage":"vi","potentialAction":[{"@type":"ReadAction","target":["https:\/\/desireonline.shop\/vi\/san-pham\/matrix-mont-rose-gold-gem-nut-hau-mon\/"]}]},{"@type":"ImageObject","inLanguage":"vi","@id":"https:\/\/desireonline.shop\/vi\/san-pham\/matrix-mont-rose-gold-gem-nut-hau-mon\/#primaryimage","url":"https:\/\/desireonline.shop\/wp-content\/uploads\/2026\/02\/CN-941416263_00.jpg","contentUrl":"https:\/\/desireonline.shop\/wp-content\/uploads\/2026\/02\/CN-941416263_00.jpg","width":1000,"height":1000},{"@type":"BreadcrumbList","@id":"https:\/\/desireonline.shop\/vi\/san-pham\/matrix-mont-rose-gold-gem-nut-hau-mon\/#breadcrumb","itemListElement":[{"@type":"ListItem","position":1,"name":"Home","item":"https:\/\/desireonline.shop\/vi\/trang-chu\/?lang=vi"},{"@type":"ListItem","position":2,"name":"T\u1ea5t c\u1ea3 s\u1ea3n ph\u1ea9m","item":"https:\/\/desireonline.shop\/cua-hang\/?lang=vi"},{"@type":"ListItem","position":3,"name":"Matrix Mont Rose Gold Gem N\u00fat h\u1eadu m\u00f4n"}]},{"@type":"WebSite","@id":"https:\/\/desireonline.shop\/vi\/#website","url":"https:\/\/desireonline.shop\/vi\/","name":"Desire","description":"Sexual Wellness Platform","publisher":{"@id":"https:\/\/desireonline.shop\/vi\/#organization"},"potentialAction":[{"@type":"SearchAction","target":{"@type":"EntryPoint","urlTemplate":"https:\/\/desireonline.shop\/vi\/?s={search_term_string}"},"query-input":{"@type":"PropertyValueSpecification","valueRequired":true,"valueName":"search_term_string"}}],"inLanguage":"vi"},{"@type":"Organization","@id":"https:\/\/desireonline.shop\/vi\/#organization","name":"Desire","url":"https:\/\/desireonline.shop\/vi\/","logo":{"@type":"ImageObject","inLanguage":"vi","@id":"https:\/\/desireonline.shop\/vi\/#\/schema\/logo\/image\/","url":"https:\/\/desireonline.shop\/wp-content\/uploads\/2024\/06\/Logo-Thick-Font-1.webp","contentUrl":"https:\/\/desireonline.shop\/wp-content\/uploads\/2024\/06\/Logo-Thick-Font-1.webp","width":268,"height":399,"caption":"Desire"},"image":{"@id":"https:\/\/desireonline.shop\/vi\/#\/schema\/logo\/image\/"}}]}},"_links":{"self":[{"href":"https:\/\/desireonline.shop\/vi\/wp-json\/wp\/v2\/product\/69046","targetHints":{"allow":["GET"]}}],"collection":[{"href":"https:\/\/desireonline.shop\/vi\/wp-json\/wp\/v2\/product"}],"about":[{"href":"https:\/\/desireonline.shop\/vi\/wp-json\/wp\/v2\/types\/product"}],"replies":[{"embeddable":true,"href":"https:\/\/desireonline.shop\/vi\/wp-json\/wp\/v2\/comments?post=69046"}],"version-history":[{"count":0,"href":"https:\/\/desireonline.shop\/vi\/wp-json\/wp\/v2\/product\/69046\/revisions"}],"wp:featuredmedia":[{"embeddable":true,"href":"https:\/\/desireonline.shop\/vi\/wp-json\/wp\/v2\/media\/60866"}],"wp:attachment":[{"href":"https:\/\/desireonline.shop\/vi\/wp-json\/wp\/v2\/media?parent=69046"}],"wp:term":[{"taxonomy":"product_brand","embeddable":true,"href":"https:\/\/desireonline.shop\/vi\/wp-json\/wp\/v2\/product_brand?post=69046"},{"taxonomy":"product_cat","embeddable":true,"href":"https:\/\/desireonline.shop\/vi\/wp-json\/wp\/v2\/product_cat?post=69046"},{"taxonomy":"product_tag","embeddable":true,"href":"https:\/\/desireonline.shop\/vi\/wp-json\/wp\/v2\/product_tag?post=69046"}],"curies":[{"name":"wp","href":"https:\/\/api.w.org\/{rel}","templated":true}]}}