{"id":69071,"date":"2026-02-17T11:39:12","date_gmt":"2026-02-17T11:39:12","guid":{"rendered":"https:\/\/desireonline.shop\/product\/vong-deo-gk-power-kieu-dai-oc\/"},"modified":"2026-02-17T11:39:12","modified_gmt":"2026-02-17T11:39:12","slug":"vong-deo-gk-power-kieu-dai-oc","status":"publish","type":"product","link":"https:\/\/desireonline.shop\/vi\/san-pham\/vong-deo-gk-power-kieu-dai-oc\/","title":{"rendered":"V\u00f2ng \u0111eo GK POWER ki\u1ec3u \u0111ai \u1ed1c"},"content":{"rendered":"<p>M\u1eabu v\u00f2ng ki\u1ec3u \u0111ai \u1ed1c n\u00e0y \u0111\u01b0\u1ee3c thi\u1ebft k\u1ebf cho nh\u1eefng ai y\u00eau th\u00edch c\u1ea3m gi\u00e1c ch\u1eafc ch\u1eafn v\u00e0 \u1ed5n \u0111\u1ecbnh h\u01a1n. \u0110\u01a1n gi\u1ea3n, b\u1ec1n b\u1ec9 v\u00e0 d\u1ec5 s\u1eed d\u1ee5ng, s\u1ea3n ph\u1ea9m gi\u00fap t\u0103ng th\u00eam s\u1ef1 ki\u1ec3m so\u00e1t v\u00e0 t\u1ef1 tin trong nh\u1eefng kho\u1ea3nh kh\u1eafc th\u00e2n m\u1eadt m\u00e0 v\u1eabn \u0111\u1ea3m b\u1ea3o s\u1ef1 tho\u1ea3i m\u00e1i. M\u1ed9t l\u1ef1a ch\u1ecdn c\u1ed5 \u0111i\u1ec3n cho nh\u1eefng ng\u01b0\u1eddi th\u00edch kh\u00e1m ph\u00e1.<\/p>\n","protected":false},"excerpt":{"rendered":"<p>M\u1eabu v\u00f2ng ki\u1ec3u \u0111ai \u1ed1c n\u00e0y \u0111\u01b0\u1ee3c thi\u1ebft k\u1ebf cho nh\u1eefng ai y\u00eau th\u00edch c\u1ea3m gi\u00e1c ch\u1eafc ch\u1eafn v\u00e0 \u1ed5n \u0111\u1ecbnh h\u01a1n. \u0110\u01a1n gi\u1ea3n, b\u1ec1n b\u1ec9 v\u00e0 d\u1ec5 s\u1eed d\u1ee5ng,&hellip;<\/p>\n","protected":false},"featured_media":64603,"comment_status":"open","ping_status":"closed","template":"","meta":{"_acf_changed":false},"product_brand":[],"product_cat":[1402],"product_tag":[],"class_list":{"0":"post-69071","1":"product","2":"type-product","3":"status-publish","4":"has-post-thumbnail","6":"product_cat-vong-deo-ho-tro-khong-rung","8":"first","9":"instock","10":"shipping-taxable","11":"purchasable","12":"product-type-variable"},"acf":[],"yoast_head":"<!-- This site is optimized with the Yoast SEO plugin v27.1.1 - https:\/\/yoast.com\/product\/yoast-seo-wordpress\/ -->\n<title>V\u00f2ng \u0111eo GK POWER ki\u1ec3u \u0111ai \u1ed1c - Desire<\/title>\n<meta name=\"robots\" content=\"index, follow, max-snippet:-1, max-image-preview:large, max-video-preview:-1\" \/>\n<link rel=\"canonical\" href=\"https:\/\/desireonline.shop\/vi\/san-pham\/vong-deo-gk-power-kieu-dai-oc\/\" \/>\n<meta property=\"og:locale\" content=\"vi_VN\" \/>\n<meta property=\"og:type\" content=\"article\" \/>\n<meta property=\"og:title\" content=\"V\u00f2ng \u0111eo GK POWER ki\u1ec3u \u0111ai \u1ed1c - Desire\" \/>\n<meta property=\"og:description\" content=\"M\u1eabu v\u00f2ng ki\u1ec3u \u0111ai \u1ed1c n\u00e0y \u0111\u01b0\u1ee3c thi\u1ebft k\u1ebf cho nh\u1eefng ai y\u00eau th\u00edch c\u1ea3m gi\u00e1c ch\u1eafc ch\u1eafn v\u00e0 \u1ed5n \u0111\u1ecbnh h\u01a1n. \u0110\u01a1n gi\u1ea3n, b\u1ec1n b\u1ec9 v\u00e0 d\u1ec5 s\u1eed d\u1ee5ng,&hellip;\" \/>\n<meta property=\"og:url\" content=\"https:\/\/desireonline.shop\/vi\/san-pham\/vong-deo-gk-power-kieu-dai-oc\/\" \/>\n<meta property=\"og:site_name\" content=\"Desire\" \/>\n<meta property=\"og:image\" content=\"https:\/\/desireonline.shop\/wp-content\/uploads\/2026\/02\/CN-100394080_00-1.jpg\" \/>\n\t<meta property=\"og:image:width\" content=\"1000\" \/>\n\t<meta property=\"og:image:height\" content=\"1000\" \/>\n\t<meta property=\"og:image:type\" content=\"image\/jpeg\" \/>\n<meta name=\"twitter:card\" content=\"summary_large_image\" \/>\n<meta name=\"twitter:label1\" content=\"\u01af\u1edbc t\u00ednh th\u1eddi gian \u0111\u1ecdc\" \/>\n\t<meta name=\"twitter:data1\" content=\"1 ph\u00fat\" \/>\n<script type=\"application\/ld+json\" class=\"yoast-schema-graph\">{\"@context\":\"https:\/\/schema.org\",\"@graph\":[{\"@type\":\"WebPage\",\"@id\":\"https:\/\/desireonline.shop\/vi\/san-pham\/vong-deo-gk-power-kieu-dai-oc\/\",\"url\":\"https:\/\/desireonline.shop\/vi\/san-pham\/vong-deo-gk-power-kieu-dai-oc\/\",\"name\":\"V\u00f2ng \u0111eo GK POWER ki\u1ec3u \u0111ai \u1ed1c - Desire\",\"isPartOf\":{\"@id\":\"https:\/\/desireonline.shop\/vi\/#website\"},\"primaryImageOfPage\":{\"@id\":\"https:\/\/desireonline.shop\/vi\/san-pham\/vong-deo-gk-power-kieu-dai-oc\/#primaryimage\"},\"image\":{\"@id\":\"https:\/\/desireonline.shop\/vi\/san-pham\/vong-deo-gk-power-kieu-dai-oc\/#primaryimage\"},\"thumbnailUrl\":\"https:\/\/desireonline.shop\/wp-content\/uploads\/2026\/02\/CN-100394080_00-1.jpg\",\"datePublished\":\"2026-02-17T11:39:12+00:00\",\"breadcrumb\":{\"@id\":\"https:\/\/desireonline.shop\/vi\/san-pham\/vong-deo-gk-power-kieu-dai-oc\/#breadcrumb\"},\"inLanguage\":\"vi\",\"potentialAction\":[{\"@type\":\"ReadAction\",\"target\":[\"https:\/\/desireonline.shop\/vi\/san-pham\/vong-deo-gk-power-kieu-dai-oc\/\"]}]},{\"@type\":\"ImageObject\",\"inLanguage\":\"vi\",\"@id\":\"https:\/\/desireonline.shop\/vi\/san-pham\/vong-deo-gk-power-kieu-dai-oc\/#primaryimage\",\"url\":\"https:\/\/desireonline.shop\/wp-content\/uploads\/2026\/02\/CN-100394080_00-1.jpg\",\"contentUrl\":\"https:\/\/desireonline.shop\/wp-content\/uploads\/2026\/02\/CN-100394080_00-1.jpg\",\"width\":1000,\"height\":1000},{\"@type\":\"BreadcrumbList\",\"@id\":\"https:\/\/desireonline.shop\/vi\/san-pham\/vong-deo-gk-power-kieu-dai-oc\/#breadcrumb\",\"itemListElement\":[{\"@type\":\"ListItem\",\"position\":1,\"name\":\"Home\",\"item\":\"https:\/\/desireonline.shop\/vi\/trang-chu\/?lang=vi\"},{\"@type\":\"ListItem\",\"position\":2,\"name\":\"T\u1ea5t c\u1ea3 s\u1ea3n ph\u1ea9m\",\"item\":\"https:\/\/desireonline.shop\/cua-hang\/?lang=vi\"},{\"@type\":\"ListItem\",\"position\":3,\"name\":\"V\u00f2ng \u0111eo GK POWER ki\u1ec3u \u0111ai \u1ed1c\"}]},{\"@type\":\"WebSite\",\"@id\":\"https:\/\/desireonline.shop\/vi\/#website\",\"url\":\"https:\/\/desireonline.shop\/vi\/\",\"name\":\"Desire\",\"description\":\"Sexual Wellness Platform\",\"publisher\":{\"@id\":\"https:\/\/desireonline.shop\/vi\/#organization\"},\"potentialAction\":[{\"@type\":\"SearchAction\",\"target\":{\"@type\":\"EntryPoint\",\"urlTemplate\":\"https:\/\/desireonline.shop\/vi\/?s={search_term_string}\"},\"query-input\":{\"@type\":\"PropertyValueSpecification\",\"valueRequired\":true,\"valueName\":\"search_term_string\"}}],\"inLanguage\":\"vi\"},{\"@type\":\"Organization\",\"@id\":\"https:\/\/desireonline.shop\/vi\/#organization\",\"name\":\"Desire\",\"url\":\"https:\/\/desireonline.shop\/vi\/\",\"logo\":{\"@type\":\"ImageObject\",\"inLanguage\":\"vi\",\"@id\":\"https:\/\/desireonline.shop\/vi\/#\/schema\/logo\/image\/\",\"url\":\"https:\/\/desireonline.shop\/wp-content\/uploads\/2024\/06\/Logo-Thick-Font-1.webp\",\"contentUrl\":\"https:\/\/desireonline.shop\/wp-content\/uploads\/2024\/06\/Logo-Thick-Font-1.webp\",\"width\":268,\"height\":399,\"caption\":\"Desire\"},\"image\":{\"@id\":\"https:\/\/desireonline.shop\/vi\/#\/schema\/logo\/image\/\"}}]}<\/script>\n<!-- \/ Yoast SEO plugin. -->","yoast_head_json":{"title":"V\u00f2ng \u0111eo GK POWER ki\u1ec3u \u0111ai \u1ed1c - Desire","robots":{"index":"index","follow":"follow","max-snippet":"max-snippet:-1","max-image-preview":"max-image-preview:large","max-video-preview":"max-video-preview:-1"},"canonical":"https:\/\/desireonline.shop\/vi\/san-pham\/vong-deo-gk-power-kieu-dai-oc\/","og_locale":"vi_VN","og_type":"article","og_title":"V\u00f2ng \u0111eo GK POWER ki\u1ec3u \u0111ai \u1ed1c - Desire","og_description":"M\u1eabu v\u00f2ng ki\u1ec3u \u0111ai \u1ed1c n\u00e0y \u0111\u01b0\u1ee3c thi\u1ebft k\u1ebf cho nh\u1eefng ai y\u00eau th\u00edch c\u1ea3m gi\u00e1c ch\u1eafc ch\u1eafn v\u00e0 \u1ed5n \u0111\u1ecbnh h\u01a1n. \u0110\u01a1n gi\u1ea3n, b\u1ec1n b\u1ec9 v\u00e0 d\u1ec5 s\u1eed d\u1ee5ng,&hellip;","og_url":"https:\/\/desireonline.shop\/vi\/san-pham\/vong-deo-gk-power-kieu-dai-oc\/","og_site_name":"Desire","og_image":[{"width":1000,"height":1000,"url":"https:\/\/desireonline.shop\/wp-content\/uploads\/2026\/02\/CN-100394080_00-1.jpg","type":"image\/jpeg"}],"twitter_card":"summary_large_image","twitter_misc":{"\u01af\u1edbc t\u00ednh th\u1eddi gian \u0111\u1ecdc":"1 ph\u00fat"},"schema":{"@context":"https:\/\/schema.org","@graph":[{"@type":"WebPage","@id":"https:\/\/desireonline.shop\/vi\/san-pham\/vong-deo-gk-power-kieu-dai-oc\/","url":"https:\/\/desireonline.shop\/vi\/san-pham\/vong-deo-gk-power-kieu-dai-oc\/","name":"V\u00f2ng \u0111eo GK POWER ki\u1ec3u \u0111ai \u1ed1c - Desire","isPartOf":{"@id":"https:\/\/desireonline.shop\/vi\/#website"},"primaryImageOfPage":{"@id":"https:\/\/desireonline.shop\/vi\/san-pham\/vong-deo-gk-power-kieu-dai-oc\/#primaryimage"},"image":{"@id":"https:\/\/desireonline.shop\/vi\/san-pham\/vong-deo-gk-power-kieu-dai-oc\/#primaryimage"},"thumbnailUrl":"https:\/\/desireonline.shop\/wp-content\/uploads\/2026\/02\/CN-100394080_00-1.jpg","datePublished":"2026-02-17T11:39:12+00:00","breadcrumb":{"@id":"https:\/\/desireonline.shop\/vi\/san-pham\/vong-deo-gk-power-kieu-dai-oc\/#breadcrumb"},"inLanguage":"vi","potentialAction":[{"@type":"ReadAction","target":["https:\/\/desireonline.shop\/vi\/san-pham\/vong-deo-gk-power-kieu-dai-oc\/"]}]},{"@type":"ImageObject","inLanguage":"vi","@id":"https:\/\/desireonline.shop\/vi\/san-pham\/vong-deo-gk-power-kieu-dai-oc\/#primaryimage","url":"https:\/\/desireonline.shop\/wp-content\/uploads\/2026\/02\/CN-100394080_00-1.jpg","contentUrl":"https:\/\/desireonline.shop\/wp-content\/uploads\/2026\/02\/CN-100394080_00-1.jpg","width":1000,"height":1000},{"@type":"BreadcrumbList","@id":"https:\/\/desireonline.shop\/vi\/san-pham\/vong-deo-gk-power-kieu-dai-oc\/#breadcrumb","itemListElement":[{"@type":"ListItem","position":1,"name":"Home","item":"https:\/\/desireonline.shop\/vi\/trang-chu\/?lang=vi"},{"@type":"ListItem","position":2,"name":"T\u1ea5t c\u1ea3 s\u1ea3n ph\u1ea9m","item":"https:\/\/desireonline.shop\/cua-hang\/?lang=vi"},{"@type":"ListItem","position":3,"name":"V\u00f2ng \u0111eo GK POWER ki\u1ec3u \u0111ai \u1ed1c"}]},{"@type":"WebSite","@id":"https:\/\/desireonline.shop\/vi\/#website","url":"https:\/\/desireonline.shop\/vi\/","name":"Desire","description":"Sexual Wellness Platform","publisher":{"@id":"https:\/\/desireonline.shop\/vi\/#organization"},"potentialAction":[{"@type":"SearchAction","target":{"@type":"EntryPoint","urlTemplate":"https:\/\/desireonline.shop\/vi\/?s={search_term_string}"},"query-input":{"@type":"PropertyValueSpecification","valueRequired":true,"valueName":"search_term_string"}}],"inLanguage":"vi"},{"@type":"Organization","@id":"https:\/\/desireonline.shop\/vi\/#organization","name":"Desire","url":"https:\/\/desireonline.shop\/vi\/","logo":{"@type":"ImageObject","inLanguage":"vi","@id":"https:\/\/desireonline.shop\/vi\/#\/schema\/logo\/image\/","url":"https:\/\/desireonline.shop\/wp-content\/uploads\/2024\/06\/Logo-Thick-Font-1.webp","contentUrl":"https:\/\/desireonline.shop\/wp-content\/uploads\/2024\/06\/Logo-Thick-Font-1.webp","width":268,"height":399,"caption":"Desire"},"image":{"@id":"https:\/\/desireonline.shop\/vi\/#\/schema\/logo\/image\/"}}]}},"_links":{"self":[{"href":"https:\/\/desireonline.shop\/vi\/wp-json\/wp\/v2\/product\/69071","targetHints":{"allow":["GET"]}}],"collection":[{"href":"https:\/\/desireonline.shop\/vi\/wp-json\/wp\/v2\/product"}],"about":[{"href":"https:\/\/desireonline.shop\/vi\/wp-json\/wp\/v2\/types\/product"}],"replies":[{"embeddable":true,"href":"https:\/\/desireonline.shop\/vi\/wp-json\/wp\/v2\/comments?post=69071"}],"version-history":[{"count":0,"href":"https:\/\/desireonline.shop\/vi\/wp-json\/wp\/v2\/product\/69071\/revisions"}],"wp:featuredmedia":[{"embeddable":true,"href":"https:\/\/desireonline.shop\/vi\/wp-json\/wp\/v2\/media\/64603"}],"wp:attachment":[{"href":"https:\/\/desireonline.shop\/vi\/wp-json\/wp\/v2\/media?parent=69071"}],"wp:term":[{"taxonomy":"product_brand","embeddable":true,"href":"https:\/\/desireonline.shop\/vi\/wp-json\/wp\/v2\/product_brand?post=69071"},{"taxonomy":"product_cat","embeddable":true,"href":"https:\/\/desireonline.shop\/vi\/wp-json\/wp\/v2\/product_cat?post=69071"},{"taxonomy":"product_tag","embeddable":true,"href":"https:\/\/desireonline.shop\/vi\/wp-json\/wp\/v2\/product_tag?post=69071"}],"curies":[{"name":"wp","href":"https:\/\/api.w.org\/{rel}","templated":true}]}}