{"id":69081,"date":"2026-02-19T06:01:57","date_gmt":"2026-02-19T06:01:57","guid":{"rendered":"https:\/\/desireonline.shop\/product\/bo-dung-cu-khieu-khich-senuelo-fetish-play\/"},"modified":"2026-02-19T06:01:57","modified_gmt":"2026-02-19T06:01:57","slug":"bo-dung-cu-khieu-khich-senuelo-fetish-play","status":"publish","type":"product","link":"https:\/\/desireonline.shop\/vi\/san-pham\/bo-dung-cu-khieu-khich-senuelo-fetish-play\/","title":{"rendered":"B\u1ed9 d\u1ee5ng c\u1ee5 khi\u00eau kh\u00edch Se\u00f1uelo Fetish Play"},"content":{"rendered":"<p>\u0110\u01b0\u1ee3c thi\u1ebft k\u1ebf \u0111\u1ec3 \u0111\u00e1nh th\u1ee9c c\u00e1c gi\u00e1c quan, b\u1ed9 d\u1ee5ng c\u1ee5 th\u00fa v\u1ecb n\u00e0y t\u1eadp trung v\u00e0o vi\u1ec7c t\u0103ng c\u01b0\u1eddng s\u1ef1 nh\u1ea1y c\u1ea3m th\u00f4ng qua x\u00fac gi\u00e1c, s\u1ef1 mong \u0111\u1ee3i v\u00e0 k\u00edch th\u00edch th\u1ecb gi\u00e1c. \u0110\u00e8n LED ph\u00e1t s\u00e1ng t\u1ea1o th\u00eam \u0111i\u1ec3m nh\u1ea5n th\u00fa v\u1ecb, b\u1eaft m\u1eaft, gi\u00fap t\u1ea1o kh\u00f4ng kh\u00ed v\u00e0 thu h\u00fat s\u1ef1 ch\u00fa \u00fd v\u00e0o t\u1eebng c\u1ea3m gi\u00e1c.<\/p>\n<p>L\u00fd t\u01b0\u1edfng \u0111\u1ec3 th\u1eed nghi\u1ec7m c\u00e1c tr\u00f2 tr\u00eau ch\u1ecdc v\u00e0 ch\u01a1i \u0111\u00f9a gi\u00e1c quan nh\u1eb9 nh\u00e0ng, khuy\u1ebfn kh\u00edch s\u1ef1 t\u00f2 m\u00f2 v\u00e0 k\u1ebft n\u1ed1i. S\u1ef1 l\u1ef1a ch\u1ecdn tuy\u1ec7t v\u1eddi cho nh\u1eefng ai mu\u1ed1n kh\u00e1m ph\u00e1 c\u1ea3m x\u00fac m\u1edbi v\u00e0 n\u00e2ng cao nh\u1eadn th\u1ee9c trong nh\u1eefng kho\u1ea3nh kh\u1eafc th\u00e2n m\u1eadt.<\/p>\n","protected":false},"excerpt":{"rendered":"<p>\u0110\u01b0\u1ee3c thi\u1ebft k\u1ebf \u0111\u1ec3 \u0111\u00e1nh th\u1ee9c c\u00e1c gi\u00e1c quan, b\u1ed9 d\u1ee5ng c\u1ee5 th\u00fa v\u1ecb n\u00e0y t\u1eadp trung v\u00e0o vi\u1ec7c t\u0103ng c\u01b0\u1eddng s\u1ef1 nh\u1ea1y c\u1ea3m th\u00f4ng qua x\u00fac gi\u00e1c, s\u1ef1 mong&hellip;<\/p>\n","protected":false},"featured_media":65019,"comment_status":"open","ping_status":"closed","template":"","meta":{"_acf_changed":false},"product_brand":[],"product_cat":[1359,1357,1416],"product_tag":[],"class_list":{"0":"post-69081","1":"product","2":"type-product","3":"status-publish","4":"has-post-thumbnail","6":"product_cat-bo-trai-nghiem-than-mat","7":"product_cat-dung-cu-kep-nhay-cam","8":"product_cat-nut-hau-mon","10":"first","11":"instock","12":"shipping-taxable","13":"purchasable","14":"product-type-simple"},"acf":[],"yoast_head":"<!-- This site is optimized with the Yoast SEO plugin v27.1.1 - https:\/\/yoast.com\/product\/yoast-seo-wordpress\/ -->\n<title>B\u1ed9 d\u1ee5ng c\u1ee5 khi\u00eau kh\u00edch Se\u00f1uelo Fetish Play - Desire<\/title>\n<meta name=\"robots\" content=\"index, follow, max-snippet:-1, max-image-preview:large, max-video-preview:-1\" \/>\n<link rel=\"canonical\" href=\"https:\/\/desireonline.shop\/vi\/san-pham\/bo-dung-cu-khieu-khich-senuelo-fetish-play\/\" \/>\n<meta property=\"og:locale\" content=\"vi_VN\" \/>\n<meta property=\"og:type\" content=\"article\" \/>\n<meta property=\"og:title\" content=\"B\u1ed9 d\u1ee5ng c\u1ee5 khi\u00eau kh\u00edch Se\u00f1uelo Fetish Play - Desire\" \/>\n<meta property=\"og:description\" content=\"\u0110\u01b0\u1ee3c thi\u1ebft k\u1ebf \u0111\u1ec3 \u0111\u00e1nh th\u1ee9c c\u00e1c gi\u00e1c quan, b\u1ed9 d\u1ee5ng c\u1ee5 th\u00fa v\u1ecb n\u00e0y t\u1eadp trung v\u00e0o vi\u1ec7c t\u0103ng c\u01b0\u1eddng s\u1ef1 nh\u1ea1y c\u1ea3m th\u00f4ng qua x\u00fac gi\u00e1c, s\u1ef1 mong&hellip;\" \/>\n<meta property=\"og:url\" content=\"https:\/\/desireonline.shop\/vi\/san-pham\/bo-dung-cu-khieu-khich-senuelo-fetish-play\/\" \/>\n<meta property=\"og:site_name\" content=\"Desire\" \/>\n<meta property=\"og:image\" content=\"https:\/\/desireonline.shop\/wp-content\/uploads\/2026\/02\/CN-732487812_00.jpg\" \/>\n\t<meta property=\"og:image:width\" content=\"1000\" \/>\n\t<meta property=\"og:image:height\" content=\"1000\" \/>\n\t<meta property=\"og:image:type\" content=\"image\/jpeg\" \/>\n<meta name=\"twitter:card\" content=\"summary_large_image\" \/>\n<meta name=\"twitter:label1\" content=\"\u01af\u1edbc t\u00ednh th\u1eddi gian \u0111\u1ecdc\" \/>\n\t<meta name=\"twitter:data1\" content=\"1 ph\u00fat\" \/>\n<script type=\"application\/ld+json\" class=\"yoast-schema-graph\">{\"@context\":\"https:\/\/schema.org\",\"@graph\":[{\"@type\":\"WebPage\",\"@id\":\"https:\/\/desireonline.shop\/vi\/san-pham\/bo-dung-cu-khieu-khich-senuelo-fetish-play\/\",\"url\":\"https:\/\/desireonline.shop\/vi\/san-pham\/bo-dung-cu-khieu-khich-senuelo-fetish-play\/\",\"name\":\"B\u1ed9 d\u1ee5ng c\u1ee5 khi\u00eau kh\u00edch Se\u00f1uelo Fetish Play - Desire\",\"isPartOf\":{\"@id\":\"https:\/\/desireonline.shop\/vi\/#website\"},\"primaryImageOfPage\":{\"@id\":\"https:\/\/desireonline.shop\/vi\/san-pham\/bo-dung-cu-khieu-khich-senuelo-fetish-play\/#primaryimage\"},\"image\":{\"@id\":\"https:\/\/desireonline.shop\/vi\/san-pham\/bo-dung-cu-khieu-khich-senuelo-fetish-play\/#primaryimage\"},\"thumbnailUrl\":\"https:\/\/desireonline.shop\/wp-content\/uploads\/2026\/02\/CN-732487812_00.jpg\",\"datePublished\":\"2026-02-19T06:01:57+00:00\",\"breadcrumb\":{\"@id\":\"https:\/\/desireonline.shop\/vi\/san-pham\/bo-dung-cu-khieu-khich-senuelo-fetish-play\/#breadcrumb\"},\"inLanguage\":\"vi\",\"potentialAction\":[{\"@type\":\"ReadAction\",\"target\":[\"https:\/\/desireonline.shop\/vi\/san-pham\/bo-dung-cu-khieu-khich-senuelo-fetish-play\/\"]}]},{\"@type\":\"ImageObject\",\"inLanguage\":\"vi\",\"@id\":\"https:\/\/desireonline.shop\/vi\/san-pham\/bo-dung-cu-khieu-khich-senuelo-fetish-play\/#primaryimage\",\"url\":\"https:\/\/desireonline.shop\/wp-content\/uploads\/2026\/02\/CN-732487812_00.jpg\",\"contentUrl\":\"https:\/\/desireonline.shop\/wp-content\/uploads\/2026\/02\/CN-732487812_00.jpg\",\"width\":1000,\"height\":1000},{\"@type\":\"BreadcrumbList\",\"@id\":\"https:\/\/desireonline.shop\/vi\/san-pham\/bo-dung-cu-khieu-khich-senuelo-fetish-play\/#breadcrumb\",\"itemListElement\":[{\"@type\":\"ListItem\",\"position\":1,\"name\":\"Home\",\"item\":\"https:\/\/desireonline.shop\/vi\/trang-chu\/?lang=vi\"},{\"@type\":\"ListItem\",\"position\":2,\"name\":\"T\u1ea5t c\u1ea3 s\u1ea3n ph\u1ea9m\",\"item\":\"https:\/\/desireonline.shop\/cua-hang\/?lang=vi\"},{\"@type\":\"ListItem\",\"position\":3,\"name\":\"B\u1ed9 d\u1ee5ng c\u1ee5 khi\u00eau kh\u00edch Se\u00f1uelo Fetish Play\"}]},{\"@type\":\"WebSite\",\"@id\":\"https:\/\/desireonline.shop\/vi\/#website\",\"url\":\"https:\/\/desireonline.shop\/vi\/\",\"name\":\"Desire\",\"description\":\"Sexual Wellness Platform\",\"publisher\":{\"@id\":\"https:\/\/desireonline.shop\/vi\/#organization\"},\"potentialAction\":[{\"@type\":\"SearchAction\",\"target\":{\"@type\":\"EntryPoint\",\"urlTemplate\":\"https:\/\/desireonline.shop\/vi\/?s={search_term_string}\"},\"query-input\":{\"@type\":\"PropertyValueSpecification\",\"valueRequired\":true,\"valueName\":\"search_term_string\"}}],\"inLanguage\":\"vi\"},{\"@type\":\"Organization\",\"@id\":\"https:\/\/desireonline.shop\/vi\/#organization\",\"name\":\"Desire\",\"url\":\"https:\/\/desireonline.shop\/vi\/\",\"logo\":{\"@type\":\"ImageObject\",\"inLanguage\":\"vi\",\"@id\":\"https:\/\/desireonline.shop\/vi\/#\/schema\/logo\/image\/\",\"url\":\"https:\/\/desireonline.shop\/wp-content\/uploads\/2024\/06\/Logo-Thick-Font-1.webp\",\"contentUrl\":\"https:\/\/desireonline.shop\/wp-content\/uploads\/2024\/06\/Logo-Thick-Font-1.webp\",\"width\":268,\"height\":399,\"caption\":\"Desire\"},\"image\":{\"@id\":\"https:\/\/desireonline.shop\/vi\/#\/schema\/logo\/image\/\"}}]}<\/script>\n<!-- \/ Yoast SEO plugin. -->","yoast_head_json":{"title":"B\u1ed9 d\u1ee5ng c\u1ee5 khi\u00eau kh\u00edch Se\u00f1uelo Fetish Play - Desire","robots":{"index":"index","follow":"follow","max-snippet":"max-snippet:-1","max-image-preview":"max-image-preview:large","max-video-preview":"max-video-preview:-1"},"canonical":"https:\/\/desireonline.shop\/vi\/san-pham\/bo-dung-cu-khieu-khich-senuelo-fetish-play\/","og_locale":"vi_VN","og_type":"article","og_title":"B\u1ed9 d\u1ee5ng c\u1ee5 khi\u00eau kh\u00edch Se\u00f1uelo Fetish Play - Desire","og_description":"\u0110\u01b0\u1ee3c thi\u1ebft k\u1ebf \u0111\u1ec3 \u0111\u00e1nh th\u1ee9c c\u00e1c gi\u00e1c quan, b\u1ed9 d\u1ee5ng c\u1ee5 th\u00fa v\u1ecb n\u00e0y t\u1eadp trung v\u00e0o vi\u1ec7c t\u0103ng c\u01b0\u1eddng s\u1ef1 nh\u1ea1y c\u1ea3m th\u00f4ng qua x\u00fac gi\u00e1c, s\u1ef1 mong&hellip;","og_url":"https:\/\/desireonline.shop\/vi\/san-pham\/bo-dung-cu-khieu-khich-senuelo-fetish-play\/","og_site_name":"Desire","og_image":[{"width":1000,"height":1000,"url":"https:\/\/desireonline.shop\/wp-content\/uploads\/2026\/02\/CN-732487812_00.jpg","type":"image\/jpeg"}],"twitter_card":"summary_large_image","twitter_misc":{"\u01af\u1edbc t\u00ednh th\u1eddi gian \u0111\u1ecdc":"1 ph\u00fat"},"schema":{"@context":"https:\/\/schema.org","@graph":[{"@type":"WebPage","@id":"https:\/\/desireonline.shop\/vi\/san-pham\/bo-dung-cu-khieu-khich-senuelo-fetish-play\/","url":"https:\/\/desireonline.shop\/vi\/san-pham\/bo-dung-cu-khieu-khich-senuelo-fetish-play\/","name":"B\u1ed9 d\u1ee5ng c\u1ee5 khi\u00eau kh\u00edch Se\u00f1uelo Fetish Play - Desire","isPartOf":{"@id":"https:\/\/desireonline.shop\/vi\/#website"},"primaryImageOfPage":{"@id":"https:\/\/desireonline.shop\/vi\/san-pham\/bo-dung-cu-khieu-khich-senuelo-fetish-play\/#primaryimage"},"image":{"@id":"https:\/\/desireonline.shop\/vi\/san-pham\/bo-dung-cu-khieu-khich-senuelo-fetish-play\/#primaryimage"},"thumbnailUrl":"https:\/\/desireonline.shop\/wp-content\/uploads\/2026\/02\/CN-732487812_00.jpg","datePublished":"2026-02-19T06:01:57+00:00","breadcrumb":{"@id":"https:\/\/desireonline.shop\/vi\/san-pham\/bo-dung-cu-khieu-khich-senuelo-fetish-play\/#breadcrumb"},"inLanguage":"vi","potentialAction":[{"@type":"ReadAction","target":["https:\/\/desireonline.shop\/vi\/san-pham\/bo-dung-cu-khieu-khich-senuelo-fetish-play\/"]}]},{"@type":"ImageObject","inLanguage":"vi","@id":"https:\/\/desireonline.shop\/vi\/san-pham\/bo-dung-cu-khieu-khich-senuelo-fetish-play\/#primaryimage","url":"https:\/\/desireonline.shop\/wp-content\/uploads\/2026\/02\/CN-732487812_00.jpg","contentUrl":"https:\/\/desireonline.shop\/wp-content\/uploads\/2026\/02\/CN-732487812_00.jpg","width":1000,"height":1000},{"@type":"BreadcrumbList","@id":"https:\/\/desireonline.shop\/vi\/san-pham\/bo-dung-cu-khieu-khich-senuelo-fetish-play\/#breadcrumb","itemListElement":[{"@type":"ListItem","position":1,"name":"Home","item":"https:\/\/desireonline.shop\/vi\/trang-chu\/?lang=vi"},{"@type":"ListItem","position":2,"name":"T\u1ea5t c\u1ea3 s\u1ea3n ph\u1ea9m","item":"https:\/\/desireonline.shop\/cua-hang\/?lang=vi"},{"@type":"ListItem","position":3,"name":"B\u1ed9 d\u1ee5ng c\u1ee5 khi\u00eau kh\u00edch Se\u00f1uelo Fetish Play"}]},{"@type":"WebSite","@id":"https:\/\/desireonline.shop\/vi\/#website","url":"https:\/\/desireonline.shop\/vi\/","name":"Desire","description":"Sexual Wellness Platform","publisher":{"@id":"https:\/\/desireonline.shop\/vi\/#organization"},"potentialAction":[{"@type":"SearchAction","target":{"@type":"EntryPoint","urlTemplate":"https:\/\/desireonline.shop\/vi\/?s={search_term_string}"},"query-input":{"@type":"PropertyValueSpecification","valueRequired":true,"valueName":"search_term_string"}}],"inLanguage":"vi"},{"@type":"Organization","@id":"https:\/\/desireonline.shop\/vi\/#organization","name":"Desire","url":"https:\/\/desireonline.shop\/vi\/","logo":{"@type":"ImageObject","inLanguage":"vi","@id":"https:\/\/desireonline.shop\/vi\/#\/schema\/logo\/image\/","url":"https:\/\/desireonline.shop\/wp-content\/uploads\/2024\/06\/Logo-Thick-Font-1.webp","contentUrl":"https:\/\/desireonline.shop\/wp-content\/uploads\/2024\/06\/Logo-Thick-Font-1.webp","width":268,"height":399,"caption":"Desire"},"image":{"@id":"https:\/\/desireonline.shop\/vi\/#\/schema\/logo\/image\/"}}]}},"_links":{"self":[{"href":"https:\/\/desireonline.shop\/vi\/wp-json\/wp\/v2\/product\/69081","targetHints":{"allow":["GET"]}}],"collection":[{"href":"https:\/\/desireonline.shop\/vi\/wp-json\/wp\/v2\/product"}],"about":[{"href":"https:\/\/desireonline.shop\/vi\/wp-json\/wp\/v2\/types\/product"}],"replies":[{"embeddable":true,"href":"https:\/\/desireonline.shop\/vi\/wp-json\/wp\/v2\/comments?post=69081"}],"version-history":[{"count":0,"href":"https:\/\/desireonline.shop\/vi\/wp-json\/wp\/v2\/product\/69081\/revisions"}],"wp:featuredmedia":[{"embeddable":true,"href":"https:\/\/desireonline.shop\/vi\/wp-json\/wp\/v2\/media\/65019"}],"wp:attachment":[{"href":"https:\/\/desireonline.shop\/vi\/wp-json\/wp\/v2\/media?parent=69081"}],"wp:term":[{"taxonomy":"product_brand","embeddable":true,"href":"https:\/\/desireonline.shop\/vi\/wp-json\/wp\/v2\/product_brand?post=69081"},{"taxonomy":"product_cat","embeddable":true,"href":"https:\/\/desireonline.shop\/vi\/wp-json\/wp\/v2\/product_cat?post=69081"},{"taxonomy":"product_tag","embeddable":true,"href":"https:\/\/desireonline.shop\/vi\/wp-json\/wp\/v2\/product_tag?post=69081"}],"curies":[{"name":"wp","href":"https:\/\/api.w.org\/{rel}","templated":true}]}}