{"id":69088,"date":"2026-02-19T06:02:14","date_gmt":"2026-02-19T06:02:14","guid":{"rendered":"https:\/\/desireonline.shop\/product\/bo-dung-cu-fetish-fantasy-cutie-lure-kit\/"},"modified":"2026-02-19T06:02:14","modified_gmt":"2026-02-19T06:02:14","slug":"bo-dung-cu-fetish-fantasy-cutie-lure-kit","status":"publish","type":"product","link":"https:\/\/desireonline.shop\/vi\/san-pham\/bo-dung-cu-fetish-fantasy-cutie-lure-kit\/","title":{"rendered":"B\u1ed9 d\u1ee5ng c\u1ee5 Fetish Fantasy Cutie Lure Kit"},"content":{"rendered":"<p>\u0110\u01b0\u1ee3c thi\u1ebft k\u1ebf \u0111\u1ec3 khuy\u1ebfn kh\u00edch s\u1ef1 kh\u00e1m ph\u00e1 \u0111\u1ea7y th\u00fa v\u1ecb, b\u1ed9 \u0111\u1ed3 ch\u01a1i n\u00e0y t\u1eadp trung v\u00e0o vi\u1ec7c t\u0103ng c\u01b0\u1eddng s\u1ef1 nh\u1ea1y c\u1ea3m v\u00e0 nh\u1eadn th\u1ee9c th\u00f4ng qua nh\u1eefng c\u1eed ch\u1ea1m m\u01a1n tr\u1edbn v\u00e0 s\u1ef1 mong \u0111\u1ee3i. C\u00e1c th\u00e0nh ph\u1ea7n linh ho\u1ea1t gi\u00fap qu\u00fd kh\u00e1ch d\u1ec5 d\u00e0ng th\u1eed nghi\u1ec7m v\u00e0 kh\u00e1m ph\u00e1 theo nh\u1ecbp \u0111\u1ed9 ri\u00eang c\u1ee7a m\u00ecnh.<\/p>\n<p>L\u00fd t\u01b0\u1edfng cho nh\u1eefng ai mu\u1ed1n th\u00eam s\u1ef1 \u0111a d\u1ea1ng v\u00e0 t\u00f2 m\u00f2 v\u00e0o th\u00f3i quen c\u1ee7a m\u00ecnh, \u0111\u00e2y l\u00e0 m\u1ed9t c\u00e1ch th\u00fa v\u1ecb \u0111\u1ec3 x\u00e2y d\u1ef1ng s\u1ef1 k\u1ebft n\u1ed1i v\u00e0 t\u1eadn h\u01b0\u1edfng c\u1ea3m gi\u00e1c th\u0103ng hoa m\u1ed9t c\u00e1ch th\u01b0 gi\u00e3n, d\u1ec5 ti\u1ebfp c\u1eadn.<\/p>\n","protected":false},"excerpt":{"rendered":"<p>\u0110\u01b0\u1ee3c thi\u1ebft k\u1ebf \u0111\u1ec3 khuy\u1ebfn kh\u00edch s\u1ef1 kh\u00e1m ph\u00e1 \u0111\u1ea7y th\u00fa v\u1ecb, b\u1ed9 \u0111\u1ed3 ch\u01a1i n\u00e0y t\u1eadp trung v\u00e0o vi\u1ec7c t\u0103ng c\u01b0\u1eddng s\u1ef1 nh\u1ea1y c\u1ea3m v\u00e0 nh\u1eadn th\u1ee9c th\u00f4ng qua&hellip;<\/p>\n","protected":false},"featured_media":65026,"comment_status":"open","ping_status":"closed","template":"","meta":{"_acf_changed":false},"product_brand":[],"product_cat":[1359,1357,1416],"product_tag":[],"class_list":{"0":"post-69088","1":"product","2":"type-product","3":"status-publish","4":"has-post-thumbnail","6":"product_cat-bo-trai-nghiem-than-mat","7":"product_cat-dung-cu-kep-nhay-cam","8":"product_cat-nut-hau-mon","10":"first","11":"instock","12":"shipping-taxable","13":"purchasable","14":"product-type-simple"},"acf":[],"yoast_head":"<!-- This site is optimized with the Yoast SEO plugin v27.1.1 - https:\/\/yoast.com\/product\/yoast-seo-wordpress\/ -->\n<title>B\u1ed9 d\u1ee5ng c\u1ee5 Fetish Fantasy Cutie Lure Kit - Desire<\/title>\n<meta name=\"robots\" content=\"index, follow, max-snippet:-1, max-image-preview:large, max-video-preview:-1\" \/>\n<link rel=\"canonical\" href=\"https:\/\/desireonline.shop\/vi\/san-pham\/bo-dung-cu-fetish-fantasy-cutie-lure-kit\/\" \/>\n<meta property=\"og:locale\" content=\"vi_VN\" \/>\n<meta property=\"og:type\" content=\"article\" \/>\n<meta property=\"og:title\" content=\"B\u1ed9 d\u1ee5ng c\u1ee5 Fetish Fantasy Cutie Lure Kit - Desire\" \/>\n<meta property=\"og:description\" content=\"\u0110\u01b0\u1ee3c thi\u1ebft k\u1ebf \u0111\u1ec3 khuy\u1ebfn kh\u00edch s\u1ef1 kh\u00e1m ph\u00e1 \u0111\u1ea7y th\u00fa v\u1ecb, b\u1ed9 \u0111\u1ed3 ch\u01a1i n\u00e0y t\u1eadp trung v\u00e0o vi\u1ec7c t\u0103ng c\u01b0\u1eddng s\u1ef1 nh\u1ea1y c\u1ea3m v\u00e0 nh\u1eadn th\u1ee9c th\u00f4ng qua&hellip;\" \/>\n<meta property=\"og:url\" content=\"https:\/\/desireonline.shop\/vi\/san-pham\/bo-dung-cu-fetish-fantasy-cutie-lure-kit\/\" \/>\n<meta property=\"og:site_name\" content=\"Desire\" \/>\n<meta property=\"og:image\" content=\"https:\/\/desireonline.shop\/wp-content\/uploads\/2026\/02\/CN-732487890_00-scaled.jpg\" \/>\n\t<meta property=\"og:image:width\" content=\"2560\" \/>\n\t<meta property=\"og:image:height\" content=\"2560\" \/>\n\t<meta property=\"og:image:type\" content=\"image\/jpeg\" \/>\n<meta name=\"twitter:card\" content=\"summary_large_image\" \/>\n<meta name=\"twitter:label1\" content=\"\u01af\u1edbc t\u00ednh th\u1eddi gian \u0111\u1ecdc\" \/>\n\t<meta name=\"twitter:data1\" content=\"1 ph\u00fat\" \/>\n<script type=\"application\/ld+json\" class=\"yoast-schema-graph\">{\"@context\":\"https:\/\/schema.org\",\"@graph\":[{\"@type\":\"WebPage\",\"@id\":\"https:\/\/desireonline.shop\/vi\/san-pham\/bo-dung-cu-fetish-fantasy-cutie-lure-kit\/\",\"url\":\"https:\/\/desireonline.shop\/vi\/san-pham\/bo-dung-cu-fetish-fantasy-cutie-lure-kit\/\",\"name\":\"B\u1ed9 d\u1ee5ng c\u1ee5 Fetish Fantasy Cutie Lure Kit - Desire\",\"isPartOf\":{\"@id\":\"https:\/\/desireonline.shop\/vi\/#website\"},\"primaryImageOfPage\":{\"@id\":\"https:\/\/desireonline.shop\/vi\/san-pham\/bo-dung-cu-fetish-fantasy-cutie-lure-kit\/#primaryimage\"},\"image\":{\"@id\":\"https:\/\/desireonline.shop\/vi\/san-pham\/bo-dung-cu-fetish-fantasy-cutie-lure-kit\/#primaryimage\"},\"thumbnailUrl\":\"https:\/\/desireonline.shop\/wp-content\/uploads\/2026\/02\/CN-732487890_00-scaled.jpg\",\"datePublished\":\"2026-02-19T06:02:14+00:00\",\"breadcrumb\":{\"@id\":\"https:\/\/desireonline.shop\/vi\/san-pham\/bo-dung-cu-fetish-fantasy-cutie-lure-kit\/#breadcrumb\"},\"inLanguage\":\"vi\",\"potentialAction\":[{\"@type\":\"ReadAction\",\"target\":[\"https:\/\/desireonline.shop\/vi\/san-pham\/bo-dung-cu-fetish-fantasy-cutie-lure-kit\/\"]}]},{\"@type\":\"ImageObject\",\"inLanguage\":\"vi\",\"@id\":\"https:\/\/desireonline.shop\/vi\/san-pham\/bo-dung-cu-fetish-fantasy-cutie-lure-kit\/#primaryimage\",\"url\":\"https:\/\/desireonline.shop\/wp-content\/uploads\/2026\/02\/CN-732487890_00-scaled.jpg\",\"contentUrl\":\"https:\/\/desireonline.shop\/wp-content\/uploads\/2026\/02\/CN-732487890_00-scaled.jpg\",\"width\":2560,\"height\":2560},{\"@type\":\"BreadcrumbList\",\"@id\":\"https:\/\/desireonline.shop\/vi\/san-pham\/bo-dung-cu-fetish-fantasy-cutie-lure-kit\/#breadcrumb\",\"itemListElement\":[{\"@type\":\"ListItem\",\"position\":1,\"name\":\"Home\",\"item\":\"https:\/\/desireonline.shop\/vi\/trang-chu\/?lang=vi\"},{\"@type\":\"ListItem\",\"position\":2,\"name\":\"T\u1ea5t c\u1ea3 s\u1ea3n ph\u1ea9m\",\"item\":\"https:\/\/desireonline.shop\/cua-hang\/?lang=vi\"},{\"@type\":\"ListItem\",\"position\":3,\"name\":\"B\u1ed9 d\u1ee5ng c\u1ee5 Fetish Fantasy Cutie Lure Kit\"}]},{\"@type\":\"WebSite\",\"@id\":\"https:\/\/desireonline.shop\/vi\/#website\",\"url\":\"https:\/\/desireonline.shop\/vi\/\",\"name\":\"Desire\",\"description\":\"Sexual Wellness Platform\",\"publisher\":{\"@id\":\"https:\/\/desireonline.shop\/vi\/#organization\"},\"potentialAction\":[{\"@type\":\"SearchAction\",\"target\":{\"@type\":\"EntryPoint\",\"urlTemplate\":\"https:\/\/desireonline.shop\/vi\/?s={search_term_string}\"},\"query-input\":{\"@type\":\"PropertyValueSpecification\",\"valueRequired\":true,\"valueName\":\"search_term_string\"}}],\"inLanguage\":\"vi\"},{\"@type\":\"Organization\",\"@id\":\"https:\/\/desireonline.shop\/vi\/#organization\",\"name\":\"Desire\",\"url\":\"https:\/\/desireonline.shop\/vi\/\",\"logo\":{\"@type\":\"ImageObject\",\"inLanguage\":\"vi\",\"@id\":\"https:\/\/desireonline.shop\/vi\/#\/schema\/logo\/image\/\",\"url\":\"https:\/\/desireonline.shop\/wp-content\/uploads\/2024\/06\/Logo-Thick-Font-1.webp\",\"contentUrl\":\"https:\/\/desireonline.shop\/wp-content\/uploads\/2024\/06\/Logo-Thick-Font-1.webp\",\"width\":268,\"height\":399,\"caption\":\"Desire\"},\"image\":{\"@id\":\"https:\/\/desireonline.shop\/vi\/#\/schema\/logo\/image\/\"}}]}<\/script>\n<!-- \/ Yoast SEO plugin. -->","yoast_head_json":{"title":"B\u1ed9 d\u1ee5ng c\u1ee5 Fetish Fantasy Cutie Lure Kit - Desire","robots":{"index":"index","follow":"follow","max-snippet":"max-snippet:-1","max-image-preview":"max-image-preview:large","max-video-preview":"max-video-preview:-1"},"canonical":"https:\/\/desireonline.shop\/vi\/san-pham\/bo-dung-cu-fetish-fantasy-cutie-lure-kit\/","og_locale":"vi_VN","og_type":"article","og_title":"B\u1ed9 d\u1ee5ng c\u1ee5 Fetish Fantasy Cutie Lure Kit - Desire","og_description":"\u0110\u01b0\u1ee3c thi\u1ebft k\u1ebf \u0111\u1ec3 khuy\u1ebfn kh\u00edch s\u1ef1 kh\u00e1m ph\u00e1 \u0111\u1ea7y th\u00fa v\u1ecb, b\u1ed9 \u0111\u1ed3 ch\u01a1i n\u00e0y t\u1eadp trung v\u00e0o vi\u1ec7c t\u0103ng c\u01b0\u1eddng s\u1ef1 nh\u1ea1y c\u1ea3m v\u00e0 nh\u1eadn th\u1ee9c th\u00f4ng qua&hellip;","og_url":"https:\/\/desireonline.shop\/vi\/san-pham\/bo-dung-cu-fetish-fantasy-cutie-lure-kit\/","og_site_name":"Desire","og_image":[{"width":2560,"height":2560,"url":"https:\/\/desireonline.shop\/wp-content\/uploads\/2026\/02\/CN-732487890_00-scaled.jpg","type":"image\/jpeg"}],"twitter_card":"summary_large_image","twitter_misc":{"\u01af\u1edbc t\u00ednh th\u1eddi gian \u0111\u1ecdc":"1 ph\u00fat"},"schema":{"@context":"https:\/\/schema.org","@graph":[{"@type":"WebPage","@id":"https:\/\/desireonline.shop\/vi\/san-pham\/bo-dung-cu-fetish-fantasy-cutie-lure-kit\/","url":"https:\/\/desireonline.shop\/vi\/san-pham\/bo-dung-cu-fetish-fantasy-cutie-lure-kit\/","name":"B\u1ed9 d\u1ee5ng c\u1ee5 Fetish Fantasy Cutie Lure Kit - Desire","isPartOf":{"@id":"https:\/\/desireonline.shop\/vi\/#website"},"primaryImageOfPage":{"@id":"https:\/\/desireonline.shop\/vi\/san-pham\/bo-dung-cu-fetish-fantasy-cutie-lure-kit\/#primaryimage"},"image":{"@id":"https:\/\/desireonline.shop\/vi\/san-pham\/bo-dung-cu-fetish-fantasy-cutie-lure-kit\/#primaryimage"},"thumbnailUrl":"https:\/\/desireonline.shop\/wp-content\/uploads\/2026\/02\/CN-732487890_00-scaled.jpg","datePublished":"2026-02-19T06:02:14+00:00","breadcrumb":{"@id":"https:\/\/desireonline.shop\/vi\/san-pham\/bo-dung-cu-fetish-fantasy-cutie-lure-kit\/#breadcrumb"},"inLanguage":"vi","potentialAction":[{"@type":"ReadAction","target":["https:\/\/desireonline.shop\/vi\/san-pham\/bo-dung-cu-fetish-fantasy-cutie-lure-kit\/"]}]},{"@type":"ImageObject","inLanguage":"vi","@id":"https:\/\/desireonline.shop\/vi\/san-pham\/bo-dung-cu-fetish-fantasy-cutie-lure-kit\/#primaryimage","url":"https:\/\/desireonline.shop\/wp-content\/uploads\/2026\/02\/CN-732487890_00-scaled.jpg","contentUrl":"https:\/\/desireonline.shop\/wp-content\/uploads\/2026\/02\/CN-732487890_00-scaled.jpg","width":2560,"height":2560},{"@type":"BreadcrumbList","@id":"https:\/\/desireonline.shop\/vi\/san-pham\/bo-dung-cu-fetish-fantasy-cutie-lure-kit\/#breadcrumb","itemListElement":[{"@type":"ListItem","position":1,"name":"Home","item":"https:\/\/desireonline.shop\/vi\/trang-chu\/?lang=vi"},{"@type":"ListItem","position":2,"name":"T\u1ea5t c\u1ea3 s\u1ea3n ph\u1ea9m","item":"https:\/\/desireonline.shop\/cua-hang\/?lang=vi"},{"@type":"ListItem","position":3,"name":"B\u1ed9 d\u1ee5ng c\u1ee5 Fetish Fantasy Cutie Lure Kit"}]},{"@type":"WebSite","@id":"https:\/\/desireonline.shop\/vi\/#website","url":"https:\/\/desireonline.shop\/vi\/","name":"Desire","description":"Sexual Wellness Platform","publisher":{"@id":"https:\/\/desireonline.shop\/vi\/#organization"},"potentialAction":[{"@type":"SearchAction","target":{"@type":"EntryPoint","urlTemplate":"https:\/\/desireonline.shop\/vi\/?s={search_term_string}"},"query-input":{"@type":"PropertyValueSpecification","valueRequired":true,"valueName":"search_term_string"}}],"inLanguage":"vi"},{"@type":"Organization","@id":"https:\/\/desireonline.shop\/vi\/#organization","name":"Desire","url":"https:\/\/desireonline.shop\/vi\/","logo":{"@type":"ImageObject","inLanguage":"vi","@id":"https:\/\/desireonline.shop\/vi\/#\/schema\/logo\/image\/","url":"https:\/\/desireonline.shop\/wp-content\/uploads\/2024\/06\/Logo-Thick-Font-1.webp","contentUrl":"https:\/\/desireonline.shop\/wp-content\/uploads\/2024\/06\/Logo-Thick-Font-1.webp","width":268,"height":399,"caption":"Desire"},"image":{"@id":"https:\/\/desireonline.shop\/vi\/#\/schema\/logo\/image\/"}}]}},"_links":{"self":[{"href":"https:\/\/desireonline.shop\/vi\/wp-json\/wp\/v2\/product\/69088","targetHints":{"allow":["GET"]}}],"collection":[{"href":"https:\/\/desireonline.shop\/vi\/wp-json\/wp\/v2\/product"}],"about":[{"href":"https:\/\/desireonline.shop\/vi\/wp-json\/wp\/v2\/types\/product"}],"replies":[{"embeddable":true,"href":"https:\/\/desireonline.shop\/vi\/wp-json\/wp\/v2\/comments?post=69088"}],"version-history":[{"count":0,"href":"https:\/\/desireonline.shop\/vi\/wp-json\/wp\/v2\/product\/69088\/revisions"}],"wp:featuredmedia":[{"embeddable":true,"href":"https:\/\/desireonline.shop\/vi\/wp-json\/wp\/v2\/media\/65026"}],"wp:attachment":[{"href":"https:\/\/desireonline.shop\/vi\/wp-json\/wp\/v2\/media?parent=69088"}],"wp:term":[{"taxonomy":"product_brand","embeddable":true,"href":"https:\/\/desireonline.shop\/vi\/wp-json\/wp\/v2\/product_brand?post=69088"},{"taxonomy":"product_cat","embeddable":true,"href":"https:\/\/desireonline.shop\/vi\/wp-json\/wp\/v2\/product_cat?post=69088"},{"taxonomy":"product_tag","embeddable":true,"href":"https:\/\/desireonline.shop\/vi\/wp-json\/wp\/v2\/product_tag?post=69088"}],"curies":[{"name":"wp","href":"https:\/\/api.w.org\/{rel}","templated":true}]}}