{"id":69096,"date":"2026-02-19T06:02:33","date_gmt":"2026-02-19T06:02:33","guid":{"rendered":"https:\/\/desireonline.shop\/product\/bo-kep-dau-ti-va-nut-hau-mon-senuelo-cutesy\/"},"modified":"2026-02-19T06:02:33","modified_gmt":"2026-02-19T06:02:33","slug":"bo-kep-dau-ti-va-nut-hau-mon-senuelo-cutesy","status":"publish","type":"product","link":"https:\/\/desireonline.shop\/vi\/san-pham\/bo-kep-dau-ti-va-nut-hau-mon-senuelo-cutesy\/","title":{"rendered":"B\u1ed9 k\u1eb9p \u0111\u1ea7u ti v\u00e0 n\u00fat h\u1eadu m\u00f4n Se\u00f1uelo Cutesy"},"content":{"rendered":"<p>\u0110\u01b0\u1ee3c thi\u1ebft k\u1ebf \u0111\u1ec3 k\u1ebft h\u1ee3p nhi\u1ec1u c\u1ea3m gi\u00e1c, b\u1ed9 \u0111\u1ed3 ch\u01a1i t\u00ecnh d\u1ee5c n\u00e0y k\u1ebft h\u1ee3p k\u00edch th\u00edch nh\u0169 hoa v\u1edbi k\u00edch th\u00edch h\u1eadu m\u00f4n \u0111\u1ec3 t\u0103ng c\u01b0\u1eddng s\u1ef1 nh\u1eadn bi\u1ebft v\u00e0 c\u01b0\u1eddng \u0111\u1ed9. C\u00e1c y\u1ebfu t\u1ed1 c\u00f3 th\u1ec3 \u0111i\u1ec1u ch\u1ec9nh cho ph\u00e9p qu\u00fd kh\u00e1ch t\u00f9y ch\u1ec9nh tr\u1ea3i nghi\u1ec7m theo m\u1ee9c \u0111\u1ed9 tho\u1ea3i m\u00e1i c\u1ee7a m\u00ecnh trong khi kh\u00e1m ph\u00e1 nh\u1eefng c\u1ea3m gi\u00e1c m\u1edbi.<\/p>\n<p>L\u00fd t\u01b0\u1edfng cho vi\u1ec7c th\u1eed nghi\u1ec7m \u0111\u1ea7y vui v\u1ebb, s\u1ea3n ph\u1ea9m khuy\u1ebfn kh\u00edch s\u1ef1 t\u00f2 m\u00f2 v\u00e0 k\u1ebft n\u1ed1i, \u0111\u1ed3ng th\u1eddi gi\u00fap qu\u00fd kh\u00e1ch c\u1ea3m nh\u1eadn r\u00f5 h\u01a1n c\u00e1c ph\u1ea3n \u1ee9ng c\u1ee7a c\u01a1 th\u1ec3. M\u1ed9t l\u1ef1a ch\u1ecdn linh ho\u1ea1t cho nh\u1eefng ai mu\u1ed1n kh\u00e1m ph\u00e1 s\u1ef1 nh\u1ea1y c\u1ea3m m\u1ed9t c\u00e1ch th\u00fa v\u1ecb v\u00e0 d\u1ec5 ti\u1ebfp c\u1eadn.<\/p>\n","protected":false},"excerpt":{"rendered":"<p>\u0110\u01b0\u1ee3c thi\u1ebft k\u1ebf \u0111\u1ec3 k\u1ebft h\u1ee3p nhi\u1ec1u c\u1ea3m gi\u00e1c, b\u1ed9 \u0111\u1ed3 ch\u01a1i t\u00ecnh d\u1ee5c n\u00e0y k\u1ebft h\u1ee3p k\u00edch th\u00edch nh\u0169 hoa v\u1edbi k\u00edch th\u00edch h\u1eadu m\u00f4n \u0111\u1ec3 t\u0103ng c\u01b0\u1eddng s\u1ef1&hellip;<\/p>\n","protected":false},"featured_media":65034,"comment_status":"open","ping_status":"closed","template":"","meta":{"_acf_changed":false},"product_brand":[],"product_cat":[1359,1357,1416],"product_tag":[],"class_list":{"0":"post-69096","1":"product","2":"type-product","3":"status-publish","4":"has-post-thumbnail","6":"product_cat-bo-trai-nghiem-than-mat","7":"product_cat-dung-cu-kep-nhay-cam","8":"product_cat-nut-hau-mon","10":"first","11":"instock","12":"shipping-taxable","13":"purchasable","14":"product-type-simple"},"acf":[],"yoast_head":"<!-- This site is optimized with the Yoast SEO plugin v27.1.1 - https:\/\/yoast.com\/product\/yoast-seo-wordpress\/ -->\n<title>B\u1ed9 k\u1eb9p \u0111\u1ea7u ti v\u00e0 n\u00fat h\u1eadu m\u00f4n Se\u00f1uelo Cutesy - Desire<\/title>\n<meta name=\"robots\" content=\"index, follow, max-snippet:-1, max-image-preview:large, max-video-preview:-1\" \/>\n<link rel=\"canonical\" href=\"https:\/\/desireonline.shop\/vi\/san-pham\/bo-kep-dau-ti-va-nut-hau-mon-senuelo-cutesy\/\" \/>\n<meta property=\"og:locale\" content=\"vi_VN\" \/>\n<meta property=\"og:type\" content=\"article\" \/>\n<meta property=\"og:title\" content=\"B\u1ed9 k\u1eb9p \u0111\u1ea7u ti v\u00e0 n\u00fat h\u1eadu m\u00f4n Se\u00f1uelo Cutesy - Desire\" \/>\n<meta property=\"og:description\" content=\"\u0110\u01b0\u1ee3c thi\u1ebft k\u1ebf \u0111\u1ec3 k\u1ebft h\u1ee3p nhi\u1ec1u c\u1ea3m gi\u00e1c, b\u1ed9 \u0111\u1ed3 ch\u01a1i t\u00ecnh d\u1ee5c n\u00e0y k\u1ebft h\u1ee3p k\u00edch th\u00edch nh\u0169 hoa v\u1edbi k\u00edch th\u00edch h\u1eadu m\u00f4n \u0111\u1ec3 t\u0103ng c\u01b0\u1eddng s\u1ef1&hellip;\" \/>\n<meta property=\"og:url\" content=\"https:\/\/desireonline.shop\/vi\/san-pham\/bo-kep-dau-ti-va-nut-hau-mon-senuelo-cutesy\/\" \/>\n<meta property=\"og:site_name\" content=\"Desire\" \/>\n<meta property=\"og:image\" content=\"https:\/\/desireonline.shop\/wp-content\/uploads\/2026\/02\/CN-732487902_00.jpg\" \/>\n\t<meta property=\"og:image:width\" content=\"1000\" \/>\n\t<meta property=\"og:image:height\" content=\"1000\" \/>\n\t<meta property=\"og:image:type\" content=\"image\/jpeg\" \/>\n<meta name=\"twitter:card\" content=\"summary_large_image\" \/>\n<meta name=\"twitter:label1\" content=\"\u01af\u1edbc t\u00ednh th\u1eddi gian \u0111\u1ecdc\" \/>\n\t<meta name=\"twitter:data1\" content=\"1 ph\u00fat\" \/>\n<script type=\"application\/ld+json\" class=\"yoast-schema-graph\">{\"@context\":\"https:\/\/schema.org\",\"@graph\":[{\"@type\":\"WebPage\",\"@id\":\"https:\/\/desireonline.shop\/vi\/san-pham\/bo-kep-dau-ti-va-nut-hau-mon-senuelo-cutesy\/\",\"url\":\"https:\/\/desireonline.shop\/vi\/san-pham\/bo-kep-dau-ti-va-nut-hau-mon-senuelo-cutesy\/\",\"name\":\"B\u1ed9 k\u1eb9p \u0111\u1ea7u ti v\u00e0 n\u00fat h\u1eadu m\u00f4n Se\u00f1uelo Cutesy - Desire\",\"isPartOf\":{\"@id\":\"https:\/\/desireonline.shop\/vi\/#website\"},\"primaryImageOfPage\":{\"@id\":\"https:\/\/desireonline.shop\/vi\/san-pham\/bo-kep-dau-ti-va-nut-hau-mon-senuelo-cutesy\/#primaryimage\"},\"image\":{\"@id\":\"https:\/\/desireonline.shop\/vi\/san-pham\/bo-kep-dau-ti-va-nut-hau-mon-senuelo-cutesy\/#primaryimage\"},\"thumbnailUrl\":\"https:\/\/desireonline.shop\/wp-content\/uploads\/2026\/02\/CN-732487902_00.jpg\",\"datePublished\":\"2026-02-19T06:02:33+00:00\",\"breadcrumb\":{\"@id\":\"https:\/\/desireonline.shop\/vi\/san-pham\/bo-kep-dau-ti-va-nut-hau-mon-senuelo-cutesy\/#breadcrumb\"},\"inLanguage\":\"vi\",\"potentialAction\":[{\"@type\":\"ReadAction\",\"target\":[\"https:\/\/desireonline.shop\/vi\/san-pham\/bo-kep-dau-ti-va-nut-hau-mon-senuelo-cutesy\/\"]}]},{\"@type\":\"ImageObject\",\"inLanguage\":\"vi\",\"@id\":\"https:\/\/desireonline.shop\/vi\/san-pham\/bo-kep-dau-ti-va-nut-hau-mon-senuelo-cutesy\/#primaryimage\",\"url\":\"https:\/\/desireonline.shop\/wp-content\/uploads\/2026\/02\/CN-732487902_00.jpg\",\"contentUrl\":\"https:\/\/desireonline.shop\/wp-content\/uploads\/2026\/02\/CN-732487902_00.jpg\",\"width\":1000,\"height\":1000},{\"@type\":\"BreadcrumbList\",\"@id\":\"https:\/\/desireonline.shop\/vi\/san-pham\/bo-kep-dau-ti-va-nut-hau-mon-senuelo-cutesy\/#breadcrumb\",\"itemListElement\":[{\"@type\":\"ListItem\",\"position\":1,\"name\":\"Home\",\"item\":\"https:\/\/desireonline.shop\/vi\/trang-chu\/?lang=vi\"},{\"@type\":\"ListItem\",\"position\":2,\"name\":\"T\u1ea5t c\u1ea3 s\u1ea3n ph\u1ea9m\",\"item\":\"https:\/\/desireonline.shop\/cua-hang\/?lang=vi\"},{\"@type\":\"ListItem\",\"position\":3,\"name\":\"B\u1ed9 k\u1eb9p \u0111\u1ea7u ti v\u00e0 n\u00fat h\u1eadu m\u00f4n Se\u00f1uelo Cutesy\"}]},{\"@type\":\"WebSite\",\"@id\":\"https:\/\/desireonline.shop\/vi\/#website\",\"url\":\"https:\/\/desireonline.shop\/vi\/\",\"name\":\"Desire\",\"description\":\"Sexual Wellness Platform\",\"publisher\":{\"@id\":\"https:\/\/desireonline.shop\/vi\/#organization\"},\"potentialAction\":[{\"@type\":\"SearchAction\",\"target\":{\"@type\":\"EntryPoint\",\"urlTemplate\":\"https:\/\/desireonline.shop\/vi\/?s={search_term_string}\"},\"query-input\":{\"@type\":\"PropertyValueSpecification\",\"valueRequired\":true,\"valueName\":\"search_term_string\"}}],\"inLanguage\":\"vi\"},{\"@type\":\"Organization\",\"@id\":\"https:\/\/desireonline.shop\/vi\/#organization\",\"name\":\"Desire\",\"url\":\"https:\/\/desireonline.shop\/vi\/\",\"logo\":{\"@type\":\"ImageObject\",\"inLanguage\":\"vi\",\"@id\":\"https:\/\/desireonline.shop\/vi\/#\/schema\/logo\/image\/\",\"url\":\"https:\/\/desireonline.shop\/wp-content\/uploads\/2024\/06\/Logo-Thick-Font-1.webp\",\"contentUrl\":\"https:\/\/desireonline.shop\/wp-content\/uploads\/2024\/06\/Logo-Thick-Font-1.webp\",\"width\":268,\"height\":399,\"caption\":\"Desire\"},\"image\":{\"@id\":\"https:\/\/desireonline.shop\/vi\/#\/schema\/logo\/image\/\"}}]}<\/script>\n<!-- \/ Yoast SEO plugin. -->","yoast_head_json":{"title":"B\u1ed9 k\u1eb9p \u0111\u1ea7u ti v\u00e0 n\u00fat h\u1eadu m\u00f4n Se\u00f1uelo Cutesy - Desire","robots":{"index":"index","follow":"follow","max-snippet":"max-snippet:-1","max-image-preview":"max-image-preview:large","max-video-preview":"max-video-preview:-1"},"canonical":"https:\/\/desireonline.shop\/vi\/san-pham\/bo-kep-dau-ti-va-nut-hau-mon-senuelo-cutesy\/","og_locale":"vi_VN","og_type":"article","og_title":"B\u1ed9 k\u1eb9p \u0111\u1ea7u ti v\u00e0 n\u00fat h\u1eadu m\u00f4n Se\u00f1uelo Cutesy - Desire","og_description":"\u0110\u01b0\u1ee3c thi\u1ebft k\u1ebf \u0111\u1ec3 k\u1ebft h\u1ee3p nhi\u1ec1u c\u1ea3m gi\u00e1c, b\u1ed9 \u0111\u1ed3 ch\u01a1i t\u00ecnh d\u1ee5c n\u00e0y k\u1ebft h\u1ee3p k\u00edch th\u00edch nh\u0169 hoa v\u1edbi k\u00edch th\u00edch h\u1eadu m\u00f4n \u0111\u1ec3 t\u0103ng c\u01b0\u1eddng s\u1ef1&hellip;","og_url":"https:\/\/desireonline.shop\/vi\/san-pham\/bo-kep-dau-ti-va-nut-hau-mon-senuelo-cutesy\/","og_site_name":"Desire","og_image":[{"width":1000,"height":1000,"url":"https:\/\/desireonline.shop\/wp-content\/uploads\/2026\/02\/CN-732487902_00.jpg","type":"image\/jpeg"}],"twitter_card":"summary_large_image","twitter_misc":{"\u01af\u1edbc t\u00ednh th\u1eddi gian \u0111\u1ecdc":"1 ph\u00fat"},"schema":{"@context":"https:\/\/schema.org","@graph":[{"@type":"WebPage","@id":"https:\/\/desireonline.shop\/vi\/san-pham\/bo-kep-dau-ti-va-nut-hau-mon-senuelo-cutesy\/","url":"https:\/\/desireonline.shop\/vi\/san-pham\/bo-kep-dau-ti-va-nut-hau-mon-senuelo-cutesy\/","name":"B\u1ed9 k\u1eb9p \u0111\u1ea7u ti v\u00e0 n\u00fat h\u1eadu m\u00f4n Se\u00f1uelo Cutesy - Desire","isPartOf":{"@id":"https:\/\/desireonline.shop\/vi\/#website"},"primaryImageOfPage":{"@id":"https:\/\/desireonline.shop\/vi\/san-pham\/bo-kep-dau-ti-va-nut-hau-mon-senuelo-cutesy\/#primaryimage"},"image":{"@id":"https:\/\/desireonline.shop\/vi\/san-pham\/bo-kep-dau-ti-va-nut-hau-mon-senuelo-cutesy\/#primaryimage"},"thumbnailUrl":"https:\/\/desireonline.shop\/wp-content\/uploads\/2026\/02\/CN-732487902_00.jpg","datePublished":"2026-02-19T06:02:33+00:00","breadcrumb":{"@id":"https:\/\/desireonline.shop\/vi\/san-pham\/bo-kep-dau-ti-va-nut-hau-mon-senuelo-cutesy\/#breadcrumb"},"inLanguage":"vi","potentialAction":[{"@type":"ReadAction","target":["https:\/\/desireonline.shop\/vi\/san-pham\/bo-kep-dau-ti-va-nut-hau-mon-senuelo-cutesy\/"]}]},{"@type":"ImageObject","inLanguage":"vi","@id":"https:\/\/desireonline.shop\/vi\/san-pham\/bo-kep-dau-ti-va-nut-hau-mon-senuelo-cutesy\/#primaryimage","url":"https:\/\/desireonline.shop\/wp-content\/uploads\/2026\/02\/CN-732487902_00.jpg","contentUrl":"https:\/\/desireonline.shop\/wp-content\/uploads\/2026\/02\/CN-732487902_00.jpg","width":1000,"height":1000},{"@type":"BreadcrumbList","@id":"https:\/\/desireonline.shop\/vi\/san-pham\/bo-kep-dau-ti-va-nut-hau-mon-senuelo-cutesy\/#breadcrumb","itemListElement":[{"@type":"ListItem","position":1,"name":"Home","item":"https:\/\/desireonline.shop\/vi\/trang-chu\/?lang=vi"},{"@type":"ListItem","position":2,"name":"T\u1ea5t c\u1ea3 s\u1ea3n ph\u1ea9m","item":"https:\/\/desireonline.shop\/cua-hang\/?lang=vi"},{"@type":"ListItem","position":3,"name":"B\u1ed9 k\u1eb9p \u0111\u1ea7u ti v\u00e0 n\u00fat h\u1eadu m\u00f4n Se\u00f1uelo Cutesy"}]},{"@type":"WebSite","@id":"https:\/\/desireonline.shop\/vi\/#website","url":"https:\/\/desireonline.shop\/vi\/","name":"Desire","description":"Sexual Wellness Platform","publisher":{"@id":"https:\/\/desireonline.shop\/vi\/#organization"},"potentialAction":[{"@type":"SearchAction","target":{"@type":"EntryPoint","urlTemplate":"https:\/\/desireonline.shop\/vi\/?s={search_term_string}"},"query-input":{"@type":"PropertyValueSpecification","valueRequired":true,"valueName":"search_term_string"}}],"inLanguage":"vi"},{"@type":"Organization","@id":"https:\/\/desireonline.shop\/vi\/#organization","name":"Desire","url":"https:\/\/desireonline.shop\/vi\/","logo":{"@type":"ImageObject","inLanguage":"vi","@id":"https:\/\/desireonline.shop\/vi\/#\/schema\/logo\/image\/","url":"https:\/\/desireonline.shop\/wp-content\/uploads\/2024\/06\/Logo-Thick-Font-1.webp","contentUrl":"https:\/\/desireonline.shop\/wp-content\/uploads\/2024\/06\/Logo-Thick-Font-1.webp","width":268,"height":399,"caption":"Desire"},"image":{"@id":"https:\/\/desireonline.shop\/vi\/#\/schema\/logo\/image\/"}}]}},"_links":{"self":[{"href":"https:\/\/desireonline.shop\/vi\/wp-json\/wp\/v2\/product\/69096","targetHints":{"allow":["GET"]}}],"collection":[{"href":"https:\/\/desireonline.shop\/vi\/wp-json\/wp\/v2\/product"}],"about":[{"href":"https:\/\/desireonline.shop\/vi\/wp-json\/wp\/v2\/types\/product"}],"replies":[{"embeddable":true,"href":"https:\/\/desireonline.shop\/vi\/wp-json\/wp\/v2\/comments?post=69096"}],"version-history":[{"count":0,"href":"https:\/\/desireonline.shop\/vi\/wp-json\/wp\/v2\/product\/69096\/revisions"}],"wp:featuredmedia":[{"embeddable":true,"href":"https:\/\/desireonline.shop\/vi\/wp-json\/wp\/v2\/media\/65034"}],"wp:attachment":[{"href":"https:\/\/desireonline.shop\/vi\/wp-json\/wp\/v2\/media?parent=69096"}],"wp:term":[{"taxonomy":"product_brand","embeddable":true,"href":"https:\/\/desireonline.shop\/vi\/wp-json\/wp\/v2\/product_brand?post=69096"},{"taxonomy":"product_cat","embeddable":true,"href":"https:\/\/desireonline.shop\/vi\/wp-json\/wp\/v2\/product_cat?post=69096"},{"taxonomy":"product_tag","embeddable":true,"href":"https:\/\/desireonline.shop\/vi\/wp-json\/wp\/v2\/product_tag?post=69096"}],"curies":[{"name":"wp","href":"https:\/\/api.w.org\/{rel}","templated":true}]}}