{"id":69113,"date":"2026-02-19T06:03:51","date_gmt":"2026-02-19T06:03:51","guid":{"rendered":"https:\/\/desireonline.shop\/product\/bo-dung-cu-kich-thich-nhu-hoa-senuelo-echo-catcher\/"},"modified":"2026-02-19T06:03:51","modified_gmt":"2026-02-19T06:03:51","slug":"bo-dung-cu-kich-thich-nhu-hoa-senuelo-echo-catcher","status":"publish","type":"product","link":"https:\/\/desireonline.shop\/vi\/san-pham\/bo-dung-cu-kich-thich-nhu-hoa-senuelo-echo-catcher\/","title":{"rendered":"B\u1ed9 d\u1ee5ng c\u1ee5 k\u00edch th\u00edch nh\u0169 hoa Se\u00f1uelo Echo Catcher"},"content":{"rendered":"<p>\u0110\u01b0\u1ee3c thi\u1ebft k\u1ebf \u0111\u1ec3 k\u1ebft h\u1ee3p c\u1ea3m gi\u00e1c v\u00e0 phong c\u00e1ch, b\u1ed9 trang s\u1ee9c nh\u0169 hoa n\u00e0y c\u00f3 c\u00e1c m\u00f3n \u0111\u1ed3 kh\u00f4ng c\u1ea7n x\u1ecf khuy\u00ean, c\u00f3 th\u1ec3 \u0111i\u1ec1u ch\u1ec9nh, mang l\u1ea1i s\u1ef1 d\u1ec5 d\u00e0ng v\u00e0 tho\u1ea3i m\u00e1i khi s\u1eed d\u1ee5ng. Kh\u1ea3 n\u0103ng \u0111i\u1ec1u ch\u1ec9nh cho ph\u00e9p qu\u00fd kh\u00e1ch t\u00f9y ch\u1ec9nh \u00e1p l\u1ef1c v\u00e0 v\u1ecb tr\u00ed, gi\u00fap d\u1ec5 d\u00e0ng t\u00ecm th\u1ea5y c\u1ea3m gi\u00e1c \u01b0ng \u00fd nh\u1ea5t.<\/p>\n<p>L\u00fd t\u01b0\u1edfng cho nh\u1eefng c\u1eed ch\u1ec9 m\u01a1n tr\u1edbn v\u00e0 th\u1eed nghi\u1ec7m th\u00fa v\u1ecb, s\u1ea3n ph\u1ea9m v\u1eeba mang t\u00ednh trang tr\u00ed v\u1eeba gi\u00fap t\u0103ng c\u01b0\u1eddng s\u1ef1 nh\u1ea1y c\u1ea3m. M\u1ed9t l\u1ef1a ch\u1ecdn th\u00fa v\u1ecb v\u00e0 d\u1ec5 ti\u1ebfp c\u1eadn cho nh\u1eefng ai th\u00edch k\u1ebft h\u1ee3p v\u1ebb ngo\u00e0i cu\u1ed1n h\u00fat v\u1edbi s\u1ef1 k\u00edch th\u00edch nh\u1eb9 nh\u00e0ng.<\/p>\n","protected":false},"excerpt":{"rendered":"<p>\u0110\u01b0\u1ee3c thi\u1ebft k\u1ebf \u0111\u1ec3 k\u1ebft h\u1ee3p c\u1ea3m gi\u00e1c v\u00e0 phong c\u00e1ch, b\u1ed9 trang s\u1ee9c nh\u0169 hoa n\u00e0y c\u00f3 c\u00e1c m\u00f3n \u0111\u1ed3 kh\u00f4ng c\u1ea7n x\u1ecf khuy\u00ean, c\u00f3 th\u1ec3 \u0111i\u1ec1u ch\u1ec9nh, mang&hellip;<\/p>\n","protected":false},"featured_media":65092,"comment_status":"open","ping_status":"closed","template":"","meta":{"_acf_changed":false},"product_brand":[],"product_cat":[1357],"product_tag":[],"class_list":{"0":"post-69113","1":"product","2":"type-product","3":"status-publish","4":"has-post-thumbnail","6":"product_cat-dung-cu-kep-nhay-cam","8":"first","9":"instock","10":"shipping-taxable","11":"purchasable","12":"product-type-simple"},"acf":[],"yoast_head":"<!-- This site is optimized with the Yoast SEO plugin v27.1.1 - https:\/\/yoast.com\/product\/yoast-seo-wordpress\/ -->\n<title>B\u1ed9 d\u1ee5ng c\u1ee5 k\u00edch th\u00edch nh\u0169 hoa Se\u00f1uelo Echo Catcher - Desire<\/title>\n<meta name=\"robots\" content=\"index, follow, max-snippet:-1, max-image-preview:large, max-video-preview:-1\" \/>\n<link rel=\"canonical\" href=\"https:\/\/desireonline.shop\/vi\/san-pham\/bo-dung-cu-kich-thich-nhu-hoa-senuelo-echo-catcher\/\" \/>\n<meta property=\"og:locale\" content=\"vi_VN\" \/>\n<meta property=\"og:type\" content=\"article\" \/>\n<meta property=\"og:title\" content=\"B\u1ed9 d\u1ee5ng c\u1ee5 k\u00edch th\u00edch nh\u0169 hoa Se\u00f1uelo Echo Catcher - Desire\" \/>\n<meta property=\"og:description\" content=\"\u0110\u01b0\u1ee3c thi\u1ebft k\u1ebf \u0111\u1ec3 k\u1ebft h\u1ee3p c\u1ea3m gi\u00e1c v\u00e0 phong c\u00e1ch, b\u1ed9 trang s\u1ee9c nh\u0169 hoa n\u00e0y c\u00f3 c\u00e1c m\u00f3n \u0111\u1ed3 kh\u00f4ng c\u1ea7n x\u1ecf khuy\u00ean, c\u00f3 th\u1ec3 \u0111i\u1ec1u ch\u1ec9nh, mang&hellip;\" \/>\n<meta property=\"og:url\" content=\"https:\/\/desireonline.shop\/vi\/san-pham\/bo-dung-cu-kich-thich-nhu-hoa-senuelo-echo-catcher\/\" \/>\n<meta property=\"og:site_name\" content=\"Desire\" \/>\n<meta property=\"og:image\" content=\"https:\/\/desireonline.shop\/wp-content\/uploads\/2026\/02\/CN-732487865_00.jpg\" \/>\n\t<meta property=\"og:image:width\" content=\"1000\" \/>\n\t<meta property=\"og:image:height\" content=\"1000\" \/>\n\t<meta property=\"og:image:type\" content=\"image\/jpeg\" \/>\n<meta name=\"twitter:card\" content=\"summary_large_image\" \/>\n<meta name=\"twitter:label1\" content=\"\u01af\u1edbc t\u00ednh th\u1eddi gian \u0111\u1ecdc\" \/>\n\t<meta name=\"twitter:data1\" content=\"1 ph\u00fat\" \/>\n<script type=\"application\/ld+json\" class=\"yoast-schema-graph\">{\"@context\":\"https:\/\/schema.org\",\"@graph\":[{\"@type\":\"WebPage\",\"@id\":\"https:\/\/desireonline.shop\/vi\/san-pham\/bo-dung-cu-kich-thich-nhu-hoa-senuelo-echo-catcher\/\",\"url\":\"https:\/\/desireonline.shop\/vi\/san-pham\/bo-dung-cu-kich-thich-nhu-hoa-senuelo-echo-catcher\/\",\"name\":\"B\u1ed9 d\u1ee5ng c\u1ee5 k\u00edch th\u00edch nh\u0169 hoa Se\u00f1uelo Echo Catcher - Desire\",\"isPartOf\":{\"@id\":\"https:\/\/desireonline.shop\/vi\/#website\"},\"primaryImageOfPage\":{\"@id\":\"https:\/\/desireonline.shop\/vi\/san-pham\/bo-dung-cu-kich-thich-nhu-hoa-senuelo-echo-catcher\/#primaryimage\"},\"image\":{\"@id\":\"https:\/\/desireonline.shop\/vi\/san-pham\/bo-dung-cu-kich-thich-nhu-hoa-senuelo-echo-catcher\/#primaryimage\"},\"thumbnailUrl\":\"https:\/\/desireonline.shop\/wp-content\/uploads\/2026\/02\/CN-732487865_00.jpg\",\"datePublished\":\"2026-02-19T06:03:51+00:00\",\"breadcrumb\":{\"@id\":\"https:\/\/desireonline.shop\/vi\/san-pham\/bo-dung-cu-kich-thich-nhu-hoa-senuelo-echo-catcher\/#breadcrumb\"},\"inLanguage\":\"vi\",\"potentialAction\":[{\"@type\":\"ReadAction\",\"target\":[\"https:\/\/desireonline.shop\/vi\/san-pham\/bo-dung-cu-kich-thich-nhu-hoa-senuelo-echo-catcher\/\"]}]},{\"@type\":\"ImageObject\",\"inLanguage\":\"vi\",\"@id\":\"https:\/\/desireonline.shop\/vi\/san-pham\/bo-dung-cu-kich-thich-nhu-hoa-senuelo-echo-catcher\/#primaryimage\",\"url\":\"https:\/\/desireonline.shop\/wp-content\/uploads\/2026\/02\/CN-732487865_00.jpg\",\"contentUrl\":\"https:\/\/desireonline.shop\/wp-content\/uploads\/2026\/02\/CN-732487865_00.jpg\",\"width\":1000,\"height\":1000},{\"@type\":\"BreadcrumbList\",\"@id\":\"https:\/\/desireonline.shop\/vi\/san-pham\/bo-dung-cu-kich-thich-nhu-hoa-senuelo-echo-catcher\/#breadcrumb\",\"itemListElement\":[{\"@type\":\"ListItem\",\"position\":1,\"name\":\"Home\",\"item\":\"https:\/\/desireonline.shop\/vi\/trang-chu\/?lang=vi\"},{\"@type\":\"ListItem\",\"position\":2,\"name\":\"T\u1ea5t c\u1ea3 s\u1ea3n ph\u1ea9m\",\"item\":\"https:\/\/desireonline.shop\/cua-hang\/?lang=vi\"},{\"@type\":\"ListItem\",\"position\":3,\"name\":\"B\u1ed9 d\u1ee5ng c\u1ee5 k\u00edch th\u00edch nh\u0169 hoa Se\u00f1uelo Echo Catcher\"}]},{\"@type\":\"WebSite\",\"@id\":\"https:\/\/desireonline.shop\/vi\/#website\",\"url\":\"https:\/\/desireonline.shop\/vi\/\",\"name\":\"Desire\",\"description\":\"Sexual Wellness Platform\",\"publisher\":{\"@id\":\"https:\/\/desireonline.shop\/vi\/#organization\"},\"potentialAction\":[{\"@type\":\"SearchAction\",\"target\":{\"@type\":\"EntryPoint\",\"urlTemplate\":\"https:\/\/desireonline.shop\/vi\/?s={search_term_string}\"},\"query-input\":{\"@type\":\"PropertyValueSpecification\",\"valueRequired\":true,\"valueName\":\"search_term_string\"}}],\"inLanguage\":\"vi\"},{\"@type\":\"Organization\",\"@id\":\"https:\/\/desireonline.shop\/vi\/#organization\",\"name\":\"Desire\",\"url\":\"https:\/\/desireonline.shop\/vi\/\",\"logo\":{\"@type\":\"ImageObject\",\"inLanguage\":\"vi\",\"@id\":\"https:\/\/desireonline.shop\/vi\/#\/schema\/logo\/image\/\",\"url\":\"https:\/\/desireonline.shop\/wp-content\/uploads\/2024\/06\/Logo-Thick-Font-1.webp\",\"contentUrl\":\"https:\/\/desireonline.shop\/wp-content\/uploads\/2024\/06\/Logo-Thick-Font-1.webp\",\"width\":268,\"height\":399,\"caption\":\"Desire\"},\"image\":{\"@id\":\"https:\/\/desireonline.shop\/vi\/#\/schema\/logo\/image\/\"}}]}<\/script>\n<!-- \/ Yoast SEO plugin. -->","yoast_head_json":{"title":"B\u1ed9 d\u1ee5ng c\u1ee5 k\u00edch th\u00edch nh\u0169 hoa Se\u00f1uelo Echo Catcher - Desire","robots":{"index":"index","follow":"follow","max-snippet":"max-snippet:-1","max-image-preview":"max-image-preview:large","max-video-preview":"max-video-preview:-1"},"canonical":"https:\/\/desireonline.shop\/vi\/san-pham\/bo-dung-cu-kich-thich-nhu-hoa-senuelo-echo-catcher\/","og_locale":"vi_VN","og_type":"article","og_title":"B\u1ed9 d\u1ee5ng c\u1ee5 k\u00edch th\u00edch nh\u0169 hoa Se\u00f1uelo Echo Catcher - Desire","og_description":"\u0110\u01b0\u1ee3c thi\u1ebft k\u1ebf \u0111\u1ec3 k\u1ebft h\u1ee3p c\u1ea3m gi\u00e1c v\u00e0 phong c\u00e1ch, b\u1ed9 trang s\u1ee9c nh\u0169 hoa n\u00e0y c\u00f3 c\u00e1c m\u00f3n \u0111\u1ed3 kh\u00f4ng c\u1ea7n x\u1ecf khuy\u00ean, c\u00f3 th\u1ec3 \u0111i\u1ec1u ch\u1ec9nh, mang&hellip;","og_url":"https:\/\/desireonline.shop\/vi\/san-pham\/bo-dung-cu-kich-thich-nhu-hoa-senuelo-echo-catcher\/","og_site_name":"Desire","og_image":[{"width":1000,"height":1000,"url":"https:\/\/desireonline.shop\/wp-content\/uploads\/2026\/02\/CN-732487865_00.jpg","type":"image\/jpeg"}],"twitter_card":"summary_large_image","twitter_misc":{"\u01af\u1edbc t\u00ednh th\u1eddi gian \u0111\u1ecdc":"1 ph\u00fat"},"schema":{"@context":"https:\/\/schema.org","@graph":[{"@type":"WebPage","@id":"https:\/\/desireonline.shop\/vi\/san-pham\/bo-dung-cu-kich-thich-nhu-hoa-senuelo-echo-catcher\/","url":"https:\/\/desireonline.shop\/vi\/san-pham\/bo-dung-cu-kich-thich-nhu-hoa-senuelo-echo-catcher\/","name":"B\u1ed9 d\u1ee5ng c\u1ee5 k\u00edch th\u00edch nh\u0169 hoa Se\u00f1uelo Echo Catcher - Desire","isPartOf":{"@id":"https:\/\/desireonline.shop\/vi\/#website"},"primaryImageOfPage":{"@id":"https:\/\/desireonline.shop\/vi\/san-pham\/bo-dung-cu-kich-thich-nhu-hoa-senuelo-echo-catcher\/#primaryimage"},"image":{"@id":"https:\/\/desireonline.shop\/vi\/san-pham\/bo-dung-cu-kich-thich-nhu-hoa-senuelo-echo-catcher\/#primaryimage"},"thumbnailUrl":"https:\/\/desireonline.shop\/wp-content\/uploads\/2026\/02\/CN-732487865_00.jpg","datePublished":"2026-02-19T06:03:51+00:00","breadcrumb":{"@id":"https:\/\/desireonline.shop\/vi\/san-pham\/bo-dung-cu-kich-thich-nhu-hoa-senuelo-echo-catcher\/#breadcrumb"},"inLanguage":"vi","potentialAction":[{"@type":"ReadAction","target":["https:\/\/desireonline.shop\/vi\/san-pham\/bo-dung-cu-kich-thich-nhu-hoa-senuelo-echo-catcher\/"]}]},{"@type":"ImageObject","inLanguage":"vi","@id":"https:\/\/desireonline.shop\/vi\/san-pham\/bo-dung-cu-kich-thich-nhu-hoa-senuelo-echo-catcher\/#primaryimage","url":"https:\/\/desireonline.shop\/wp-content\/uploads\/2026\/02\/CN-732487865_00.jpg","contentUrl":"https:\/\/desireonline.shop\/wp-content\/uploads\/2026\/02\/CN-732487865_00.jpg","width":1000,"height":1000},{"@type":"BreadcrumbList","@id":"https:\/\/desireonline.shop\/vi\/san-pham\/bo-dung-cu-kich-thich-nhu-hoa-senuelo-echo-catcher\/#breadcrumb","itemListElement":[{"@type":"ListItem","position":1,"name":"Home","item":"https:\/\/desireonline.shop\/vi\/trang-chu\/?lang=vi"},{"@type":"ListItem","position":2,"name":"T\u1ea5t c\u1ea3 s\u1ea3n ph\u1ea9m","item":"https:\/\/desireonline.shop\/cua-hang\/?lang=vi"},{"@type":"ListItem","position":3,"name":"B\u1ed9 d\u1ee5ng c\u1ee5 k\u00edch th\u00edch nh\u0169 hoa Se\u00f1uelo Echo Catcher"}]},{"@type":"WebSite","@id":"https:\/\/desireonline.shop\/vi\/#website","url":"https:\/\/desireonline.shop\/vi\/","name":"Desire","description":"Sexual Wellness Platform","publisher":{"@id":"https:\/\/desireonline.shop\/vi\/#organization"},"potentialAction":[{"@type":"SearchAction","target":{"@type":"EntryPoint","urlTemplate":"https:\/\/desireonline.shop\/vi\/?s={search_term_string}"},"query-input":{"@type":"PropertyValueSpecification","valueRequired":true,"valueName":"search_term_string"}}],"inLanguage":"vi"},{"@type":"Organization","@id":"https:\/\/desireonline.shop\/vi\/#organization","name":"Desire","url":"https:\/\/desireonline.shop\/vi\/","logo":{"@type":"ImageObject","inLanguage":"vi","@id":"https:\/\/desireonline.shop\/vi\/#\/schema\/logo\/image\/","url":"https:\/\/desireonline.shop\/wp-content\/uploads\/2024\/06\/Logo-Thick-Font-1.webp","contentUrl":"https:\/\/desireonline.shop\/wp-content\/uploads\/2024\/06\/Logo-Thick-Font-1.webp","width":268,"height":399,"caption":"Desire"},"image":{"@id":"https:\/\/desireonline.shop\/vi\/#\/schema\/logo\/image\/"}}]}},"_links":{"self":[{"href":"https:\/\/desireonline.shop\/vi\/wp-json\/wp\/v2\/product\/69113","targetHints":{"allow":["GET"]}}],"collection":[{"href":"https:\/\/desireonline.shop\/vi\/wp-json\/wp\/v2\/product"}],"about":[{"href":"https:\/\/desireonline.shop\/vi\/wp-json\/wp\/v2\/types\/product"}],"replies":[{"embeddable":true,"href":"https:\/\/desireonline.shop\/vi\/wp-json\/wp\/v2\/comments?post=69113"}],"version-history":[{"count":0,"href":"https:\/\/desireonline.shop\/vi\/wp-json\/wp\/v2\/product\/69113\/revisions"}],"wp:featuredmedia":[{"embeddable":true,"href":"https:\/\/desireonline.shop\/vi\/wp-json\/wp\/v2\/media\/65092"}],"wp:attachment":[{"href":"https:\/\/desireonline.shop\/vi\/wp-json\/wp\/v2\/media?parent=69113"}],"wp:term":[{"taxonomy":"product_brand","embeddable":true,"href":"https:\/\/desireonline.shop\/vi\/wp-json\/wp\/v2\/product_brand?post=69113"},{"taxonomy":"product_cat","embeddable":true,"href":"https:\/\/desireonline.shop\/vi\/wp-json\/wp\/v2\/product_cat?post=69113"},{"taxonomy":"product_tag","embeddable":true,"href":"https:\/\/desireonline.shop\/vi\/wp-json\/wp\/v2\/product_tag?post=69113"}],"curies":[{"name":"wp","href":"https:\/\/api.w.org\/{rel}","templated":true}]}}