{"id":69129,"date":"2026-02-19T06:04:02","date_gmt":"2026-02-19T06:04:02","guid":{"rendered":"https:\/\/desireonline.shop\/product\/long-vu-treu-dua-senuelo-pleasure\/"},"modified":"2026-02-19T06:04:02","modified_gmt":"2026-02-19T06:04:02","slug":"long-vu-treu-dua-senuelo-pleasure","status":"publish","type":"product","link":"https:\/\/desireonline.shop\/vi\/san-pham\/long-vu-treu-dua-senuelo-pleasure\/","title":{"rendered":"L\u00f4ng v\u0169 tr\u00eau \u0111\u00f9a Se\u00f1uelo Pleasure"},"content":{"rendered":"<p>\u0110\u01b0\u1ee3c thi\u1ebft k\u1ebf \u0111\u1ec3 g\u00e2y ph\u1ea5n kh\u00edch v\u00e0 tr\u00eau \u0111\u00f9a, chi\u1ebfc l\u00f4ng v\u0169 n\u00e0y ho\u00e0n h\u1ea3o \u0111\u1ec3 x\u00e2y d\u1ef1ng s\u1ef1 mong \u0111\u1ee3i th\u00f4ng qua nh\u1eefng c\u00fa ch\u1ea1m nh\u1eb9 nh\u00e0ng, bay b\u1ed5ng. Nh\u1eefng s\u1ee3i l\u00f4ng m\u1ec1m m\u1ea1i t\u1ea1o ra c\u1ea3m gi\u00e1c nh\u1eb9 nh\u00e0ng, k\u00edch th\u00edch, gi\u00fap t\u0103ng c\u01b0\u1eddng s\u1ef1 nh\u1ea1y c\u1ea3m v\u00e0 thu h\u00fat s\u1ef1 ch\u00fa \u00fd v\u00e0o t\u1eebng nh\u1ecbp vu\u1ed1t.<\/p>\n<p>L\u00fd t\u01b0\u1edfng cho m\u00e0n d\u1ea1o \u0111\u1ea7u v\u00e0 tr\u00f2 ch\u01a1i c\u1ea3m gi\u00e1c, \u0111\u00e2y l\u00e0 m\u1ed9t c\u00e1ch \u0111\u01a1n gi\u1ea3n nh\u01b0ng hi\u1ec7u qu\u1ea3 \u0111\u1ec3 l\u00e0m ch\u1eadm nh\u1ecbp \u0111\u1ed9 v\u00e0 c\u00f9ng nhau kh\u00e1m ph\u00e1 nh\u1eefng kho\u1ea3nh kh\u1eafc tr\u00eau \u0111\u00f9a. M\u1ed9t ph\u1ee5 ki\u1ec7n vui nh\u1ed9n gi\u00fap t\u0103ng th\u00eam s\u1ef1 ph\u1ea5n kh\u00edch, t\u00f2 m\u00f2 v\u00e0 m\u1ed9t ch\u00fat h\u1ed3i h\u1ed9p cho cu\u1ed9c y\u00eau.<\/p>\n","protected":false},"excerpt":{"rendered":"<p>\u0110\u01b0\u1ee3c thi\u1ebft k\u1ebf \u0111\u1ec3 g\u00e2y ph\u1ea5n kh\u00edch v\u00e0 tr\u00eau \u0111\u00f9a, chi\u1ebfc l\u00f4ng v\u0169 n\u00e0y ho\u00e0n h\u1ea3o \u0111\u1ec3 x\u00e2y d\u1ef1ng s\u1ef1 mong \u0111\u1ee3i th\u00f4ng qua nh\u1eefng c\u00fa ch\u1ea1m nh\u1eb9 nh\u00e0ng, bay&hellip;<\/p>\n","protected":false},"featured_media":65100,"comment_status":"open","ping_status":"closed","template":"","meta":{"_acf_changed":false},"product_brand":[],"product_cat":[1353],"product_tag":[],"class_list":{"0":"post-69129","1":"product","2":"type-product","3":"status-publish","4":"has-post-thumbnail","6":"product_cat-long-vu-treu-dua","8":"first","9":"instock","10":"shipping-taxable","11":"purchasable","12":"product-type-simple"},"acf":[],"yoast_head":"<!-- This site is optimized with the Yoast SEO plugin v27.1.1 - https:\/\/yoast.com\/product\/yoast-seo-wordpress\/ -->\n<title>L\u00f4ng v\u0169 tr\u00eau \u0111\u00f9a Se\u00f1uelo Pleasure - Desire<\/title>\n<meta name=\"robots\" content=\"index, follow, max-snippet:-1, max-image-preview:large, max-video-preview:-1\" \/>\n<link rel=\"canonical\" href=\"https:\/\/desireonline.shop\/vi\/san-pham\/long-vu-treu-dua-senuelo-pleasure\/\" \/>\n<meta property=\"og:locale\" content=\"vi_VN\" \/>\n<meta property=\"og:type\" content=\"article\" \/>\n<meta property=\"og:title\" content=\"L\u00f4ng v\u0169 tr\u00eau \u0111\u00f9a Se\u00f1uelo Pleasure - Desire\" \/>\n<meta property=\"og:description\" content=\"\u0110\u01b0\u1ee3c thi\u1ebft k\u1ebf \u0111\u1ec3 g\u00e2y ph\u1ea5n kh\u00edch v\u00e0 tr\u00eau \u0111\u00f9a, chi\u1ebfc l\u00f4ng v\u0169 n\u00e0y ho\u00e0n h\u1ea3o \u0111\u1ec3 x\u00e2y d\u1ef1ng s\u1ef1 mong \u0111\u1ee3i th\u00f4ng qua nh\u1eefng c\u00fa ch\u1ea1m nh\u1eb9 nh\u00e0ng, bay&hellip;\" \/>\n<meta property=\"og:url\" content=\"https:\/\/desireonline.shop\/vi\/san-pham\/long-vu-treu-dua-senuelo-pleasure\/\" \/>\n<meta property=\"og:site_name\" content=\"Desire\" \/>\n<meta property=\"og:image\" content=\"https:\/\/desireonline.shop\/wp-content\/uploads\/2026\/02\/CN-545216292_00.jpg\" \/>\n\t<meta property=\"og:image:width\" content=\"1000\" \/>\n\t<meta property=\"og:image:height\" content=\"1000\" \/>\n\t<meta property=\"og:image:type\" content=\"image\/jpeg\" \/>\n<meta name=\"twitter:card\" content=\"summary_large_image\" \/>\n<meta name=\"twitter:label1\" content=\"\u01af\u1edbc t\u00ednh th\u1eddi gian \u0111\u1ecdc\" \/>\n\t<meta name=\"twitter:data1\" content=\"1 ph\u00fat\" \/>\n<script type=\"application\/ld+json\" class=\"yoast-schema-graph\">{\"@context\":\"https:\/\/schema.org\",\"@graph\":[{\"@type\":\"WebPage\",\"@id\":\"https:\/\/desireonline.shop\/vi\/san-pham\/long-vu-treu-dua-senuelo-pleasure\/\",\"url\":\"https:\/\/desireonline.shop\/vi\/san-pham\/long-vu-treu-dua-senuelo-pleasure\/\",\"name\":\"L\u00f4ng v\u0169 tr\u00eau \u0111\u00f9a Se\u00f1uelo Pleasure - Desire\",\"isPartOf\":{\"@id\":\"https:\/\/desireonline.shop\/vi\/#website\"},\"primaryImageOfPage\":{\"@id\":\"https:\/\/desireonline.shop\/vi\/san-pham\/long-vu-treu-dua-senuelo-pleasure\/#primaryimage\"},\"image\":{\"@id\":\"https:\/\/desireonline.shop\/vi\/san-pham\/long-vu-treu-dua-senuelo-pleasure\/#primaryimage\"},\"thumbnailUrl\":\"https:\/\/desireonline.shop\/wp-content\/uploads\/2026\/02\/CN-545216292_00.jpg\",\"datePublished\":\"2026-02-19T06:04:02+00:00\",\"breadcrumb\":{\"@id\":\"https:\/\/desireonline.shop\/vi\/san-pham\/long-vu-treu-dua-senuelo-pleasure\/#breadcrumb\"},\"inLanguage\":\"vi\",\"potentialAction\":[{\"@type\":\"ReadAction\",\"target\":[\"https:\/\/desireonline.shop\/vi\/san-pham\/long-vu-treu-dua-senuelo-pleasure\/\"]}]},{\"@type\":\"ImageObject\",\"inLanguage\":\"vi\",\"@id\":\"https:\/\/desireonline.shop\/vi\/san-pham\/long-vu-treu-dua-senuelo-pleasure\/#primaryimage\",\"url\":\"https:\/\/desireonline.shop\/wp-content\/uploads\/2026\/02\/CN-545216292_00.jpg\",\"contentUrl\":\"https:\/\/desireonline.shop\/wp-content\/uploads\/2026\/02\/CN-545216292_00.jpg\",\"width\":1000,\"height\":1000},{\"@type\":\"BreadcrumbList\",\"@id\":\"https:\/\/desireonline.shop\/vi\/san-pham\/long-vu-treu-dua-senuelo-pleasure\/#breadcrumb\",\"itemListElement\":[{\"@type\":\"ListItem\",\"position\":1,\"name\":\"Home\",\"item\":\"https:\/\/desireonline.shop\/vi\/trang-chu\/?lang=vi\"},{\"@type\":\"ListItem\",\"position\":2,\"name\":\"T\u1ea5t c\u1ea3 s\u1ea3n ph\u1ea9m\",\"item\":\"https:\/\/desireonline.shop\/cua-hang\/?lang=vi\"},{\"@type\":\"ListItem\",\"position\":3,\"name\":\"L\u00f4ng v\u0169 tr\u00eau \u0111\u00f9a Se\u00f1uelo Pleasure\"}]},{\"@type\":\"WebSite\",\"@id\":\"https:\/\/desireonline.shop\/vi\/#website\",\"url\":\"https:\/\/desireonline.shop\/vi\/\",\"name\":\"Desire\",\"description\":\"Sexual Wellness Platform\",\"publisher\":{\"@id\":\"https:\/\/desireonline.shop\/vi\/#organization\"},\"potentialAction\":[{\"@type\":\"SearchAction\",\"target\":{\"@type\":\"EntryPoint\",\"urlTemplate\":\"https:\/\/desireonline.shop\/vi\/?s={search_term_string}\"},\"query-input\":{\"@type\":\"PropertyValueSpecification\",\"valueRequired\":true,\"valueName\":\"search_term_string\"}}],\"inLanguage\":\"vi\"},{\"@type\":\"Organization\",\"@id\":\"https:\/\/desireonline.shop\/vi\/#organization\",\"name\":\"Desire\",\"url\":\"https:\/\/desireonline.shop\/vi\/\",\"logo\":{\"@type\":\"ImageObject\",\"inLanguage\":\"vi\",\"@id\":\"https:\/\/desireonline.shop\/vi\/#\/schema\/logo\/image\/\",\"url\":\"https:\/\/desireonline.shop\/wp-content\/uploads\/2024\/06\/Logo-Thick-Font-1.webp\",\"contentUrl\":\"https:\/\/desireonline.shop\/wp-content\/uploads\/2024\/06\/Logo-Thick-Font-1.webp\",\"width\":268,\"height\":399,\"caption\":\"Desire\"},\"image\":{\"@id\":\"https:\/\/desireonline.shop\/vi\/#\/schema\/logo\/image\/\"}}]}<\/script>\n<!-- \/ Yoast SEO plugin. -->","yoast_head_json":{"title":"L\u00f4ng v\u0169 tr\u00eau \u0111\u00f9a Se\u00f1uelo Pleasure - Desire","robots":{"index":"index","follow":"follow","max-snippet":"max-snippet:-1","max-image-preview":"max-image-preview:large","max-video-preview":"max-video-preview:-1"},"canonical":"https:\/\/desireonline.shop\/vi\/san-pham\/long-vu-treu-dua-senuelo-pleasure\/","og_locale":"vi_VN","og_type":"article","og_title":"L\u00f4ng v\u0169 tr\u00eau \u0111\u00f9a Se\u00f1uelo Pleasure - Desire","og_description":"\u0110\u01b0\u1ee3c thi\u1ebft k\u1ebf \u0111\u1ec3 g\u00e2y ph\u1ea5n kh\u00edch v\u00e0 tr\u00eau \u0111\u00f9a, chi\u1ebfc l\u00f4ng v\u0169 n\u00e0y ho\u00e0n h\u1ea3o \u0111\u1ec3 x\u00e2y d\u1ef1ng s\u1ef1 mong \u0111\u1ee3i th\u00f4ng qua nh\u1eefng c\u00fa ch\u1ea1m nh\u1eb9 nh\u00e0ng, bay&hellip;","og_url":"https:\/\/desireonline.shop\/vi\/san-pham\/long-vu-treu-dua-senuelo-pleasure\/","og_site_name":"Desire","og_image":[{"width":1000,"height":1000,"url":"https:\/\/desireonline.shop\/wp-content\/uploads\/2026\/02\/CN-545216292_00.jpg","type":"image\/jpeg"}],"twitter_card":"summary_large_image","twitter_misc":{"\u01af\u1edbc t\u00ednh th\u1eddi gian \u0111\u1ecdc":"1 ph\u00fat"},"schema":{"@context":"https:\/\/schema.org","@graph":[{"@type":"WebPage","@id":"https:\/\/desireonline.shop\/vi\/san-pham\/long-vu-treu-dua-senuelo-pleasure\/","url":"https:\/\/desireonline.shop\/vi\/san-pham\/long-vu-treu-dua-senuelo-pleasure\/","name":"L\u00f4ng v\u0169 tr\u00eau \u0111\u00f9a Se\u00f1uelo Pleasure - Desire","isPartOf":{"@id":"https:\/\/desireonline.shop\/vi\/#website"},"primaryImageOfPage":{"@id":"https:\/\/desireonline.shop\/vi\/san-pham\/long-vu-treu-dua-senuelo-pleasure\/#primaryimage"},"image":{"@id":"https:\/\/desireonline.shop\/vi\/san-pham\/long-vu-treu-dua-senuelo-pleasure\/#primaryimage"},"thumbnailUrl":"https:\/\/desireonline.shop\/wp-content\/uploads\/2026\/02\/CN-545216292_00.jpg","datePublished":"2026-02-19T06:04:02+00:00","breadcrumb":{"@id":"https:\/\/desireonline.shop\/vi\/san-pham\/long-vu-treu-dua-senuelo-pleasure\/#breadcrumb"},"inLanguage":"vi","potentialAction":[{"@type":"ReadAction","target":["https:\/\/desireonline.shop\/vi\/san-pham\/long-vu-treu-dua-senuelo-pleasure\/"]}]},{"@type":"ImageObject","inLanguage":"vi","@id":"https:\/\/desireonline.shop\/vi\/san-pham\/long-vu-treu-dua-senuelo-pleasure\/#primaryimage","url":"https:\/\/desireonline.shop\/wp-content\/uploads\/2026\/02\/CN-545216292_00.jpg","contentUrl":"https:\/\/desireonline.shop\/wp-content\/uploads\/2026\/02\/CN-545216292_00.jpg","width":1000,"height":1000},{"@type":"BreadcrumbList","@id":"https:\/\/desireonline.shop\/vi\/san-pham\/long-vu-treu-dua-senuelo-pleasure\/#breadcrumb","itemListElement":[{"@type":"ListItem","position":1,"name":"Home","item":"https:\/\/desireonline.shop\/vi\/trang-chu\/?lang=vi"},{"@type":"ListItem","position":2,"name":"T\u1ea5t c\u1ea3 s\u1ea3n ph\u1ea9m","item":"https:\/\/desireonline.shop\/cua-hang\/?lang=vi"},{"@type":"ListItem","position":3,"name":"L\u00f4ng v\u0169 tr\u00eau \u0111\u00f9a Se\u00f1uelo Pleasure"}]},{"@type":"WebSite","@id":"https:\/\/desireonline.shop\/vi\/#website","url":"https:\/\/desireonline.shop\/vi\/","name":"Desire","description":"Sexual Wellness Platform","publisher":{"@id":"https:\/\/desireonline.shop\/vi\/#organization"},"potentialAction":[{"@type":"SearchAction","target":{"@type":"EntryPoint","urlTemplate":"https:\/\/desireonline.shop\/vi\/?s={search_term_string}"},"query-input":{"@type":"PropertyValueSpecification","valueRequired":true,"valueName":"search_term_string"}}],"inLanguage":"vi"},{"@type":"Organization","@id":"https:\/\/desireonline.shop\/vi\/#organization","name":"Desire","url":"https:\/\/desireonline.shop\/vi\/","logo":{"@type":"ImageObject","inLanguage":"vi","@id":"https:\/\/desireonline.shop\/vi\/#\/schema\/logo\/image\/","url":"https:\/\/desireonline.shop\/wp-content\/uploads\/2024\/06\/Logo-Thick-Font-1.webp","contentUrl":"https:\/\/desireonline.shop\/wp-content\/uploads\/2024\/06\/Logo-Thick-Font-1.webp","width":268,"height":399,"caption":"Desire"},"image":{"@id":"https:\/\/desireonline.shop\/vi\/#\/schema\/logo\/image\/"}}]}},"_links":{"self":[{"href":"https:\/\/desireonline.shop\/vi\/wp-json\/wp\/v2\/product\/69129","targetHints":{"allow":["GET"]}}],"collection":[{"href":"https:\/\/desireonline.shop\/vi\/wp-json\/wp\/v2\/product"}],"about":[{"href":"https:\/\/desireonline.shop\/vi\/wp-json\/wp\/v2\/types\/product"}],"replies":[{"embeddable":true,"href":"https:\/\/desireonline.shop\/vi\/wp-json\/wp\/v2\/comments?post=69129"}],"version-history":[{"count":0,"href":"https:\/\/desireonline.shop\/vi\/wp-json\/wp\/v2\/product\/69129\/revisions"}],"wp:featuredmedia":[{"embeddable":true,"href":"https:\/\/desireonline.shop\/vi\/wp-json\/wp\/v2\/media\/65100"}],"wp:attachment":[{"href":"https:\/\/desireonline.shop\/vi\/wp-json\/wp\/v2\/media?parent=69129"}],"wp:term":[{"taxonomy":"product_brand","embeddable":true,"href":"https:\/\/desireonline.shop\/vi\/wp-json\/wp\/v2\/product_brand?post=69129"},{"taxonomy":"product_cat","embeddable":true,"href":"https:\/\/desireonline.shop\/vi\/wp-json\/wp\/v2\/product_cat?post=69129"},{"taxonomy":"product_tag","embeddable":true,"href":"https:\/\/desireonline.shop\/vi\/wp-json\/wp\/v2\/product_tag?post=69129"}],"curies":[{"name":"wp","href":"https:\/\/api.w.org\/{rel}","templated":true}]}}