{"id":69154,"date":"2026-02-19T06:03:30","date_gmt":"2026-02-19T06:03:30","guid":{"rendered":"https:\/\/desireonline.shop\/product\/kep-dau-nguc-senuelo-naughty\/"},"modified":"2026-02-19T06:03:30","modified_gmt":"2026-02-19T06:03:30","slug":"kep-dau-nguc-senuelo-naughty","status":"publish","type":"product","link":"https:\/\/desireonline.shop\/vi\/san-pham\/kep-dau-nguc-senuelo-naughty\/","title":{"rendered":"K\u1eb9p \u0110\u1ea7u Ng\u1ef1c Se\u00f1uelo Naughty"},"content":{"rendered":"<p>\u0110\u01b0\u1ee3c thi\u1ebft k\u1ebf \u0111\u1ec3 t\u0103ng th\u00eam s\u1ef1 k\u00edch th\u00edch cho vi\u1ec7c ch\u01a1i \u0111\u00f9a v\u1edbi \u0111\u1ea7u ng\u1ef1c, nh\u1eefng chi\u1ebfc k\u1eb9p c\u00f3 th\u1ec3 \u0111i\u1ec1u ch\u1ec9nh n\u00e0y cho ph\u00e9p qu\u00fd kh\u00e1ch ki\u1ec3m so\u00e1t \u00e1p l\u1ef1c v\u00e0 c\u1ea3m gi\u00e1c m\u1ed9t c\u00e1ch d\u1ec5 d\u00e0ng. Thi\u1ebft k\u1ebf kh\u00f4ng c\u1ea7n x\u1ecf khuy\u00ean gi\u00fap qu\u00fd kh\u00e1ch tho\u1ea3i m\u00e1i khi \u0111eo trong khi v\u1eabn mang l\u1ea1i s\u1ef1 k\u00edch th\u00edch th\u1ecfa m\u00e3n.<\/p>\n<p>D\u1ec5 d\u00e0ng \u0111i\u1ec1u ch\u1ec9nh v\u00e0 s\u1eed d\u1ee5ng \u0111\u01a1n gi\u1ea3n, s\u1ea3n ph\u1ea9m l\u00e0 l\u1ef1a ch\u1ecdn l\u00fd t\u01b0\u1edfng \u0111\u1ec3 th\u1eed nghi\u1ec7m theo nh\u1ecbp \u0111\u1ed9 ri\u00eang c\u1ee7a qu\u00fd kh\u00e1ch, cho d\u00f9 qu\u00fd kh\u00e1ch m\u1edbi b\u1eaft \u0111\u1ea7u hay \u0111ang mu\u1ed1n tinh ch\u1ec9nh c\u1ea3m gi\u00e1c. M\u1ed9t ph\u1ee5 ki\u1ec7n tinh ngh\u1ecbch gi\u00fap t\u0103ng th\u00eam s\u1ef1 mong \u0111\u1ee3i v\u00e0 c\u01b0\u1eddng \u0111\u1ed9 cho nh\u1eefng kho\u1ea3nh kh\u1eafc th\u00e2n m\u1eadt.<\/p>\n","protected":false},"excerpt":{"rendered":"<p>\u0110\u01b0\u1ee3c thi\u1ebft k\u1ebf \u0111\u1ec3 t\u0103ng th\u00eam s\u1ef1 k\u00edch th\u00edch cho vi\u1ec7c ch\u01a1i \u0111\u00f9a v\u1edbi \u0111\u1ea7u ng\u1ef1c, nh\u1eefng chi\u1ebfc k\u1eb9p c\u00f3 th\u1ec3 \u0111i\u1ec1u ch\u1ec9nh n\u00e0y cho ph\u00e9p qu\u00fd kh\u00e1ch ki\u1ec3m so\u00e1t&hellip;<\/p>\n","protected":false},"featured_media":65076,"comment_status":"open","ping_status":"closed","template":"","meta":{"_acf_changed":false},"product_brand":[],"product_cat":[1357],"product_tag":[],"class_list":{"0":"post-69154","1":"product","2":"type-product","3":"status-publish","4":"has-post-thumbnail","6":"product_cat-dung-cu-kep-nhay-cam","8":"first","9":"instock","10":"shipping-taxable","11":"purchasable","12":"product-type-simple"},"acf":[],"yoast_head":"<!-- This site is optimized with the Yoast SEO plugin v27.1.1 - https:\/\/yoast.com\/product\/yoast-seo-wordpress\/ -->\n<title>K\u1eb9p \u0110\u1ea7u Ng\u1ef1c Se\u00f1uelo Naughty - Desire<\/title>\n<meta name=\"robots\" content=\"index, follow, max-snippet:-1, max-image-preview:large, max-video-preview:-1\" \/>\n<link rel=\"canonical\" href=\"https:\/\/desireonline.shop\/vi\/san-pham\/kep-dau-nguc-senuelo-naughty\/\" \/>\n<meta property=\"og:locale\" content=\"vi_VN\" \/>\n<meta property=\"og:type\" content=\"article\" \/>\n<meta property=\"og:title\" content=\"K\u1eb9p \u0110\u1ea7u Ng\u1ef1c Se\u00f1uelo Naughty - Desire\" \/>\n<meta property=\"og:description\" content=\"\u0110\u01b0\u1ee3c thi\u1ebft k\u1ebf \u0111\u1ec3 t\u0103ng th\u00eam s\u1ef1 k\u00edch th\u00edch cho vi\u1ec7c ch\u01a1i \u0111\u00f9a v\u1edbi \u0111\u1ea7u ng\u1ef1c, nh\u1eefng chi\u1ebfc k\u1eb9p c\u00f3 th\u1ec3 \u0111i\u1ec1u ch\u1ec9nh n\u00e0y cho ph\u00e9p qu\u00fd kh\u00e1ch ki\u1ec3m so\u00e1t&hellip;\" \/>\n<meta property=\"og:url\" content=\"https:\/\/desireonline.shop\/vi\/san-pham\/kep-dau-nguc-senuelo-naughty\/\" \/>\n<meta property=\"og:site_name\" content=\"Desire\" \/>\n<meta property=\"og:image\" content=\"https:\/\/desireonline.shop\/wp-content\/uploads\/2026\/02\/CN-732487849_00.jpg\" \/>\n\t<meta property=\"og:image:width\" content=\"1000\" \/>\n\t<meta property=\"og:image:height\" content=\"1000\" \/>\n\t<meta property=\"og:image:type\" content=\"image\/jpeg\" \/>\n<meta name=\"twitter:card\" content=\"summary_large_image\" \/>\n<meta name=\"twitter:label1\" content=\"\u01af\u1edbc t\u00ednh th\u1eddi gian \u0111\u1ecdc\" \/>\n\t<meta name=\"twitter:data1\" content=\"1 ph\u00fat\" \/>\n<script type=\"application\/ld+json\" class=\"yoast-schema-graph\">{\"@context\":\"https:\/\/schema.org\",\"@graph\":[{\"@type\":\"WebPage\",\"@id\":\"https:\/\/desireonline.shop\/vi\/san-pham\/kep-dau-nguc-senuelo-naughty\/\",\"url\":\"https:\/\/desireonline.shop\/vi\/san-pham\/kep-dau-nguc-senuelo-naughty\/\",\"name\":\"K\u1eb9p \u0110\u1ea7u Ng\u1ef1c Se\u00f1uelo Naughty - Desire\",\"isPartOf\":{\"@id\":\"https:\/\/desireonline.shop\/vi\/#website\"},\"primaryImageOfPage\":{\"@id\":\"https:\/\/desireonline.shop\/vi\/san-pham\/kep-dau-nguc-senuelo-naughty\/#primaryimage\"},\"image\":{\"@id\":\"https:\/\/desireonline.shop\/vi\/san-pham\/kep-dau-nguc-senuelo-naughty\/#primaryimage\"},\"thumbnailUrl\":\"https:\/\/desireonline.shop\/wp-content\/uploads\/2026\/02\/CN-732487849_00.jpg\",\"datePublished\":\"2026-02-19T06:03:30+00:00\",\"breadcrumb\":{\"@id\":\"https:\/\/desireonline.shop\/vi\/san-pham\/kep-dau-nguc-senuelo-naughty\/#breadcrumb\"},\"inLanguage\":\"vi\",\"potentialAction\":[{\"@type\":\"ReadAction\",\"target\":[\"https:\/\/desireonline.shop\/vi\/san-pham\/kep-dau-nguc-senuelo-naughty\/\"]}]},{\"@type\":\"ImageObject\",\"inLanguage\":\"vi\",\"@id\":\"https:\/\/desireonline.shop\/vi\/san-pham\/kep-dau-nguc-senuelo-naughty\/#primaryimage\",\"url\":\"https:\/\/desireonline.shop\/wp-content\/uploads\/2026\/02\/CN-732487849_00.jpg\",\"contentUrl\":\"https:\/\/desireonline.shop\/wp-content\/uploads\/2026\/02\/CN-732487849_00.jpg\",\"width\":1000,\"height\":1000},{\"@type\":\"BreadcrumbList\",\"@id\":\"https:\/\/desireonline.shop\/vi\/san-pham\/kep-dau-nguc-senuelo-naughty\/#breadcrumb\",\"itemListElement\":[{\"@type\":\"ListItem\",\"position\":1,\"name\":\"Home\",\"item\":\"https:\/\/desireonline.shop\/vi\/trang-chu\/?lang=vi\"},{\"@type\":\"ListItem\",\"position\":2,\"name\":\"T\u1ea5t c\u1ea3 s\u1ea3n ph\u1ea9m\",\"item\":\"https:\/\/desireonline.shop\/cua-hang\/?lang=vi\"},{\"@type\":\"ListItem\",\"position\":3,\"name\":\"K\u1eb9p \u0110\u1ea7u Ng\u1ef1c Se\u00f1uelo Naughty\"}]},{\"@type\":\"WebSite\",\"@id\":\"https:\/\/desireonline.shop\/vi\/#website\",\"url\":\"https:\/\/desireonline.shop\/vi\/\",\"name\":\"Desire\",\"description\":\"Sexual Wellness Platform\",\"publisher\":{\"@id\":\"https:\/\/desireonline.shop\/vi\/#organization\"},\"potentialAction\":[{\"@type\":\"SearchAction\",\"target\":{\"@type\":\"EntryPoint\",\"urlTemplate\":\"https:\/\/desireonline.shop\/vi\/?s={search_term_string}\"},\"query-input\":{\"@type\":\"PropertyValueSpecification\",\"valueRequired\":true,\"valueName\":\"search_term_string\"}}],\"inLanguage\":\"vi\"},{\"@type\":\"Organization\",\"@id\":\"https:\/\/desireonline.shop\/vi\/#organization\",\"name\":\"Desire\",\"url\":\"https:\/\/desireonline.shop\/vi\/\",\"logo\":{\"@type\":\"ImageObject\",\"inLanguage\":\"vi\",\"@id\":\"https:\/\/desireonline.shop\/vi\/#\/schema\/logo\/image\/\",\"url\":\"https:\/\/desireonline.shop\/wp-content\/uploads\/2024\/06\/Logo-Thick-Font-1.webp\",\"contentUrl\":\"https:\/\/desireonline.shop\/wp-content\/uploads\/2024\/06\/Logo-Thick-Font-1.webp\",\"width\":268,\"height\":399,\"caption\":\"Desire\"},\"image\":{\"@id\":\"https:\/\/desireonline.shop\/vi\/#\/schema\/logo\/image\/\"}}]}<\/script>\n<!-- \/ Yoast SEO plugin. -->","yoast_head_json":{"title":"K\u1eb9p \u0110\u1ea7u Ng\u1ef1c Se\u00f1uelo Naughty - Desire","robots":{"index":"index","follow":"follow","max-snippet":"max-snippet:-1","max-image-preview":"max-image-preview:large","max-video-preview":"max-video-preview:-1"},"canonical":"https:\/\/desireonline.shop\/vi\/san-pham\/kep-dau-nguc-senuelo-naughty\/","og_locale":"vi_VN","og_type":"article","og_title":"K\u1eb9p \u0110\u1ea7u Ng\u1ef1c Se\u00f1uelo Naughty - Desire","og_description":"\u0110\u01b0\u1ee3c thi\u1ebft k\u1ebf \u0111\u1ec3 t\u0103ng th\u00eam s\u1ef1 k\u00edch th\u00edch cho vi\u1ec7c ch\u01a1i \u0111\u00f9a v\u1edbi \u0111\u1ea7u ng\u1ef1c, nh\u1eefng chi\u1ebfc k\u1eb9p c\u00f3 th\u1ec3 \u0111i\u1ec1u ch\u1ec9nh n\u00e0y cho ph\u00e9p qu\u00fd kh\u00e1ch ki\u1ec3m so\u00e1t&hellip;","og_url":"https:\/\/desireonline.shop\/vi\/san-pham\/kep-dau-nguc-senuelo-naughty\/","og_site_name":"Desire","og_image":[{"width":1000,"height":1000,"url":"https:\/\/desireonline.shop\/wp-content\/uploads\/2026\/02\/CN-732487849_00.jpg","type":"image\/jpeg"}],"twitter_card":"summary_large_image","twitter_misc":{"\u01af\u1edbc t\u00ednh th\u1eddi gian \u0111\u1ecdc":"1 ph\u00fat"},"schema":{"@context":"https:\/\/schema.org","@graph":[{"@type":"WebPage","@id":"https:\/\/desireonline.shop\/vi\/san-pham\/kep-dau-nguc-senuelo-naughty\/","url":"https:\/\/desireonline.shop\/vi\/san-pham\/kep-dau-nguc-senuelo-naughty\/","name":"K\u1eb9p \u0110\u1ea7u Ng\u1ef1c Se\u00f1uelo Naughty - Desire","isPartOf":{"@id":"https:\/\/desireonline.shop\/vi\/#website"},"primaryImageOfPage":{"@id":"https:\/\/desireonline.shop\/vi\/san-pham\/kep-dau-nguc-senuelo-naughty\/#primaryimage"},"image":{"@id":"https:\/\/desireonline.shop\/vi\/san-pham\/kep-dau-nguc-senuelo-naughty\/#primaryimage"},"thumbnailUrl":"https:\/\/desireonline.shop\/wp-content\/uploads\/2026\/02\/CN-732487849_00.jpg","datePublished":"2026-02-19T06:03:30+00:00","breadcrumb":{"@id":"https:\/\/desireonline.shop\/vi\/san-pham\/kep-dau-nguc-senuelo-naughty\/#breadcrumb"},"inLanguage":"vi","potentialAction":[{"@type":"ReadAction","target":["https:\/\/desireonline.shop\/vi\/san-pham\/kep-dau-nguc-senuelo-naughty\/"]}]},{"@type":"ImageObject","inLanguage":"vi","@id":"https:\/\/desireonline.shop\/vi\/san-pham\/kep-dau-nguc-senuelo-naughty\/#primaryimage","url":"https:\/\/desireonline.shop\/wp-content\/uploads\/2026\/02\/CN-732487849_00.jpg","contentUrl":"https:\/\/desireonline.shop\/wp-content\/uploads\/2026\/02\/CN-732487849_00.jpg","width":1000,"height":1000},{"@type":"BreadcrumbList","@id":"https:\/\/desireonline.shop\/vi\/san-pham\/kep-dau-nguc-senuelo-naughty\/#breadcrumb","itemListElement":[{"@type":"ListItem","position":1,"name":"Home","item":"https:\/\/desireonline.shop\/vi\/trang-chu\/?lang=vi"},{"@type":"ListItem","position":2,"name":"T\u1ea5t c\u1ea3 s\u1ea3n ph\u1ea9m","item":"https:\/\/desireonline.shop\/cua-hang\/?lang=vi"},{"@type":"ListItem","position":3,"name":"K\u1eb9p \u0110\u1ea7u Ng\u1ef1c Se\u00f1uelo Naughty"}]},{"@type":"WebSite","@id":"https:\/\/desireonline.shop\/vi\/#website","url":"https:\/\/desireonline.shop\/vi\/","name":"Desire","description":"Sexual Wellness Platform","publisher":{"@id":"https:\/\/desireonline.shop\/vi\/#organization"},"potentialAction":[{"@type":"SearchAction","target":{"@type":"EntryPoint","urlTemplate":"https:\/\/desireonline.shop\/vi\/?s={search_term_string}"},"query-input":{"@type":"PropertyValueSpecification","valueRequired":true,"valueName":"search_term_string"}}],"inLanguage":"vi"},{"@type":"Organization","@id":"https:\/\/desireonline.shop\/vi\/#organization","name":"Desire","url":"https:\/\/desireonline.shop\/vi\/","logo":{"@type":"ImageObject","inLanguage":"vi","@id":"https:\/\/desireonline.shop\/vi\/#\/schema\/logo\/image\/","url":"https:\/\/desireonline.shop\/wp-content\/uploads\/2024\/06\/Logo-Thick-Font-1.webp","contentUrl":"https:\/\/desireonline.shop\/wp-content\/uploads\/2024\/06\/Logo-Thick-Font-1.webp","width":268,"height":399,"caption":"Desire"},"image":{"@id":"https:\/\/desireonline.shop\/vi\/#\/schema\/logo\/image\/"}}]}},"_links":{"self":[{"href":"https:\/\/desireonline.shop\/vi\/wp-json\/wp\/v2\/product\/69154","targetHints":{"allow":["GET"]}}],"collection":[{"href":"https:\/\/desireonline.shop\/vi\/wp-json\/wp\/v2\/product"}],"about":[{"href":"https:\/\/desireonline.shop\/vi\/wp-json\/wp\/v2\/types\/product"}],"replies":[{"embeddable":true,"href":"https:\/\/desireonline.shop\/vi\/wp-json\/wp\/v2\/comments?post=69154"}],"version-history":[{"count":0,"href":"https:\/\/desireonline.shop\/vi\/wp-json\/wp\/v2\/product\/69154\/revisions"}],"wp:featuredmedia":[{"embeddable":true,"href":"https:\/\/desireonline.shop\/vi\/wp-json\/wp\/v2\/media\/65076"}],"wp:attachment":[{"href":"https:\/\/desireonline.shop\/vi\/wp-json\/wp\/v2\/media?parent=69154"}],"wp:term":[{"taxonomy":"product_brand","embeddable":true,"href":"https:\/\/desireonline.shop\/vi\/wp-json\/wp\/v2\/product_brand?post=69154"},{"taxonomy":"product_cat","embeddable":true,"href":"https:\/\/desireonline.shop\/vi\/wp-json\/wp\/v2\/product_cat?post=69154"},{"taxonomy":"product_tag","embeddable":true,"href":"https:\/\/desireonline.shop\/vi\/wp-json\/wp\/v2\/product_tag?post=69154"}],"curies":[{"name":"wp","href":"https:\/\/api.w.org\/{rel}","templated":true}]}}