{"id":69162,"date":"2026-02-16T11:05:00","date_gmt":"2026-02-16T11:05:00","guid":{"rendered":"https:\/\/desireonline.shop\/product\/may-rung-am-vat-sweet-breeze-quadruple-sweet-hong\/"},"modified":"2026-02-16T11:05:00","modified_gmt":"2026-02-16T11:05:00","slug":"may-rung-am-vat-sweet-breeze-quadruple-sweet-hong","status":"publish","type":"product","link":"https:\/\/desireonline.shop\/vi\/san-pham\/may-rung-am-vat-sweet-breeze-quadruple-sweet-hong\/","title":{"rendered":"M\u00e1y rung \u00e2m v\u1eadt Sweet Breeze Quadruple Sweet &#8211; H\u1ed3ng"},"content":{"rendered":"<p>Quadruple Sweet Mini Vibe l\u00e0 m\u00f3n \u0111\u1ed3 ch\u01a1i nh\u1ecf g\u1ecdn v\u00e0 \u0111a n\u0103ng, \u0111\u01b0\u1ee3c thi\u1ebft k\u1ebf \u0111\u1ec3 kh\u00e1m ph\u00e1 nh\u1eefng kho\u00e1i c\u1ea3m m\u1edbi l\u1ea1. S\u1ea3n ph\u1ea9m bao g\u1ed3m b\u1ed1n \u0111\u1ea7u g\u1eafn thay th\u1ebf, m\u1ed7i \u0111\u1ea7u mang l\u1ea1i m\u1ed9t ki\u1ec3u k\u00edch th\u00edch kh\u00e1c nhau \u0111\u1ec3 b\u1ea1n d\u1ec5 d\u00e0ng t\u00ecm th\u1ea5y c\u1ea3m gi\u00e1c tuy\u1ec7t v\u1eddi nh\u1ea5t.<\/p>\n<p>V\u1edbi b\u1ec1 m\u1eb7t silicone m\u1ecbn m\u00e0ng kh\u00f4ng ch\u1ee9a phthalate, s\u1ea3n ph\u1ea9m t\u1ea1o c\u1ea3m gi\u00e1c \u00eam \u00e1i tr\u00ean da, \u0111\u1ed3ng th\u1eddi ch\u1ed1ng th\u1ea5m n\u01b0\u1edbc \u0111\u1ec3 d\u1ec5 d\u00e0ng v\u1ec7 sinh v\u00e0 s\u1eed d\u1ee5ng linh ho\u1ea1t. Nh\u1ecf g\u1ecdn, \u0111\u01a1n gi\u1ea3n v\u00e0 th\u00fa v\u1ecb, \u0111\u00e2y l\u00e0 l\u1ef1a ch\u1ecdn tuy\u1ec7t v\u1eddi \u0111\u1ec3 tr\u1ea3i nghi\u1ec7m c\u00e1c c\u1ea3m gi\u00e1c kh\u00e1c nhau.<\/p>\n","protected":false},"excerpt":{"rendered":"<p>Quadruple Sweet Mini Vibe l\u00e0 m\u00f3n \u0111\u1ed3 ch\u01a1i nh\u1ecf g\u1ecdn v\u00e0 \u0111a n\u0103ng, \u0111\u01b0\u1ee3c thi\u1ebft k\u1ebf \u0111\u1ec3 kh\u00e1m ph\u00e1 nh\u1eefng kho\u00e1i c\u1ea3m m\u1edbi l\u1ea1. S\u1ea3n ph\u1ea9m bao g\u1ed3m b\u1ed1n \u0111\u1ea7u&hellip;<\/p>\n","protected":false},"featured_media":61954,"comment_status":"open","ping_status":"closed","template":"","meta":{"_acf_changed":false},"product_brand":[],"product_cat":[1435],"product_tag":[],"class_list":{"0":"post-69162","1":"product","2":"type-product","3":"status-publish","4":"has-post-thumbnail","6":"product_cat-may-rung-kich-thich-ngoai","8":"first","9":"instock","10":"shipping-taxable","11":"purchasable","12":"product-type-simple"},"acf":[],"yoast_head":"<!-- This site is optimized with the Yoast SEO plugin v27.1.1 - https:\/\/yoast.com\/product\/yoast-seo-wordpress\/ -->\n<title>M\u00e1y rung \u00e2m v\u1eadt Sweet Breeze Quadruple Sweet - H\u1ed3ng - Desire<\/title>\n<meta name=\"robots\" content=\"index, follow, max-snippet:-1, max-image-preview:large, max-video-preview:-1\" \/>\n<link rel=\"canonical\" href=\"https:\/\/desireonline.shop\/vi\/san-pham\/may-rung-am-vat-sweet-breeze-quadruple-sweet-hong\/\" \/>\n<meta property=\"og:locale\" content=\"vi_VN\" \/>\n<meta property=\"og:type\" content=\"article\" \/>\n<meta property=\"og:title\" content=\"M\u00e1y rung \u00e2m v\u1eadt Sweet Breeze Quadruple Sweet - H\u1ed3ng - Desire\" \/>\n<meta property=\"og:description\" content=\"Quadruple Sweet Mini Vibe l\u00e0 m\u00f3n \u0111\u1ed3 ch\u01a1i nh\u1ecf g\u1ecdn v\u00e0 \u0111a n\u0103ng, \u0111\u01b0\u1ee3c thi\u1ebft k\u1ebf \u0111\u1ec3 kh\u00e1m ph\u00e1 nh\u1eefng kho\u00e1i c\u1ea3m m\u1edbi l\u1ea1. S\u1ea3n ph\u1ea9m bao g\u1ed3m b\u1ed1n \u0111\u1ea7u&hellip;\" \/>\n<meta property=\"og:url\" content=\"https:\/\/desireonline.shop\/vi\/san-pham\/may-rung-am-vat-sweet-breeze-quadruple-sweet-hong\/\" \/>\n<meta property=\"og:site_name\" content=\"Desire\" \/>\n<meta property=\"og:image\" content=\"https:\/\/desireonline.shop\/wp-content\/uploads\/2026\/02\/CN-100652166_00.jpg\" \/>\n\t<meta property=\"og:image:width\" content=\"2500\" \/>\n\t<meta property=\"og:image:height\" content=\"2500\" \/>\n\t<meta property=\"og:image:type\" content=\"image\/jpeg\" \/>\n<meta name=\"twitter:card\" content=\"summary_large_image\" \/>\n<meta name=\"twitter:label1\" content=\"\u01af\u1edbc t\u00ednh th\u1eddi gian \u0111\u1ecdc\" \/>\n\t<meta name=\"twitter:data1\" content=\"1 ph\u00fat\" \/>\n<script type=\"application\/ld+json\" class=\"yoast-schema-graph\">{\"@context\":\"https:\/\/schema.org\",\"@graph\":[{\"@type\":\"WebPage\",\"@id\":\"https:\/\/desireonline.shop\/vi\/san-pham\/may-rung-am-vat-sweet-breeze-quadruple-sweet-hong\/\",\"url\":\"https:\/\/desireonline.shop\/vi\/san-pham\/may-rung-am-vat-sweet-breeze-quadruple-sweet-hong\/\",\"name\":\"M\u00e1y rung \u00e2m v\u1eadt Sweet Breeze Quadruple Sweet - H\u1ed3ng - Desire\",\"isPartOf\":{\"@id\":\"https:\/\/desireonline.shop\/vi\/#website\"},\"primaryImageOfPage\":{\"@id\":\"https:\/\/desireonline.shop\/vi\/san-pham\/may-rung-am-vat-sweet-breeze-quadruple-sweet-hong\/#primaryimage\"},\"image\":{\"@id\":\"https:\/\/desireonline.shop\/vi\/san-pham\/may-rung-am-vat-sweet-breeze-quadruple-sweet-hong\/#primaryimage\"},\"thumbnailUrl\":\"https:\/\/desireonline.shop\/wp-content\/uploads\/2026\/02\/CN-100652166_00.jpg\",\"datePublished\":\"2026-02-16T11:05:00+00:00\",\"breadcrumb\":{\"@id\":\"https:\/\/desireonline.shop\/vi\/san-pham\/may-rung-am-vat-sweet-breeze-quadruple-sweet-hong\/#breadcrumb\"},\"inLanguage\":\"vi\",\"potentialAction\":[{\"@type\":\"ReadAction\",\"target\":[\"https:\/\/desireonline.shop\/vi\/san-pham\/may-rung-am-vat-sweet-breeze-quadruple-sweet-hong\/\"]}]},{\"@type\":\"ImageObject\",\"inLanguage\":\"vi\",\"@id\":\"https:\/\/desireonline.shop\/vi\/san-pham\/may-rung-am-vat-sweet-breeze-quadruple-sweet-hong\/#primaryimage\",\"url\":\"https:\/\/desireonline.shop\/wp-content\/uploads\/2026\/02\/CN-100652166_00.jpg\",\"contentUrl\":\"https:\/\/desireonline.shop\/wp-content\/uploads\/2026\/02\/CN-100652166_00.jpg\",\"width\":2500,\"height\":2500},{\"@type\":\"BreadcrumbList\",\"@id\":\"https:\/\/desireonline.shop\/vi\/san-pham\/may-rung-am-vat-sweet-breeze-quadruple-sweet-hong\/#breadcrumb\",\"itemListElement\":[{\"@type\":\"ListItem\",\"position\":1,\"name\":\"Home\",\"item\":\"https:\/\/desireonline.shop\/vi\/trang-chu\/?lang=vi\"},{\"@type\":\"ListItem\",\"position\":2,\"name\":\"T\u1ea5t c\u1ea3 s\u1ea3n ph\u1ea9m\",\"item\":\"https:\/\/desireonline.shop\/cua-hang\/?lang=vi\"},{\"@type\":\"ListItem\",\"position\":3,\"name\":\"M\u00e1y rung \u00e2m v\u1eadt Sweet Breeze Quadruple Sweet &#8211; H\u1ed3ng\"}]},{\"@type\":\"WebSite\",\"@id\":\"https:\/\/desireonline.shop\/vi\/#website\",\"url\":\"https:\/\/desireonline.shop\/vi\/\",\"name\":\"Desire\",\"description\":\"Sexual Wellness Platform\",\"publisher\":{\"@id\":\"https:\/\/desireonline.shop\/vi\/#organization\"},\"potentialAction\":[{\"@type\":\"SearchAction\",\"target\":{\"@type\":\"EntryPoint\",\"urlTemplate\":\"https:\/\/desireonline.shop\/vi\/?s={search_term_string}\"},\"query-input\":{\"@type\":\"PropertyValueSpecification\",\"valueRequired\":true,\"valueName\":\"search_term_string\"}}],\"inLanguage\":\"vi\"},{\"@type\":\"Organization\",\"@id\":\"https:\/\/desireonline.shop\/vi\/#organization\",\"name\":\"Desire\",\"url\":\"https:\/\/desireonline.shop\/vi\/\",\"logo\":{\"@type\":\"ImageObject\",\"inLanguage\":\"vi\",\"@id\":\"https:\/\/desireonline.shop\/vi\/#\/schema\/logo\/image\/\",\"url\":\"https:\/\/desireonline.shop\/wp-content\/uploads\/2024\/06\/Logo-Thick-Font-1.webp\",\"contentUrl\":\"https:\/\/desireonline.shop\/wp-content\/uploads\/2024\/06\/Logo-Thick-Font-1.webp\",\"width\":268,\"height\":399,\"caption\":\"Desire\"},\"image\":{\"@id\":\"https:\/\/desireonline.shop\/vi\/#\/schema\/logo\/image\/\"}}]}<\/script>\n<!-- \/ Yoast SEO plugin. -->","yoast_head_json":{"title":"M\u00e1y rung \u00e2m v\u1eadt Sweet Breeze Quadruple Sweet - H\u1ed3ng - Desire","robots":{"index":"index","follow":"follow","max-snippet":"max-snippet:-1","max-image-preview":"max-image-preview:large","max-video-preview":"max-video-preview:-1"},"canonical":"https:\/\/desireonline.shop\/vi\/san-pham\/may-rung-am-vat-sweet-breeze-quadruple-sweet-hong\/","og_locale":"vi_VN","og_type":"article","og_title":"M\u00e1y rung \u00e2m v\u1eadt Sweet Breeze Quadruple Sweet - H\u1ed3ng - Desire","og_description":"Quadruple Sweet Mini Vibe l\u00e0 m\u00f3n \u0111\u1ed3 ch\u01a1i nh\u1ecf g\u1ecdn v\u00e0 \u0111a n\u0103ng, \u0111\u01b0\u1ee3c thi\u1ebft k\u1ebf \u0111\u1ec3 kh\u00e1m ph\u00e1 nh\u1eefng kho\u00e1i c\u1ea3m m\u1edbi l\u1ea1. S\u1ea3n ph\u1ea9m bao g\u1ed3m b\u1ed1n \u0111\u1ea7u&hellip;","og_url":"https:\/\/desireonline.shop\/vi\/san-pham\/may-rung-am-vat-sweet-breeze-quadruple-sweet-hong\/","og_site_name":"Desire","og_image":[{"width":2500,"height":2500,"url":"https:\/\/desireonline.shop\/wp-content\/uploads\/2026\/02\/CN-100652166_00.jpg","type":"image\/jpeg"}],"twitter_card":"summary_large_image","twitter_misc":{"\u01af\u1edbc t\u00ednh th\u1eddi gian \u0111\u1ecdc":"1 ph\u00fat"},"schema":{"@context":"https:\/\/schema.org","@graph":[{"@type":"WebPage","@id":"https:\/\/desireonline.shop\/vi\/san-pham\/may-rung-am-vat-sweet-breeze-quadruple-sweet-hong\/","url":"https:\/\/desireonline.shop\/vi\/san-pham\/may-rung-am-vat-sweet-breeze-quadruple-sweet-hong\/","name":"M\u00e1y rung \u00e2m v\u1eadt Sweet Breeze Quadruple Sweet - H\u1ed3ng - Desire","isPartOf":{"@id":"https:\/\/desireonline.shop\/vi\/#website"},"primaryImageOfPage":{"@id":"https:\/\/desireonline.shop\/vi\/san-pham\/may-rung-am-vat-sweet-breeze-quadruple-sweet-hong\/#primaryimage"},"image":{"@id":"https:\/\/desireonline.shop\/vi\/san-pham\/may-rung-am-vat-sweet-breeze-quadruple-sweet-hong\/#primaryimage"},"thumbnailUrl":"https:\/\/desireonline.shop\/wp-content\/uploads\/2026\/02\/CN-100652166_00.jpg","datePublished":"2026-02-16T11:05:00+00:00","breadcrumb":{"@id":"https:\/\/desireonline.shop\/vi\/san-pham\/may-rung-am-vat-sweet-breeze-quadruple-sweet-hong\/#breadcrumb"},"inLanguage":"vi","potentialAction":[{"@type":"ReadAction","target":["https:\/\/desireonline.shop\/vi\/san-pham\/may-rung-am-vat-sweet-breeze-quadruple-sweet-hong\/"]}]},{"@type":"ImageObject","inLanguage":"vi","@id":"https:\/\/desireonline.shop\/vi\/san-pham\/may-rung-am-vat-sweet-breeze-quadruple-sweet-hong\/#primaryimage","url":"https:\/\/desireonline.shop\/wp-content\/uploads\/2026\/02\/CN-100652166_00.jpg","contentUrl":"https:\/\/desireonline.shop\/wp-content\/uploads\/2026\/02\/CN-100652166_00.jpg","width":2500,"height":2500},{"@type":"BreadcrumbList","@id":"https:\/\/desireonline.shop\/vi\/san-pham\/may-rung-am-vat-sweet-breeze-quadruple-sweet-hong\/#breadcrumb","itemListElement":[{"@type":"ListItem","position":1,"name":"Home","item":"https:\/\/desireonline.shop\/vi\/trang-chu\/?lang=vi"},{"@type":"ListItem","position":2,"name":"T\u1ea5t c\u1ea3 s\u1ea3n ph\u1ea9m","item":"https:\/\/desireonline.shop\/cua-hang\/?lang=vi"},{"@type":"ListItem","position":3,"name":"M\u00e1y rung \u00e2m v\u1eadt Sweet Breeze Quadruple Sweet &#8211; H\u1ed3ng"}]},{"@type":"WebSite","@id":"https:\/\/desireonline.shop\/vi\/#website","url":"https:\/\/desireonline.shop\/vi\/","name":"Desire","description":"Sexual Wellness Platform","publisher":{"@id":"https:\/\/desireonline.shop\/vi\/#organization"},"potentialAction":[{"@type":"SearchAction","target":{"@type":"EntryPoint","urlTemplate":"https:\/\/desireonline.shop\/vi\/?s={search_term_string}"},"query-input":{"@type":"PropertyValueSpecification","valueRequired":true,"valueName":"search_term_string"}}],"inLanguage":"vi"},{"@type":"Organization","@id":"https:\/\/desireonline.shop\/vi\/#organization","name":"Desire","url":"https:\/\/desireonline.shop\/vi\/","logo":{"@type":"ImageObject","inLanguage":"vi","@id":"https:\/\/desireonline.shop\/vi\/#\/schema\/logo\/image\/","url":"https:\/\/desireonline.shop\/wp-content\/uploads\/2024\/06\/Logo-Thick-Font-1.webp","contentUrl":"https:\/\/desireonline.shop\/wp-content\/uploads\/2024\/06\/Logo-Thick-Font-1.webp","width":268,"height":399,"caption":"Desire"},"image":{"@id":"https:\/\/desireonline.shop\/vi\/#\/schema\/logo\/image\/"}}]}},"_links":{"self":[{"href":"https:\/\/desireonline.shop\/vi\/wp-json\/wp\/v2\/product\/69162","targetHints":{"allow":["GET"]}}],"collection":[{"href":"https:\/\/desireonline.shop\/vi\/wp-json\/wp\/v2\/product"}],"about":[{"href":"https:\/\/desireonline.shop\/vi\/wp-json\/wp\/v2\/types\/product"}],"replies":[{"embeddable":true,"href":"https:\/\/desireonline.shop\/vi\/wp-json\/wp\/v2\/comments?post=69162"}],"version-history":[{"count":0,"href":"https:\/\/desireonline.shop\/vi\/wp-json\/wp\/v2\/product\/69162\/revisions"}],"wp:featuredmedia":[{"embeddable":true,"href":"https:\/\/desireonline.shop\/vi\/wp-json\/wp\/v2\/media\/61954"}],"wp:attachment":[{"href":"https:\/\/desireonline.shop\/vi\/wp-json\/wp\/v2\/media?parent=69162"}],"wp:term":[{"taxonomy":"product_brand","embeddable":true,"href":"https:\/\/desireonline.shop\/vi\/wp-json\/wp\/v2\/product_brand?post=69162"},{"taxonomy":"product_cat","embeddable":true,"href":"https:\/\/desireonline.shop\/vi\/wp-json\/wp\/v2\/product_cat?post=69162"},{"taxonomy":"product_tag","embeddable":true,"href":"https:\/\/desireonline.shop\/vi\/wp-json\/wp\/v2\/product_tag?post=69162"}],"curies":[{"name":"wp","href":"https:\/\/api.w.org\/{rel}","templated":true}]}}