{"id":69181,"date":"2026-02-17T11:41:23","date_gmt":"2026-02-17T11:41:23","guid":{"rendered":"https:\/\/desireonline.shop\/product\/bo-vong-deo-duong-vat-gk-power\/"},"modified":"2026-02-17T11:41:23","modified_gmt":"2026-02-17T11:41:23","slug":"bo-vong-deo-duong-vat-gk-power","status":"publish","type":"product","link":"https:\/\/desireonline.shop\/vi\/san-pham\/bo-vong-deo-duong-vat-gk-power\/","title":{"rendered":"B\u1ed9 v\u00f2ng \u0111eo d\u01b0\u01a1ng v\u1eadt GK POWER"},"content":{"rendered":"<p>B\u1ed9 v\u00f2ng \u0111eo \u0111a n\u0103ng n\u00e0y ho\u00e0n h\u1ea3o \u0111\u1ec3 kh\u00e1m ph\u00e1 c\u00e1c k\u00edch c\u1ee1 v\u00e0 c\u1ea3m gi\u00e1c kh\u00e1c nhau theo nh\u1ecbp \u0111\u1ed9 c\u1ee7a qu\u00fd kh\u00e1ch. Co gi\u00e3n, tho\u1ea3i m\u00e1i v\u00e0 d\u1ec5 s\u1eed d\u1ee5ng, s\u1ea3n ph\u1ea9m mang l\u1ea1i nhi\u1ec1u l\u1ef1a ch\u1ecdn \u0111\u1ed3ng th\u1eddi gi\u00fap qu\u00fd kh\u00e1ch th\u01b0 gi\u00e3n v\u00e0 t\u1ef1 tin h\u01a1n. L\u00fd t\u01b0\u1edfng cho c\u1ea3 ng\u01b0\u1eddi m\u1edbi b\u1eaft \u0111\u1ea7u v\u00e0 nh\u1eefng ng\u01b0\u1eddi \u0111\u00e3 c\u00f3 kinh nghi\u1ec7m.<\/p>\n","protected":false},"excerpt":{"rendered":"<p>B\u1ed9 v\u00f2ng \u0111eo \u0111a n\u0103ng n\u00e0y ho\u00e0n h\u1ea3o \u0111\u1ec3 kh\u00e1m ph\u00e1 c\u00e1c k\u00edch c\u1ee1 v\u00e0 c\u1ea3m gi\u00e1c kh\u00e1c nhau theo nh\u1ecbp \u0111\u1ed9 c\u1ee7a qu\u00fd kh\u00e1ch. Co gi\u00e3n, tho\u1ea3i m\u00e1i v\u00e0&hellip;<\/p>\n","protected":false},"featured_media":64652,"comment_status":"open","ping_status":"closed","template":"","meta":{"_acf_changed":false},"product_brand":[],"product_cat":[1400,1402],"product_tag":[],"class_list":{"0":"post-69181","1":"product","2":"type-product","3":"status-publish","4":"has-post-thumbnail","6":"product_cat-bo-vong-deo-ho-tro","7":"product_cat-vong-deo-ho-tro-khong-rung","9":"first","10":"instock","11":"shipping-taxable","12":"purchasable","13":"product-type-variable"},"acf":[],"yoast_head":"<!-- This site is optimized with the Yoast SEO plugin v27.1.1 - https:\/\/yoast.com\/product\/yoast-seo-wordpress\/ -->\n<title>B\u1ed9 v\u00f2ng \u0111eo d\u01b0\u01a1ng v\u1eadt GK POWER - Desire<\/title>\n<meta name=\"robots\" content=\"index, follow, max-snippet:-1, max-image-preview:large, max-video-preview:-1\" \/>\n<link rel=\"canonical\" href=\"https:\/\/desireonline.shop\/vi\/san-pham\/bo-vong-deo-duong-vat-gk-power\/\" \/>\n<meta property=\"og:locale\" content=\"vi_VN\" \/>\n<meta property=\"og:type\" content=\"article\" \/>\n<meta property=\"og:title\" content=\"B\u1ed9 v\u00f2ng \u0111eo d\u01b0\u01a1ng v\u1eadt GK POWER - Desire\" \/>\n<meta property=\"og:description\" content=\"B\u1ed9 v\u00f2ng \u0111eo \u0111a n\u0103ng n\u00e0y ho\u00e0n h\u1ea3o \u0111\u1ec3 kh\u00e1m ph\u00e1 c\u00e1c k\u00edch c\u1ee1 v\u00e0 c\u1ea3m gi\u00e1c kh\u00e1c nhau theo nh\u1ecbp \u0111\u1ed9 c\u1ee7a qu\u00fd kh\u00e1ch. Co gi\u00e3n, tho\u1ea3i m\u00e1i v\u00e0&hellip;\" \/>\n<meta property=\"og:url\" content=\"https:\/\/desireonline.shop\/vi\/san-pham\/bo-vong-deo-duong-vat-gk-power\/\" \/>\n<meta property=\"og:site_name\" content=\"Desire\" \/>\n<meta property=\"og:image\" content=\"https:\/\/desireonline.shop\/wp-content\/uploads\/2026\/02\/CN-330358234_00-1.jpg\" \/>\n\t<meta property=\"og:image:width\" content=\"1000\" \/>\n\t<meta property=\"og:image:height\" content=\"1000\" \/>\n\t<meta property=\"og:image:type\" content=\"image\/jpeg\" \/>\n<meta name=\"twitter:card\" content=\"summary_large_image\" \/>\n<script type=\"application\/ld+json\" class=\"yoast-schema-graph\">{\"@context\":\"https:\/\/schema.org\",\"@graph\":[{\"@type\":\"WebPage\",\"@id\":\"https:\/\/desireonline.shop\/vi\/san-pham\/bo-vong-deo-duong-vat-gk-power\/\",\"url\":\"https:\/\/desireonline.shop\/vi\/san-pham\/bo-vong-deo-duong-vat-gk-power\/\",\"name\":\"B\u1ed9 v\u00f2ng \u0111eo d\u01b0\u01a1ng v\u1eadt GK POWER - Desire\",\"isPartOf\":{\"@id\":\"https:\/\/desireonline.shop\/vi\/#website\"},\"primaryImageOfPage\":{\"@id\":\"https:\/\/desireonline.shop\/vi\/san-pham\/bo-vong-deo-duong-vat-gk-power\/#primaryimage\"},\"image\":{\"@id\":\"https:\/\/desireonline.shop\/vi\/san-pham\/bo-vong-deo-duong-vat-gk-power\/#primaryimage\"},\"thumbnailUrl\":\"https:\/\/desireonline.shop\/wp-content\/uploads\/2026\/02\/CN-330358234_00-1.jpg\",\"datePublished\":\"2026-02-17T11:41:23+00:00\",\"breadcrumb\":{\"@id\":\"https:\/\/desireonline.shop\/vi\/san-pham\/bo-vong-deo-duong-vat-gk-power\/#breadcrumb\"},\"inLanguage\":\"vi\",\"potentialAction\":[{\"@type\":\"ReadAction\",\"target\":[\"https:\/\/desireonline.shop\/vi\/san-pham\/bo-vong-deo-duong-vat-gk-power\/\"]}]},{\"@type\":\"ImageObject\",\"inLanguage\":\"vi\",\"@id\":\"https:\/\/desireonline.shop\/vi\/san-pham\/bo-vong-deo-duong-vat-gk-power\/#primaryimage\",\"url\":\"https:\/\/desireonline.shop\/wp-content\/uploads\/2026\/02\/CN-330358234_00-1.jpg\",\"contentUrl\":\"https:\/\/desireonline.shop\/wp-content\/uploads\/2026\/02\/CN-330358234_00-1.jpg\",\"width\":1000,\"height\":1000},{\"@type\":\"BreadcrumbList\",\"@id\":\"https:\/\/desireonline.shop\/vi\/san-pham\/bo-vong-deo-duong-vat-gk-power\/#breadcrumb\",\"itemListElement\":[{\"@type\":\"ListItem\",\"position\":1,\"name\":\"Home\",\"item\":\"https:\/\/desireonline.shop\/vi\/trang-chu\/?lang=vi\"},{\"@type\":\"ListItem\",\"position\":2,\"name\":\"T\u1ea5t c\u1ea3 s\u1ea3n ph\u1ea9m\",\"item\":\"https:\/\/desireonline.shop\/cua-hang\/?lang=vi\"},{\"@type\":\"ListItem\",\"position\":3,\"name\":\"B\u1ed9 v\u00f2ng \u0111eo d\u01b0\u01a1ng v\u1eadt GK POWER\"}]},{\"@type\":\"WebSite\",\"@id\":\"https:\/\/desireonline.shop\/vi\/#website\",\"url\":\"https:\/\/desireonline.shop\/vi\/\",\"name\":\"Desire\",\"description\":\"Sexual Wellness Platform\",\"publisher\":{\"@id\":\"https:\/\/desireonline.shop\/vi\/#organization\"},\"potentialAction\":[{\"@type\":\"SearchAction\",\"target\":{\"@type\":\"EntryPoint\",\"urlTemplate\":\"https:\/\/desireonline.shop\/vi\/?s={search_term_string}\"},\"query-input\":{\"@type\":\"PropertyValueSpecification\",\"valueRequired\":true,\"valueName\":\"search_term_string\"}}],\"inLanguage\":\"vi\"},{\"@type\":\"Organization\",\"@id\":\"https:\/\/desireonline.shop\/vi\/#organization\",\"name\":\"Desire\",\"url\":\"https:\/\/desireonline.shop\/vi\/\",\"logo\":{\"@type\":\"ImageObject\",\"inLanguage\":\"vi\",\"@id\":\"https:\/\/desireonline.shop\/vi\/#\/schema\/logo\/image\/\",\"url\":\"https:\/\/desireonline.shop\/wp-content\/uploads\/2024\/06\/Logo-Thick-Font-1.webp\",\"contentUrl\":\"https:\/\/desireonline.shop\/wp-content\/uploads\/2024\/06\/Logo-Thick-Font-1.webp\",\"width\":268,\"height\":399,\"caption\":\"Desire\"},\"image\":{\"@id\":\"https:\/\/desireonline.shop\/vi\/#\/schema\/logo\/image\/\"}}]}<\/script>\n<!-- \/ Yoast SEO plugin. -->","yoast_head_json":{"title":"B\u1ed9 v\u00f2ng \u0111eo d\u01b0\u01a1ng v\u1eadt GK POWER - Desire","robots":{"index":"index","follow":"follow","max-snippet":"max-snippet:-1","max-image-preview":"max-image-preview:large","max-video-preview":"max-video-preview:-1"},"canonical":"https:\/\/desireonline.shop\/vi\/san-pham\/bo-vong-deo-duong-vat-gk-power\/","og_locale":"vi_VN","og_type":"article","og_title":"B\u1ed9 v\u00f2ng \u0111eo d\u01b0\u01a1ng v\u1eadt GK POWER - Desire","og_description":"B\u1ed9 v\u00f2ng \u0111eo \u0111a n\u0103ng n\u00e0y ho\u00e0n h\u1ea3o \u0111\u1ec3 kh\u00e1m ph\u00e1 c\u00e1c k\u00edch c\u1ee1 v\u00e0 c\u1ea3m gi\u00e1c kh\u00e1c nhau theo nh\u1ecbp \u0111\u1ed9 c\u1ee7a qu\u00fd kh\u00e1ch. Co gi\u00e3n, tho\u1ea3i m\u00e1i v\u00e0&hellip;","og_url":"https:\/\/desireonline.shop\/vi\/san-pham\/bo-vong-deo-duong-vat-gk-power\/","og_site_name":"Desire","og_image":[{"width":1000,"height":1000,"url":"https:\/\/desireonline.shop\/wp-content\/uploads\/2026\/02\/CN-330358234_00-1.jpg","type":"image\/jpeg"}],"twitter_card":"summary_large_image","schema":{"@context":"https:\/\/schema.org","@graph":[{"@type":"WebPage","@id":"https:\/\/desireonline.shop\/vi\/san-pham\/bo-vong-deo-duong-vat-gk-power\/","url":"https:\/\/desireonline.shop\/vi\/san-pham\/bo-vong-deo-duong-vat-gk-power\/","name":"B\u1ed9 v\u00f2ng \u0111eo d\u01b0\u01a1ng v\u1eadt GK POWER - Desire","isPartOf":{"@id":"https:\/\/desireonline.shop\/vi\/#website"},"primaryImageOfPage":{"@id":"https:\/\/desireonline.shop\/vi\/san-pham\/bo-vong-deo-duong-vat-gk-power\/#primaryimage"},"image":{"@id":"https:\/\/desireonline.shop\/vi\/san-pham\/bo-vong-deo-duong-vat-gk-power\/#primaryimage"},"thumbnailUrl":"https:\/\/desireonline.shop\/wp-content\/uploads\/2026\/02\/CN-330358234_00-1.jpg","datePublished":"2026-02-17T11:41:23+00:00","breadcrumb":{"@id":"https:\/\/desireonline.shop\/vi\/san-pham\/bo-vong-deo-duong-vat-gk-power\/#breadcrumb"},"inLanguage":"vi","potentialAction":[{"@type":"ReadAction","target":["https:\/\/desireonline.shop\/vi\/san-pham\/bo-vong-deo-duong-vat-gk-power\/"]}]},{"@type":"ImageObject","inLanguage":"vi","@id":"https:\/\/desireonline.shop\/vi\/san-pham\/bo-vong-deo-duong-vat-gk-power\/#primaryimage","url":"https:\/\/desireonline.shop\/wp-content\/uploads\/2026\/02\/CN-330358234_00-1.jpg","contentUrl":"https:\/\/desireonline.shop\/wp-content\/uploads\/2026\/02\/CN-330358234_00-1.jpg","width":1000,"height":1000},{"@type":"BreadcrumbList","@id":"https:\/\/desireonline.shop\/vi\/san-pham\/bo-vong-deo-duong-vat-gk-power\/#breadcrumb","itemListElement":[{"@type":"ListItem","position":1,"name":"Home","item":"https:\/\/desireonline.shop\/vi\/trang-chu\/?lang=vi"},{"@type":"ListItem","position":2,"name":"T\u1ea5t c\u1ea3 s\u1ea3n ph\u1ea9m","item":"https:\/\/desireonline.shop\/cua-hang\/?lang=vi"},{"@type":"ListItem","position":3,"name":"B\u1ed9 v\u00f2ng \u0111eo d\u01b0\u01a1ng v\u1eadt GK POWER"}]},{"@type":"WebSite","@id":"https:\/\/desireonline.shop\/vi\/#website","url":"https:\/\/desireonline.shop\/vi\/","name":"Desire","description":"Sexual Wellness Platform","publisher":{"@id":"https:\/\/desireonline.shop\/vi\/#organization"},"potentialAction":[{"@type":"SearchAction","target":{"@type":"EntryPoint","urlTemplate":"https:\/\/desireonline.shop\/vi\/?s={search_term_string}"},"query-input":{"@type":"PropertyValueSpecification","valueRequired":true,"valueName":"search_term_string"}}],"inLanguage":"vi"},{"@type":"Organization","@id":"https:\/\/desireonline.shop\/vi\/#organization","name":"Desire","url":"https:\/\/desireonline.shop\/vi\/","logo":{"@type":"ImageObject","inLanguage":"vi","@id":"https:\/\/desireonline.shop\/vi\/#\/schema\/logo\/image\/","url":"https:\/\/desireonline.shop\/wp-content\/uploads\/2024\/06\/Logo-Thick-Font-1.webp","contentUrl":"https:\/\/desireonline.shop\/wp-content\/uploads\/2024\/06\/Logo-Thick-Font-1.webp","width":268,"height":399,"caption":"Desire"},"image":{"@id":"https:\/\/desireonline.shop\/vi\/#\/schema\/logo\/image\/"}}]}},"_links":{"self":[{"href":"https:\/\/desireonline.shop\/vi\/wp-json\/wp\/v2\/product\/69181","targetHints":{"allow":["GET"]}}],"collection":[{"href":"https:\/\/desireonline.shop\/vi\/wp-json\/wp\/v2\/product"}],"about":[{"href":"https:\/\/desireonline.shop\/vi\/wp-json\/wp\/v2\/types\/product"}],"replies":[{"embeddable":true,"href":"https:\/\/desireonline.shop\/vi\/wp-json\/wp\/v2\/comments?post=69181"}],"version-history":[{"count":0,"href":"https:\/\/desireonline.shop\/vi\/wp-json\/wp\/v2\/product\/69181\/revisions"}],"wp:featuredmedia":[{"embeddable":true,"href":"https:\/\/desireonline.shop\/vi\/wp-json\/wp\/v2\/media\/64652"}],"wp:attachment":[{"href":"https:\/\/desireonline.shop\/vi\/wp-json\/wp\/v2\/media?parent=69181"}],"wp:term":[{"taxonomy":"product_brand","embeddable":true,"href":"https:\/\/desireonline.shop\/vi\/wp-json\/wp\/v2\/product_brand?post=69181"},{"taxonomy":"product_cat","embeddable":true,"href":"https:\/\/desireonline.shop\/vi\/wp-json\/wp\/v2\/product_cat?post=69181"},{"taxonomy":"product_tag","embeddable":true,"href":"https:\/\/desireonline.shop\/vi\/wp-json\/wp\/v2\/product_tag?post=69181"}],"curies":[{"name":"wp","href":"https:\/\/api.w.org\/{rel}","templated":true}]}}