{"id":69192,"date":"2026-02-17T11:40:42","date_gmt":"2026-02-17T11:40:42","guid":{"rendered":"https:\/\/desireonline.shop\/product\/bo-vong-deo-tang-khoai-cam-gk-power-double-enhancer-kit\/"},"modified":"2026-02-17T11:40:42","modified_gmt":"2026-02-17T11:40:42","slug":"bo-vong-deo-tang-khoai-cam-gk-power-double-enhancer-kit","status":"publish","type":"product","link":"https:\/\/desireonline.shop\/vi\/san-pham\/bo-vong-deo-tang-khoai-cam-gk-power-double-enhancer-kit\/","title":{"rendered":"B\u1ed9 v\u00f2ng \u0111eo t\u0103ng kho\u00e1i c\u1ea3m GK POWER Double Enhancer Kit"},"content":{"rendered":"<p>B\u1ed9 v\u00f2ng \u0111eo \u0111\u00f4i n\u00e0y t\u1eadp trung v\u00e0o s\u1ef1 \u0111a d\u1ea1ng v\u00e0 kh\u00e1m ph\u00e1. V\u1edbi thi\u1ebft k\u1ebf v\u00e2n nh\u00e1m v\u00e0 \u0111\u1ed9 co gi\u00e3n v\u1eeba v\u1eb7n, s\u1ea3n ph\u1ea9m mang \u0111\u1ebfn nh\u1eefng l\u1ef1a ch\u1ecdn th\u00fa v\u1ecb \u0111\u1ec3 thay \u0111\u1ed5i v\u00e0 kh\u00e1m ph\u00e1 c\u1ea3m gi\u00e1c tuy\u1ec7t v\u1eddi nh\u1ea5t. \u0110\u01a1n gi\u1ea3n, tho\u1ea3i m\u00e1i v\u00e0 th\u00fa v\u1ecb, \u0111\u00e2y l\u00e0 s\u1ef1 b\u1ed5 sung tuy\u1ec7t v\u1eddi cho nh\u1eefng t\u00e2m h\u1ed3n v\u00e0 c\u01a1 th\u1ec3 th\u00edch kh\u00e1m ph\u00e1.<\/p>\n","protected":false},"excerpt":{"rendered":"<p>B\u1ed9 v\u00f2ng \u0111eo \u0111\u00f4i n\u00e0y t\u1eadp trung v\u00e0o s\u1ef1 \u0111a d\u1ea1ng v\u00e0 kh\u00e1m ph\u00e1. V\u1edbi thi\u1ebft k\u1ebf v\u00e2n nh\u00e1m v\u00e0 \u0111\u1ed9 co gi\u00e3n v\u1eeba v\u1eb7n, s\u1ea3n ph\u1ea9m mang \u0111\u1ebfn nh\u1eefng&hellip;<\/p>\n","protected":false},"featured_media":64634,"comment_status":"open","ping_status":"closed","template":"","meta":{"_acf_changed":false},"product_brand":[],"product_cat":[1403],"product_tag":[],"class_list":{"0":"post-69192","1":"product","2":"type-product","3":"status-publish","4":"has-post-thumbnail","6":"product_cat-vong-deo-ho-tro-co-gian","8":"first","9":"instock","10":"shipping-taxable","11":"purchasable","12":"product-type-variable"},"acf":[],"yoast_head":"<!-- This site is optimized with the Yoast SEO plugin v27.1.1 - https:\/\/yoast.com\/product\/yoast-seo-wordpress\/ -->\n<title>B\u1ed9 v\u00f2ng \u0111eo t\u0103ng kho\u00e1i c\u1ea3m GK POWER Double Enhancer Kit - Desire<\/title>\n<meta name=\"robots\" content=\"index, follow, max-snippet:-1, max-image-preview:large, max-video-preview:-1\" \/>\n<link rel=\"canonical\" href=\"https:\/\/desireonline.shop\/vi\/san-pham\/bo-vong-deo-tang-khoai-cam-gk-power-double-enhancer-kit\/\" \/>\n<meta property=\"og:locale\" content=\"vi_VN\" \/>\n<meta property=\"og:type\" content=\"article\" \/>\n<meta property=\"og:title\" content=\"B\u1ed9 v\u00f2ng \u0111eo t\u0103ng kho\u00e1i c\u1ea3m GK POWER Double Enhancer Kit - Desire\" \/>\n<meta property=\"og:description\" content=\"B\u1ed9 v\u00f2ng \u0111eo \u0111\u00f4i n\u00e0y t\u1eadp trung v\u00e0o s\u1ef1 \u0111a d\u1ea1ng v\u00e0 kh\u00e1m ph\u00e1. V\u1edbi thi\u1ebft k\u1ebf v\u00e2n nh\u00e1m v\u00e0 \u0111\u1ed9 co gi\u00e3n v\u1eeba v\u1eb7n, s\u1ea3n ph\u1ea9m mang \u0111\u1ebfn nh\u1eefng&hellip;\" \/>\n<meta property=\"og:url\" content=\"https:\/\/desireonline.shop\/vi\/san-pham\/bo-vong-deo-tang-khoai-cam-gk-power-double-enhancer-kit\/\" \/>\n<meta property=\"og:site_name\" content=\"Desire\" \/>\n<meta property=\"og:image\" content=\"https:\/\/desireonline.shop\/wp-content\/uploads\/2026\/02\/CN-101646563_00-1.jpg\" \/>\n\t<meta property=\"og:image:width\" content=\"1000\" \/>\n\t<meta property=\"og:image:height\" content=\"1000\" \/>\n\t<meta property=\"og:image:type\" content=\"image\/jpeg\" \/>\n<meta name=\"twitter:card\" content=\"summary_large_image\" \/>\n<meta name=\"twitter:label1\" content=\"\u01af\u1edbc t\u00ednh th\u1eddi gian \u0111\u1ecdc\" \/>\n\t<meta name=\"twitter:data1\" content=\"1 ph\u00fat\" \/>\n<script type=\"application\/ld+json\" class=\"yoast-schema-graph\">{\"@context\":\"https:\/\/schema.org\",\"@graph\":[{\"@type\":\"WebPage\",\"@id\":\"https:\/\/desireonline.shop\/vi\/san-pham\/bo-vong-deo-tang-khoai-cam-gk-power-double-enhancer-kit\/\",\"url\":\"https:\/\/desireonline.shop\/vi\/san-pham\/bo-vong-deo-tang-khoai-cam-gk-power-double-enhancer-kit\/\",\"name\":\"B\u1ed9 v\u00f2ng \u0111eo t\u0103ng kho\u00e1i c\u1ea3m GK POWER Double Enhancer Kit - Desire\",\"isPartOf\":{\"@id\":\"https:\/\/desireonline.shop\/vi\/#website\"},\"primaryImageOfPage\":{\"@id\":\"https:\/\/desireonline.shop\/vi\/san-pham\/bo-vong-deo-tang-khoai-cam-gk-power-double-enhancer-kit\/#primaryimage\"},\"image\":{\"@id\":\"https:\/\/desireonline.shop\/vi\/san-pham\/bo-vong-deo-tang-khoai-cam-gk-power-double-enhancer-kit\/#primaryimage\"},\"thumbnailUrl\":\"https:\/\/desireonline.shop\/wp-content\/uploads\/2026\/02\/CN-101646563_00-1.jpg\",\"datePublished\":\"2026-02-17T11:40:42+00:00\",\"breadcrumb\":{\"@id\":\"https:\/\/desireonline.shop\/vi\/san-pham\/bo-vong-deo-tang-khoai-cam-gk-power-double-enhancer-kit\/#breadcrumb\"},\"inLanguage\":\"vi\",\"potentialAction\":[{\"@type\":\"ReadAction\",\"target\":[\"https:\/\/desireonline.shop\/vi\/san-pham\/bo-vong-deo-tang-khoai-cam-gk-power-double-enhancer-kit\/\"]}]},{\"@type\":\"ImageObject\",\"inLanguage\":\"vi\",\"@id\":\"https:\/\/desireonline.shop\/vi\/san-pham\/bo-vong-deo-tang-khoai-cam-gk-power-double-enhancer-kit\/#primaryimage\",\"url\":\"https:\/\/desireonline.shop\/wp-content\/uploads\/2026\/02\/CN-101646563_00-1.jpg\",\"contentUrl\":\"https:\/\/desireonline.shop\/wp-content\/uploads\/2026\/02\/CN-101646563_00-1.jpg\",\"width\":1000,\"height\":1000},{\"@type\":\"BreadcrumbList\",\"@id\":\"https:\/\/desireonline.shop\/vi\/san-pham\/bo-vong-deo-tang-khoai-cam-gk-power-double-enhancer-kit\/#breadcrumb\",\"itemListElement\":[{\"@type\":\"ListItem\",\"position\":1,\"name\":\"Home\",\"item\":\"https:\/\/desireonline.shop\/vi\/trang-chu\/?lang=vi\"},{\"@type\":\"ListItem\",\"position\":2,\"name\":\"T\u1ea5t c\u1ea3 s\u1ea3n ph\u1ea9m\",\"item\":\"https:\/\/desireonline.shop\/cua-hang\/?lang=vi\"},{\"@type\":\"ListItem\",\"position\":3,\"name\":\"B\u1ed9 v\u00f2ng \u0111eo t\u0103ng kho\u00e1i c\u1ea3m GK POWER Double Enhancer Kit\"}]},{\"@type\":\"WebSite\",\"@id\":\"https:\/\/desireonline.shop\/vi\/#website\",\"url\":\"https:\/\/desireonline.shop\/vi\/\",\"name\":\"Desire\",\"description\":\"Sexual Wellness Platform\",\"publisher\":{\"@id\":\"https:\/\/desireonline.shop\/vi\/#organization\"},\"potentialAction\":[{\"@type\":\"SearchAction\",\"target\":{\"@type\":\"EntryPoint\",\"urlTemplate\":\"https:\/\/desireonline.shop\/vi\/?s={search_term_string}\"},\"query-input\":{\"@type\":\"PropertyValueSpecification\",\"valueRequired\":true,\"valueName\":\"search_term_string\"}}],\"inLanguage\":\"vi\"},{\"@type\":\"Organization\",\"@id\":\"https:\/\/desireonline.shop\/vi\/#organization\",\"name\":\"Desire\",\"url\":\"https:\/\/desireonline.shop\/vi\/\",\"logo\":{\"@type\":\"ImageObject\",\"inLanguage\":\"vi\",\"@id\":\"https:\/\/desireonline.shop\/vi\/#\/schema\/logo\/image\/\",\"url\":\"https:\/\/desireonline.shop\/wp-content\/uploads\/2024\/06\/Logo-Thick-Font-1.webp\",\"contentUrl\":\"https:\/\/desireonline.shop\/wp-content\/uploads\/2024\/06\/Logo-Thick-Font-1.webp\",\"width\":268,\"height\":399,\"caption\":\"Desire\"},\"image\":{\"@id\":\"https:\/\/desireonline.shop\/vi\/#\/schema\/logo\/image\/\"}}]}<\/script>\n<!-- \/ Yoast SEO plugin. -->","yoast_head_json":{"title":"B\u1ed9 v\u00f2ng \u0111eo t\u0103ng kho\u00e1i c\u1ea3m GK POWER Double Enhancer Kit - Desire","robots":{"index":"index","follow":"follow","max-snippet":"max-snippet:-1","max-image-preview":"max-image-preview:large","max-video-preview":"max-video-preview:-1"},"canonical":"https:\/\/desireonline.shop\/vi\/san-pham\/bo-vong-deo-tang-khoai-cam-gk-power-double-enhancer-kit\/","og_locale":"vi_VN","og_type":"article","og_title":"B\u1ed9 v\u00f2ng \u0111eo t\u0103ng kho\u00e1i c\u1ea3m GK POWER Double Enhancer Kit - Desire","og_description":"B\u1ed9 v\u00f2ng \u0111eo \u0111\u00f4i n\u00e0y t\u1eadp trung v\u00e0o s\u1ef1 \u0111a d\u1ea1ng v\u00e0 kh\u00e1m ph\u00e1. V\u1edbi thi\u1ebft k\u1ebf v\u00e2n nh\u00e1m v\u00e0 \u0111\u1ed9 co gi\u00e3n v\u1eeba v\u1eb7n, s\u1ea3n ph\u1ea9m mang \u0111\u1ebfn nh\u1eefng&hellip;","og_url":"https:\/\/desireonline.shop\/vi\/san-pham\/bo-vong-deo-tang-khoai-cam-gk-power-double-enhancer-kit\/","og_site_name":"Desire","og_image":[{"width":1000,"height":1000,"url":"https:\/\/desireonline.shop\/wp-content\/uploads\/2026\/02\/CN-101646563_00-1.jpg","type":"image\/jpeg"}],"twitter_card":"summary_large_image","twitter_misc":{"\u01af\u1edbc t\u00ednh th\u1eddi gian \u0111\u1ecdc":"1 ph\u00fat"},"schema":{"@context":"https:\/\/schema.org","@graph":[{"@type":"WebPage","@id":"https:\/\/desireonline.shop\/vi\/san-pham\/bo-vong-deo-tang-khoai-cam-gk-power-double-enhancer-kit\/","url":"https:\/\/desireonline.shop\/vi\/san-pham\/bo-vong-deo-tang-khoai-cam-gk-power-double-enhancer-kit\/","name":"B\u1ed9 v\u00f2ng \u0111eo t\u0103ng kho\u00e1i c\u1ea3m GK POWER Double Enhancer Kit - Desire","isPartOf":{"@id":"https:\/\/desireonline.shop\/vi\/#website"},"primaryImageOfPage":{"@id":"https:\/\/desireonline.shop\/vi\/san-pham\/bo-vong-deo-tang-khoai-cam-gk-power-double-enhancer-kit\/#primaryimage"},"image":{"@id":"https:\/\/desireonline.shop\/vi\/san-pham\/bo-vong-deo-tang-khoai-cam-gk-power-double-enhancer-kit\/#primaryimage"},"thumbnailUrl":"https:\/\/desireonline.shop\/wp-content\/uploads\/2026\/02\/CN-101646563_00-1.jpg","datePublished":"2026-02-17T11:40:42+00:00","breadcrumb":{"@id":"https:\/\/desireonline.shop\/vi\/san-pham\/bo-vong-deo-tang-khoai-cam-gk-power-double-enhancer-kit\/#breadcrumb"},"inLanguage":"vi","potentialAction":[{"@type":"ReadAction","target":["https:\/\/desireonline.shop\/vi\/san-pham\/bo-vong-deo-tang-khoai-cam-gk-power-double-enhancer-kit\/"]}]},{"@type":"ImageObject","inLanguage":"vi","@id":"https:\/\/desireonline.shop\/vi\/san-pham\/bo-vong-deo-tang-khoai-cam-gk-power-double-enhancer-kit\/#primaryimage","url":"https:\/\/desireonline.shop\/wp-content\/uploads\/2026\/02\/CN-101646563_00-1.jpg","contentUrl":"https:\/\/desireonline.shop\/wp-content\/uploads\/2026\/02\/CN-101646563_00-1.jpg","width":1000,"height":1000},{"@type":"BreadcrumbList","@id":"https:\/\/desireonline.shop\/vi\/san-pham\/bo-vong-deo-tang-khoai-cam-gk-power-double-enhancer-kit\/#breadcrumb","itemListElement":[{"@type":"ListItem","position":1,"name":"Home","item":"https:\/\/desireonline.shop\/vi\/trang-chu\/?lang=vi"},{"@type":"ListItem","position":2,"name":"T\u1ea5t c\u1ea3 s\u1ea3n ph\u1ea9m","item":"https:\/\/desireonline.shop\/cua-hang\/?lang=vi"},{"@type":"ListItem","position":3,"name":"B\u1ed9 v\u00f2ng \u0111eo t\u0103ng kho\u00e1i c\u1ea3m GK POWER Double Enhancer Kit"}]},{"@type":"WebSite","@id":"https:\/\/desireonline.shop\/vi\/#website","url":"https:\/\/desireonline.shop\/vi\/","name":"Desire","description":"Sexual Wellness Platform","publisher":{"@id":"https:\/\/desireonline.shop\/vi\/#organization"},"potentialAction":[{"@type":"SearchAction","target":{"@type":"EntryPoint","urlTemplate":"https:\/\/desireonline.shop\/vi\/?s={search_term_string}"},"query-input":{"@type":"PropertyValueSpecification","valueRequired":true,"valueName":"search_term_string"}}],"inLanguage":"vi"},{"@type":"Organization","@id":"https:\/\/desireonline.shop\/vi\/#organization","name":"Desire","url":"https:\/\/desireonline.shop\/vi\/","logo":{"@type":"ImageObject","inLanguage":"vi","@id":"https:\/\/desireonline.shop\/vi\/#\/schema\/logo\/image\/","url":"https:\/\/desireonline.shop\/wp-content\/uploads\/2024\/06\/Logo-Thick-Font-1.webp","contentUrl":"https:\/\/desireonline.shop\/wp-content\/uploads\/2024\/06\/Logo-Thick-Font-1.webp","width":268,"height":399,"caption":"Desire"},"image":{"@id":"https:\/\/desireonline.shop\/vi\/#\/schema\/logo\/image\/"}}]}},"_links":{"self":[{"href":"https:\/\/desireonline.shop\/vi\/wp-json\/wp\/v2\/product\/69192","targetHints":{"allow":["GET"]}}],"collection":[{"href":"https:\/\/desireonline.shop\/vi\/wp-json\/wp\/v2\/product"}],"about":[{"href":"https:\/\/desireonline.shop\/vi\/wp-json\/wp\/v2\/types\/product"}],"replies":[{"embeddable":true,"href":"https:\/\/desireonline.shop\/vi\/wp-json\/wp\/v2\/comments?post=69192"}],"version-history":[{"count":0,"href":"https:\/\/desireonline.shop\/vi\/wp-json\/wp\/v2\/product\/69192\/revisions"}],"wp:featuredmedia":[{"embeddable":true,"href":"https:\/\/desireonline.shop\/vi\/wp-json\/wp\/v2\/media\/64634"}],"wp:attachment":[{"href":"https:\/\/desireonline.shop\/vi\/wp-json\/wp\/v2\/media?parent=69192"}],"wp:term":[{"taxonomy":"product_brand","embeddable":true,"href":"https:\/\/desireonline.shop\/vi\/wp-json\/wp\/v2\/product_brand?post=69192"},{"taxonomy":"product_cat","embeddable":true,"href":"https:\/\/desireonline.shop\/vi\/wp-json\/wp\/v2\/product_cat?post=69192"},{"taxonomy":"product_tag","embeddable":true,"href":"https:\/\/desireonline.shop\/vi\/wp-json\/wp\/v2\/product_tag?post=69192"}],"curies":[{"name":"wp","href":"https:\/\/api.w.org\/{rel}","templated":true}]}}