{"id":69210,"date":"2026-02-17T11:42:54","date_gmt":"2026-02-17T11:42:54","guid":{"rendered":"https:\/\/desireonline.shop\/product\/vong-deo-duong-vat-co-hat-gk-power\/"},"modified":"2026-02-17T11:42:54","modified_gmt":"2026-02-17T11:42:54","slug":"vong-deo-duong-vat-co-hat-gk-power","status":"publish","type":"product","link":"https:\/\/desireonline.shop\/vi\/san-pham\/vong-deo-duong-vat-co-hat-gk-power\/","title":{"rendered":"V\u00f2ng \u0111eo d\u01b0\u01a1ng v\u1eadt c\u00f3 h\u1ea1t GK POWER"},"content":{"rendered":"<p>Nh\u1eefng chi\u1ebfc v\u00f2ng \u0111eo c\u00f3 h\u1ea1t n\u00e0y t\u1ea1o th\u00eam \u0111i\u1ec3m nh\u1ea5n th\u00fa v\u1ecb v\u1ec1 k\u1ebft c\u1ea5u trong khi v\u1eabn \u0111\u1ea3m b\u1ea3o s\u1ef1 m\u1ec1m m\u1ea1i v\u00e0 tho\u1ea3i m\u00e1i. Co gi\u00e3n v\u00e0 d\u1ec5 s\u1eed d\u1ee5ng, s\u1ea3n ph\u1ea9m l\u00e0 l\u1ef1a ch\u1ecdn l\u00fd t\u01b0\u1edfng \u0111\u1ec3 th\u1eed nghi\u1ec7m nh\u1eefng c\u1ea3m gi\u00e1c m\u1edbi m\u00e0 kh\u00f4ng g\u00e2y c\u1ea3m gi\u00e1c e ng\u1ea1i. M\u1ed9t c\u00e1ch \u0111\u01a1n gi\u1ea3n \u0111\u1ec3 \u0111\u1ed5i m\u1edbi v\u00e0 duy tr\u00ec s\u1ef1 h\u01b0ng ph\u1ea5n nh\u1eb9 nh\u00e0ng, vui v\u1ebb.<\/p>\n","protected":false},"excerpt":{"rendered":"<p>Nh\u1eefng chi\u1ebfc v\u00f2ng \u0111eo c\u00f3 h\u1ea1t n\u00e0y t\u1ea1o th\u00eam \u0111i\u1ec3m nh\u1ea5n th\u00fa v\u1ecb v\u1ec1 k\u1ebft c\u1ea5u trong khi v\u1eabn \u0111\u1ea3m b\u1ea3o s\u1ef1 m\u1ec1m m\u1ea1i v\u00e0 tho\u1ea3i m\u00e1i. Co gi\u00e3n v\u00e0&hellip;<\/p>\n","protected":false},"featured_media":64723,"comment_status":"open","ping_status":"closed","template":"","meta":{"_acf_changed":false},"product_brand":[],"product_cat":[1403,1402],"product_tag":[],"class_list":{"0":"post-69210","1":"product","2":"type-product","3":"status-publish","4":"has-post-thumbnail","6":"product_cat-vong-deo-ho-tro-co-gian","7":"product_cat-vong-deo-ho-tro-khong-rung","9":"first","10":"instock","11":"shipping-taxable","12":"purchasable","13":"product-type-variable"},"acf":[],"yoast_head":"<!-- This site is optimized with the Yoast SEO plugin v27.1.1 - https:\/\/yoast.com\/product\/yoast-seo-wordpress\/ -->\n<title>V\u00f2ng \u0111eo d\u01b0\u01a1ng v\u1eadt c\u00f3 h\u1ea1t GK POWER - Desire<\/title>\n<meta name=\"robots\" content=\"index, follow, max-snippet:-1, max-image-preview:large, max-video-preview:-1\" \/>\n<link rel=\"canonical\" href=\"https:\/\/desireonline.shop\/vi\/san-pham\/vong-deo-duong-vat-co-hat-gk-power\/\" \/>\n<meta property=\"og:locale\" content=\"vi_VN\" \/>\n<meta property=\"og:type\" content=\"article\" \/>\n<meta property=\"og:title\" content=\"V\u00f2ng \u0111eo d\u01b0\u01a1ng v\u1eadt c\u00f3 h\u1ea1t GK POWER - Desire\" \/>\n<meta property=\"og:description\" content=\"Nh\u1eefng chi\u1ebfc v\u00f2ng \u0111eo c\u00f3 h\u1ea1t n\u00e0y t\u1ea1o th\u00eam \u0111i\u1ec3m nh\u1ea5n th\u00fa v\u1ecb v\u1ec1 k\u1ebft c\u1ea5u trong khi v\u1eabn \u0111\u1ea3m b\u1ea3o s\u1ef1 m\u1ec1m m\u1ea1i v\u00e0 tho\u1ea3i m\u00e1i. Co gi\u00e3n v\u00e0&hellip;\" \/>\n<meta property=\"og:url\" content=\"https:\/\/desireonline.shop\/vi\/san-pham\/vong-deo-duong-vat-co-hat-gk-power\/\" \/>\n<meta property=\"og:site_name\" content=\"Desire\" \/>\n<meta property=\"og:image\" content=\"https:\/\/desireonline.shop\/wp-content\/uploads\/2026\/02\/CN-330300012_00-1.jpg\" \/>\n\t<meta property=\"og:image:width\" content=\"1000\" \/>\n\t<meta property=\"og:image:height\" content=\"1000\" \/>\n\t<meta property=\"og:image:type\" content=\"image\/jpeg\" \/>\n<meta name=\"twitter:card\" content=\"summary_large_image\" \/>\n<meta name=\"twitter:label1\" content=\"\u01af\u1edbc t\u00ednh th\u1eddi gian \u0111\u1ecdc\" \/>\n\t<meta name=\"twitter:data1\" content=\"1 ph\u00fat\" \/>\n<script type=\"application\/ld+json\" class=\"yoast-schema-graph\">{\"@context\":\"https:\/\/schema.org\",\"@graph\":[{\"@type\":\"WebPage\",\"@id\":\"https:\/\/desireonline.shop\/vi\/san-pham\/vong-deo-duong-vat-co-hat-gk-power\/\",\"url\":\"https:\/\/desireonline.shop\/vi\/san-pham\/vong-deo-duong-vat-co-hat-gk-power\/\",\"name\":\"V\u00f2ng \u0111eo d\u01b0\u01a1ng v\u1eadt c\u00f3 h\u1ea1t GK POWER - Desire\",\"isPartOf\":{\"@id\":\"https:\/\/desireonline.shop\/vi\/#website\"},\"primaryImageOfPage\":{\"@id\":\"https:\/\/desireonline.shop\/vi\/san-pham\/vong-deo-duong-vat-co-hat-gk-power\/#primaryimage\"},\"image\":{\"@id\":\"https:\/\/desireonline.shop\/vi\/san-pham\/vong-deo-duong-vat-co-hat-gk-power\/#primaryimage\"},\"thumbnailUrl\":\"https:\/\/desireonline.shop\/wp-content\/uploads\/2026\/02\/CN-330300012_00-1.jpg\",\"datePublished\":\"2026-02-17T11:42:54+00:00\",\"breadcrumb\":{\"@id\":\"https:\/\/desireonline.shop\/vi\/san-pham\/vong-deo-duong-vat-co-hat-gk-power\/#breadcrumb\"},\"inLanguage\":\"vi\",\"potentialAction\":[{\"@type\":\"ReadAction\",\"target\":[\"https:\/\/desireonline.shop\/vi\/san-pham\/vong-deo-duong-vat-co-hat-gk-power\/\"]}]},{\"@type\":\"ImageObject\",\"inLanguage\":\"vi\",\"@id\":\"https:\/\/desireonline.shop\/vi\/san-pham\/vong-deo-duong-vat-co-hat-gk-power\/#primaryimage\",\"url\":\"https:\/\/desireonline.shop\/wp-content\/uploads\/2026\/02\/CN-330300012_00-1.jpg\",\"contentUrl\":\"https:\/\/desireonline.shop\/wp-content\/uploads\/2026\/02\/CN-330300012_00-1.jpg\",\"width\":1000,\"height\":1000},{\"@type\":\"BreadcrumbList\",\"@id\":\"https:\/\/desireonline.shop\/vi\/san-pham\/vong-deo-duong-vat-co-hat-gk-power\/#breadcrumb\",\"itemListElement\":[{\"@type\":\"ListItem\",\"position\":1,\"name\":\"Home\",\"item\":\"https:\/\/desireonline.shop\/vi\/trang-chu\/?lang=vi\"},{\"@type\":\"ListItem\",\"position\":2,\"name\":\"T\u1ea5t c\u1ea3 s\u1ea3n ph\u1ea9m\",\"item\":\"https:\/\/desireonline.shop\/cua-hang\/?lang=vi\"},{\"@type\":\"ListItem\",\"position\":3,\"name\":\"V\u00f2ng \u0111eo d\u01b0\u01a1ng v\u1eadt c\u00f3 h\u1ea1t GK POWER\"}]},{\"@type\":\"WebSite\",\"@id\":\"https:\/\/desireonline.shop\/vi\/#website\",\"url\":\"https:\/\/desireonline.shop\/vi\/\",\"name\":\"Desire\",\"description\":\"Sexual Wellness Platform\",\"publisher\":{\"@id\":\"https:\/\/desireonline.shop\/vi\/#organization\"},\"potentialAction\":[{\"@type\":\"SearchAction\",\"target\":{\"@type\":\"EntryPoint\",\"urlTemplate\":\"https:\/\/desireonline.shop\/vi\/?s={search_term_string}\"},\"query-input\":{\"@type\":\"PropertyValueSpecification\",\"valueRequired\":true,\"valueName\":\"search_term_string\"}}],\"inLanguage\":\"vi\"},{\"@type\":\"Organization\",\"@id\":\"https:\/\/desireonline.shop\/vi\/#organization\",\"name\":\"Desire\",\"url\":\"https:\/\/desireonline.shop\/vi\/\",\"logo\":{\"@type\":\"ImageObject\",\"inLanguage\":\"vi\",\"@id\":\"https:\/\/desireonline.shop\/vi\/#\/schema\/logo\/image\/\",\"url\":\"https:\/\/desireonline.shop\/wp-content\/uploads\/2024\/06\/Logo-Thick-Font-1.webp\",\"contentUrl\":\"https:\/\/desireonline.shop\/wp-content\/uploads\/2024\/06\/Logo-Thick-Font-1.webp\",\"width\":268,\"height\":399,\"caption\":\"Desire\"},\"image\":{\"@id\":\"https:\/\/desireonline.shop\/vi\/#\/schema\/logo\/image\/\"}}]}<\/script>\n<!-- \/ Yoast SEO plugin. -->","yoast_head_json":{"title":"V\u00f2ng \u0111eo d\u01b0\u01a1ng v\u1eadt c\u00f3 h\u1ea1t GK POWER - Desire","robots":{"index":"index","follow":"follow","max-snippet":"max-snippet:-1","max-image-preview":"max-image-preview:large","max-video-preview":"max-video-preview:-1"},"canonical":"https:\/\/desireonline.shop\/vi\/san-pham\/vong-deo-duong-vat-co-hat-gk-power\/","og_locale":"vi_VN","og_type":"article","og_title":"V\u00f2ng \u0111eo d\u01b0\u01a1ng v\u1eadt c\u00f3 h\u1ea1t GK POWER - Desire","og_description":"Nh\u1eefng chi\u1ebfc v\u00f2ng \u0111eo c\u00f3 h\u1ea1t n\u00e0y t\u1ea1o th\u00eam \u0111i\u1ec3m nh\u1ea5n th\u00fa v\u1ecb v\u1ec1 k\u1ebft c\u1ea5u trong khi v\u1eabn \u0111\u1ea3m b\u1ea3o s\u1ef1 m\u1ec1m m\u1ea1i v\u00e0 tho\u1ea3i m\u00e1i. Co gi\u00e3n v\u00e0&hellip;","og_url":"https:\/\/desireonline.shop\/vi\/san-pham\/vong-deo-duong-vat-co-hat-gk-power\/","og_site_name":"Desire","og_image":[{"width":1000,"height":1000,"url":"https:\/\/desireonline.shop\/wp-content\/uploads\/2026\/02\/CN-330300012_00-1.jpg","type":"image\/jpeg"}],"twitter_card":"summary_large_image","twitter_misc":{"\u01af\u1edbc t\u00ednh th\u1eddi gian \u0111\u1ecdc":"1 ph\u00fat"},"schema":{"@context":"https:\/\/schema.org","@graph":[{"@type":"WebPage","@id":"https:\/\/desireonline.shop\/vi\/san-pham\/vong-deo-duong-vat-co-hat-gk-power\/","url":"https:\/\/desireonline.shop\/vi\/san-pham\/vong-deo-duong-vat-co-hat-gk-power\/","name":"V\u00f2ng \u0111eo d\u01b0\u01a1ng v\u1eadt c\u00f3 h\u1ea1t GK POWER - Desire","isPartOf":{"@id":"https:\/\/desireonline.shop\/vi\/#website"},"primaryImageOfPage":{"@id":"https:\/\/desireonline.shop\/vi\/san-pham\/vong-deo-duong-vat-co-hat-gk-power\/#primaryimage"},"image":{"@id":"https:\/\/desireonline.shop\/vi\/san-pham\/vong-deo-duong-vat-co-hat-gk-power\/#primaryimage"},"thumbnailUrl":"https:\/\/desireonline.shop\/wp-content\/uploads\/2026\/02\/CN-330300012_00-1.jpg","datePublished":"2026-02-17T11:42:54+00:00","breadcrumb":{"@id":"https:\/\/desireonline.shop\/vi\/san-pham\/vong-deo-duong-vat-co-hat-gk-power\/#breadcrumb"},"inLanguage":"vi","potentialAction":[{"@type":"ReadAction","target":["https:\/\/desireonline.shop\/vi\/san-pham\/vong-deo-duong-vat-co-hat-gk-power\/"]}]},{"@type":"ImageObject","inLanguage":"vi","@id":"https:\/\/desireonline.shop\/vi\/san-pham\/vong-deo-duong-vat-co-hat-gk-power\/#primaryimage","url":"https:\/\/desireonline.shop\/wp-content\/uploads\/2026\/02\/CN-330300012_00-1.jpg","contentUrl":"https:\/\/desireonline.shop\/wp-content\/uploads\/2026\/02\/CN-330300012_00-1.jpg","width":1000,"height":1000},{"@type":"BreadcrumbList","@id":"https:\/\/desireonline.shop\/vi\/san-pham\/vong-deo-duong-vat-co-hat-gk-power\/#breadcrumb","itemListElement":[{"@type":"ListItem","position":1,"name":"Home","item":"https:\/\/desireonline.shop\/vi\/trang-chu\/?lang=vi"},{"@type":"ListItem","position":2,"name":"T\u1ea5t c\u1ea3 s\u1ea3n ph\u1ea9m","item":"https:\/\/desireonline.shop\/cua-hang\/?lang=vi"},{"@type":"ListItem","position":3,"name":"V\u00f2ng \u0111eo d\u01b0\u01a1ng v\u1eadt c\u00f3 h\u1ea1t GK POWER"}]},{"@type":"WebSite","@id":"https:\/\/desireonline.shop\/vi\/#website","url":"https:\/\/desireonline.shop\/vi\/","name":"Desire","description":"Sexual Wellness Platform","publisher":{"@id":"https:\/\/desireonline.shop\/vi\/#organization"},"potentialAction":[{"@type":"SearchAction","target":{"@type":"EntryPoint","urlTemplate":"https:\/\/desireonline.shop\/vi\/?s={search_term_string}"},"query-input":{"@type":"PropertyValueSpecification","valueRequired":true,"valueName":"search_term_string"}}],"inLanguage":"vi"},{"@type":"Organization","@id":"https:\/\/desireonline.shop\/vi\/#organization","name":"Desire","url":"https:\/\/desireonline.shop\/vi\/","logo":{"@type":"ImageObject","inLanguage":"vi","@id":"https:\/\/desireonline.shop\/vi\/#\/schema\/logo\/image\/","url":"https:\/\/desireonline.shop\/wp-content\/uploads\/2024\/06\/Logo-Thick-Font-1.webp","contentUrl":"https:\/\/desireonline.shop\/wp-content\/uploads\/2024\/06\/Logo-Thick-Font-1.webp","width":268,"height":399,"caption":"Desire"},"image":{"@id":"https:\/\/desireonline.shop\/vi\/#\/schema\/logo\/image\/"}}]}},"_links":{"self":[{"href":"https:\/\/desireonline.shop\/vi\/wp-json\/wp\/v2\/product\/69210","targetHints":{"allow":["GET"]}}],"collection":[{"href":"https:\/\/desireonline.shop\/vi\/wp-json\/wp\/v2\/product"}],"about":[{"href":"https:\/\/desireonline.shop\/vi\/wp-json\/wp\/v2\/types\/product"}],"replies":[{"embeddable":true,"href":"https:\/\/desireonline.shop\/vi\/wp-json\/wp\/v2\/comments?post=69210"}],"version-history":[{"count":0,"href":"https:\/\/desireonline.shop\/vi\/wp-json\/wp\/v2\/product\/69210\/revisions"}],"wp:featuredmedia":[{"embeddable":true,"href":"https:\/\/desireonline.shop\/vi\/wp-json\/wp\/v2\/media\/64723"}],"wp:attachment":[{"href":"https:\/\/desireonline.shop\/vi\/wp-json\/wp\/v2\/media?parent=69210"}],"wp:term":[{"taxonomy":"product_brand","embeddable":true,"href":"https:\/\/desireonline.shop\/vi\/wp-json\/wp\/v2\/product_brand?post=69210"},{"taxonomy":"product_cat","embeddable":true,"href":"https:\/\/desireonline.shop\/vi\/wp-json\/wp\/v2\/product_cat?post=69210"},{"taxonomy":"product_tag","embeddable":true,"href":"https:\/\/desireonline.shop\/vi\/wp-json\/wp\/v2\/product_tag?post=69210"}],"curies":[{"name":"wp","href":"https:\/\/api.w.org\/{rel}","templated":true}]}}