{"id":69253,"date":"2026-02-17T11:46:33","date_gmt":"2026-02-17T11:46:33","guid":{"rendered":"https:\/\/desireonline.shop\/product\/behave-bo-cong-noi-co-tay-va-dui\/"},"modified":"2026-02-17T11:46:33","modified_gmt":"2026-02-17T11:46:33","slug":"behave-bo-cong-noi-co-tay-va-dui","status":"publish","type":"product","link":"https:\/\/desireonline.shop\/vi\/san-pham\/behave-bo-cong-noi-co-tay-va-dui\/","title":{"rendered":"BEHAVE! B\u1ed9 c\u00f2ng n\u1ed1i c\u1ed5 tay v\u00e0 \u0111\u00f9i"},"content":{"rendered":"<p>B\u1ed9 c\u00f2ng n\u1ed1i c\u1ed5 tay v\u00e0 \u0111\u00f9i n\u00e0y \u0111\u01b0\u1ee3c thi\u1ebft k\u1ebf \u0111\u1ec3 khuy\u1ebfn kh\u00edch s\u1ef1 r\u00e0ng bu\u1ed9c s\u00e1ng t\u1ea1o, \u0111\u1ed3ng th\u1eddi \u01b0u ti\u00ean s\u1ef1 tho\u1ea3i m\u00e1i v\u00e0 linh ho\u1ea1t. V\u00f2ng c\u00f2ng PU m\u1ec1m m\u1ea1i nh\u01b0ng ch\u1eafc ch\u1eafn, d\u1ec5 d\u00e0ng \u0111i\u1ec1u ch\u1ec9nh, gi\u00fap qu\u00fd kh\u00e1ch t\u1ef1 tin kh\u00e1m ph\u00e1 nhi\u1ec1u t\u01b0 th\u1ebf v\u00e0 tr\u1ea3i nghi\u1ec7m kh\u00e1c nhau.<\/p>\n<p>L\u00fd t\u01b0\u1edfng cho nh\u1eefng th\u1eed nghi\u1ec7m m\u1edbi m\u1ebb hay c\u00e1c k\u1ecbch b\u1ea3n c\u00f3 ch\u1ee7 \u0111\u00edch, b\u1ed9 s\u1ea3n ph\u1ea9m gi\u00fap t\u0103ng c\u01b0\u1eddng s\u1ef1 k\u1ebft n\u1ed1i, giao ti\u1ebfp v\u00e0 kh\u00e1m ph\u00e1\u2014m\u1ed9t s\u1ef1 b\u1ed5 sung linh ho\u1ea1t cho b\u1ed9 s\u01b0u t\u1eadp c\u1ee7a qu\u00fd kh\u00e1ch.<\/p>\n","protected":false},"excerpt":{"rendered":"<p>B\u1ed9 c\u00f2ng n\u1ed1i c\u1ed5 tay v\u00e0 \u0111\u00f9i n\u00e0y \u0111\u01b0\u1ee3c thi\u1ebft k\u1ebf \u0111\u1ec3 khuy\u1ebfn kh\u00edch s\u1ef1 r\u00e0ng bu\u1ed9c s\u00e1ng t\u1ea1o, \u0111\u1ed3ng th\u1eddi \u01b0u ti\u00ean s\u1ef1 tho\u1ea3i m\u00e1i v\u00e0 linh ho\u1ea1t. V\u00f2ng&hellip;<\/p>\n","protected":false},"featured_media":64869,"comment_status":"open","ping_status":"closed","template":"","meta":{"_acf_changed":false},"product_brand":[],"product_cat":[1364],"product_tag":[],"class_list":{"0":"post-69253","1":"product","2":"type-product","3":"status-publish","4":"has-post-thumbnail","6":"product_cat-day-co-dinh-co-tay-co-chan","8":"first","9":"instock","10":"shipping-taxable","11":"purchasable","12":"product-type-variable"},"acf":[],"yoast_head":"<!-- This site is optimized with the Yoast SEO plugin v27.1.1 - https:\/\/yoast.com\/product\/yoast-seo-wordpress\/ -->\n<title>BEHAVE! B\u1ed9 c\u00f2ng n\u1ed1i c\u1ed5 tay v\u00e0 \u0111\u00f9i - Desire<\/title>\n<meta name=\"robots\" content=\"index, follow, max-snippet:-1, max-image-preview:large, max-video-preview:-1\" \/>\n<link rel=\"canonical\" href=\"https:\/\/desireonline.shop\/vi\/san-pham\/behave-bo-cong-noi-co-tay-va-dui\/\" \/>\n<meta property=\"og:locale\" content=\"vi_VN\" \/>\n<meta property=\"og:type\" content=\"article\" \/>\n<meta property=\"og:title\" content=\"BEHAVE! B\u1ed9 c\u00f2ng n\u1ed1i c\u1ed5 tay v\u00e0 \u0111\u00f9i - Desire\" \/>\n<meta property=\"og:description\" content=\"B\u1ed9 c\u00f2ng n\u1ed1i c\u1ed5 tay v\u00e0 \u0111\u00f9i n\u00e0y \u0111\u01b0\u1ee3c thi\u1ebft k\u1ebf \u0111\u1ec3 khuy\u1ebfn kh\u00edch s\u1ef1 r\u00e0ng bu\u1ed9c s\u00e1ng t\u1ea1o, \u0111\u1ed3ng th\u1eddi \u01b0u ti\u00ean s\u1ef1 tho\u1ea3i m\u00e1i v\u00e0 linh ho\u1ea1t. V\u00f2ng&hellip;\" \/>\n<meta property=\"og:url\" content=\"https:\/\/desireonline.shop\/vi\/san-pham\/behave-bo-cong-noi-co-tay-va-dui\/\" \/>\n<meta property=\"og:site_name\" content=\"Desire\" \/>\n<meta property=\"og:image\" content=\"https:\/\/desireonline.shop\/wp-content\/uploads\/2026\/02\/CN-889273482_00-1.jpg\" \/>\n\t<meta property=\"og:image:width\" content=\"1000\" \/>\n\t<meta property=\"og:image:height\" content=\"1000\" \/>\n\t<meta property=\"og:image:type\" content=\"image\/jpeg\" \/>\n<meta name=\"twitter:card\" content=\"summary_large_image\" \/>\n<meta name=\"twitter:label1\" content=\"\u01af\u1edbc t\u00ednh th\u1eddi gian \u0111\u1ecdc\" \/>\n\t<meta name=\"twitter:data1\" content=\"1 ph\u00fat\" \/>\n<script type=\"application\/ld+json\" class=\"yoast-schema-graph\">{\"@context\":\"https:\/\/schema.org\",\"@graph\":[{\"@type\":\"WebPage\",\"@id\":\"https:\/\/desireonline.shop\/vi\/san-pham\/behave-bo-cong-noi-co-tay-va-dui\/\",\"url\":\"https:\/\/desireonline.shop\/vi\/san-pham\/behave-bo-cong-noi-co-tay-va-dui\/\",\"name\":\"BEHAVE! B\u1ed9 c\u00f2ng n\u1ed1i c\u1ed5 tay v\u00e0 \u0111\u00f9i - Desire\",\"isPartOf\":{\"@id\":\"https:\/\/desireonline.shop\/vi\/#website\"},\"primaryImageOfPage\":{\"@id\":\"https:\/\/desireonline.shop\/vi\/san-pham\/behave-bo-cong-noi-co-tay-va-dui\/#primaryimage\"},\"image\":{\"@id\":\"https:\/\/desireonline.shop\/vi\/san-pham\/behave-bo-cong-noi-co-tay-va-dui\/#primaryimage\"},\"thumbnailUrl\":\"https:\/\/desireonline.shop\/wp-content\/uploads\/2026\/02\/CN-889273482_00-1.jpg\",\"datePublished\":\"2026-02-17T11:46:33+00:00\",\"breadcrumb\":{\"@id\":\"https:\/\/desireonline.shop\/vi\/san-pham\/behave-bo-cong-noi-co-tay-va-dui\/#breadcrumb\"},\"inLanguage\":\"vi\",\"potentialAction\":[{\"@type\":\"ReadAction\",\"target\":[\"https:\/\/desireonline.shop\/vi\/san-pham\/behave-bo-cong-noi-co-tay-va-dui\/\"]}]},{\"@type\":\"ImageObject\",\"inLanguage\":\"vi\",\"@id\":\"https:\/\/desireonline.shop\/vi\/san-pham\/behave-bo-cong-noi-co-tay-va-dui\/#primaryimage\",\"url\":\"https:\/\/desireonline.shop\/wp-content\/uploads\/2026\/02\/CN-889273482_00-1.jpg\",\"contentUrl\":\"https:\/\/desireonline.shop\/wp-content\/uploads\/2026\/02\/CN-889273482_00-1.jpg\",\"width\":1000,\"height\":1000},{\"@type\":\"BreadcrumbList\",\"@id\":\"https:\/\/desireonline.shop\/vi\/san-pham\/behave-bo-cong-noi-co-tay-va-dui\/#breadcrumb\",\"itemListElement\":[{\"@type\":\"ListItem\",\"position\":1,\"name\":\"Home\",\"item\":\"https:\/\/desireonline.shop\/vi\/trang-chu\/?lang=vi\"},{\"@type\":\"ListItem\",\"position\":2,\"name\":\"T\u1ea5t c\u1ea3 s\u1ea3n ph\u1ea9m\",\"item\":\"https:\/\/desireonline.shop\/cua-hang\/?lang=vi\"},{\"@type\":\"ListItem\",\"position\":3,\"name\":\"BEHAVE! B\u1ed9 c\u00f2ng n\u1ed1i c\u1ed5 tay v\u00e0 \u0111\u00f9i\"}]},{\"@type\":\"WebSite\",\"@id\":\"https:\/\/desireonline.shop\/vi\/#website\",\"url\":\"https:\/\/desireonline.shop\/vi\/\",\"name\":\"Desire\",\"description\":\"Sexual Wellness Platform\",\"publisher\":{\"@id\":\"https:\/\/desireonline.shop\/vi\/#organization\"},\"potentialAction\":[{\"@type\":\"SearchAction\",\"target\":{\"@type\":\"EntryPoint\",\"urlTemplate\":\"https:\/\/desireonline.shop\/vi\/?s={search_term_string}\"},\"query-input\":{\"@type\":\"PropertyValueSpecification\",\"valueRequired\":true,\"valueName\":\"search_term_string\"}}],\"inLanguage\":\"vi\"},{\"@type\":\"Organization\",\"@id\":\"https:\/\/desireonline.shop\/vi\/#organization\",\"name\":\"Desire\",\"url\":\"https:\/\/desireonline.shop\/vi\/\",\"logo\":{\"@type\":\"ImageObject\",\"inLanguage\":\"vi\",\"@id\":\"https:\/\/desireonline.shop\/vi\/#\/schema\/logo\/image\/\",\"url\":\"https:\/\/desireonline.shop\/wp-content\/uploads\/2024\/06\/Logo-Thick-Font-1.webp\",\"contentUrl\":\"https:\/\/desireonline.shop\/wp-content\/uploads\/2024\/06\/Logo-Thick-Font-1.webp\",\"width\":268,\"height\":399,\"caption\":\"Desire\"},\"image\":{\"@id\":\"https:\/\/desireonline.shop\/vi\/#\/schema\/logo\/image\/\"}}]}<\/script>\n<!-- \/ Yoast SEO plugin. -->","yoast_head_json":{"title":"BEHAVE! B\u1ed9 c\u00f2ng n\u1ed1i c\u1ed5 tay v\u00e0 \u0111\u00f9i - Desire","robots":{"index":"index","follow":"follow","max-snippet":"max-snippet:-1","max-image-preview":"max-image-preview:large","max-video-preview":"max-video-preview:-1"},"canonical":"https:\/\/desireonline.shop\/vi\/san-pham\/behave-bo-cong-noi-co-tay-va-dui\/","og_locale":"vi_VN","og_type":"article","og_title":"BEHAVE! B\u1ed9 c\u00f2ng n\u1ed1i c\u1ed5 tay v\u00e0 \u0111\u00f9i - Desire","og_description":"B\u1ed9 c\u00f2ng n\u1ed1i c\u1ed5 tay v\u00e0 \u0111\u00f9i n\u00e0y \u0111\u01b0\u1ee3c thi\u1ebft k\u1ebf \u0111\u1ec3 khuy\u1ebfn kh\u00edch s\u1ef1 r\u00e0ng bu\u1ed9c s\u00e1ng t\u1ea1o, \u0111\u1ed3ng th\u1eddi \u01b0u ti\u00ean s\u1ef1 tho\u1ea3i m\u00e1i v\u00e0 linh ho\u1ea1t. V\u00f2ng&hellip;","og_url":"https:\/\/desireonline.shop\/vi\/san-pham\/behave-bo-cong-noi-co-tay-va-dui\/","og_site_name":"Desire","og_image":[{"width":1000,"height":1000,"url":"https:\/\/desireonline.shop\/wp-content\/uploads\/2026\/02\/CN-889273482_00-1.jpg","type":"image\/jpeg"}],"twitter_card":"summary_large_image","twitter_misc":{"\u01af\u1edbc t\u00ednh th\u1eddi gian \u0111\u1ecdc":"1 ph\u00fat"},"schema":{"@context":"https:\/\/schema.org","@graph":[{"@type":"WebPage","@id":"https:\/\/desireonline.shop\/vi\/san-pham\/behave-bo-cong-noi-co-tay-va-dui\/","url":"https:\/\/desireonline.shop\/vi\/san-pham\/behave-bo-cong-noi-co-tay-va-dui\/","name":"BEHAVE! B\u1ed9 c\u00f2ng n\u1ed1i c\u1ed5 tay v\u00e0 \u0111\u00f9i - Desire","isPartOf":{"@id":"https:\/\/desireonline.shop\/vi\/#website"},"primaryImageOfPage":{"@id":"https:\/\/desireonline.shop\/vi\/san-pham\/behave-bo-cong-noi-co-tay-va-dui\/#primaryimage"},"image":{"@id":"https:\/\/desireonline.shop\/vi\/san-pham\/behave-bo-cong-noi-co-tay-va-dui\/#primaryimage"},"thumbnailUrl":"https:\/\/desireonline.shop\/wp-content\/uploads\/2026\/02\/CN-889273482_00-1.jpg","datePublished":"2026-02-17T11:46:33+00:00","breadcrumb":{"@id":"https:\/\/desireonline.shop\/vi\/san-pham\/behave-bo-cong-noi-co-tay-va-dui\/#breadcrumb"},"inLanguage":"vi","potentialAction":[{"@type":"ReadAction","target":["https:\/\/desireonline.shop\/vi\/san-pham\/behave-bo-cong-noi-co-tay-va-dui\/"]}]},{"@type":"ImageObject","inLanguage":"vi","@id":"https:\/\/desireonline.shop\/vi\/san-pham\/behave-bo-cong-noi-co-tay-va-dui\/#primaryimage","url":"https:\/\/desireonline.shop\/wp-content\/uploads\/2026\/02\/CN-889273482_00-1.jpg","contentUrl":"https:\/\/desireonline.shop\/wp-content\/uploads\/2026\/02\/CN-889273482_00-1.jpg","width":1000,"height":1000},{"@type":"BreadcrumbList","@id":"https:\/\/desireonline.shop\/vi\/san-pham\/behave-bo-cong-noi-co-tay-va-dui\/#breadcrumb","itemListElement":[{"@type":"ListItem","position":1,"name":"Home","item":"https:\/\/desireonline.shop\/vi\/trang-chu\/?lang=vi"},{"@type":"ListItem","position":2,"name":"T\u1ea5t c\u1ea3 s\u1ea3n ph\u1ea9m","item":"https:\/\/desireonline.shop\/cua-hang\/?lang=vi"},{"@type":"ListItem","position":3,"name":"BEHAVE! B\u1ed9 c\u00f2ng n\u1ed1i c\u1ed5 tay v\u00e0 \u0111\u00f9i"}]},{"@type":"WebSite","@id":"https:\/\/desireonline.shop\/vi\/#website","url":"https:\/\/desireonline.shop\/vi\/","name":"Desire","description":"Sexual Wellness Platform","publisher":{"@id":"https:\/\/desireonline.shop\/vi\/#organization"},"potentialAction":[{"@type":"SearchAction","target":{"@type":"EntryPoint","urlTemplate":"https:\/\/desireonline.shop\/vi\/?s={search_term_string}"},"query-input":{"@type":"PropertyValueSpecification","valueRequired":true,"valueName":"search_term_string"}}],"inLanguage":"vi"},{"@type":"Organization","@id":"https:\/\/desireonline.shop\/vi\/#organization","name":"Desire","url":"https:\/\/desireonline.shop\/vi\/","logo":{"@type":"ImageObject","inLanguage":"vi","@id":"https:\/\/desireonline.shop\/vi\/#\/schema\/logo\/image\/","url":"https:\/\/desireonline.shop\/wp-content\/uploads\/2024\/06\/Logo-Thick-Font-1.webp","contentUrl":"https:\/\/desireonline.shop\/wp-content\/uploads\/2024\/06\/Logo-Thick-Font-1.webp","width":268,"height":399,"caption":"Desire"},"image":{"@id":"https:\/\/desireonline.shop\/vi\/#\/schema\/logo\/image\/"}}]}},"_links":{"self":[{"href":"https:\/\/desireonline.shop\/vi\/wp-json\/wp\/v2\/product\/69253","targetHints":{"allow":["GET"]}}],"collection":[{"href":"https:\/\/desireonline.shop\/vi\/wp-json\/wp\/v2\/product"}],"about":[{"href":"https:\/\/desireonline.shop\/vi\/wp-json\/wp\/v2\/types\/product"}],"replies":[{"embeddable":true,"href":"https:\/\/desireonline.shop\/vi\/wp-json\/wp\/v2\/comments?post=69253"}],"version-history":[{"count":0,"href":"https:\/\/desireonline.shop\/vi\/wp-json\/wp\/v2\/product\/69253\/revisions"}],"wp:featuredmedia":[{"embeddable":true,"href":"https:\/\/desireonline.shop\/vi\/wp-json\/wp\/v2\/media\/64869"}],"wp:attachment":[{"href":"https:\/\/desireonline.shop\/vi\/wp-json\/wp\/v2\/media?parent=69253"}],"wp:term":[{"taxonomy":"product_brand","embeddable":true,"href":"https:\/\/desireonline.shop\/vi\/wp-json\/wp\/v2\/product_brand?post=69253"},{"taxonomy":"product_cat","embeddable":true,"href":"https:\/\/desireonline.shop\/vi\/wp-json\/wp\/v2\/product_cat?post=69253"},{"taxonomy":"product_tag","embeddable":true,"href":"https:\/\/desireonline.shop\/vi\/wp-json\/wp\/v2\/product_tag?post=69253"}],"curies":[{"name":"wp","href":"https:\/\/api.w.org\/{rel}","templated":true}]}}