{"id":69283,"date":"2026-02-17T11:44:34","date_gmt":"2026-02-17T11:44:34","guid":{"rendered":"https:\/\/desireonline.shop\/product\/bo-bao-don-duong-vat-gk-power\/"},"modified":"2026-02-17T11:44:34","modified_gmt":"2026-02-17T11:44:34","slug":"bo-bao-don-duong-vat-gk-power","status":"publish","type":"product","link":"https:\/\/desireonline.shop\/vi\/san-pham\/bo-bao-don-duong-vat-gk-power\/","title":{"rendered":"B\u1ed9 bao \u0111\u00f4n d\u01b0\u01a1ng v\u1eadt GK POWER"},"content":{"rendered":"<p>B\u1ed9 bao \u0111\u00f4n n\u00e0y t\u1eadp trung v\u00e0o s\u1ef1 l\u1ef1a ch\u1ecdn v\u00e0 kh\u00e1m ph\u00e1. V\u1edbi nhi\u1ec1u l\u1ef1a ch\u1ecdn \u0111i k\u00e8m, qu\u00fd kh\u00e1ch c\u00f3 th\u1ec3 t\u1ef1 do tr\u1ea3i nghi\u1ec7m nh\u1eefng c\u1ea3m gi\u00e1c m\u1edbi l\u1ea1 theo s\u1edf th\u00edch ri\u00eang. D\u1ec5 s\u1eed d\u1ee5ng v\u00e0 gi\u00fap t\u0103ng th\u00eam t\u1ef1 tin, \u0111\u00e2y l\u00e0 s\u1ef1 b\u1ed5 sung th\u00fa v\u1ecb cho nh\u1eefng ai mu\u1ed1n \u0111\u1ed5i m\u1edbi tr\u1ea3i nghi\u1ec7m.<\/p>\n","protected":false},"excerpt":{"rendered":"<p>B\u1ed9 bao \u0111\u00f4n n\u00e0y t\u1eadp trung v\u00e0o s\u1ef1 l\u1ef1a ch\u1ecdn v\u00e0 kh\u00e1m ph\u00e1. V\u1edbi nhi\u1ec1u l\u1ef1a ch\u1ecdn \u0111i k\u00e8m, qu\u00fd kh\u00e1ch c\u00f3 th\u1ec3 t\u1ef1 do tr\u1ea3i nghi\u1ec7m nh\u1eefng c\u1ea3m gi\u00e1c&hellip;<\/p>\n","protected":false},"featured_media":64787,"comment_status":"open","ping_status":"closed","template":"","meta":{"_acf_changed":false},"product_brand":[],"product_cat":[1405],"product_tag":[],"class_list":{"0":"post-69283","1":"product","2":"type-product","3":"status-publish","4":"has-post-thumbnail","6":"product_cat-bao-ong-ho-tro","8":"first","9":"instock","10":"shipping-taxable","11":"purchasable","12":"product-type-variable"},"acf":[],"yoast_head":"<!-- This site is optimized with the Yoast SEO plugin v27.1.1 - https:\/\/yoast.com\/product\/yoast-seo-wordpress\/ -->\n<title>B\u1ed9 bao \u0111\u00f4n d\u01b0\u01a1ng v\u1eadt GK POWER - Desire<\/title>\n<meta name=\"robots\" content=\"index, follow, max-snippet:-1, max-image-preview:large, max-video-preview:-1\" \/>\n<link rel=\"canonical\" href=\"https:\/\/desireonline.shop\/vi\/san-pham\/bo-bao-don-duong-vat-gk-power\/\" \/>\n<meta property=\"og:locale\" content=\"vi_VN\" \/>\n<meta property=\"og:type\" content=\"article\" \/>\n<meta property=\"og:title\" content=\"B\u1ed9 bao \u0111\u00f4n d\u01b0\u01a1ng v\u1eadt GK POWER - Desire\" \/>\n<meta property=\"og:description\" content=\"B\u1ed9 bao \u0111\u00f4n n\u00e0y t\u1eadp trung v\u00e0o s\u1ef1 l\u1ef1a ch\u1ecdn v\u00e0 kh\u00e1m ph\u00e1. V\u1edbi nhi\u1ec1u l\u1ef1a ch\u1ecdn \u0111i k\u00e8m, qu\u00fd kh\u00e1ch c\u00f3 th\u1ec3 t\u1ef1 do tr\u1ea3i nghi\u1ec7m nh\u1eefng c\u1ea3m gi\u00e1c&hellip;\" \/>\n<meta property=\"og:url\" content=\"https:\/\/desireonline.shop\/vi\/san-pham\/bo-bao-don-duong-vat-gk-power\/\" \/>\n<meta property=\"og:site_name\" content=\"Desire\" \/>\n<meta property=\"og:image\" content=\"https:\/\/desireonline.shop\/wp-content\/uploads\/2026\/02\/CN-330325419_00-1.jpg\" \/>\n\t<meta property=\"og:image:width\" content=\"1000\" \/>\n\t<meta property=\"og:image:height\" content=\"1000\" \/>\n\t<meta property=\"og:image:type\" content=\"image\/jpeg\" \/>\n<meta name=\"twitter:card\" content=\"summary_large_image\" \/>\n<script type=\"application\/ld+json\" class=\"yoast-schema-graph\">{\"@context\":\"https:\/\/schema.org\",\"@graph\":[{\"@type\":\"WebPage\",\"@id\":\"https:\/\/desireonline.shop\/vi\/san-pham\/bo-bao-don-duong-vat-gk-power\/\",\"url\":\"https:\/\/desireonline.shop\/vi\/san-pham\/bo-bao-don-duong-vat-gk-power\/\",\"name\":\"B\u1ed9 bao \u0111\u00f4n d\u01b0\u01a1ng v\u1eadt GK POWER - Desire\",\"isPartOf\":{\"@id\":\"https:\/\/desireonline.shop\/vi\/#website\"},\"primaryImageOfPage\":{\"@id\":\"https:\/\/desireonline.shop\/vi\/san-pham\/bo-bao-don-duong-vat-gk-power\/#primaryimage\"},\"image\":{\"@id\":\"https:\/\/desireonline.shop\/vi\/san-pham\/bo-bao-don-duong-vat-gk-power\/#primaryimage\"},\"thumbnailUrl\":\"https:\/\/desireonline.shop\/wp-content\/uploads\/2026\/02\/CN-330325419_00-1.jpg\",\"datePublished\":\"2026-02-17T11:44:34+00:00\",\"breadcrumb\":{\"@id\":\"https:\/\/desireonline.shop\/vi\/san-pham\/bo-bao-don-duong-vat-gk-power\/#breadcrumb\"},\"inLanguage\":\"vi\",\"potentialAction\":[{\"@type\":\"ReadAction\",\"target\":[\"https:\/\/desireonline.shop\/vi\/san-pham\/bo-bao-don-duong-vat-gk-power\/\"]}]},{\"@type\":\"ImageObject\",\"inLanguage\":\"vi\",\"@id\":\"https:\/\/desireonline.shop\/vi\/san-pham\/bo-bao-don-duong-vat-gk-power\/#primaryimage\",\"url\":\"https:\/\/desireonline.shop\/wp-content\/uploads\/2026\/02\/CN-330325419_00-1.jpg\",\"contentUrl\":\"https:\/\/desireonline.shop\/wp-content\/uploads\/2026\/02\/CN-330325419_00-1.jpg\",\"width\":1000,\"height\":1000},{\"@type\":\"BreadcrumbList\",\"@id\":\"https:\/\/desireonline.shop\/vi\/san-pham\/bo-bao-don-duong-vat-gk-power\/#breadcrumb\",\"itemListElement\":[{\"@type\":\"ListItem\",\"position\":1,\"name\":\"Home\",\"item\":\"https:\/\/desireonline.shop\/vi\/trang-chu\/?lang=vi\"},{\"@type\":\"ListItem\",\"position\":2,\"name\":\"T\u1ea5t c\u1ea3 s\u1ea3n ph\u1ea9m\",\"item\":\"https:\/\/desireonline.shop\/cua-hang\/?lang=vi\"},{\"@type\":\"ListItem\",\"position\":3,\"name\":\"B\u1ed9 bao \u0111\u00f4n d\u01b0\u01a1ng v\u1eadt GK POWER\"}]},{\"@type\":\"WebSite\",\"@id\":\"https:\/\/desireonline.shop\/vi\/#website\",\"url\":\"https:\/\/desireonline.shop\/vi\/\",\"name\":\"Desire\",\"description\":\"Sexual Wellness Platform\",\"publisher\":{\"@id\":\"https:\/\/desireonline.shop\/vi\/#organization\"},\"potentialAction\":[{\"@type\":\"SearchAction\",\"target\":{\"@type\":\"EntryPoint\",\"urlTemplate\":\"https:\/\/desireonline.shop\/vi\/?s={search_term_string}\"},\"query-input\":{\"@type\":\"PropertyValueSpecification\",\"valueRequired\":true,\"valueName\":\"search_term_string\"}}],\"inLanguage\":\"vi\"},{\"@type\":\"Organization\",\"@id\":\"https:\/\/desireonline.shop\/vi\/#organization\",\"name\":\"Desire\",\"url\":\"https:\/\/desireonline.shop\/vi\/\",\"logo\":{\"@type\":\"ImageObject\",\"inLanguage\":\"vi\",\"@id\":\"https:\/\/desireonline.shop\/vi\/#\/schema\/logo\/image\/\",\"url\":\"https:\/\/desireonline.shop\/wp-content\/uploads\/2024\/06\/Logo-Thick-Font-1.webp\",\"contentUrl\":\"https:\/\/desireonline.shop\/wp-content\/uploads\/2024\/06\/Logo-Thick-Font-1.webp\",\"width\":268,\"height\":399,\"caption\":\"Desire\"},\"image\":{\"@id\":\"https:\/\/desireonline.shop\/vi\/#\/schema\/logo\/image\/\"}}]}<\/script>\n<!-- \/ Yoast SEO plugin. -->","yoast_head_json":{"title":"B\u1ed9 bao \u0111\u00f4n d\u01b0\u01a1ng v\u1eadt GK POWER - Desire","robots":{"index":"index","follow":"follow","max-snippet":"max-snippet:-1","max-image-preview":"max-image-preview:large","max-video-preview":"max-video-preview:-1"},"canonical":"https:\/\/desireonline.shop\/vi\/san-pham\/bo-bao-don-duong-vat-gk-power\/","og_locale":"vi_VN","og_type":"article","og_title":"B\u1ed9 bao \u0111\u00f4n d\u01b0\u01a1ng v\u1eadt GK POWER - Desire","og_description":"B\u1ed9 bao \u0111\u00f4n n\u00e0y t\u1eadp trung v\u00e0o s\u1ef1 l\u1ef1a ch\u1ecdn v\u00e0 kh\u00e1m ph\u00e1. V\u1edbi nhi\u1ec1u l\u1ef1a ch\u1ecdn \u0111i k\u00e8m, qu\u00fd kh\u00e1ch c\u00f3 th\u1ec3 t\u1ef1 do tr\u1ea3i nghi\u1ec7m nh\u1eefng c\u1ea3m gi\u00e1c&hellip;","og_url":"https:\/\/desireonline.shop\/vi\/san-pham\/bo-bao-don-duong-vat-gk-power\/","og_site_name":"Desire","og_image":[{"width":1000,"height":1000,"url":"https:\/\/desireonline.shop\/wp-content\/uploads\/2026\/02\/CN-330325419_00-1.jpg","type":"image\/jpeg"}],"twitter_card":"summary_large_image","schema":{"@context":"https:\/\/schema.org","@graph":[{"@type":"WebPage","@id":"https:\/\/desireonline.shop\/vi\/san-pham\/bo-bao-don-duong-vat-gk-power\/","url":"https:\/\/desireonline.shop\/vi\/san-pham\/bo-bao-don-duong-vat-gk-power\/","name":"B\u1ed9 bao \u0111\u00f4n d\u01b0\u01a1ng v\u1eadt GK POWER - Desire","isPartOf":{"@id":"https:\/\/desireonline.shop\/vi\/#website"},"primaryImageOfPage":{"@id":"https:\/\/desireonline.shop\/vi\/san-pham\/bo-bao-don-duong-vat-gk-power\/#primaryimage"},"image":{"@id":"https:\/\/desireonline.shop\/vi\/san-pham\/bo-bao-don-duong-vat-gk-power\/#primaryimage"},"thumbnailUrl":"https:\/\/desireonline.shop\/wp-content\/uploads\/2026\/02\/CN-330325419_00-1.jpg","datePublished":"2026-02-17T11:44:34+00:00","breadcrumb":{"@id":"https:\/\/desireonline.shop\/vi\/san-pham\/bo-bao-don-duong-vat-gk-power\/#breadcrumb"},"inLanguage":"vi","potentialAction":[{"@type":"ReadAction","target":["https:\/\/desireonline.shop\/vi\/san-pham\/bo-bao-don-duong-vat-gk-power\/"]}]},{"@type":"ImageObject","inLanguage":"vi","@id":"https:\/\/desireonline.shop\/vi\/san-pham\/bo-bao-don-duong-vat-gk-power\/#primaryimage","url":"https:\/\/desireonline.shop\/wp-content\/uploads\/2026\/02\/CN-330325419_00-1.jpg","contentUrl":"https:\/\/desireonline.shop\/wp-content\/uploads\/2026\/02\/CN-330325419_00-1.jpg","width":1000,"height":1000},{"@type":"BreadcrumbList","@id":"https:\/\/desireonline.shop\/vi\/san-pham\/bo-bao-don-duong-vat-gk-power\/#breadcrumb","itemListElement":[{"@type":"ListItem","position":1,"name":"Home","item":"https:\/\/desireonline.shop\/vi\/trang-chu\/?lang=vi"},{"@type":"ListItem","position":2,"name":"T\u1ea5t c\u1ea3 s\u1ea3n ph\u1ea9m","item":"https:\/\/desireonline.shop\/cua-hang\/?lang=vi"},{"@type":"ListItem","position":3,"name":"B\u1ed9 bao \u0111\u00f4n d\u01b0\u01a1ng v\u1eadt GK POWER"}]},{"@type":"WebSite","@id":"https:\/\/desireonline.shop\/vi\/#website","url":"https:\/\/desireonline.shop\/vi\/","name":"Desire","description":"Sexual Wellness Platform","publisher":{"@id":"https:\/\/desireonline.shop\/vi\/#organization"},"potentialAction":[{"@type":"SearchAction","target":{"@type":"EntryPoint","urlTemplate":"https:\/\/desireonline.shop\/vi\/?s={search_term_string}"},"query-input":{"@type":"PropertyValueSpecification","valueRequired":true,"valueName":"search_term_string"}}],"inLanguage":"vi"},{"@type":"Organization","@id":"https:\/\/desireonline.shop\/vi\/#organization","name":"Desire","url":"https:\/\/desireonline.shop\/vi\/","logo":{"@type":"ImageObject","inLanguage":"vi","@id":"https:\/\/desireonline.shop\/vi\/#\/schema\/logo\/image\/","url":"https:\/\/desireonline.shop\/wp-content\/uploads\/2024\/06\/Logo-Thick-Font-1.webp","contentUrl":"https:\/\/desireonline.shop\/wp-content\/uploads\/2024\/06\/Logo-Thick-Font-1.webp","width":268,"height":399,"caption":"Desire"},"image":{"@id":"https:\/\/desireonline.shop\/vi\/#\/schema\/logo\/image\/"}}]}},"_links":{"self":[{"href":"https:\/\/desireonline.shop\/vi\/wp-json\/wp\/v2\/product\/69283","targetHints":{"allow":["GET"]}}],"collection":[{"href":"https:\/\/desireonline.shop\/vi\/wp-json\/wp\/v2\/product"}],"about":[{"href":"https:\/\/desireonline.shop\/vi\/wp-json\/wp\/v2\/types\/product"}],"replies":[{"embeddable":true,"href":"https:\/\/desireonline.shop\/vi\/wp-json\/wp\/v2\/comments?post=69283"}],"version-history":[{"count":0,"href":"https:\/\/desireonline.shop\/vi\/wp-json\/wp\/v2\/product\/69283\/revisions"}],"wp:featuredmedia":[{"embeddable":true,"href":"https:\/\/desireonline.shop\/vi\/wp-json\/wp\/v2\/media\/64787"}],"wp:attachment":[{"href":"https:\/\/desireonline.shop\/vi\/wp-json\/wp\/v2\/media?parent=69283"}],"wp:term":[{"taxonomy":"product_brand","embeddable":true,"href":"https:\/\/desireonline.shop\/vi\/wp-json\/wp\/v2\/product_brand?post=69283"},{"taxonomy":"product_cat","embeddable":true,"href":"https:\/\/desireonline.shop\/vi\/wp-json\/wp\/v2\/product_cat?post=69283"},{"taxonomy":"product_tag","embeddable":true,"href":"https:\/\/desireonline.shop\/vi\/wp-json\/wp\/v2\/product_tag?post=69283"}],"curies":[{"name":"wp","href":"https:\/\/api.w.org\/{rel}","templated":true}]}}