{"id":69297,"date":"2026-02-17T11:45:09","date_gmt":"2026-02-17T11:45:09","guid":{"rendered":"https:\/\/desireonline.shop\/product\/bao-don-rung-tang-kich-thuoc-gk-power\/"},"modified":"2026-02-17T11:45:09","modified_gmt":"2026-02-17T11:45:09","slug":"bao-don-rung-tang-kich-thuoc-gk-power","status":"publish","type":"product","link":"https:\/\/desireonline.shop\/vi\/san-pham\/bao-don-rung-tang-kich-thuoc-gk-power\/","title":{"rendered":"Bao \u0111\u00f4n rung t\u0103ng k\u00edch th\u01b0\u1edbc GK POWER"},"content":{"rendered":"<p>Bao \u0111\u00f4n rung n\u00e0y t\u1eadp trung v\u00e0o vi\u1ec7c gia t\u0103ng ni\u1ec1m vui. V\u1edbi kh\u1ea3 n\u0103ng co gi\u00e3n, thi\u1ebft k\u1ebf g\u00e2n n\u1ed5i v\u00e0 ch\u1ebf \u0111\u1ed9 rung, s\u1ea3n ph\u1ea9m mang \u0111\u1ebfn s\u1ef1 m\u1edbi l\u1ea1 v\u00e0 ph\u1ea5n kh\u00edch cho nh\u1eefng kho\u1ea3nh kh\u1eafc g\u1ea7n g\u0169i. D\u1ec5 d\u00e0ng s\u1eed d\u1ee5ng khi m\u1ed9t m\u00ecnh ho\u1eb7c c\u00f9ng \u0111\u1ed1i t\u00e1c, \u0111\u00e2y l\u00e0 s\u1ef1 n\u00e2ng c\u1ea5p \u0111\u1ea7y th\u00fa v\u1ecb cho nh\u1eefng ai mu\u1ed1n \u0111\u1ed5i m\u1edbi tr\u1ea3i nghi\u1ec7m.<\/p>\n","protected":false},"excerpt":{"rendered":"<p>Bao \u0111\u00f4n rung n\u00e0y t\u1eadp trung v\u00e0o vi\u1ec7c gia t\u0103ng ni\u1ec1m vui. V\u1edbi kh\u1ea3 n\u0103ng co gi\u00e3n, thi\u1ebft k\u1ebf g\u00e2n n\u1ed5i v\u00e0 ch\u1ebf \u0111\u1ed9 rung, s\u1ea3n ph\u1ea9m mang \u0111\u1ebfn s\u1ef1&hellip;<\/p>\n","protected":false},"featured_media":64838,"comment_status":"open","ping_status":"closed","template":"","meta":{"_acf_changed":false},"product_brand":[],"product_cat":[1405],"product_tag":[],"class_list":{"0":"post-69297","1":"product","2":"type-product","3":"status-publish","4":"has-post-thumbnail","6":"product_cat-bao-ong-ho-tro","8":"first","9":"instock","10":"shipping-taxable","11":"purchasable","12":"product-type-variable"},"acf":[],"yoast_head":"<!-- This site is optimized with the Yoast SEO plugin v27.1.1 - https:\/\/yoast.com\/product\/yoast-seo-wordpress\/ -->\n<title>Bao \u0111\u00f4n rung t\u0103ng k\u00edch th\u01b0\u1edbc GK POWER - Desire<\/title>\n<meta name=\"robots\" content=\"index, follow, max-snippet:-1, max-image-preview:large, max-video-preview:-1\" \/>\n<link rel=\"canonical\" href=\"https:\/\/desireonline.shop\/vi\/san-pham\/bao-don-rung-tang-kich-thuoc-gk-power\/\" \/>\n<meta property=\"og:locale\" content=\"vi_VN\" \/>\n<meta property=\"og:type\" content=\"article\" \/>\n<meta property=\"og:title\" content=\"Bao \u0111\u00f4n rung t\u0103ng k\u00edch th\u01b0\u1edbc GK POWER - Desire\" \/>\n<meta property=\"og:description\" content=\"Bao \u0111\u00f4n rung n\u00e0y t\u1eadp trung v\u00e0o vi\u1ec7c gia t\u0103ng ni\u1ec1m vui. V\u1edbi kh\u1ea3 n\u0103ng co gi\u00e3n, thi\u1ebft k\u1ebf g\u00e2n n\u1ed5i v\u00e0 ch\u1ebf \u0111\u1ed9 rung, s\u1ea3n ph\u1ea9m mang \u0111\u1ebfn s\u1ef1&hellip;\" \/>\n<meta property=\"og:url\" content=\"https:\/\/desireonline.shop\/vi\/san-pham\/bao-don-rung-tang-kich-thuoc-gk-power\/\" \/>\n<meta property=\"og:site_name\" content=\"Desire\" \/>\n<meta property=\"og:image\" content=\"https:\/\/desireonline.shop\/wp-content\/uploads\/2026\/02\/CN-101613062_00-1.jpg\" \/>\n\t<meta property=\"og:image:width\" content=\"1000\" \/>\n\t<meta property=\"og:image:height\" content=\"1000\" \/>\n\t<meta property=\"og:image:type\" content=\"image\/jpeg\" \/>\n<meta name=\"twitter:card\" content=\"summary_large_image\" \/>\n<meta name=\"twitter:label1\" content=\"\u01af\u1edbc t\u00ednh th\u1eddi gian \u0111\u1ecdc\" \/>\n\t<meta name=\"twitter:data1\" content=\"1 ph\u00fat\" \/>\n<script type=\"application\/ld+json\" class=\"yoast-schema-graph\">{\"@context\":\"https:\/\/schema.org\",\"@graph\":[{\"@type\":\"WebPage\",\"@id\":\"https:\/\/desireonline.shop\/vi\/san-pham\/bao-don-rung-tang-kich-thuoc-gk-power\/\",\"url\":\"https:\/\/desireonline.shop\/vi\/san-pham\/bao-don-rung-tang-kich-thuoc-gk-power\/\",\"name\":\"Bao \u0111\u00f4n rung t\u0103ng k\u00edch th\u01b0\u1edbc GK POWER - Desire\",\"isPartOf\":{\"@id\":\"https:\/\/desireonline.shop\/vi\/#website\"},\"primaryImageOfPage\":{\"@id\":\"https:\/\/desireonline.shop\/vi\/san-pham\/bao-don-rung-tang-kich-thuoc-gk-power\/#primaryimage\"},\"image\":{\"@id\":\"https:\/\/desireonline.shop\/vi\/san-pham\/bao-don-rung-tang-kich-thuoc-gk-power\/#primaryimage\"},\"thumbnailUrl\":\"https:\/\/desireonline.shop\/wp-content\/uploads\/2026\/02\/CN-101613062_00-1.jpg\",\"datePublished\":\"2026-02-17T11:45:09+00:00\",\"breadcrumb\":{\"@id\":\"https:\/\/desireonline.shop\/vi\/san-pham\/bao-don-rung-tang-kich-thuoc-gk-power\/#breadcrumb\"},\"inLanguage\":\"vi\",\"potentialAction\":[{\"@type\":\"ReadAction\",\"target\":[\"https:\/\/desireonline.shop\/vi\/san-pham\/bao-don-rung-tang-kich-thuoc-gk-power\/\"]}]},{\"@type\":\"ImageObject\",\"inLanguage\":\"vi\",\"@id\":\"https:\/\/desireonline.shop\/vi\/san-pham\/bao-don-rung-tang-kich-thuoc-gk-power\/#primaryimage\",\"url\":\"https:\/\/desireonline.shop\/wp-content\/uploads\/2026\/02\/CN-101613062_00-1.jpg\",\"contentUrl\":\"https:\/\/desireonline.shop\/wp-content\/uploads\/2026\/02\/CN-101613062_00-1.jpg\",\"width\":1000,\"height\":1000},{\"@type\":\"BreadcrumbList\",\"@id\":\"https:\/\/desireonline.shop\/vi\/san-pham\/bao-don-rung-tang-kich-thuoc-gk-power\/#breadcrumb\",\"itemListElement\":[{\"@type\":\"ListItem\",\"position\":1,\"name\":\"Home\",\"item\":\"https:\/\/desireonline.shop\/vi\/trang-chu\/?lang=vi\"},{\"@type\":\"ListItem\",\"position\":2,\"name\":\"T\u1ea5t c\u1ea3 s\u1ea3n ph\u1ea9m\",\"item\":\"https:\/\/desireonline.shop\/cua-hang\/?lang=vi\"},{\"@type\":\"ListItem\",\"position\":3,\"name\":\"Bao \u0111\u00f4n rung t\u0103ng k\u00edch th\u01b0\u1edbc GK POWER\"}]},{\"@type\":\"WebSite\",\"@id\":\"https:\/\/desireonline.shop\/vi\/#website\",\"url\":\"https:\/\/desireonline.shop\/vi\/\",\"name\":\"Desire\",\"description\":\"Sexual Wellness Platform\",\"publisher\":{\"@id\":\"https:\/\/desireonline.shop\/vi\/#organization\"},\"potentialAction\":[{\"@type\":\"SearchAction\",\"target\":{\"@type\":\"EntryPoint\",\"urlTemplate\":\"https:\/\/desireonline.shop\/vi\/?s={search_term_string}\"},\"query-input\":{\"@type\":\"PropertyValueSpecification\",\"valueRequired\":true,\"valueName\":\"search_term_string\"}}],\"inLanguage\":\"vi\"},{\"@type\":\"Organization\",\"@id\":\"https:\/\/desireonline.shop\/vi\/#organization\",\"name\":\"Desire\",\"url\":\"https:\/\/desireonline.shop\/vi\/\",\"logo\":{\"@type\":\"ImageObject\",\"inLanguage\":\"vi\",\"@id\":\"https:\/\/desireonline.shop\/vi\/#\/schema\/logo\/image\/\",\"url\":\"https:\/\/desireonline.shop\/wp-content\/uploads\/2024\/06\/Logo-Thick-Font-1.webp\",\"contentUrl\":\"https:\/\/desireonline.shop\/wp-content\/uploads\/2024\/06\/Logo-Thick-Font-1.webp\",\"width\":268,\"height\":399,\"caption\":\"Desire\"},\"image\":{\"@id\":\"https:\/\/desireonline.shop\/vi\/#\/schema\/logo\/image\/\"}}]}<\/script>\n<!-- \/ Yoast SEO plugin. -->","yoast_head_json":{"title":"Bao \u0111\u00f4n rung t\u0103ng k\u00edch th\u01b0\u1edbc GK POWER - Desire","robots":{"index":"index","follow":"follow","max-snippet":"max-snippet:-1","max-image-preview":"max-image-preview:large","max-video-preview":"max-video-preview:-1"},"canonical":"https:\/\/desireonline.shop\/vi\/san-pham\/bao-don-rung-tang-kich-thuoc-gk-power\/","og_locale":"vi_VN","og_type":"article","og_title":"Bao \u0111\u00f4n rung t\u0103ng k\u00edch th\u01b0\u1edbc GK POWER - Desire","og_description":"Bao \u0111\u00f4n rung n\u00e0y t\u1eadp trung v\u00e0o vi\u1ec7c gia t\u0103ng ni\u1ec1m vui. V\u1edbi kh\u1ea3 n\u0103ng co gi\u00e3n, thi\u1ebft k\u1ebf g\u00e2n n\u1ed5i v\u00e0 ch\u1ebf \u0111\u1ed9 rung, s\u1ea3n ph\u1ea9m mang \u0111\u1ebfn s\u1ef1&hellip;","og_url":"https:\/\/desireonline.shop\/vi\/san-pham\/bao-don-rung-tang-kich-thuoc-gk-power\/","og_site_name":"Desire","og_image":[{"width":1000,"height":1000,"url":"https:\/\/desireonline.shop\/wp-content\/uploads\/2026\/02\/CN-101613062_00-1.jpg","type":"image\/jpeg"}],"twitter_card":"summary_large_image","twitter_misc":{"\u01af\u1edbc t\u00ednh th\u1eddi gian \u0111\u1ecdc":"1 ph\u00fat"},"schema":{"@context":"https:\/\/schema.org","@graph":[{"@type":"WebPage","@id":"https:\/\/desireonline.shop\/vi\/san-pham\/bao-don-rung-tang-kich-thuoc-gk-power\/","url":"https:\/\/desireonline.shop\/vi\/san-pham\/bao-don-rung-tang-kich-thuoc-gk-power\/","name":"Bao \u0111\u00f4n rung t\u0103ng k\u00edch th\u01b0\u1edbc GK POWER - Desire","isPartOf":{"@id":"https:\/\/desireonline.shop\/vi\/#website"},"primaryImageOfPage":{"@id":"https:\/\/desireonline.shop\/vi\/san-pham\/bao-don-rung-tang-kich-thuoc-gk-power\/#primaryimage"},"image":{"@id":"https:\/\/desireonline.shop\/vi\/san-pham\/bao-don-rung-tang-kich-thuoc-gk-power\/#primaryimage"},"thumbnailUrl":"https:\/\/desireonline.shop\/wp-content\/uploads\/2026\/02\/CN-101613062_00-1.jpg","datePublished":"2026-02-17T11:45:09+00:00","breadcrumb":{"@id":"https:\/\/desireonline.shop\/vi\/san-pham\/bao-don-rung-tang-kich-thuoc-gk-power\/#breadcrumb"},"inLanguage":"vi","potentialAction":[{"@type":"ReadAction","target":["https:\/\/desireonline.shop\/vi\/san-pham\/bao-don-rung-tang-kich-thuoc-gk-power\/"]}]},{"@type":"ImageObject","inLanguage":"vi","@id":"https:\/\/desireonline.shop\/vi\/san-pham\/bao-don-rung-tang-kich-thuoc-gk-power\/#primaryimage","url":"https:\/\/desireonline.shop\/wp-content\/uploads\/2026\/02\/CN-101613062_00-1.jpg","contentUrl":"https:\/\/desireonline.shop\/wp-content\/uploads\/2026\/02\/CN-101613062_00-1.jpg","width":1000,"height":1000},{"@type":"BreadcrumbList","@id":"https:\/\/desireonline.shop\/vi\/san-pham\/bao-don-rung-tang-kich-thuoc-gk-power\/#breadcrumb","itemListElement":[{"@type":"ListItem","position":1,"name":"Home","item":"https:\/\/desireonline.shop\/vi\/trang-chu\/?lang=vi"},{"@type":"ListItem","position":2,"name":"T\u1ea5t c\u1ea3 s\u1ea3n ph\u1ea9m","item":"https:\/\/desireonline.shop\/cua-hang\/?lang=vi"},{"@type":"ListItem","position":3,"name":"Bao \u0111\u00f4n rung t\u0103ng k\u00edch th\u01b0\u1edbc GK POWER"}]},{"@type":"WebSite","@id":"https:\/\/desireonline.shop\/vi\/#website","url":"https:\/\/desireonline.shop\/vi\/","name":"Desire","description":"Sexual Wellness Platform","publisher":{"@id":"https:\/\/desireonline.shop\/vi\/#organization"},"potentialAction":[{"@type":"SearchAction","target":{"@type":"EntryPoint","urlTemplate":"https:\/\/desireonline.shop\/vi\/?s={search_term_string}"},"query-input":{"@type":"PropertyValueSpecification","valueRequired":true,"valueName":"search_term_string"}}],"inLanguage":"vi"},{"@type":"Organization","@id":"https:\/\/desireonline.shop\/vi\/#organization","name":"Desire","url":"https:\/\/desireonline.shop\/vi\/","logo":{"@type":"ImageObject","inLanguage":"vi","@id":"https:\/\/desireonline.shop\/vi\/#\/schema\/logo\/image\/","url":"https:\/\/desireonline.shop\/wp-content\/uploads\/2024\/06\/Logo-Thick-Font-1.webp","contentUrl":"https:\/\/desireonline.shop\/wp-content\/uploads\/2024\/06\/Logo-Thick-Font-1.webp","width":268,"height":399,"caption":"Desire"},"image":{"@id":"https:\/\/desireonline.shop\/vi\/#\/schema\/logo\/image\/"}}]}},"_links":{"self":[{"href":"https:\/\/desireonline.shop\/vi\/wp-json\/wp\/v2\/product\/69297","targetHints":{"allow":["GET"]}}],"collection":[{"href":"https:\/\/desireonline.shop\/vi\/wp-json\/wp\/v2\/product"}],"about":[{"href":"https:\/\/desireonline.shop\/vi\/wp-json\/wp\/v2\/types\/product"}],"replies":[{"embeddable":true,"href":"https:\/\/desireonline.shop\/vi\/wp-json\/wp\/v2\/comments?post=69297"}],"version-history":[{"count":0,"href":"https:\/\/desireonline.shop\/vi\/wp-json\/wp\/v2\/product\/69297\/revisions"}],"wp:featuredmedia":[{"embeddable":true,"href":"https:\/\/desireonline.shop\/vi\/wp-json\/wp\/v2\/media\/64838"}],"wp:attachment":[{"href":"https:\/\/desireonline.shop\/vi\/wp-json\/wp\/v2\/media?parent=69297"}],"wp:term":[{"taxonomy":"product_brand","embeddable":true,"href":"https:\/\/desireonline.shop\/vi\/wp-json\/wp\/v2\/product_brand?post=69297"},{"taxonomy":"product_cat","embeddable":true,"href":"https:\/\/desireonline.shop\/vi\/wp-json\/wp\/v2\/product_cat?post=69297"},{"taxonomy":"product_tag","embeddable":true,"href":"https:\/\/desireonline.shop\/vi\/wp-json\/wp\/v2\/product_tag?post=69297"}],"curies":[{"name":"wp","href":"https:\/\/api.w.org\/{rel}","templated":true}]}}