{"id":69298,"date":"2026-02-17T11:47:59","date_gmt":"2026-02-17T11:47:59","guid":{"rendered":"https:\/\/desireonline.shop\/product\/behave-day-thung-tinh-yeu-bing-love-rope\/"},"modified":"2026-02-17T11:47:59","modified_gmt":"2026-02-17T11:47:59","slug":"behave-day-thung-tinh-yeu-bing-love-rope","status":"publish","type":"product","link":"https:\/\/desireonline.shop\/vi\/san-pham\/behave-day-thung-tinh-yeu-bing-love-rope\/","title":{"rendered":"BEHAVE! D\u00e2y th\u1eebng t\u00ecnh y\u00eau Bing Love Rope"},"content":{"rendered":"<p>S\u1ee3i d\u00e2y d\u00e0i v\u00e0 m\u1ec1m m\u1ea1i n\u00e0y \u0111\u01b0\u1ee3c thi\u1ebft k\u1ebf cho nh\u1eefng ai t\u00f2 m\u00f2 v\u1ec1 s\u1ef1 k\u1ebft n\u1ed1i b\u1eb1ng d\u00e2y th\u1eebng v\u00e0 ngh\u1ec7 thu\u1eadt tr\u00f3i bu\u1ed9c s\u00e1ng t\u1ea1o. V\u1edbi chi\u1ec1u d\u00e0i 10 m\u00e9t r\u1ed9ng r\u00e3i, s\u1ea3n ph\u1ea9m mang l\u1ea1i s\u1ef1 linh ho\u1ea1t t\u1ed1i \u0111a \u0111\u1ec3 qu\u00fd kh\u00e1ch kh\u00e1m ph\u00e1 c\u00e1c k\u1ef9 thu\u1eadt v\u00e0 phong c\u00e1ch kh\u00e1c nhau theo t\u1ed1c \u0111\u1ed9 c\u1ee7a ri\u00eang m\u00ecnh.<\/p>\n<p>Ki\u1ec3u d\u1ec7t ch\u1eafc ch\u1eafn mang l\u1ea1i s\u1ef1 tin c\u1eady trong khi v\u1eabn \u0111\u1ea3m b\u1ea3o s\u1ef1 tho\u1ea3i m\u00e1i khi ti\u1ebfp x\u00fac, l\u00e0 l\u1ef1a ch\u1ecdn tinh t\u1ebf cho nh\u1eefng tr\u1ea3i nghi\u1ec7m kh\u00e1m ph\u00e1 d\u1ef1a tr\u00ean s\u1ef1 th\u1ea5u hi\u1ec3u v\u00e0 giao ti\u1ebfp.<\/p>\n","protected":false},"excerpt":{"rendered":"<p>S\u1ee3i d\u00e2y d\u00e0i v\u00e0 m\u1ec1m m\u1ea1i n\u00e0y \u0111\u01b0\u1ee3c thi\u1ebft k\u1ebf cho nh\u1eefng ai t\u00f2 m\u00f2 v\u1ec1 s\u1ef1 k\u1ebft n\u1ed1i b\u1eb1ng d\u00e2y th\u1eebng v\u00e0 ngh\u1ec7 thu\u1eadt tr\u00f3i bu\u1ed9c s\u00e1ng t\u1ea1o. V\u1edbi&hellip;<\/p>\n","protected":false},"featured_media":64906,"comment_status":"open","ping_status":"closed","template":"","meta":{"_acf_changed":false},"product_brand":[],"product_cat":[1314],"product_tag":[],"class_list":{"0":"post-69298","1":"product","2":"type-product","3":"status-publish","4":"has-post-thumbnail","6":"product_cat-day-thung-bang-keo-troi","8":"first","9":"instock","10":"shipping-taxable","11":"purchasable","12":"product-type-variable"},"acf":[],"yoast_head":"<!-- This site is optimized with the Yoast SEO plugin v27.1.1 - https:\/\/yoast.com\/product\/yoast-seo-wordpress\/ -->\n<title>BEHAVE! D\u00e2y th\u1eebng t\u00ecnh y\u00eau Bing Love Rope - Desire<\/title>\n<meta name=\"robots\" content=\"index, follow, max-snippet:-1, max-image-preview:large, max-video-preview:-1\" \/>\n<link rel=\"canonical\" href=\"https:\/\/desireonline.shop\/vi\/san-pham\/behave-day-thung-tinh-yeu-bing-love-rope\/\" \/>\n<meta property=\"og:locale\" content=\"vi_VN\" \/>\n<meta property=\"og:type\" content=\"article\" \/>\n<meta property=\"og:title\" content=\"BEHAVE! D\u00e2y th\u1eebng t\u00ecnh y\u00eau Bing Love Rope - Desire\" \/>\n<meta property=\"og:description\" content=\"S\u1ee3i d\u00e2y d\u00e0i v\u00e0 m\u1ec1m m\u1ea1i n\u00e0y \u0111\u01b0\u1ee3c thi\u1ebft k\u1ebf cho nh\u1eefng ai t\u00f2 m\u00f2 v\u1ec1 s\u1ef1 k\u1ebft n\u1ed1i b\u1eb1ng d\u00e2y th\u1eebng v\u00e0 ngh\u1ec7 thu\u1eadt tr\u00f3i bu\u1ed9c s\u00e1ng t\u1ea1o. V\u1edbi&hellip;\" \/>\n<meta property=\"og:url\" content=\"https:\/\/desireonline.shop\/vi\/san-pham\/behave-day-thung-tinh-yeu-bing-love-rope\/\" \/>\n<meta property=\"og:site_name\" content=\"Desire\" \/>\n<meta property=\"og:image\" content=\"https:\/\/desireonline.shop\/wp-content\/uploads\/2026\/02\/CN-632113255_00-1.jpg\" \/>\n\t<meta property=\"og:image:width\" content=\"2000\" \/>\n\t<meta property=\"og:image:height\" content=\"2000\" \/>\n\t<meta property=\"og:image:type\" content=\"image\/jpeg\" \/>\n<meta name=\"twitter:card\" content=\"summary_large_image\" \/>\n<meta name=\"twitter:label1\" content=\"\u01af\u1edbc t\u00ednh th\u1eddi gian \u0111\u1ecdc\" \/>\n\t<meta name=\"twitter:data1\" content=\"1 ph\u00fat\" \/>\n<script type=\"application\/ld+json\" class=\"yoast-schema-graph\">{\"@context\":\"https:\/\/schema.org\",\"@graph\":[{\"@type\":\"WebPage\",\"@id\":\"https:\/\/desireonline.shop\/vi\/san-pham\/behave-day-thung-tinh-yeu-bing-love-rope\/\",\"url\":\"https:\/\/desireonline.shop\/vi\/san-pham\/behave-day-thung-tinh-yeu-bing-love-rope\/\",\"name\":\"BEHAVE! D\u00e2y th\u1eebng t\u00ecnh y\u00eau Bing Love Rope - Desire\",\"isPartOf\":{\"@id\":\"https:\/\/desireonline.shop\/vi\/#website\"},\"primaryImageOfPage\":{\"@id\":\"https:\/\/desireonline.shop\/vi\/san-pham\/behave-day-thung-tinh-yeu-bing-love-rope\/#primaryimage\"},\"image\":{\"@id\":\"https:\/\/desireonline.shop\/vi\/san-pham\/behave-day-thung-tinh-yeu-bing-love-rope\/#primaryimage\"},\"thumbnailUrl\":\"https:\/\/desireonline.shop\/wp-content\/uploads\/2026\/02\/CN-632113255_00-1.jpg\",\"datePublished\":\"2026-02-17T11:47:59+00:00\",\"breadcrumb\":{\"@id\":\"https:\/\/desireonline.shop\/vi\/san-pham\/behave-day-thung-tinh-yeu-bing-love-rope\/#breadcrumb\"},\"inLanguage\":\"vi\",\"potentialAction\":[{\"@type\":\"ReadAction\",\"target\":[\"https:\/\/desireonline.shop\/vi\/san-pham\/behave-day-thung-tinh-yeu-bing-love-rope\/\"]}]},{\"@type\":\"ImageObject\",\"inLanguage\":\"vi\",\"@id\":\"https:\/\/desireonline.shop\/vi\/san-pham\/behave-day-thung-tinh-yeu-bing-love-rope\/#primaryimage\",\"url\":\"https:\/\/desireonline.shop\/wp-content\/uploads\/2026\/02\/CN-632113255_00-1.jpg\",\"contentUrl\":\"https:\/\/desireonline.shop\/wp-content\/uploads\/2026\/02\/CN-632113255_00-1.jpg\",\"width\":2000,\"height\":2000},{\"@type\":\"BreadcrumbList\",\"@id\":\"https:\/\/desireonline.shop\/vi\/san-pham\/behave-day-thung-tinh-yeu-bing-love-rope\/#breadcrumb\",\"itemListElement\":[{\"@type\":\"ListItem\",\"position\":1,\"name\":\"Home\",\"item\":\"https:\/\/desireonline.shop\/vi\/trang-chu\/?lang=vi\"},{\"@type\":\"ListItem\",\"position\":2,\"name\":\"T\u1ea5t c\u1ea3 s\u1ea3n ph\u1ea9m\",\"item\":\"https:\/\/desireonline.shop\/cua-hang\/?lang=vi\"},{\"@type\":\"ListItem\",\"position\":3,\"name\":\"BEHAVE! D\u00e2y th\u1eebng t\u00ecnh y\u00eau Bing Love Rope\"}]},{\"@type\":\"WebSite\",\"@id\":\"https:\/\/desireonline.shop\/vi\/#website\",\"url\":\"https:\/\/desireonline.shop\/vi\/\",\"name\":\"Desire\",\"description\":\"Sexual Wellness Platform\",\"publisher\":{\"@id\":\"https:\/\/desireonline.shop\/vi\/#organization\"},\"potentialAction\":[{\"@type\":\"SearchAction\",\"target\":{\"@type\":\"EntryPoint\",\"urlTemplate\":\"https:\/\/desireonline.shop\/vi\/?s={search_term_string}\"},\"query-input\":{\"@type\":\"PropertyValueSpecification\",\"valueRequired\":true,\"valueName\":\"search_term_string\"}}],\"inLanguage\":\"vi\"},{\"@type\":\"Organization\",\"@id\":\"https:\/\/desireonline.shop\/vi\/#organization\",\"name\":\"Desire\",\"url\":\"https:\/\/desireonline.shop\/vi\/\",\"logo\":{\"@type\":\"ImageObject\",\"inLanguage\":\"vi\",\"@id\":\"https:\/\/desireonline.shop\/vi\/#\/schema\/logo\/image\/\",\"url\":\"https:\/\/desireonline.shop\/wp-content\/uploads\/2024\/06\/Logo-Thick-Font-1.webp\",\"contentUrl\":\"https:\/\/desireonline.shop\/wp-content\/uploads\/2024\/06\/Logo-Thick-Font-1.webp\",\"width\":268,\"height\":399,\"caption\":\"Desire\"},\"image\":{\"@id\":\"https:\/\/desireonline.shop\/vi\/#\/schema\/logo\/image\/\"}}]}<\/script>\n<!-- \/ Yoast SEO plugin. -->","yoast_head_json":{"title":"BEHAVE! D\u00e2y th\u1eebng t\u00ecnh y\u00eau Bing Love Rope - Desire","robots":{"index":"index","follow":"follow","max-snippet":"max-snippet:-1","max-image-preview":"max-image-preview:large","max-video-preview":"max-video-preview:-1"},"canonical":"https:\/\/desireonline.shop\/vi\/san-pham\/behave-day-thung-tinh-yeu-bing-love-rope\/","og_locale":"vi_VN","og_type":"article","og_title":"BEHAVE! D\u00e2y th\u1eebng t\u00ecnh y\u00eau Bing Love Rope - Desire","og_description":"S\u1ee3i d\u00e2y d\u00e0i v\u00e0 m\u1ec1m m\u1ea1i n\u00e0y \u0111\u01b0\u1ee3c thi\u1ebft k\u1ebf cho nh\u1eefng ai t\u00f2 m\u00f2 v\u1ec1 s\u1ef1 k\u1ebft n\u1ed1i b\u1eb1ng d\u00e2y th\u1eebng v\u00e0 ngh\u1ec7 thu\u1eadt tr\u00f3i bu\u1ed9c s\u00e1ng t\u1ea1o. V\u1edbi&hellip;","og_url":"https:\/\/desireonline.shop\/vi\/san-pham\/behave-day-thung-tinh-yeu-bing-love-rope\/","og_site_name":"Desire","og_image":[{"width":2000,"height":2000,"url":"https:\/\/desireonline.shop\/wp-content\/uploads\/2026\/02\/CN-632113255_00-1.jpg","type":"image\/jpeg"}],"twitter_card":"summary_large_image","twitter_misc":{"\u01af\u1edbc t\u00ednh th\u1eddi gian \u0111\u1ecdc":"1 ph\u00fat"},"schema":{"@context":"https:\/\/schema.org","@graph":[{"@type":"WebPage","@id":"https:\/\/desireonline.shop\/vi\/san-pham\/behave-day-thung-tinh-yeu-bing-love-rope\/","url":"https:\/\/desireonline.shop\/vi\/san-pham\/behave-day-thung-tinh-yeu-bing-love-rope\/","name":"BEHAVE! D\u00e2y th\u1eebng t\u00ecnh y\u00eau Bing Love Rope - Desire","isPartOf":{"@id":"https:\/\/desireonline.shop\/vi\/#website"},"primaryImageOfPage":{"@id":"https:\/\/desireonline.shop\/vi\/san-pham\/behave-day-thung-tinh-yeu-bing-love-rope\/#primaryimage"},"image":{"@id":"https:\/\/desireonline.shop\/vi\/san-pham\/behave-day-thung-tinh-yeu-bing-love-rope\/#primaryimage"},"thumbnailUrl":"https:\/\/desireonline.shop\/wp-content\/uploads\/2026\/02\/CN-632113255_00-1.jpg","datePublished":"2026-02-17T11:47:59+00:00","breadcrumb":{"@id":"https:\/\/desireonline.shop\/vi\/san-pham\/behave-day-thung-tinh-yeu-bing-love-rope\/#breadcrumb"},"inLanguage":"vi","potentialAction":[{"@type":"ReadAction","target":["https:\/\/desireonline.shop\/vi\/san-pham\/behave-day-thung-tinh-yeu-bing-love-rope\/"]}]},{"@type":"ImageObject","inLanguage":"vi","@id":"https:\/\/desireonline.shop\/vi\/san-pham\/behave-day-thung-tinh-yeu-bing-love-rope\/#primaryimage","url":"https:\/\/desireonline.shop\/wp-content\/uploads\/2026\/02\/CN-632113255_00-1.jpg","contentUrl":"https:\/\/desireonline.shop\/wp-content\/uploads\/2026\/02\/CN-632113255_00-1.jpg","width":2000,"height":2000},{"@type":"BreadcrumbList","@id":"https:\/\/desireonline.shop\/vi\/san-pham\/behave-day-thung-tinh-yeu-bing-love-rope\/#breadcrumb","itemListElement":[{"@type":"ListItem","position":1,"name":"Home","item":"https:\/\/desireonline.shop\/vi\/trang-chu\/?lang=vi"},{"@type":"ListItem","position":2,"name":"T\u1ea5t c\u1ea3 s\u1ea3n ph\u1ea9m","item":"https:\/\/desireonline.shop\/cua-hang\/?lang=vi"},{"@type":"ListItem","position":3,"name":"BEHAVE! D\u00e2y th\u1eebng t\u00ecnh y\u00eau Bing Love Rope"}]},{"@type":"WebSite","@id":"https:\/\/desireonline.shop\/vi\/#website","url":"https:\/\/desireonline.shop\/vi\/","name":"Desire","description":"Sexual Wellness Platform","publisher":{"@id":"https:\/\/desireonline.shop\/vi\/#organization"},"potentialAction":[{"@type":"SearchAction","target":{"@type":"EntryPoint","urlTemplate":"https:\/\/desireonline.shop\/vi\/?s={search_term_string}"},"query-input":{"@type":"PropertyValueSpecification","valueRequired":true,"valueName":"search_term_string"}}],"inLanguage":"vi"},{"@type":"Organization","@id":"https:\/\/desireonline.shop\/vi\/#organization","name":"Desire","url":"https:\/\/desireonline.shop\/vi\/","logo":{"@type":"ImageObject","inLanguage":"vi","@id":"https:\/\/desireonline.shop\/vi\/#\/schema\/logo\/image\/","url":"https:\/\/desireonline.shop\/wp-content\/uploads\/2024\/06\/Logo-Thick-Font-1.webp","contentUrl":"https:\/\/desireonline.shop\/wp-content\/uploads\/2024\/06\/Logo-Thick-Font-1.webp","width":268,"height":399,"caption":"Desire"},"image":{"@id":"https:\/\/desireonline.shop\/vi\/#\/schema\/logo\/image\/"}}]}},"_links":{"self":[{"href":"https:\/\/desireonline.shop\/vi\/wp-json\/wp\/v2\/product\/69298","targetHints":{"allow":["GET"]}}],"collection":[{"href":"https:\/\/desireonline.shop\/vi\/wp-json\/wp\/v2\/product"}],"about":[{"href":"https:\/\/desireonline.shop\/vi\/wp-json\/wp\/v2\/types\/product"}],"replies":[{"embeddable":true,"href":"https:\/\/desireonline.shop\/vi\/wp-json\/wp\/v2\/comments?post=69298"}],"version-history":[{"count":0,"href":"https:\/\/desireonline.shop\/vi\/wp-json\/wp\/v2\/product\/69298\/revisions"}],"wp:featuredmedia":[{"embeddable":true,"href":"https:\/\/desireonline.shop\/vi\/wp-json\/wp\/v2\/media\/64906"}],"wp:attachment":[{"href":"https:\/\/desireonline.shop\/vi\/wp-json\/wp\/v2\/media?parent=69298"}],"wp:term":[{"taxonomy":"product_brand","embeddable":true,"href":"https:\/\/desireonline.shop\/vi\/wp-json\/wp\/v2\/product_brand?post=69298"},{"taxonomy":"product_cat","embeddable":true,"href":"https:\/\/desireonline.shop\/vi\/wp-json\/wp\/v2\/product_cat?post=69298"},{"taxonomy":"product_tag","embeddable":true,"href":"https:\/\/desireonline.shop\/vi\/wp-json\/wp\/v2\/product_tag?post=69298"}],"curies":[{"name":"wp","href":"https:\/\/api.w.org\/{rel}","templated":true}]}}