{"id":69316,"date":"2026-02-17T11:48:32","date_gmt":"2026-02-17T11:48:32","guid":{"rendered":"https:\/\/desireonline.shop\/product\/may-hut-duong-vat-stunt-worx-phien-ban-max\/"},"modified":"2026-02-17T11:48:32","modified_gmt":"2026-02-17T11:48:32","slug":"may-hut-duong-vat-stunt-worx-phien-ban-max","status":"publish","type":"product","link":"https:\/\/desireonline.shop\/vi\/san-pham\/may-hut-duong-vat-stunt-worx-phien-ban-max\/","title":{"rendered":"M\u00e1y h\u00fat d\u01b0\u01a1ng v\u1eadt STUNT WORX phi\u00ean b\u1ea3n MAX"},"content":{"rendered":"<p>M\u00e1y b\u01a1m tay phi\u00ean b\u1ea3n MAX n\u00e0y \u0111\u01b0\u1ee3c thi\u1ebft k\u1ebf d\u00e0nh cho nh\u1eefng ng\u01b0\u1eddi d\u00f9ng mong mu\u1ed1n m\u1ed9t l\u1ef1a ch\u1ecdn b\u01a1m m\u1ea1nh m\u1ebd h\u01a1n. Vi\u1ec7c \u0111i\u1ec1u khi\u1ec3n th\u1ee7 c\u00f4ng gi\u00fap tr\u1ea3i nghi\u1ec7m lu\u00f4n ch\u1ee7 \u0111\u1ed9ng v\u00e0 d\u1ec5 d\u00e0ng \u0111i\u1ec1u ch\u1ec9nh.<\/p>\n<p>\u0110\u01b0\u1ee3c ch\u1ebf t\u1ea1o t\u1eeb v\u1eadt li\u1ec7u kh\u00f4ng ch\u1ee9a phthalate v\u00e0 latex, s\u1ea3n ph\u1ea9m mang l\u1ea1i s\u1ef1 t\u1ef1 tin trong vi\u1ec7c kh\u00e1m ph\u00e1 b\u1ea3n th\u00e2n m\u1ed9t c\u00e1ch an to\u00e0n v\u00e0 tho\u1ea3i m\u00e1i.<\/p>\n","protected":false},"excerpt":{"rendered":"<p>M\u00e1y b\u01a1m tay phi\u00ean b\u1ea3n MAX n\u00e0y \u0111\u01b0\u1ee3c thi\u1ebft k\u1ebf d\u00e0nh cho nh\u1eefng ng\u01b0\u1eddi d\u00f9ng mong mu\u1ed1n m\u1ed9t l\u1ef1a ch\u1ecdn b\u01a1m m\u1ea1nh m\u1ebd h\u01a1n. Vi\u1ec7c \u0111i\u1ec1u khi\u1ec3n th\u1ee7 c\u00f4ng gi\u00fap&hellip;<\/p>\n","protected":false},"featured_media":64923,"comment_status":"open","ping_status":"closed","template":"","meta":{"_acf_changed":false},"product_brand":[],"product_cat":[1377],"product_tag":[],"class_list":{"0":"post-69316","1":"product","2":"type-product","3":"status-publish","4":"has-post-thumbnail","6":"product_cat-bom-duong-vat","8":"first","9":"instock","10":"shipping-taxable","11":"purchasable","12":"product-type-variable"},"acf":[],"yoast_head":"<!-- This site is optimized with the Yoast SEO plugin v27.1.1 - https:\/\/yoast.com\/product\/yoast-seo-wordpress\/ -->\n<title>M\u00e1y h\u00fat d\u01b0\u01a1ng v\u1eadt STUNT WORX phi\u00ean b\u1ea3n MAX - Desire<\/title>\n<meta name=\"robots\" content=\"index, follow, max-snippet:-1, max-image-preview:large, max-video-preview:-1\" \/>\n<link rel=\"canonical\" href=\"https:\/\/desireonline.shop\/vi\/san-pham\/may-hut-duong-vat-stunt-worx-phien-ban-max\/\" \/>\n<meta property=\"og:locale\" content=\"vi_VN\" \/>\n<meta property=\"og:type\" content=\"article\" \/>\n<meta property=\"og:title\" content=\"M\u00e1y h\u00fat d\u01b0\u01a1ng v\u1eadt STUNT WORX phi\u00ean b\u1ea3n MAX - Desire\" \/>\n<meta property=\"og:description\" content=\"M\u00e1y b\u01a1m tay phi\u00ean b\u1ea3n MAX n\u00e0y \u0111\u01b0\u1ee3c thi\u1ebft k\u1ebf d\u00e0nh cho nh\u1eefng ng\u01b0\u1eddi d\u00f9ng mong mu\u1ed1n m\u1ed9t l\u1ef1a ch\u1ecdn b\u01a1m m\u1ea1nh m\u1ebd h\u01a1n. Vi\u1ec7c \u0111i\u1ec1u khi\u1ec3n th\u1ee7 c\u00f4ng gi\u00fap&hellip;\" \/>\n<meta property=\"og:url\" content=\"https:\/\/desireonline.shop\/vi\/san-pham\/may-hut-duong-vat-stunt-worx-phien-ban-max\/\" \/>\n<meta property=\"og:site_name\" content=\"Desire\" \/>\n<meta property=\"og:image\" content=\"https:\/\/desireonline.shop\/wp-content\/uploads\/2026\/02\/CN-702365760_00-1.jpg\" \/>\n\t<meta property=\"og:image:width\" content=\"2199\" \/>\n\t<meta property=\"og:image:height\" content=\"2199\" \/>\n\t<meta property=\"og:image:type\" content=\"image\/jpeg\" \/>\n<meta name=\"twitter:card\" content=\"summary_large_image\" \/>\n<meta name=\"twitter:label1\" content=\"\u01af\u1edbc t\u00ednh th\u1eddi gian \u0111\u1ecdc\" \/>\n\t<meta name=\"twitter:data1\" content=\"1 ph\u00fat\" \/>\n<script type=\"application\/ld+json\" class=\"yoast-schema-graph\">{\"@context\":\"https:\/\/schema.org\",\"@graph\":[{\"@type\":\"WebPage\",\"@id\":\"https:\/\/desireonline.shop\/vi\/san-pham\/may-hut-duong-vat-stunt-worx-phien-ban-max\/\",\"url\":\"https:\/\/desireonline.shop\/vi\/san-pham\/may-hut-duong-vat-stunt-worx-phien-ban-max\/\",\"name\":\"M\u00e1y h\u00fat d\u01b0\u01a1ng v\u1eadt STUNT WORX phi\u00ean b\u1ea3n MAX - Desire\",\"isPartOf\":{\"@id\":\"https:\/\/desireonline.shop\/vi\/#website\"},\"primaryImageOfPage\":{\"@id\":\"https:\/\/desireonline.shop\/vi\/san-pham\/may-hut-duong-vat-stunt-worx-phien-ban-max\/#primaryimage\"},\"image\":{\"@id\":\"https:\/\/desireonline.shop\/vi\/san-pham\/may-hut-duong-vat-stunt-worx-phien-ban-max\/#primaryimage\"},\"thumbnailUrl\":\"https:\/\/desireonline.shop\/wp-content\/uploads\/2026\/02\/CN-702365760_00-1.jpg\",\"datePublished\":\"2026-02-17T11:48:32+00:00\",\"breadcrumb\":{\"@id\":\"https:\/\/desireonline.shop\/vi\/san-pham\/may-hut-duong-vat-stunt-worx-phien-ban-max\/#breadcrumb\"},\"inLanguage\":\"vi\",\"potentialAction\":[{\"@type\":\"ReadAction\",\"target\":[\"https:\/\/desireonline.shop\/vi\/san-pham\/may-hut-duong-vat-stunt-worx-phien-ban-max\/\"]}]},{\"@type\":\"ImageObject\",\"inLanguage\":\"vi\",\"@id\":\"https:\/\/desireonline.shop\/vi\/san-pham\/may-hut-duong-vat-stunt-worx-phien-ban-max\/#primaryimage\",\"url\":\"https:\/\/desireonline.shop\/wp-content\/uploads\/2026\/02\/CN-702365760_00-1.jpg\",\"contentUrl\":\"https:\/\/desireonline.shop\/wp-content\/uploads\/2026\/02\/CN-702365760_00-1.jpg\",\"width\":2199,\"height\":2199},{\"@type\":\"BreadcrumbList\",\"@id\":\"https:\/\/desireonline.shop\/vi\/san-pham\/may-hut-duong-vat-stunt-worx-phien-ban-max\/#breadcrumb\",\"itemListElement\":[{\"@type\":\"ListItem\",\"position\":1,\"name\":\"Home\",\"item\":\"https:\/\/desireonline.shop\/vi\/trang-chu\/?lang=vi\"},{\"@type\":\"ListItem\",\"position\":2,\"name\":\"T\u1ea5t c\u1ea3 s\u1ea3n ph\u1ea9m\",\"item\":\"https:\/\/desireonline.shop\/cua-hang\/?lang=vi\"},{\"@type\":\"ListItem\",\"position\":3,\"name\":\"M\u00e1y h\u00fat d\u01b0\u01a1ng v\u1eadt STUNT WORX phi\u00ean b\u1ea3n MAX\"}]},{\"@type\":\"WebSite\",\"@id\":\"https:\/\/desireonline.shop\/vi\/#website\",\"url\":\"https:\/\/desireonline.shop\/vi\/\",\"name\":\"Desire\",\"description\":\"Sexual Wellness Platform\",\"publisher\":{\"@id\":\"https:\/\/desireonline.shop\/vi\/#organization\"},\"potentialAction\":[{\"@type\":\"SearchAction\",\"target\":{\"@type\":\"EntryPoint\",\"urlTemplate\":\"https:\/\/desireonline.shop\/vi\/?s={search_term_string}\"},\"query-input\":{\"@type\":\"PropertyValueSpecification\",\"valueRequired\":true,\"valueName\":\"search_term_string\"}}],\"inLanguage\":\"vi\"},{\"@type\":\"Organization\",\"@id\":\"https:\/\/desireonline.shop\/vi\/#organization\",\"name\":\"Desire\",\"url\":\"https:\/\/desireonline.shop\/vi\/\",\"logo\":{\"@type\":\"ImageObject\",\"inLanguage\":\"vi\",\"@id\":\"https:\/\/desireonline.shop\/vi\/#\/schema\/logo\/image\/\",\"url\":\"https:\/\/desireonline.shop\/wp-content\/uploads\/2024\/06\/Logo-Thick-Font-1.webp\",\"contentUrl\":\"https:\/\/desireonline.shop\/wp-content\/uploads\/2024\/06\/Logo-Thick-Font-1.webp\",\"width\":268,\"height\":399,\"caption\":\"Desire\"},\"image\":{\"@id\":\"https:\/\/desireonline.shop\/vi\/#\/schema\/logo\/image\/\"}}]}<\/script>\n<!-- \/ Yoast SEO plugin. -->","yoast_head_json":{"title":"M\u00e1y h\u00fat d\u01b0\u01a1ng v\u1eadt STUNT WORX phi\u00ean b\u1ea3n MAX - Desire","robots":{"index":"index","follow":"follow","max-snippet":"max-snippet:-1","max-image-preview":"max-image-preview:large","max-video-preview":"max-video-preview:-1"},"canonical":"https:\/\/desireonline.shop\/vi\/san-pham\/may-hut-duong-vat-stunt-worx-phien-ban-max\/","og_locale":"vi_VN","og_type":"article","og_title":"M\u00e1y h\u00fat d\u01b0\u01a1ng v\u1eadt STUNT WORX phi\u00ean b\u1ea3n MAX - Desire","og_description":"M\u00e1y b\u01a1m tay phi\u00ean b\u1ea3n MAX n\u00e0y \u0111\u01b0\u1ee3c thi\u1ebft k\u1ebf d\u00e0nh cho nh\u1eefng ng\u01b0\u1eddi d\u00f9ng mong mu\u1ed1n m\u1ed9t l\u1ef1a ch\u1ecdn b\u01a1m m\u1ea1nh m\u1ebd h\u01a1n. Vi\u1ec7c \u0111i\u1ec1u khi\u1ec3n th\u1ee7 c\u00f4ng gi\u00fap&hellip;","og_url":"https:\/\/desireonline.shop\/vi\/san-pham\/may-hut-duong-vat-stunt-worx-phien-ban-max\/","og_site_name":"Desire","og_image":[{"width":2199,"height":2199,"url":"https:\/\/desireonline.shop\/wp-content\/uploads\/2026\/02\/CN-702365760_00-1.jpg","type":"image\/jpeg"}],"twitter_card":"summary_large_image","twitter_misc":{"\u01af\u1edbc t\u00ednh th\u1eddi gian \u0111\u1ecdc":"1 ph\u00fat"},"schema":{"@context":"https:\/\/schema.org","@graph":[{"@type":"WebPage","@id":"https:\/\/desireonline.shop\/vi\/san-pham\/may-hut-duong-vat-stunt-worx-phien-ban-max\/","url":"https:\/\/desireonline.shop\/vi\/san-pham\/may-hut-duong-vat-stunt-worx-phien-ban-max\/","name":"M\u00e1y h\u00fat d\u01b0\u01a1ng v\u1eadt STUNT WORX phi\u00ean b\u1ea3n MAX - Desire","isPartOf":{"@id":"https:\/\/desireonline.shop\/vi\/#website"},"primaryImageOfPage":{"@id":"https:\/\/desireonline.shop\/vi\/san-pham\/may-hut-duong-vat-stunt-worx-phien-ban-max\/#primaryimage"},"image":{"@id":"https:\/\/desireonline.shop\/vi\/san-pham\/may-hut-duong-vat-stunt-worx-phien-ban-max\/#primaryimage"},"thumbnailUrl":"https:\/\/desireonline.shop\/wp-content\/uploads\/2026\/02\/CN-702365760_00-1.jpg","datePublished":"2026-02-17T11:48:32+00:00","breadcrumb":{"@id":"https:\/\/desireonline.shop\/vi\/san-pham\/may-hut-duong-vat-stunt-worx-phien-ban-max\/#breadcrumb"},"inLanguage":"vi","potentialAction":[{"@type":"ReadAction","target":["https:\/\/desireonline.shop\/vi\/san-pham\/may-hut-duong-vat-stunt-worx-phien-ban-max\/"]}]},{"@type":"ImageObject","inLanguage":"vi","@id":"https:\/\/desireonline.shop\/vi\/san-pham\/may-hut-duong-vat-stunt-worx-phien-ban-max\/#primaryimage","url":"https:\/\/desireonline.shop\/wp-content\/uploads\/2026\/02\/CN-702365760_00-1.jpg","contentUrl":"https:\/\/desireonline.shop\/wp-content\/uploads\/2026\/02\/CN-702365760_00-1.jpg","width":2199,"height":2199},{"@type":"BreadcrumbList","@id":"https:\/\/desireonline.shop\/vi\/san-pham\/may-hut-duong-vat-stunt-worx-phien-ban-max\/#breadcrumb","itemListElement":[{"@type":"ListItem","position":1,"name":"Home","item":"https:\/\/desireonline.shop\/vi\/trang-chu\/?lang=vi"},{"@type":"ListItem","position":2,"name":"T\u1ea5t c\u1ea3 s\u1ea3n ph\u1ea9m","item":"https:\/\/desireonline.shop\/cua-hang\/?lang=vi"},{"@type":"ListItem","position":3,"name":"M\u00e1y h\u00fat d\u01b0\u01a1ng v\u1eadt STUNT WORX phi\u00ean b\u1ea3n MAX"}]},{"@type":"WebSite","@id":"https:\/\/desireonline.shop\/vi\/#website","url":"https:\/\/desireonline.shop\/vi\/","name":"Desire","description":"Sexual Wellness Platform","publisher":{"@id":"https:\/\/desireonline.shop\/vi\/#organization"},"potentialAction":[{"@type":"SearchAction","target":{"@type":"EntryPoint","urlTemplate":"https:\/\/desireonline.shop\/vi\/?s={search_term_string}"},"query-input":{"@type":"PropertyValueSpecification","valueRequired":true,"valueName":"search_term_string"}}],"inLanguage":"vi"},{"@type":"Organization","@id":"https:\/\/desireonline.shop\/vi\/#organization","name":"Desire","url":"https:\/\/desireonline.shop\/vi\/","logo":{"@type":"ImageObject","inLanguage":"vi","@id":"https:\/\/desireonline.shop\/vi\/#\/schema\/logo\/image\/","url":"https:\/\/desireonline.shop\/wp-content\/uploads\/2024\/06\/Logo-Thick-Font-1.webp","contentUrl":"https:\/\/desireonline.shop\/wp-content\/uploads\/2024\/06\/Logo-Thick-Font-1.webp","width":268,"height":399,"caption":"Desire"},"image":{"@id":"https:\/\/desireonline.shop\/vi\/#\/schema\/logo\/image\/"}}]}},"_links":{"self":[{"href":"https:\/\/desireonline.shop\/vi\/wp-json\/wp\/v2\/product\/69316","targetHints":{"allow":["GET"]}}],"collection":[{"href":"https:\/\/desireonline.shop\/vi\/wp-json\/wp\/v2\/product"}],"about":[{"href":"https:\/\/desireonline.shop\/vi\/wp-json\/wp\/v2\/types\/product"}],"replies":[{"embeddable":true,"href":"https:\/\/desireonline.shop\/vi\/wp-json\/wp\/v2\/comments?post=69316"}],"version-history":[{"count":0,"href":"https:\/\/desireonline.shop\/vi\/wp-json\/wp\/v2\/product\/69316\/revisions"}],"wp:featuredmedia":[{"embeddable":true,"href":"https:\/\/desireonline.shop\/vi\/wp-json\/wp\/v2\/media\/64923"}],"wp:attachment":[{"href":"https:\/\/desireonline.shop\/vi\/wp-json\/wp\/v2\/media?parent=69316"}],"wp:term":[{"taxonomy":"product_brand","embeddable":true,"href":"https:\/\/desireonline.shop\/vi\/wp-json\/wp\/v2\/product_brand?post=69316"},{"taxonomy":"product_cat","embeddable":true,"href":"https:\/\/desireonline.shop\/vi\/wp-json\/wp\/v2\/product_cat?post=69316"},{"taxonomy":"product_tag","embeddable":true,"href":"https:\/\/desireonline.shop\/vi\/wp-json\/wp\/v2\/product_tag?post=69316"}],"curies":[{"name":"wp","href":"https:\/\/api.w.org\/{rel}","templated":true}]}}