{"id":69334,"date":"2026-02-17T11:45:43","date_gmt":"2026-02-17T11:45:43","guid":{"rendered":"https:\/\/desireonline.shop\/product\/behave-cong-tay-cotton-bondage\/"},"modified":"2026-02-17T11:45:43","modified_gmt":"2026-02-17T11:45:43","slug":"behave-cong-tay-cotton-bondage","status":"publish","type":"product","link":"https:\/\/desireonline.shop\/vi\/san-pham\/behave-cong-tay-cotton-bondage\/","title":{"rendered":"BEHAVE! C\u00f2ng tay cotton Bondage"},"content":{"rendered":"<p>Nh\u1eefng chi\u1ebfc c\u00f2ng cotton n\u00e0y mang \u0111\u1ebfn s\u1ef1 kh\u1edfi \u0111\u1ea7u nh\u1eb9 nh\u00e0ng cho vi\u1ec7c tr\u00f3i bu\u1ed9c, t\u1eadp trung v\u00e0o s\u1ef1 \u0111\u01a1n gi\u1ea3n v\u00e0 d\u1ec5 d\u00e0ng. Thi\u1ebft k\u1ebf x\u1ecf d\u00e2y gi\u00fap vi\u1ec7c \u0111eo v\u00e0 th\u00e1o tr\u1edf n\u00ean nhanh ch\u00f3ng, l\u00fd t\u01b0\u1edfng cho nh\u1eefng kho\u1ea3nh kh\u1eafc ng\u1eabu h\u1ee9ng ho\u1eb7c tr\u1ea3i nghi\u1ec7m th\u01b0 gi\u00e3n.<\/p>\n<p>Tho\u1ea3i m\u00e1i v\u00e0 d\u1ec5 ti\u1ebfp c\u1eadn, \u0111\u00e2y l\u00e0 l\u1ef1a ch\u1ecdn linh ho\u1ea1t \u0111\u1ec3 kh\u00e1m ph\u00e1 \u0111\u1ea7y th\u00fa v\u1ecb, khuy\u1ebfn kh\u00edch s\u1ef1 t\u00f2 m\u00f2 v\u00e0 k\u1ebft n\u1ed1i m\u00e0 kh\u00f4ng g\u00e2y ra s\u1ef1 ph\u1ee9c t\u1ea1p kh\u00f4ng c\u1ea7n thi\u1ebft.<\/p>\n","protected":false},"excerpt":{"rendered":"<p>Nh\u1eefng chi\u1ebfc c\u00f2ng cotton n\u00e0y mang \u0111\u1ebfn s\u1ef1 kh\u1edfi \u0111\u1ea7u nh\u1eb9 nh\u00e0ng cho vi\u1ec7c tr\u00f3i bu\u1ed9c, t\u1eadp trung v\u00e0o s\u1ef1 \u0111\u01a1n gi\u1ea3n v\u00e0 d\u1ec5 d\u00e0ng. Thi\u1ebft k\u1ebf x\u1ecf d\u00e2y gi\u00fap&hellip;<\/p>\n","protected":false},"featured_media":64850,"comment_status":"open","ping_status":"closed","template":"","meta":{"_acf_changed":false},"product_brand":[],"product_cat":[1356],"product_tag":[],"class_list":{"0":"post-69334","1":"product","2":"type-product","3":"status-publish","4":"has-post-thumbnail","6":"product_cat-cong-tay","8":"first","9":"instock","10":"shipping-taxable","11":"purchasable","12":"product-type-variable"},"acf":[],"yoast_head":"<!-- This site is optimized with the Yoast SEO plugin v27.1.1 - https:\/\/yoast.com\/product\/yoast-seo-wordpress\/ -->\n<title>BEHAVE! C\u00f2ng tay cotton Bondage - Desire<\/title>\n<meta name=\"robots\" content=\"index, follow, max-snippet:-1, max-image-preview:large, max-video-preview:-1\" \/>\n<link rel=\"canonical\" href=\"https:\/\/desireonline.shop\/vi\/san-pham\/behave-cong-tay-cotton-bondage\/\" \/>\n<meta property=\"og:locale\" content=\"vi_VN\" \/>\n<meta property=\"og:type\" content=\"article\" \/>\n<meta property=\"og:title\" content=\"BEHAVE! C\u00f2ng tay cotton Bondage - Desire\" \/>\n<meta property=\"og:description\" content=\"Nh\u1eefng chi\u1ebfc c\u00f2ng cotton n\u00e0y mang \u0111\u1ebfn s\u1ef1 kh\u1edfi \u0111\u1ea7u nh\u1eb9 nh\u00e0ng cho vi\u1ec7c tr\u00f3i bu\u1ed9c, t\u1eadp trung v\u00e0o s\u1ef1 \u0111\u01a1n gi\u1ea3n v\u00e0 d\u1ec5 d\u00e0ng. Thi\u1ebft k\u1ebf x\u1ecf d\u00e2y gi\u00fap&hellip;\" \/>\n<meta property=\"og:url\" content=\"https:\/\/desireonline.shop\/vi\/san-pham\/behave-cong-tay-cotton-bondage\/\" \/>\n<meta property=\"og:site_name\" content=\"Desire\" \/>\n<meta property=\"og:image\" content=\"https:\/\/desireonline.shop\/wp-content\/uploads\/2026\/02\/CN-887125275_00-1.jpg\" \/>\n\t<meta property=\"og:image:width\" content=\"1000\" \/>\n\t<meta property=\"og:image:height\" content=\"1000\" \/>\n\t<meta property=\"og:image:type\" content=\"image\/jpeg\" \/>\n<meta name=\"twitter:card\" content=\"summary_large_image\" \/>\n<meta name=\"twitter:label1\" content=\"\u01af\u1edbc t\u00ednh th\u1eddi gian \u0111\u1ecdc\" \/>\n\t<meta name=\"twitter:data1\" content=\"1 ph\u00fat\" \/>\n<script type=\"application\/ld+json\" class=\"yoast-schema-graph\">{\"@context\":\"https:\/\/schema.org\",\"@graph\":[{\"@type\":\"WebPage\",\"@id\":\"https:\/\/desireonline.shop\/vi\/san-pham\/behave-cong-tay-cotton-bondage\/\",\"url\":\"https:\/\/desireonline.shop\/vi\/san-pham\/behave-cong-tay-cotton-bondage\/\",\"name\":\"BEHAVE! C\u00f2ng tay cotton Bondage - Desire\",\"isPartOf\":{\"@id\":\"https:\/\/desireonline.shop\/vi\/#website\"},\"primaryImageOfPage\":{\"@id\":\"https:\/\/desireonline.shop\/vi\/san-pham\/behave-cong-tay-cotton-bondage\/#primaryimage\"},\"image\":{\"@id\":\"https:\/\/desireonline.shop\/vi\/san-pham\/behave-cong-tay-cotton-bondage\/#primaryimage\"},\"thumbnailUrl\":\"https:\/\/desireonline.shop\/wp-content\/uploads\/2026\/02\/CN-887125275_00-1.jpg\",\"datePublished\":\"2026-02-17T11:45:43+00:00\",\"breadcrumb\":{\"@id\":\"https:\/\/desireonline.shop\/vi\/san-pham\/behave-cong-tay-cotton-bondage\/#breadcrumb\"},\"inLanguage\":\"vi\",\"potentialAction\":[{\"@type\":\"ReadAction\",\"target\":[\"https:\/\/desireonline.shop\/vi\/san-pham\/behave-cong-tay-cotton-bondage\/\"]}]},{\"@type\":\"ImageObject\",\"inLanguage\":\"vi\",\"@id\":\"https:\/\/desireonline.shop\/vi\/san-pham\/behave-cong-tay-cotton-bondage\/#primaryimage\",\"url\":\"https:\/\/desireonline.shop\/wp-content\/uploads\/2026\/02\/CN-887125275_00-1.jpg\",\"contentUrl\":\"https:\/\/desireonline.shop\/wp-content\/uploads\/2026\/02\/CN-887125275_00-1.jpg\",\"width\":1000,\"height\":1000},{\"@type\":\"BreadcrumbList\",\"@id\":\"https:\/\/desireonline.shop\/vi\/san-pham\/behave-cong-tay-cotton-bondage\/#breadcrumb\",\"itemListElement\":[{\"@type\":\"ListItem\",\"position\":1,\"name\":\"Home\",\"item\":\"https:\/\/desireonline.shop\/vi\/trang-chu\/?lang=vi\"},{\"@type\":\"ListItem\",\"position\":2,\"name\":\"T\u1ea5t c\u1ea3 s\u1ea3n ph\u1ea9m\",\"item\":\"https:\/\/desireonline.shop\/cua-hang\/?lang=vi\"},{\"@type\":\"ListItem\",\"position\":3,\"name\":\"BEHAVE! C\u00f2ng tay cotton Bondage\"}]},{\"@type\":\"WebSite\",\"@id\":\"https:\/\/desireonline.shop\/vi\/#website\",\"url\":\"https:\/\/desireonline.shop\/vi\/\",\"name\":\"Desire\",\"description\":\"Sexual Wellness Platform\",\"publisher\":{\"@id\":\"https:\/\/desireonline.shop\/vi\/#organization\"},\"potentialAction\":[{\"@type\":\"SearchAction\",\"target\":{\"@type\":\"EntryPoint\",\"urlTemplate\":\"https:\/\/desireonline.shop\/vi\/?s={search_term_string}\"},\"query-input\":{\"@type\":\"PropertyValueSpecification\",\"valueRequired\":true,\"valueName\":\"search_term_string\"}}],\"inLanguage\":\"vi\"},{\"@type\":\"Organization\",\"@id\":\"https:\/\/desireonline.shop\/vi\/#organization\",\"name\":\"Desire\",\"url\":\"https:\/\/desireonline.shop\/vi\/\",\"logo\":{\"@type\":\"ImageObject\",\"inLanguage\":\"vi\",\"@id\":\"https:\/\/desireonline.shop\/vi\/#\/schema\/logo\/image\/\",\"url\":\"https:\/\/desireonline.shop\/wp-content\/uploads\/2024\/06\/Logo-Thick-Font-1.webp\",\"contentUrl\":\"https:\/\/desireonline.shop\/wp-content\/uploads\/2024\/06\/Logo-Thick-Font-1.webp\",\"width\":268,\"height\":399,\"caption\":\"Desire\"},\"image\":{\"@id\":\"https:\/\/desireonline.shop\/vi\/#\/schema\/logo\/image\/\"}}]}<\/script>\n<!-- \/ Yoast SEO plugin. -->","yoast_head_json":{"title":"BEHAVE! C\u00f2ng tay cotton Bondage - Desire","robots":{"index":"index","follow":"follow","max-snippet":"max-snippet:-1","max-image-preview":"max-image-preview:large","max-video-preview":"max-video-preview:-1"},"canonical":"https:\/\/desireonline.shop\/vi\/san-pham\/behave-cong-tay-cotton-bondage\/","og_locale":"vi_VN","og_type":"article","og_title":"BEHAVE! C\u00f2ng tay cotton Bondage - Desire","og_description":"Nh\u1eefng chi\u1ebfc c\u00f2ng cotton n\u00e0y mang \u0111\u1ebfn s\u1ef1 kh\u1edfi \u0111\u1ea7u nh\u1eb9 nh\u00e0ng cho vi\u1ec7c tr\u00f3i bu\u1ed9c, t\u1eadp trung v\u00e0o s\u1ef1 \u0111\u01a1n gi\u1ea3n v\u00e0 d\u1ec5 d\u00e0ng. Thi\u1ebft k\u1ebf x\u1ecf d\u00e2y gi\u00fap&hellip;","og_url":"https:\/\/desireonline.shop\/vi\/san-pham\/behave-cong-tay-cotton-bondage\/","og_site_name":"Desire","og_image":[{"width":1000,"height":1000,"url":"https:\/\/desireonline.shop\/wp-content\/uploads\/2026\/02\/CN-887125275_00-1.jpg","type":"image\/jpeg"}],"twitter_card":"summary_large_image","twitter_misc":{"\u01af\u1edbc t\u00ednh th\u1eddi gian \u0111\u1ecdc":"1 ph\u00fat"},"schema":{"@context":"https:\/\/schema.org","@graph":[{"@type":"WebPage","@id":"https:\/\/desireonline.shop\/vi\/san-pham\/behave-cong-tay-cotton-bondage\/","url":"https:\/\/desireonline.shop\/vi\/san-pham\/behave-cong-tay-cotton-bondage\/","name":"BEHAVE! C\u00f2ng tay cotton Bondage - Desire","isPartOf":{"@id":"https:\/\/desireonline.shop\/vi\/#website"},"primaryImageOfPage":{"@id":"https:\/\/desireonline.shop\/vi\/san-pham\/behave-cong-tay-cotton-bondage\/#primaryimage"},"image":{"@id":"https:\/\/desireonline.shop\/vi\/san-pham\/behave-cong-tay-cotton-bondage\/#primaryimage"},"thumbnailUrl":"https:\/\/desireonline.shop\/wp-content\/uploads\/2026\/02\/CN-887125275_00-1.jpg","datePublished":"2026-02-17T11:45:43+00:00","breadcrumb":{"@id":"https:\/\/desireonline.shop\/vi\/san-pham\/behave-cong-tay-cotton-bondage\/#breadcrumb"},"inLanguage":"vi","potentialAction":[{"@type":"ReadAction","target":["https:\/\/desireonline.shop\/vi\/san-pham\/behave-cong-tay-cotton-bondage\/"]}]},{"@type":"ImageObject","inLanguage":"vi","@id":"https:\/\/desireonline.shop\/vi\/san-pham\/behave-cong-tay-cotton-bondage\/#primaryimage","url":"https:\/\/desireonline.shop\/wp-content\/uploads\/2026\/02\/CN-887125275_00-1.jpg","contentUrl":"https:\/\/desireonline.shop\/wp-content\/uploads\/2026\/02\/CN-887125275_00-1.jpg","width":1000,"height":1000},{"@type":"BreadcrumbList","@id":"https:\/\/desireonline.shop\/vi\/san-pham\/behave-cong-tay-cotton-bondage\/#breadcrumb","itemListElement":[{"@type":"ListItem","position":1,"name":"Home","item":"https:\/\/desireonline.shop\/vi\/trang-chu\/?lang=vi"},{"@type":"ListItem","position":2,"name":"T\u1ea5t c\u1ea3 s\u1ea3n ph\u1ea9m","item":"https:\/\/desireonline.shop\/cua-hang\/?lang=vi"},{"@type":"ListItem","position":3,"name":"BEHAVE! C\u00f2ng tay cotton Bondage"}]},{"@type":"WebSite","@id":"https:\/\/desireonline.shop\/vi\/#website","url":"https:\/\/desireonline.shop\/vi\/","name":"Desire","description":"Sexual Wellness Platform","publisher":{"@id":"https:\/\/desireonline.shop\/vi\/#organization"},"potentialAction":[{"@type":"SearchAction","target":{"@type":"EntryPoint","urlTemplate":"https:\/\/desireonline.shop\/vi\/?s={search_term_string}"},"query-input":{"@type":"PropertyValueSpecification","valueRequired":true,"valueName":"search_term_string"}}],"inLanguage":"vi"},{"@type":"Organization","@id":"https:\/\/desireonline.shop\/vi\/#organization","name":"Desire","url":"https:\/\/desireonline.shop\/vi\/","logo":{"@type":"ImageObject","inLanguage":"vi","@id":"https:\/\/desireonline.shop\/vi\/#\/schema\/logo\/image\/","url":"https:\/\/desireonline.shop\/wp-content\/uploads\/2024\/06\/Logo-Thick-Font-1.webp","contentUrl":"https:\/\/desireonline.shop\/wp-content\/uploads\/2024\/06\/Logo-Thick-Font-1.webp","width":268,"height":399,"caption":"Desire"},"image":{"@id":"https:\/\/desireonline.shop\/vi\/#\/schema\/logo\/image\/"}}]}},"_links":{"self":[{"href":"https:\/\/desireonline.shop\/vi\/wp-json\/wp\/v2\/product\/69334","targetHints":{"allow":["GET"]}}],"collection":[{"href":"https:\/\/desireonline.shop\/vi\/wp-json\/wp\/v2\/product"}],"about":[{"href":"https:\/\/desireonline.shop\/vi\/wp-json\/wp\/v2\/types\/product"}],"replies":[{"embeddable":true,"href":"https:\/\/desireonline.shop\/vi\/wp-json\/wp\/v2\/comments?post=69334"}],"version-history":[{"count":0,"href":"https:\/\/desireonline.shop\/vi\/wp-json\/wp\/v2\/product\/69334\/revisions"}],"wp:featuredmedia":[{"embeddable":true,"href":"https:\/\/desireonline.shop\/vi\/wp-json\/wp\/v2\/media\/64850"}],"wp:attachment":[{"href":"https:\/\/desireonline.shop\/vi\/wp-json\/wp\/v2\/media?parent=69334"}],"wp:term":[{"taxonomy":"product_brand","embeddable":true,"href":"https:\/\/desireonline.shop\/vi\/wp-json\/wp\/v2\/product_brand?post=69334"},{"taxonomy":"product_cat","embeddable":true,"href":"https:\/\/desireonline.shop\/vi\/wp-json\/wp\/v2\/product_cat?post=69334"},{"taxonomy":"product_tag","embeddable":true,"href":"https:\/\/desireonline.shop\/vi\/wp-json\/wp\/v2\/product_tag?post=69334"}],"curies":[{"name":"wp","href":"https:\/\/api.w.org\/{rel}","templated":true}]}}