{"id":69343,"date":"2026-02-19T06:00:47","date_gmt":"2026-02-19T06:00:47","guid":{"rendered":"https:\/\/desireonline.shop\/product\/nut-hau-mon-duoi-tho-nho-senuelo\/"},"modified":"2026-02-19T06:00:47","modified_gmt":"2026-02-19T06:00:47","slug":"nut-hau-mon-duoi-tho-nho-senuelo","status":"publish","type":"product","link":"https:\/\/desireonline.shop\/vi\/san-pham\/nut-hau-mon-duoi-tho-nho-senuelo\/","title":{"rendered":"N\u00fat h\u1eadu m\u00f4n \u0111u\u00f4i th\u1ecf nh\u1ecf Se\u00f1uelo"},"content":{"rendered":"<p>\u0110\u01b0\u1ee3c thi\u1ebft k\u1ebf \u0111\u1ec3 k\u1ebft h\u1ee3p s\u1ef1 tho\u1ea3i m\u00e1i v\u1edbi n\u00e9t bi\u1ec3u c\u1ea3m vui t\u01b0\u01a1i, n\u00fat h\u1eadu m\u00f4n \u0111u\u00f4i c\u00e1o n\u00e0y c\u00f3 h\u00ecnh d\u00e1ng thu\u00f4n m\u01b0\u1ee3t gi\u00fap vi\u1ec7c \u0111\u01b0a v\u00e0o tr\u1edf n\u00ean d\u1ec5 d\u00e0ng v\u00e0 d\u1ea7n d\u1ea7n. Thi\u1ebft k\u1ebf v\u1eeba v\u1eb7n ch\u1eafc ch\u1eafn gi\u00fap qu\u00fd kh\u00e1ch tho\u1ea3i m\u00e1i t\u1eadn h\u01b0\u1edfng trong th\u1eddi gian ng\u1eafn ho\u1eb7c d\u00e0i.<\/p>\n<p>V\u1edbi chi\u1ebfc \u0111u\u00f4i th\u1ecf m\u1ec1m m\u1ea1i v\u00e0 x\u00f9 b\u00f4ng, s\u1ea3n ph\u1ea9m mang l\u1ea1i v\u1ebb ngo\u00e0i \u0111\u00e1ng y\u00eau, g\u1ee3i t\u00ecnh, ho\u00e0n h\u1ea3o cho c\u00e1c tr\u00f2 ch\u01a1i nh\u1eadp vai v\u00e0 t\u01b0\u1edfng t\u01b0\u1ee3ng. M\u1ed9t l\u1ef1a ch\u1ecdn th\u00fa v\u1ecb cho nh\u1eefng ai th\u00edch k\u1ebft h\u1ee3p c\u1ea3m gi\u00e1c v\u1edbi phong c\u00e1ch v\u00e0 c\u00e1 t\u00ednh.<\/p>\n","protected":false},"excerpt":{"rendered":"<p>\u0110\u01b0\u1ee3c thi\u1ebft k\u1ebf \u0111\u1ec3 k\u1ebft h\u1ee3p s\u1ef1 tho\u1ea3i m\u00e1i v\u1edbi n\u00e9t bi\u1ec3u c\u1ea3m vui t\u01b0\u01a1i, n\u00fat h\u1eadu m\u00f4n \u0111u\u00f4i c\u00e1o n\u00e0y c\u00f3 h\u00ecnh d\u00e1ng thu\u00f4n m\u01b0\u1ee3t gi\u00fap vi\u1ec7c \u0111\u01b0a v\u00e0o&hellip;<\/p>\n","protected":false},"featured_media":64971,"comment_status":"open","ping_status":"closed","template":"","meta":{"_acf_changed":false},"product_brand":[],"product_cat":[1341,1416],"product_tag":[],"class_list":{"0":"post-69343","1":"product","2":"type-product","3":"status-publish","4":"has-post-thumbnail","6":"product_cat-for-men","7":"product_cat-nut-hau-mon","9":"first","10":"instock","11":"shipping-taxable","12":"purchasable","13":"product-type-simple"},"acf":[],"yoast_head":"<!-- This site is optimized with the Yoast SEO plugin v27.1.1 - https:\/\/yoast.com\/product\/yoast-seo-wordpress\/ -->\n<title>N\u00fat h\u1eadu m\u00f4n \u0111u\u00f4i th\u1ecf nh\u1ecf Se\u00f1uelo - Desire<\/title>\n<meta name=\"robots\" content=\"index, follow, max-snippet:-1, max-image-preview:large, max-video-preview:-1\" \/>\n<link rel=\"canonical\" href=\"https:\/\/desireonline.shop\/vi\/san-pham\/nut-hau-mon-duoi-tho-nho-senuelo\/\" \/>\n<meta property=\"og:locale\" content=\"vi_VN\" \/>\n<meta property=\"og:type\" content=\"article\" \/>\n<meta property=\"og:title\" content=\"N\u00fat h\u1eadu m\u00f4n \u0111u\u00f4i th\u1ecf nh\u1ecf Se\u00f1uelo - Desire\" \/>\n<meta property=\"og:description\" content=\"\u0110\u01b0\u1ee3c thi\u1ebft k\u1ebf \u0111\u1ec3 k\u1ebft h\u1ee3p s\u1ef1 tho\u1ea3i m\u00e1i v\u1edbi n\u00e9t bi\u1ec3u c\u1ea3m vui t\u01b0\u01a1i, n\u00fat h\u1eadu m\u00f4n \u0111u\u00f4i c\u00e1o n\u00e0y c\u00f3 h\u00ecnh d\u00e1ng thu\u00f4n m\u01b0\u1ee3t gi\u00fap vi\u1ec7c \u0111\u01b0a v\u00e0o&hellip;\" \/>\n<meta property=\"og:url\" content=\"https:\/\/desireonline.shop\/vi\/san-pham\/nut-hau-mon-duoi-tho-nho-senuelo\/\" \/>\n<meta property=\"og:site_name\" content=\"Desire\" \/>\n<meta property=\"og:image\" content=\"https:\/\/desireonline.shop\/wp-content\/uploads\/2026\/02\/CN-941461652_00.jpg\" \/>\n\t<meta property=\"og:image:width\" content=\"1000\" \/>\n\t<meta property=\"og:image:height\" content=\"1000\" \/>\n\t<meta property=\"og:image:type\" content=\"image\/jpeg\" \/>\n<meta name=\"twitter:card\" content=\"summary_large_image\" \/>\n<meta name=\"twitter:label1\" content=\"\u01af\u1edbc t\u00ednh th\u1eddi gian \u0111\u1ecdc\" \/>\n\t<meta name=\"twitter:data1\" content=\"1 ph\u00fat\" \/>\n<script type=\"application\/ld+json\" class=\"yoast-schema-graph\">{\"@context\":\"https:\/\/schema.org\",\"@graph\":[{\"@type\":\"WebPage\",\"@id\":\"https:\/\/desireonline.shop\/vi\/san-pham\/nut-hau-mon-duoi-tho-nho-senuelo\/\",\"url\":\"https:\/\/desireonline.shop\/vi\/san-pham\/nut-hau-mon-duoi-tho-nho-senuelo\/\",\"name\":\"N\u00fat h\u1eadu m\u00f4n \u0111u\u00f4i th\u1ecf nh\u1ecf Se\u00f1uelo - Desire\",\"isPartOf\":{\"@id\":\"https:\/\/desireonline.shop\/vi\/#website\"},\"primaryImageOfPage\":{\"@id\":\"https:\/\/desireonline.shop\/vi\/san-pham\/nut-hau-mon-duoi-tho-nho-senuelo\/#primaryimage\"},\"image\":{\"@id\":\"https:\/\/desireonline.shop\/vi\/san-pham\/nut-hau-mon-duoi-tho-nho-senuelo\/#primaryimage\"},\"thumbnailUrl\":\"https:\/\/desireonline.shop\/wp-content\/uploads\/2026\/02\/CN-941461652_00.jpg\",\"datePublished\":\"2026-02-19T06:00:47+00:00\",\"breadcrumb\":{\"@id\":\"https:\/\/desireonline.shop\/vi\/san-pham\/nut-hau-mon-duoi-tho-nho-senuelo\/#breadcrumb\"},\"inLanguage\":\"vi\",\"potentialAction\":[{\"@type\":\"ReadAction\",\"target\":[\"https:\/\/desireonline.shop\/vi\/san-pham\/nut-hau-mon-duoi-tho-nho-senuelo\/\"]}]},{\"@type\":\"ImageObject\",\"inLanguage\":\"vi\",\"@id\":\"https:\/\/desireonline.shop\/vi\/san-pham\/nut-hau-mon-duoi-tho-nho-senuelo\/#primaryimage\",\"url\":\"https:\/\/desireonline.shop\/wp-content\/uploads\/2026\/02\/CN-941461652_00.jpg\",\"contentUrl\":\"https:\/\/desireonline.shop\/wp-content\/uploads\/2026\/02\/CN-941461652_00.jpg\",\"width\":1000,\"height\":1000},{\"@type\":\"BreadcrumbList\",\"@id\":\"https:\/\/desireonline.shop\/vi\/san-pham\/nut-hau-mon-duoi-tho-nho-senuelo\/#breadcrumb\",\"itemListElement\":[{\"@type\":\"ListItem\",\"position\":1,\"name\":\"Home\",\"item\":\"https:\/\/desireonline.shop\/vi\/trang-chu\/?lang=vi\"},{\"@type\":\"ListItem\",\"position\":2,\"name\":\"T\u1ea5t c\u1ea3 s\u1ea3n ph\u1ea9m\",\"item\":\"https:\/\/desireonline.shop\/cua-hang\/?lang=vi\"},{\"@type\":\"ListItem\",\"position\":3,\"name\":\"N\u00fat h\u1eadu m\u00f4n \u0111u\u00f4i th\u1ecf nh\u1ecf Se\u00f1uelo\"}]},{\"@type\":\"WebSite\",\"@id\":\"https:\/\/desireonline.shop\/vi\/#website\",\"url\":\"https:\/\/desireonline.shop\/vi\/\",\"name\":\"Desire\",\"description\":\"Sexual Wellness Platform\",\"publisher\":{\"@id\":\"https:\/\/desireonline.shop\/vi\/#organization\"},\"potentialAction\":[{\"@type\":\"SearchAction\",\"target\":{\"@type\":\"EntryPoint\",\"urlTemplate\":\"https:\/\/desireonline.shop\/vi\/?s={search_term_string}\"},\"query-input\":{\"@type\":\"PropertyValueSpecification\",\"valueRequired\":true,\"valueName\":\"search_term_string\"}}],\"inLanguage\":\"vi\"},{\"@type\":\"Organization\",\"@id\":\"https:\/\/desireonline.shop\/vi\/#organization\",\"name\":\"Desire\",\"url\":\"https:\/\/desireonline.shop\/vi\/\",\"logo\":{\"@type\":\"ImageObject\",\"inLanguage\":\"vi\",\"@id\":\"https:\/\/desireonline.shop\/vi\/#\/schema\/logo\/image\/\",\"url\":\"https:\/\/desireonline.shop\/wp-content\/uploads\/2024\/06\/Logo-Thick-Font-1.webp\",\"contentUrl\":\"https:\/\/desireonline.shop\/wp-content\/uploads\/2024\/06\/Logo-Thick-Font-1.webp\",\"width\":268,\"height\":399,\"caption\":\"Desire\"},\"image\":{\"@id\":\"https:\/\/desireonline.shop\/vi\/#\/schema\/logo\/image\/\"}}]}<\/script>\n<!-- \/ Yoast SEO plugin. -->","yoast_head_json":{"title":"N\u00fat h\u1eadu m\u00f4n \u0111u\u00f4i th\u1ecf nh\u1ecf Se\u00f1uelo - Desire","robots":{"index":"index","follow":"follow","max-snippet":"max-snippet:-1","max-image-preview":"max-image-preview:large","max-video-preview":"max-video-preview:-1"},"canonical":"https:\/\/desireonline.shop\/vi\/san-pham\/nut-hau-mon-duoi-tho-nho-senuelo\/","og_locale":"vi_VN","og_type":"article","og_title":"N\u00fat h\u1eadu m\u00f4n \u0111u\u00f4i th\u1ecf nh\u1ecf Se\u00f1uelo - Desire","og_description":"\u0110\u01b0\u1ee3c thi\u1ebft k\u1ebf \u0111\u1ec3 k\u1ebft h\u1ee3p s\u1ef1 tho\u1ea3i m\u00e1i v\u1edbi n\u00e9t bi\u1ec3u c\u1ea3m vui t\u01b0\u01a1i, n\u00fat h\u1eadu m\u00f4n \u0111u\u00f4i c\u00e1o n\u00e0y c\u00f3 h\u00ecnh d\u00e1ng thu\u00f4n m\u01b0\u1ee3t gi\u00fap vi\u1ec7c \u0111\u01b0a v\u00e0o&hellip;","og_url":"https:\/\/desireonline.shop\/vi\/san-pham\/nut-hau-mon-duoi-tho-nho-senuelo\/","og_site_name":"Desire","og_image":[{"width":1000,"height":1000,"url":"https:\/\/desireonline.shop\/wp-content\/uploads\/2026\/02\/CN-941461652_00.jpg","type":"image\/jpeg"}],"twitter_card":"summary_large_image","twitter_misc":{"\u01af\u1edbc t\u00ednh th\u1eddi gian \u0111\u1ecdc":"1 ph\u00fat"},"schema":{"@context":"https:\/\/schema.org","@graph":[{"@type":"WebPage","@id":"https:\/\/desireonline.shop\/vi\/san-pham\/nut-hau-mon-duoi-tho-nho-senuelo\/","url":"https:\/\/desireonline.shop\/vi\/san-pham\/nut-hau-mon-duoi-tho-nho-senuelo\/","name":"N\u00fat h\u1eadu m\u00f4n \u0111u\u00f4i th\u1ecf nh\u1ecf Se\u00f1uelo - Desire","isPartOf":{"@id":"https:\/\/desireonline.shop\/vi\/#website"},"primaryImageOfPage":{"@id":"https:\/\/desireonline.shop\/vi\/san-pham\/nut-hau-mon-duoi-tho-nho-senuelo\/#primaryimage"},"image":{"@id":"https:\/\/desireonline.shop\/vi\/san-pham\/nut-hau-mon-duoi-tho-nho-senuelo\/#primaryimage"},"thumbnailUrl":"https:\/\/desireonline.shop\/wp-content\/uploads\/2026\/02\/CN-941461652_00.jpg","datePublished":"2026-02-19T06:00:47+00:00","breadcrumb":{"@id":"https:\/\/desireonline.shop\/vi\/san-pham\/nut-hau-mon-duoi-tho-nho-senuelo\/#breadcrumb"},"inLanguage":"vi","potentialAction":[{"@type":"ReadAction","target":["https:\/\/desireonline.shop\/vi\/san-pham\/nut-hau-mon-duoi-tho-nho-senuelo\/"]}]},{"@type":"ImageObject","inLanguage":"vi","@id":"https:\/\/desireonline.shop\/vi\/san-pham\/nut-hau-mon-duoi-tho-nho-senuelo\/#primaryimage","url":"https:\/\/desireonline.shop\/wp-content\/uploads\/2026\/02\/CN-941461652_00.jpg","contentUrl":"https:\/\/desireonline.shop\/wp-content\/uploads\/2026\/02\/CN-941461652_00.jpg","width":1000,"height":1000},{"@type":"BreadcrumbList","@id":"https:\/\/desireonline.shop\/vi\/san-pham\/nut-hau-mon-duoi-tho-nho-senuelo\/#breadcrumb","itemListElement":[{"@type":"ListItem","position":1,"name":"Home","item":"https:\/\/desireonline.shop\/vi\/trang-chu\/?lang=vi"},{"@type":"ListItem","position":2,"name":"T\u1ea5t c\u1ea3 s\u1ea3n ph\u1ea9m","item":"https:\/\/desireonline.shop\/cua-hang\/?lang=vi"},{"@type":"ListItem","position":3,"name":"N\u00fat h\u1eadu m\u00f4n \u0111u\u00f4i th\u1ecf nh\u1ecf Se\u00f1uelo"}]},{"@type":"WebSite","@id":"https:\/\/desireonline.shop\/vi\/#website","url":"https:\/\/desireonline.shop\/vi\/","name":"Desire","description":"Sexual Wellness Platform","publisher":{"@id":"https:\/\/desireonline.shop\/vi\/#organization"},"potentialAction":[{"@type":"SearchAction","target":{"@type":"EntryPoint","urlTemplate":"https:\/\/desireonline.shop\/vi\/?s={search_term_string}"},"query-input":{"@type":"PropertyValueSpecification","valueRequired":true,"valueName":"search_term_string"}}],"inLanguage":"vi"},{"@type":"Organization","@id":"https:\/\/desireonline.shop\/vi\/#organization","name":"Desire","url":"https:\/\/desireonline.shop\/vi\/","logo":{"@type":"ImageObject","inLanguage":"vi","@id":"https:\/\/desireonline.shop\/vi\/#\/schema\/logo\/image\/","url":"https:\/\/desireonline.shop\/wp-content\/uploads\/2024\/06\/Logo-Thick-Font-1.webp","contentUrl":"https:\/\/desireonline.shop\/wp-content\/uploads\/2024\/06\/Logo-Thick-Font-1.webp","width":268,"height":399,"caption":"Desire"},"image":{"@id":"https:\/\/desireonline.shop\/vi\/#\/schema\/logo\/image\/"}}]}},"_links":{"self":[{"href":"https:\/\/desireonline.shop\/vi\/wp-json\/wp\/v2\/product\/69343","targetHints":{"allow":["GET"]}}],"collection":[{"href":"https:\/\/desireonline.shop\/vi\/wp-json\/wp\/v2\/product"}],"about":[{"href":"https:\/\/desireonline.shop\/vi\/wp-json\/wp\/v2\/types\/product"}],"replies":[{"embeddable":true,"href":"https:\/\/desireonline.shop\/vi\/wp-json\/wp\/v2\/comments?post=69343"}],"version-history":[{"count":0,"href":"https:\/\/desireonline.shop\/vi\/wp-json\/wp\/v2\/product\/69343\/revisions"}],"wp:featuredmedia":[{"embeddable":true,"href":"https:\/\/desireonline.shop\/vi\/wp-json\/wp\/v2\/media\/64971"}],"wp:attachment":[{"href":"https:\/\/desireonline.shop\/vi\/wp-json\/wp\/v2\/media?parent=69343"}],"wp:term":[{"taxonomy":"product_brand","embeddable":true,"href":"https:\/\/desireonline.shop\/vi\/wp-json\/wp\/v2\/product_brand?post=69343"},{"taxonomy":"product_cat","embeddable":true,"href":"https:\/\/desireonline.shop\/vi\/wp-json\/wp\/v2\/product_cat?post=69343"},{"taxonomy":"product_tag","embeddable":true,"href":"https:\/\/desireonline.shop\/vi\/wp-json\/wp\/v2\/product_tag?post=69343"}],"curies":[{"name":"wp","href":"https:\/\/api.w.org\/{rel}","templated":true}]}}