{"id":69385,"date":"2026-02-19T06:01:44","date_gmt":"2026-02-19T06:01:44","guid":{"rendered":"https:\/\/desireonline.shop\/product\/bo-dung-cu-kich-thich-dau-nguc-senuelo-lure-fantasy\/"},"modified":"2026-02-19T06:01:44","modified_gmt":"2026-02-19T06:01:44","slug":"bo-dung-cu-kich-thich-dau-nguc-senuelo-lure-fantasy","status":"publish","type":"product","link":"https:\/\/desireonline.shop\/vi\/san-pham\/bo-dung-cu-kich-thich-dau-nguc-senuelo-lure-fantasy\/","title":{"rendered":"B\u1ed9 d\u1ee5ng c\u1ee5 k\u00edch th\u00edch \u0111\u1ea7u ng\u1ef1c Se\u00f1uelo Lure Fantasy"},"content":{"rendered":"<p>K\u1ebft h\u1ee3p gi\u1eefa phong c\u00e1ch v\u00e0 c\u1ea3m gi\u00e1c, nh\u1eefng chi\u1ebfc k\u1eb9p \u0111\u1ea7u ng\u1ef1c n\u00e0y mang l\u1ea1i s\u1ef1 k\u00edch th\u00edch nh\u1eb9 nh\u00e0ng, c\u00f3 th\u1ec3 \u0111i\u1ec1u ch\u1ec9nh v\u1edbi thi\u1ebft k\u1ebf kh\u00f4ng c\u1ea7n x\u1ecf khuy\u00ean. S\u1ef1 v\u1eeba v\u1eb7n tho\u1ea3i m\u00e1i gi\u00fap qu\u00fd kh\u00e1ch d\u1ec5 d\u00e0ng t\u1eadn h\u01b0\u1edfng trong khi t\u1eadp trung v\u00e0o c\u1ea3m gi\u00e1c v\u00e0 s\u1ef1 k\u1ebft n\u1ed1i.<\/p>\n<p>\u0110\u01b0\u1ee3c ho\u00e0n thi\u1ec7n v\u1edbi c\u00e1c chi ti\u1ebft trang tr\u00ed, s\u1ea3n ph\u1ea9m mang l\u1ea1i v\u1ebb sang tr\u1ecdng v\u00e0 l\u00f4i cu\u1ed1n cho nh\u1eefng cu\u1ed9c vui. L\u00fd t\u01b0\u1edfng cho nh\u1eefng ai y\u00eau th\u00edch s\u1ef1 r\u00e0ng bu\u1ed9c nh\u1eb9 nh\u00e0ng, c\u1ea3m gi\u00e1c m\u01a1n tr\u1edbn v\u00e0 c\u00e1c ph\u1ee5 ki\u1ec7n th\u1eddi trang.<\/p>\n","protected":false},"excerpt":{"rendered":"<p>K\u1ebft h\u1ee3p gi\u1eefa phong c\u00e1ch v\u00e0 c\u1ea3m gi\u00e1c, nh\u1eefng chi\u1ebfc k\u1eb9p \u0111\u1ea7u ng\u1ef1c n\u00e0y mang l\u1ea1i s\u1ef1 k\u00edch th\u00edch nh\u1eb9 nh\u00e0ng, c\u00f3 th\u1ec3 \u0111i\u1ec1u ch\u1ec9nh v\u1edbi thi\u1ebft k\u1ebf kh\u00f4ng c\u1ea7n&hellip;<\/p>\n","protected":false},"featured_media":65011,"comment_status":"open","ping_status":"closed","template":"","meta":{"_acf_changed":false},"product_brand":[],"product_cat":[1357],"product_tag":[],"class_list":{"0":"post-69385","1":"product","2":"type-product","3":"status-publish","4":"has-post-thumbnail","6":"product_cat-dung-cu-kep-nhay-cam","8":"first","9":"instock","10":"shipping-taxable","11":"purchasable","12":"product-type-simple"},"acf":[],"yoast_head":"<!-- This site is optimized with the Yoast SEO plugin v27.1.1 - https:\/\/yoast.com\/product\/yoast-seo-wordpress\/ -->\n<title>B\u1ed9 d\u1ee5ng c\u1ee5 k\u00edch th\u00edch \u0111\u1ea7u ng\u1ef1c Se\u00f1uelo Lure Fantasy - Desire<\/title>\n<meta name=\"robots\" content=\"index, follow, max-snippet:-1, max-image-preview:large, max-video-preview:-1\" \/>\n<link rel=\"canonical\" href=\"https:\/\/desireonline.shop\/vi\/san-pham\/bo-dung-cu-kich-thich-dau-nguc-senuelo-lure-fantasy\/\" \/>\n<meta property=\"og:locale\" content=\"vi_VN\" \/>\n<meta property=\"og:type\" content=\"article\" \/>\n<meta property=\"og:title\" content=\"B\u1ed9 d\u1ee5ng c\u1ee5 k\u00edch th\u00edch \u0111\u1ea7u ng\u1ef1c Se\u00f1uelo Lure Fantasy - Desire\" \/>\n<meta property=\"og:description\" content=\"K\u1ebft h\u1ee3p gi\u1eefa phong c\u00e1ch v\u00e0 c\u1ea3m gi\u00e1c, nh\u1eefng chi\u1ebfc k\u1eb9p \u0111\u1ea7u ng\u1ef1c n\u00e0y mang l\u1ea1i s\u1ef1 k\u00edch th\u00edch nh\u1eb9 nh\u00e0ng, c\u00f3 th\u1ec3 \u0111i\u1ec1u ch\u1ec9nh v\u1edbi thi\u1ebft k\u1ebf kh\u00f4ng c\u1ea7n&hellip;\" \/>\n<meta property=\"og:url\" content=\"https:\/\/desireonline.shop\/vi\/san-pham\/bo-dung-cu-kich-thich-dau-nguc-senuelo-lure-fantasy\/\" \/>\n<meta property=\"og:site_name\" content=\"Desire\" \/>\n<meta property=\"og:image\" content=\"https:\/\/desireonline.shop\/wp-content\/uploads\/2026\/02\/CN-732487882_00.jpg\" \/>\n\t<meta property=\"og:image:width\" content=\"1000\" \/>\n\t<meta property=\"og:image:height\" content=\"1000\" \/>\n\t<meta property=\"og:image:type\" content=\"image\/jpeg\" \/>\n<meta name=\"twitter:card\" content=\"summary_large_image\" \/>\n<meta name=\"twitter:label1\" content=\"\u01af\u1edbc t\u00ednh th\u1eddi gian \u0111\u1ecdc\" \/>\n\t<meta name=\"twitter:data1\" content=\"1 ph\u00fat\" \/>\n<script type=\"application\/ld+json\" class=\"yoast-schema-graph\">{\"@context\":\"https:\/\/schema.org\",\"@graph\":[{\"@type\":\"WebPage\",\"@id\":\"https:\/\/desireonline.shop\/vi\/san-pham\/bo-dung-cu-kich-thich-dau-nguc-senuelo-lure-fantasy\/\",\"url\":\"https:\/\/desireonline.shop\/vi\/san-pham\/bo-dung-cu-kich-thich-dau-nguc-senuelo-lure-fantasy\/\",\"name\":\"B\u1ed9 d\u1ee5ng c\u1ee5 k\u00edch th\u00edch \u0111\u1ea7u ng\u1ef1c Se\u00f1uelo Lure Fantasy - Desire\",\"isPartOf\":{\"@id\":\"https:\/\/desireonline.shop\/vi\/#website\"},\"primaryImageOfPage\":{\"@id\":\"https:\/\/desireonline.shop\/vi\/san-pham\/bo-dung-cu-kich-thich-dau-nguc-senuelo-lure-fantasy\/#primaryimage\"},\"image\":{\"@id\":\"https:\/\/desireonline.shop\/vi\/san-pham\/bo-dung-cu-kich-thich-dau-nguc-senuelo-lure-fantasy\/#primaryimage\"},\"thumbnailUrl\":\"https:\/\/desireonline.shop\/wp-content\/uploads\/2026\/02\/CN-732487882_00.jpg\",\"datePublished\":\"2026-02-19T06:01:44+00:00\",\"breadcrumb\":{\"@id\":\"https:\/\/desireonline.shop\/vi\/san-pham\/bo-dung-cu-kich-thich-dau-nguc-senuelo-lure-fantasy\/#breadcrumb\"},\"inLanguage\":\"vi\",\"potentialAction\":[{\"@type\":\"ReadAction\",\"target\":[\"https:\/\/desireonline.shop\/vi\/san-pham\/bo-dung-cu-kich-thich-dau-nguc-senuelo-lure-fantasy\/\"]}]},{\"@type\":\"ImageObject\",\"inLanguage\":\"vi\",\"@id\":\"https:\/\/desireonline.shop\/vi\/san-pham\/bo-dung-cu-kich-thich-dau-nguc-senuelo-lure-fantasy\/#primaryimage\",\"url\":\"https:\/\/desireonline.shop\/wp-content\/uploads\/2026\/02\/CN-732487882_00.jpg\",\"contentUrl\":\"https:\/\/desireonline.shop\/wp-content\/uploads\/2026\/02\/CN-732487882_00.jpg\",\"width\":1000,\"height\":1000},{\"@type\":\"BreadcrumbList\",\"@id\":\"https:\/\/desireonline.shop\/vi\/san-pham\/bo-dung-cu-kich-thich-dau-nguc-senuelo-lure-fantasy\/#breadcrumb\",\"itemListElement\":[{\"@type\":\"ListItem\",\"position\":1,\"name\":\"Home\",\"item\":\"https:\/\/desireonline.shop\/vi\/trang-chu\/?lang=vi\"},{\"@type\":\"ListItem\",\"position\":2,\"name\":\"T\u1ea5t c\u1ea3 s\u1ea3n ph\u1ea9m\",\"item\":\"https:\/\/desireonline.shop\/cua-hang\/?lang=vi\"},{\"@type\":\"ListItem\",\"position\":3,\"name\":\"B\u1ed9 d\u1ee5ng c\u1ee5 k\u00edch th\u00edch \u0111\u1ea7u ng\u1ef1c Se\u00f1uelo Lure Fantasy\"}]},{\"@type\":\"WebSite\",\"@id\":\"https:\/\/desireonline.shop\/vi\/#website\",\"url\":\"https:\/\/desireonline.shop\/vi\/\",\"name\":\"Desire\",\"description\":\"Sexual Wellness Platform\",\"publisher\":{\"@id\":\"https:\/\/desireonline.shop\/vi\/#organization\"},\"potentialAction\":[{\"@type\":\"SearchAction\",\"target\":{\"@type\":\"EntryPoint\",\"urlTemplate\":\"https:\/\/desireonline.shop\/vi\/?s={search_term_string}\"},\"query-input\":{\"@type\":\"PropertyValueSpecification\",\"valueRequired\":true,\"valueName\":\"search_term_string\"}}],\"inLanguage\":\"vi\"},{\"@type\":\"Organization\",\"@id\":\"https:\/\/desireonline.shop\/vi\/#organization\",\"name\":\"Desire\",\"url\":\"https:\/\/desireonline.shop\/vi\/\",\"logo\":{\"@type\":\"ImageObject\",\"inLanguage\":\"vi\",\"@id\":\"https:\/\/desireonline.shop\/vi\/#\/schema\/logo\/image\/\",\"url\":\"https:\/\/desireonline.shop\/wp-content\/uploads\/2024\/06\/Logo-Thick-Font-1.webp\",\"contentUrl\":\"https:\/\/desireonline.shop\/wp-content\/uploads\/2024\/06\/Logo-Thick-Font-1.webp\",\"width\":268,\"height\":399,\"caption\":\"Desire\"},\"image\":{\"@id\":\"https:\/\/desireonline.shop\/vi\/#\/schema\/logo\/image\/\"}}]}<\/script>\n<!-- \/ Yoast SEO plugin. -->","yoast_head_json":{"title":"B\u1ed9 d\u1ee5ng c\u1ee5 k\u00edch th\u00edch \u0111\u1ea7u ng\u1ef1c Se\u00f1uelo Lure Fantasy - Desire","robots":{"index":"index","follow":"follow","max-snippet":"max-snippet:-1","max-image-preview":"max-image-preview:large","max-video-preview":"max-video-preview:-1"},"canonical":"https:\/\/desireonline.shop\/vi\/san-pham\/bo-dung-cu-kich-thich-dau-nguc-senuelo-lure-fantasy\/","og_locale":"vi_VN","og_type":"article","og_title":"B\u1ed9 d\u1ee5ng c\u1ee5 k\u00edch th\u00edch \u0111\u1ea7u ng\u1ef1c Se\u00f1uelo Lure Fantasy - Desire","og_description":"K\u1ebft h\u1ee3p gi\u1eefa phong c\u00e1ch v\u00e0 c\u1ea3m gi\u00e1c, nh\u1eefng chi\u1ebfc k\u1eb9p \u0111\u1ea7u ng\u1ef1c n\u00e0y mang l\u1ea1i s\u1ef1 k\u00edch th\u00edch nh\u1eb9 nh\u00e0ng, c\u00f3 th\u1ec3 \u0111i\u1ec1u ch\u1ec9nh v\u1edbi thi\u1ebft k\u1ebf kh\u00f4ng c\u1ea7n&hellip;","og_url":"https:\/\/desireonline.shop\/vi\/san-pham\/bo-dung-cu-kich-thich-dau-nguc-senuelo-lure-fantasy\/","og_site_name":"Desire","og_image":[{"width":1000,"height":1000,"url":"https:\/\/desireonline.shop\/wp-content\/uploads\/2026\/02\/CN-732487882_00.jpg","type":"image\/jpeg"}],"twitter_card":"summary_large_image","twitter_misc":{"\u01af\u1edbc t\u00ednh th\u1eddi gian \u0111\u1ecdc":"1 ph\u00fat"},"schema":{"@context":"https:\/\/schema.org","@graph":[{"@type":"WebPage","@id":"https:\/\/desireonline.shop\/vi\/san-pham\/bo-dung-cu-kich-thich-dau-nguc-senuelo-lure-fantasy\/","url":"https:\/\/desireonline.shop\/vi\/san-pham\/bo-dung-cu-kich-thich-dau-nguc-senuelo-lure-fantasy\/","name":"B\u1ed9 d\u1ee5ng c\u1ee5 k\u00edch th\u00edch \u0111\u1ea7u ng\u1ef1c Se\u00f1uelo Lure Fantasy - Desire","isPartOf":{"@id":"https:\/\/desireonline.shop\/vi\/#website"},"primaryImageOfPage":{"@id":"https:\/\/desireonline.shop\/vi\/san-pham\/bo-dung-cu-kich-thich-dau-nguc-senuelo-lure-fantasy\/#primaryimage"},"image":{"@id":"https:\/\/desireonline.shop\/vi\/san-pham\/bo-dung-cu-kich-thich-dau-nguc-senuelo-lure-fantasy\/#primaryimage"},"thumbnailUrl":"https:\/\/desireonline.shop\/wp-content\/uploads\/2026\/02\/CN-732487882_00.jpg","datePublished":"2026-02-19T06:01:44+00:00","breadcrumb":{"@id":"https:\/\/desireonline.shop\/vi\/san-pham\/bo-dung-cu-kich-thich-dau-nguc-senuelo-lure-fantasy\/#breadcrumb"},"inLanguage":"vi","potentialAction":[{"@type":"ReadAction","target":["https:\/\/desireonline.shop\/vi\/san-pham\/bo-dung-cu-kich-thich-dau-nguc-senuelo-lure-fantasy\/"]}]},{"@type":"ImageObject","inLanguage":"vi","@id":"https:\/\/desireonline.shop\/vi\/san-pham\/bo-dung-cu-kich-thich-dau-nguc-senuelo-lure-fantasy\/#primaryimage","url":"https:\/\/desireonline.shop\/wp-content\/uploads\/2026\/02\/CN-732487882_00.jpg","contentUrl":"https:\/\/desireonline.shop\/wp-content\/uploads\/2026\/02\/CN-732487882_00.jpg","width":1000,"height":1000},{"@type":"BreadcrumbList","@id":"https:\/\/desireonline.shop\/vi\/san-pham\/bo-dung-cu-kich-thich-dau-nguc-senuelo-lure-fantasy\/#breadcrumb","itemListElement":[{"@type":"ListItem","position":1,"name":"Home","item":"https:\/\/desireonline.shop\/vi\/trang-chu\/?lang=vi"},{"@type":"ListItem","position":2,"name":"T\u1ea5t c\u1ea3 s\u1ea3n ph\u1ea9m","item":"https:\/\/desireonline.shop\/cua-hang\/?lang=vi"},{"@type":"ListItem","position":3,"name":"B\u1ed9 d\u1ee5ng c\u1ee5 k\u00edch th\u00edch \u0111\u1ea7u ng\u1ef1c Se\u00f1uelo Lure Fantasy"}]},{"@type":"WebSite","@id":"https:\/\/desireonline.shop\/vi\/#website","url":"https:\/\/desireonline.shop\/vi\/","name":"Desire","description":"Sexual Wellness Platform","publisher":{"@id":"https:\/\/desireonline.shop\/vi\/#organization"},"potentialAction":[{"@type":"SearchAction","target":{"@type":"EntryPoint","urlTemplate":"https:\/\/desireonline.shop\/vi\/?s={search_term_string}"},"query-input":{"@type":"PropertyValueSpecification","valueRequired":true,"valueName":"search_term_string"}}],"inLanguage":"vi"},{"@type":"Organization","@id":"https:\/\/desireonline.shop\/vi\/#organization","name":"Desire","url":"https:\/\/desireonline.shop\/vi\/","logo":{"@type":"ImageObject","inLanguage":"vi","@id":"https:\/\/desireonline.shop\/vi\/#\/schema\/logo\/image\/","url":"https:\/\/desireonline.shop\/wp-content\/uploads\/2024\/06\/Logo-Thick-Font-1.webp","contentUrl":"https:\/\/desireonline.shop\/wp-content\/uploads\/2024\/06\/Logo-Thick-Font-1.webp","width":268,"height":399,"caption":"Desire"},"image":{"@id":"https:\/\/desireonline.shop\/vi\/#\/schema\/logo\/image\/"}}]}},"_links":{"self":[{"href":"https:\/\/desireonline.shop\/vi\/wp-json\/wp\/v2\/product\/69385","targetHints":{"allow":["GET"]}}],"collection":[{"href":"https:\/\/desireonline.shop\/vi\/wp-json\/wp\/v2\/product"}],"about":[{"href":"https:\/\/desireonline.shop\/vi\/wp-json\/wp\/v2\/types\/product"}],"replies":[{"embeddable":true,"href":"https:\/\/desireonline.shop\/vi\/wp-json\/wp\/v2\/comments?post=69385"}],"version-history":[{"count":0,"href":"https:\/\/desireonline.shop\/vi\/wp-json\/wp\/v2\/product\/69385\/revisions"}],"wp:featuredmedia":[{"embeddable":true,"href":"https:\/\/desireonline.shop\/vi\/wp-json\/wp\/v2\/media\/65011"}],"wp:attachment":[{"href":"https:\/\/desireonline.shop\/vi\/wp-json\/wp\/v2\/media?parent=69385"}],"wp:term":[{"taxonomy":"product_brand","embeddable":true,"href":"https:\/\/desireonline.shop\/vi\/wp-json\/wp\/v2\/product_brand?post=69385"},{"taxonomy":"product_cat","embeddable":true,"href":"https:\/\/desireonline.shop\/vi\/wp-json\/wp\/v2\/product_cat?post=69385"},{"taxonomy":"product_tag","embeddable":true,"href":"https:\/\/desireonline.shop\/vi\/wp-json\/wp\/v2\/product_tag?post=69385"}],"curies":[{"name":"wp","href":"https:\/\/api.w.org\/{rel}","templated":true}]}}